 {"id":176,"date":"2021-11-02T17:08:47","date_gmt":"2021-11-02T16:08:47","guid":{"rendered":"https:\/\/blogs.univ-tlse2.fr\/ambassadeurs\/?page_id=176"},"modified":"2022-03-27T12:51:32","modified_gmt":"2022-03-27T10:51:32","slug":"colloque-international-formes-de-la-diplomatie-universite-toulouse-2-le-mirail-12-13-juin-2014","status":"publish","type":"page","link":"https:\/\/blogs.univ-tlse2.fr\/ambassadeurs\/?lang=fr","title":{"rendered":"Accueil"},"content":{"rendered":"<p>Cr\u00e9\u00e9 en 2011, le programme de recherche p\u00e9renne <span style=\"color: #800000\"><strong>DiplomaticA<\/strong> <\/span>sur l&rsquo;art de la diplomatie et les rapports des arts et de la litt\u00e9rature avec la diplomatie r\u00e9unit des chercheurs de tous horizons disciplinaires (litt\u00e9rature, histoire, histoire de l&rsquo;art, relations internationales, droit) et de toutes langues. Il a pour objectif d&rsquo;examiner les possibilit\u00e9s d&rsquo;innovations tactiques et strat\u00e9giques permises par les rapports entre diplomatie, litt\u00e9rature, art et histoire. Il s&rsquo;attache \u00e0 \u00e9tudier les modes de n\u00e9gociation textuelles, discurives et performatives entre territoires, groupes sociaux et religieux.<\/p>\n<p><span style=\"color: #800000\"><strong>DiplomaticA <\/strong><\/span>is a research programme on the art of diplomacy and the dialogue between art, literature and diplomacy. It gathers researchers from all fields (literature, history, art history, law, international relations) and all countries and promotes the study of early modern diplomacy as a place for tactical and strategic reflections and innovations through the prism of imagination. It focuses on textual, discursive and performative modes of negotiation between territories, and social and religious groups as well as geopolitical entities.<\/p>\n<p><strong><em>Contact<\/em><\/strong>: &#x64;&#x69;&#x70;&#x6c;&#x6f;&#x66;&#x61;&#x62;&#x40;&#x67;&#x6d;&#x61;&#x69;&#x6c;&#46;&#99;&#111;&#109;<\/p>\n<div id=\"attachment_56\" style=\"width: 504px\" class=\"wp-caption alignleft\"><a href=\"https:\/\/blogs.univ-tlse2.fr\/ambassadeurs\/files\/2012\/09\/lambassade-dhippolyte-reine-des-amazones-carpaccio-c-c_-recoura.jpg\"><img loading=\"lazy\" decoding=\"async\" aria-describedby=\"caption-attachment-56\" class=\" wp-image-56\" src=\"https:\/\/blogs.univ-tlse2.fr\/ambassadeurs\/files\/2012\/09\/lambassade-dhippolyte-reine-des-amazones-carpaccio-c-c_-recoura-300x208.jpg\" alt=\"\" width=\"494\" height=\"343\" srcset=\"https:\/\/blogs.univ-tlse2.fr\/ambassadeurs\/files\/2012\/09\/lambassade-dhippolyte-reine-des-amazones-carpaccio-c-c_-recoura-300x208.jpg 300w, https:\/\/blogs.univ-tlse2.fr\/ambassadeurs\/files\/2012\/09\/lambassade-dhippolyte-reine-des-amazones-carpaccio-c-c_-recoura.jpg 950w\" sizes=\"auto, (max-width: 494px) 100vw, 494px\" \/><\/a><p id=\"caption-attachment-56\" class=\"wp-caption-text\">\u00ab\u00a0The embassy of Hippolyta, Queen of the Amazons, to Theseus, Duke of Athens\u00a0\u00bb, Vittore Carpaccio (c. 1495)<\/p><\/div>\n<p><strong>PROGRAMMES<\/strong><\/p>\n<ul>\n<li><strong>Programme Shakespearean Diplomacies (2021-2024)<\/strong><\/li>\n<\/ul>\n<p><em>(1) <\/em>Seminar Global Shakespeare and Cultural Diplomacy. Convenors: Nathalie Rivere DE CARLES (University of Toulouse-Jean Jaur\u00e8s, France), Anne Sophie REFSKOU (University of Surrey, UK), and SHIMAZU Naoko (Yale-NUS College, Singapore), World Shakespeare Congress 14 July 2021:\u00a0<a href=\"http:\/\/139.196.28.181:9090\/wsc2021\/Seminars.html\">http:\/\/139.196.28.181:9090\/wsc2021\/Seminars.html<\/a><\/p>\n<ul>\n<li><strong>Programme Discuter le Territoire: une diplomatie du verbe et du lieu \/ Discussing Territories: a Diplomacy of Words and Places \u00a0(2020-2024)<\/strong><\/li>\n<\/ul>\n<p><em>(2) <\/em>\u00a0\u00ab\u00a0Territories of Diplomacy: The Anglo-American World and International Relations in the 17th and 18th centuries \/ Territoires de la Diplomatie: le Monde anglo-am\u00e9ricain et ses relations ext\u00e9rieures aux XVII et XVIII\u00b0 si\u00e8cles\u00a0\u00bb, 20-21 janvier 2022, 48\u00b0 colloque de la Soci\u00e9t\u00e9 d&rsquo;Etudes Anglo-Am\u00e9ricaines des XVII et XVIII\u00b0 si\u00e8cles en partenariat avec DiplomaticA, le laboratoire Cultures Anglo-Saxonnes (Toulouse Jean Jaur\u00e8s), le Centre Roland Mousnier, The Hakluyt Society,\u00a0 l&rsquo;Institut de Recherche sur l&rsquo;\u00e2ge Classique et les Lumi\u00e8res, Transcrit (Paris 8 Vincennes Saint-Denis) et le Labex Hospitalit\u00e9 (Toulouse Jean Jaur\u00e8s).\u00a0 <em>Programme &amp; Inscription<\/em> <a href=\"https:\/\/blogs.univ-tlse2.fr\/ambassadeurs\/?page_id=650&amp;lang=fr\">https:\/\/blogs.univ-tlse2.fr\/ambassadeurs\/?page_id=650&amp;lang=fr<\/a><\/p>\n<p><em>(1)<\/em>\u00a0\u00ab\u00a0Henry V : Territoires d\u2019histoire, territoires litt\u00e9raires en guerre \/ Literary and Historical Territories at War\u00a0\u00bb, Online conference, 11 December 2020. <a href=\"https:\/\/www.youtube.com\/channel\/UCaqOm58MoQTFimHWwh9zCTg\/\">https:\/\/www.youtube.com\/channel\/UCaqOm58MoQTFimHWwh9zCTg\/<\/a><\/p>\n<ul>\n<li><strong>Programme Cr\u00e9er l&rsquo;entente: formes et agents de r\u00e9solution du conflit dans l&rsquo;Europe de Shakespeare\u00a0 (2017-2019) \/ C<\/strong><strong><em><strong style=\"font-style: normal\">reating the Entente: Forms and Agents of Conflict Resolution in Shakespeare\u2019s Europe<\/strong><\/em> (2017-2019)<\/strong> soutenu par \/ supported by l\u2019\u00e9quipe <strong>Cultures Anglo-Saxonnes (EA 801, Universit\u00e9 de Toulouse Jean Jaur\u00e8<\/strong>s) et <strong>l\u2019Institut de recherche sur la Renaissance, l\u2019\u00e2ge Classique et les Lumi\u00e8res (UMR 5186, Universit\u00e9 Paul-Val\u00e9ry Montpellier 3\/CNRS).\u00a0<\/strong><\/li>\n<\/ul>\n<p>Programme labellis\u00e9 ESOF 2018 (<strong>EuroScience Open Forum <a href=\"https:\/\/www.esof.eu\/esof-2018-in-toulouse\/\">https:\/\/www.esof.eu\/esof-2018-in-toulouse\/ <\/a><\/strong>\u00a0et associ\u00e9 au projet europ\u00e9en \u00ab NEW FACES: Facing Europe in Crisis : Shakespeare\u2019s World and Present Challenges \u00bb, port\u00e9 par l\u2019IRCL:\u00a0 <a href=\"http:\/\/www.new-faces-erasmusplus.fr\/\">http:\/\/www.new-faces-erasmusplus.fr\/<\/a><\/p>\n<p><em>Cliquez sur Ev\u00e9nements\u00a0 et sur Publications dans le menu en haut de la page pour le d\u00e9tail des activit\u00e9s et des publications \/ Click on Events and on Publications\u00a0 in the top menu for more details<\/em><\/p>\n<p><i>(4) <\/i>Les gestes de la diplomatie: cadeaux, c\u00e9r\u00e9monie et language du corps \/ <span lang=\"EN-US\">The Gestures of Diplomacy: Gifts, Ceremony, Body Language (1400-1750), Toulouse, <\/span><span lang=\"EN-US\">30-31\/ 05\/ 2019 (en partenariat avec \/ co-sponsored with <strong>The Premodern Diplomats Network).<\/strong><\/span><\/p>\n<p><em>(3)<\/em>\u00a0What can Shakespeare do for us? The Diplomacies of Shakespeare (Montpellier, 23\/06\/2018)<\/p>\n<p><em>(2)<\/em> The art of brokering agreements: identities and agencies of Renaissance peacemakers \/ L&rsquo;art des cr\u00e9ateurs et des cr\u00e9atrices d&rsquo;entente: identit\u00e9s et modalit\u00e9s d&rsquo;action (New Orleans, Renaissance Society of America, 23 mars 2018)<\/p>\n<p><i>(1) <\/i>Staging the Truce in Early Modern Literature and History \/ Mettre en sc\u00e8ne la tr\u00eave \u00e0 la Renaissance, Toulouse, 27\/10\/2017<\/p>\n<ul>\n<li><strong>Programme Formes et th\u00e9ories de la diplomatie<\/strong> \/ <strong>Forms and Theories of Early Modern Diplomacy (2012-2016) <\/strong>programme soutenu par l&rsquo;\u00e9quipe <strong>Cultures Anglo-Saxonnes (EA 801)<\/strong> et l&rsquo;<strong>Institut de Recherche Pluridisciplinaire en Arts Lettres et Langues (FED 4098)<\/strong> (2012-2016)<\/li>\n<\/ul>\n<p><em>Cliquez sur Ev\u00e9nements\u00a0 et sur Publications dans le menu en haut de la page pour le d\u00e9tail des activit\u00e9s et des publications \/ Click on Events and on Publications\u00a0 in the top menu for more details<\/em><\/p>\n<ul>\n<li style=\"list-style-type: none\"><\/li>\n<\/ul>\n<p>&nbsp;<\/p>\n","protected":false},"excerpt":{"rendered":"<p>Cr\u00e9\u00e9 en 2011, le programme de recherche p\u00e9renne DiplomaticA sur l&rsquo;art de la diplomatie et les rapports des arts et de la litt\u00e9rature avec la diplomatie r\u00e9unit des chercheurs de tous horizons disciplinaires (litt\u00e9rature, histoire, histoire de l&rsquo;art, relations internationales, droit) et de toutes langues. Il a pour objectif d&rsquo;examiner les possibilit\u00e9s d&rsquo;innovations tactiques et [&hellip;]<\/p>\n","protected":false},"author":111,"featured_media":0,"parent":0,"menu_order":0,"comment_status":"closed","ping_status":"open","template":"","meta":{"footnotes":""},"class_list":["post-176","page","type-page","status-publish","hentry","post-preview"],"_links":{"self":[{"href":"https:\/\/blogs.univ-tlse2.fr\/ambassadeurs\/wp-json\/wp\/v2\/pages\/176","targetHints":{"allow":["GET"]}}],"collection":[{"href":"https:\/\/blogs.univ-tlse2.fr\/ambassadeurs\/wp-json\/wp\/v2\/pages"}],"about":[{"href":"https:\/\/blogs.univ-tlse2.fr\/ambassadeurs\/wp-json\/wp\/v2\/types\/page"}],"author":[{"embeddable":true,"href":"https:\/\/blogs.univ-tlse2.fr\/ambassadeurs\/wp-json\/wp\/v2\/users\/111"}],"replies":[{"embeddable":true,"href":"https:\/\/blogs.univ-tlse2.fr\/ambassadeurs\/wp-json\/wp\/v2\/comments?post=176"}],"version-history":[{"count":89,"href":"https:\/\/blogs.univ-tlse2.fr\/ambassadeurs\/wp-json\/wp\/v2\/pages\/176\/revisions"}],"predecessor-version":[{"id":718,"href":"https:\/\/blogs.univ-tlse2.fr\/ambassadeurs\/wp-json\/wp\/v2\/pages\/176\/revisions\/718"}],"wp:attachment":[{"href":"https:\/\/blogs.univ-tlse2.fr\/ambassadeurs\/wp-json\/wp\/v2\/media?parent=176"}],"curies":[{"name":"wp","href":"https:\/\/api.w.org\/{rel}","templated":true}]}}