 {"id":2,"date":"2012-03-12T10:21:10","date_gmt":"2012-03-12T09:21:10","guid":{"rendered":"https:\/\/blogs.univ-tlse2.fr\/ambassadeurs\/?page_id=2"},"modified":"2017-10-09T10:11:27","modified_gmt":"2017-10-09T08:11:27","slug":"page-d-exemple","status":"publish","type":"page","link":"https:\/\/blogs.univ-tlse2.fr\/ambassadeurs\/page-d-exemple\/?lang=fr","title":{"rendered":"Contact et Plans"},"content":{"rendered":"<p><\/p>\n<ul>\n<li><span style=\"text-decoration: underline\">Contact<\/span><\/li>\n<\/ul>\n<p>Pour tout renseignement, contacter <a href=\"&#109;&#x61;&#105;&#x6c;&#116;&#x6f;&#58;&#x64;&#105;&#x70;&#108;&#x6f;&#102;&#x61;&#98;&#x40;&#103;&#x6d;&#97;&#x69;&#108;&#x2e;&#99;&#x6f;&#109;\">di&#112;&#x6c;&#x6f;&#x66;&#x61;b&#64;&#103;&#109;&#x61;&#x69;&#x6c;&#46;co&#109;<\/a>.<\/p>\n<ul>\n<li><span style=\"text-decoration: underline\">\u00a0Se rendre \u00e0 la conf\u00e9rence<\/span><\/li>\n<\/ul>\n<p>Plan de l&rsquo;universit\u00e9: <a href=\"http:\/\/www.univ-tlse2.fr\/medias\/fichier\/plan-campus-mirail-2017_1500558019284-pdf\">http:\/\/www.univ-tlse2.fr\/medias\/fichier\/plan-campus-mirail-2017_1500558019284-pdf<\/a> (La Maison de la Recherche est en bas \u00e0 droite du plan).<\/p>\n<p>Plan du M\u00e9tro: <a href=\"https:\/\/blogs.univ-tlse2.fr\/ambassadeurs\/files\/2012\/03\/plan_metro_tram.pdf\">plan \/ map metro et tram <\/a><\/p>\n<p><em>Depuis les stations de la gare et du centre ville<\/em>: prendre la ligne A (rouge) direction Basso Cambo, arr\u00eat Mirail-Universit\u00e9.<\/p>\n<p><em>Depuis l&rsquo;a\u00e9roport<\/em>: prendre la navette a\u00e9roport-centre ville jusqu&rsquo;\u00e0 la gare Matabiau puis prendre le m\u00e9tro.<\/p>","protected":false},"excerpt":{"rendered":"<p>Contact Pour tout renseignement, contacter &#x64;&#x69;&#x70;&#x6c;&#x6f;&#x66;&#x61;&#x62;&#64;&#103;&#109;&#97;il&#46;com. \u00a0Se rendre \u00e0 la conf\u00e9rence Plan de l&rsquo;universit\u00e9: http:\/\/www.univ-tlse2.fr\/medias\/fichier\/plan-campus-mirail-2017_1500558019284-pdf (La Maison de la Recherche est en bas \u00e0 droite du plan). Plan du M\u00e9tro: plan \/ map metro et tram Depuis les stations de la gare et du centre ville: prendre la ligne A (rouge) direction Basso Cambo, arr\u00eat [&hellip;]<\/p>\n","protected":false},"author":109,"featured_media":0,"parent":0,"menu_order":3,"comment_status":"closed","ping_status":"open","template":"","meta":{"footnotes":""},"class_list":["post-2","page","type-page","status-publish","hentry","post-preview"],"_links":{"self":[{"href":"https:\/\/blogs.univ-tlse2.fr\/ambassadeurs\/wp-json\/wp\/v2\/pages\/2","targetHints":{"allow":["GET"]}}],"collection":[{"href":"https:\/\/blogs.univ-tlse2.fr\/ambassadeurs\/wp-json\/wp\/v2\/pages"}],"about":[{"href":"https:\/\/blogs.univ-tlse2.fr\/ambassadeurs\/wp-json\/wp\/v2\/types\/page"}],"author":[{"embeddable":true,"href":"https:\/\/blogs.univ-tlse2.fr\/ambassadeurs\/wp-json\/wp\/v2\/users\/109"}],"replies":[{"embeddable":true,"href":"https:\/\/blogs.univ-tlse2.fr\/ambassadeurs\/wp-json\/wp\/v2\/comments?post=2"}],"version-history":[{"count":24,"href":"https:\/\/blogs.univ-tlse2.fr\/ambassadeurs\/wp-json\/wp\/v2\/pages\/2\/revisions"}],"predecessor-version":[{"id":444,"href":"https:\/\/blogs.univ-tlse2.fr\/ambassadeurs\/wp-json\/wp\/v2\/pages\/2\/revisions\/444"}],"wp:attachment":[{"href":"https:\/\/blogs.univ-tlse2.fr\/ambassadeurs\/wp-json\/wp\/v2\/media?parent=2"}],"curies":[{"name":"wp","href":"https:\/\/api.w.org\/{rel}","templated":true}]}}