 {"id":280,"date":"2014-05-23T14:53:16","date_gmt":"2014-05-23T12:53:16","guid":{"rendered":"https:\/\/blogs.univ-tlse2.fr\/ambassadeurs\/?page_id=280"},"modified":"2021-11-02T14:14:25","modified_gmt":"2021-11-02T13:14:25","slug":"abstracts-2014","status":"publish","type":"page","link":"https:\/\/blogs.univ-tlse2.fr\/ambassadeurs\/evenements-events\/abstracts-2014\/?lang=fr","title":{"rendered":"2014 Formes de la Diplomatie (XVI-XXI\u00b0 s.) \/ Forms of Diplomacy (16th-21st c.)"},"content":{"rendered":"<p><\/p>\n<h2><strong>COLLOQUE INTERNATIONAL <\/strong><\/h2>\n<h2><strong>FORME(S) DE LA DIPLOMATIE, <\/strong><\/h2>\n<h2><strong>Universit\u00e9 Toulouse-Jean Jaur\u00e8s, <\/strong><\/h2>\n<h2><strong>12-13 Juin 2014<\/strong><\/h2>\n<p>Ce colloque international vise \u00e0 observer les formes th\u00e9oriques et pratiques changeantes prises par l\u2019art et la science diplomatiques, depuis la veille de la Guerre de Trente Ans et l\u2019av\u00e8nement du syst\u00e8me westphalien jusqu\u2019\u00e0 ses remises en cause successives aux XX\u00e8me et XXI\u00e8me si\u00e8cles. Il se concentrera sur les pays anglophones et les nations avec lesquelles ils entretiennent des relations.<\/p>\n<p>Nous observerons la diplomatie de centre et celle des marges, ou marginale. L\u2019utilisation grandissante de la diplomatie culturelle, de la diplomatie commerciale, et le d\u00e9veloppement de la para-diplomatie seront au c\u0153ur des probl\u00e9matiques abord\u00e9es par les participants. Si les formes de la diplomatie n\u2019ont eu de cesse d\u2019\u00e9voluer, il faudra confronter cette \u00e9volution aux cadres humain et mat\u00e9riel de la diplomatie et en \u00e9tudier les acteurs parfois inattendus et non conventionnels, ainsi que les objets con\u00e7us ou non-con\u00e7us pour l\u2019usage diplomatique. La diplomatie de gouvernement \u00e0 gouvernement sera mise au regard des autres niveaux d\u2019activit\u00e9s diplomatiques impliquant des acteurs non-gouvernementaux et non-officiels. Le r\u00f4le de la culture, de la litt\u00e9rature et des arts comme instruments diplomatiques sera une perspective d\u2019analyse des \u00e9volutions th\u00e9oriques et pratiques de la diplomatie, mais ils seront aussi envisag\u00e9s comme des instruments m\u00e9thodologiques pour comprendre ces derni\u00e8res.<\/p>\n<p style=\"text-align: left\"><strong>Comit\u00e9 Scientifique: <\/strong><\/p>\n<p style=\"text-align: left\">Dr Nathalie Duclos (Toulouse-Jean Jaur\u00e8s)<\/p>\n<p style=\"text-align: left\">Pr Nathalie Dessens (Toulouse-Jean Jaur\u00e8s)<\/p>\n<p style=\"text-align: left\">Dr Christer Geisler (Uppsala)<\/p>\n<p style=\"text-align: left\">Dr Frederic Herrmann (Lyon 2-TRIANGLE)<\/p>\n<p style=\"text-align: left\">Pr Michael Keating (Aberdeen)<\/p>\n<p style=\"text-align: left\">Pr Steve Murdoch (St Andrews)<\/p>\n<p style=\"text-align: left\">Dr Nathalie Rivere de Carles (Toulouse-Jean Jaur\u00e8s)<\/p>\n<p style=\"text-align: right\"><strong>Organisatrices<\/strong>: Nathalie Rivere de Carles &amp; Nathalie Duclos pour le <strong>Laboratoire Cultures Anglo-Saxonnes, EA 801<\/strong><\/p>\n<p style=\"text-align: right\"><strong>Contact<\/strong> : <a href=\"m&#97;&#x69;&#x6c;to&#58;&#x64;&#x69;p&#108;&#x6f;&#x66;ab&#64;&#x67;&#x6d;a&#105;&#x6c;&#x2e;co&#109;\">diplofab&#64;gmail&#46;com<\/a><\/p>\n<dl id=\"attachment_56\">\n<dt>PROGRAMME<\/dt>\n<dd><\/dd>\n<\/dl>\n<p><b>JEUDI 12 JUIN \/ THURSDAY 12th JUNE<\/b><\/p>\n<p><i>8.30 Accueil et Inscription \/ Registration (Salle \/ Room D28)<\/i> <i>\u00a0<\/i><\/p>\n<p><i>8h45 Discours d\u2019ouverture \/ Opening Speech (Salle \/ Room D29)<\/i><\/p>\n<p><b>9h00-10h30 Atelier \/ Panel 1\u00a0 Forms of negotiation in 17th century Europe \/ Formes de la n\u00e9gociation dans l\u2019Europe du XVII\u00e8me si\u00e8cle <\/b>(Salle \/ Room D29)<b> <\/b><\/p>\n<p>-DESENCLOS Camille (Ecole Nationale des Chartes\/ Paris Sorbonne), La n\u00e9gociation diplomatique, un jeu de dupes ? Men\u00e9es\u00a0 fran\u00e7aises et anglaises dans l\u2019affaire du Palatinat (1621-1623)<\/p>\n<p>-CARRI\u00d3-INVERNIZZI Diana (UNED Madrid), The Spanish Embassy at The Hague: the ambassador Manuel de Lira and the creation of a Cosmopolitan Culture in Europe (1671-1678)<\/p>\n<p>-MARCHAL Muriel (Paris Sorbonne), L\u2019Angleterre et la France, faiseurs de paix en Scandinavie en 1657-1660<\/p>\n<p><i>10h30-10h45 Pause\/ Break (Salle \/ Room D28)<\/i><\/p>\n<p><b>10h45-12h30\u00a0 Atelier \/ Panel 2 Early Modern Diplomatic languages \/ La langue diplomatique \u00e0 la premi\u00e8re modernit\u00e9 <\/b>(Salle \/ Room D29)<\/p>\n<p>-DANIEL Marie-C\u00e9line (Paris Sorbonne), Jean Hotman, diplomate et traducteur : du bon usage des traductions pour une diplomatie discr\u00e8te.<\/p>\n<p>-GEISLER Christer (Uppsala), The English language in 17th-century diplomacy.<\/p>\n<p>-LE PRIEULT Henri (Toulouse Jean Jaur\u00e8s), Describing English to the world: when early grammarians cross borders<\/p>\n<p>-SUNER Suna (Don Juan Archiv Wien), Opera and Diplomacy from the Ottoman World to Papal Rome between the 16<sup><span style=\"font-size: small\">th<\/span><\/sup> and the 18<sup><span style=\"font-size: small\">th<\/span><\/sup> century.<\/p>\n<p><i>12h30-14h00 D\u00e9jeuner \/ Lunch break (Salle \/ Room D28)<\/i><\/p>\n<p><b>14h00-15h00 Conf\u00e9rence pl\u00e9ni\u00e8re \/ Plenary session (Salle \/ Room D29)<\/b><\/p>\n<p><b>Lucien B\u00e9ly (Paris Sorbonne), <i>Peut-on parler d\u2019une culture diplomatique\u00a0?<\/i> <\/b><\/p>\n<p><b>15h-16h30 Atelier \/ Panel 3 17th century republican diplomacy \/ La diplomatie r\u00e9publicaine au XVII\u00e8me si\u00e8cle <\/b>(Salle \/ Room D29)<\/p>\n<p>-ANTONINI Lorenzo Comensoli (Padoua\/ Paris\u00a0 Sorbonne), The Venetian Relazioni from England: a small republic looks at the kingdom that becomes an Empire<\/p>\n<p>-HERRMANN Fr\u00e9d\u00e9ric (Lyon 2-Lumi\u00e8re), Milton&rsquo;s <i>Latin-Secretary <\/i>manuscripts and the construction of a republican past<\/p>\n<p>-HENNETON\u00a0 Lauric (Versailles-Saint Quentin), Frontier Diplomacy: Crosscultural Adjustments and Conflict Resolution across the North American Anglo-French Interface (1640s)<\/p>\n<p><i>16h30-16h45 Pause \/ Break (Salle \/ Room D28)<\/i><\/p>\n<p><b>16h45-18h30 Atelier \/ Panel 4 Commercial diplomacy since the 17th century \/ La diplomatie commerciale depuis le XVII\u00e8me si\u00e8cle <\/b>(Salle \/ Room D29)<\/p>\n<p>-KALINOWSKA Anna (Institut of History, Polish Academy of Sciences), Commercial factors no more. Problem of British diplomatic representation in Poland-Lithuania in the early 17th century<\/p>\n<p>-TALBOT Michael (St Andrews), The mechanics of commerce and diplomacy: British-Ottoman relations in the eighteenth century<\/p>\n<p>-BOUGHANMI Aymen (ATHAREP, CNRS),\u00a0 La diplomatie commerciale et financi\u00e8re de l\u2019imp\u00e9rialisme britannique: les exemples perses et ottomans, 1875-1914 -VELUT Jean-Baptiste (Paris Sorbonne Nouvelle),\u00a0 \u2018Be careful what you wish for\u2019: the paradoxes of America\u2019s new trade diplomacy.<\/p>\n<p><i>8 pm D\u00eener du colloque \/ Conference Dinner<\/i><\/p>\n<p><b>VENDREDI 13 JUIN \/ FRIDAY 13TH JUNE<\/b><\/p>\n<p><i>8.45 Accueil &amp; Inscription \/ Registration (Salle \/ Room D28)<\/i><\/p>\n<table border=\"1\" cellspacing=\"0\" cellpadding=\"0\">\n<tbody>\n<tr>\n<td valign=\"top\"><b>9h00-10h15 : <\/b><\/p>\n<p><b>Atelier\u00a0\u00a0 \/ Panel 5 Diplomatic methods and stakeholders \/ M\u00e9thodes et acteurs\u00a0\u00a0 diplomatiques <\/b>(Salle \/ Room D29)<\/p>\n<p>-RICAUD Rapha\u00ebl (Paris Ouest, Nanterre), John Lackey Brown,\u00a0\u00a0 public diplomat par excellence<\/p>\n<p>-DE WITTE Mona\u00a0\u00a0 (Reims-Lille 3), Renseignement et diplomatie : repenser la naissance de la\u00a0 relation sp\u00e9ciale<\/td>\n<td valign=\"top\"><b>Atelier\u00a0\u00a0 Panel 6 Forms and figures of cultural diplomacy \/ Formes et figures de la\u00a0\u00a0 diplomatie culturelle <\/b>(Salle \/ Room D31)<\/p>\n<p>-COTTENET C\u00e9cile (Aix-Marseille), The (French)\u00a0\u00a0 Literary agent and U.S. Cultural Diplomacy<\/p>\n<p>-BYRNE Alice (Rennes 2), Periodical journalism\u00a0 as an instrument of cultural diplomacy or informational diplomacy: the example\u00a0\u00a0 of Britain To-day (1945-1954) <b>\u00a0<\/b><\/td>\n<\/tr>\n<\/tbody>\n<\/table>\n<p><i>10h15-10h30 Pause\/ Break<\/i><\/p>\n<table border=\"1\" cellspacing=\"0\" cellpadding=\"0\">\n<tbody>\n<tr>\n<td valign=\"top\"><b>10h30-12h00:<\/b><\/p>\n<p><b>Atelier\u00a0\u00a0 \/ Panel 7 Old World &amp; New World diplomacies \/ Diplomaties de l\u2019ancien et du nouveau monde <\/b>(Salle \/ Room D29)<\/p>\n<p>-DAVIS Richard (Lille 3), Old diplomacy in a New\u00a0\u00a0 World: British and French Diplomacy 1958-69.<\/p>\n<p>-CARBUCCIA Chlo\u00e9\u00a0\u00a0 (Aix-Marseille), We want to have our American cake without eating our\u00a0\u00a0 Canadian words: l\u2019\u00e9volution de\u00a0 la\u00a0\u00a0 diplomatie canadienne sous les Lib\u00e9raux (1963-84)<\/p>\n<p>-DATTA-RAY Deep (Hakluyt&amp;Co ; Sussex), The\u00a0\u00a0 undoing of Europe\u2019s diplomatic legacy in South Asia<\/td>\n<td valign=\"top\"><b>Atelier\u00a0\u00a0 \/ Panel 8 The writer ambassador \/ L\u2019\u00e9crivain-ambassadeur <\/b>(Salle \/Room D31)<\/p>\n<p>-SALATI\u00a0\u00a0 Marie-Odile (Universit\u00e9 de Savoie), Les Ambassadeurs de Henry James : de la rh\u00e9torique \u00e0 la\u00a0\u00a0 s\u00e9miotique<\/p>\n<p>-CHARBONNIER Gil (Aix),\u00a0\u00a0 R\u00e9cit de vie politique et culturelle dans Journal d\u2019un attach\u00e9 d\u2019ambassade de\u00a0\u00a0 Paul Morand<\/p>\n<p>-GAKUTANI Ryo (Universit\u00e9\u00a0\u00a0 de Tokyo), Du Japon aux \u00c9tats-Unis : la politique de paix internationale de\u00a0\u00a0 Paul Claudel, ambassadeur de France, dans les ann\u00e9es 1920<\/td>\n<\/tr>\n<\/tbody>\n<\/table>\n<p><i>12h00-13h45 D\u00e9jeuner \/ Lunch break (Salle \/ Room D28)<\/i> <b>13h45-14h45\u00a0 Conf\u00e9rence pl\u00e9ni\u00e8re \/ Plenary session, (Salle \/ Room D29)<\/b><\/p>\n<p><b>Noe Cornago (University of the Basque Country (UPV\/EHU)), <i>Beyond the diplomatic incident<\/i><\/b><\/p>\n<p><b>14h45- 15h45 Atelier\u00a0\u00a0 \/ Panel 9 Academic ambassadors \/ Universit\u00e9 et Ambassade (Salle \/ Room D31)<\/b><\/p>\n<p>-IRISH Tomas (Trinity College Dublin), Between the\u00a0 Nation and the Institution: Harvard\u2019s Professorial Exchange with France\u00a0 during the First World War<\/p>\n<p>-BETTIE Molly (Leeds), The Scholar as Diplomat: The Fulbright Program and America\u2019s\u00a0\u00a0 Cultural Engagement with the World <i>\u00a0<\/i><\/p>\n<p><i>15h45-16h00 Pause \/ Break (Salle \/ Room D28)<\/i><\/p>\n<table border=\"1\" cellspacing=\"0\" cellpadding=\"0\">\n<tbody>\n<tr>\n<td valign=\"top\">\u00a0<b>16h00-17h30:<\/b><\/p>\n<p><b>Atelier\u00a0\u00a0 \/ Panel 10 : Unexpected diplomatic forces \/ Forces diplomatiques inattendues<\/b> (Salle\u00a0\u00a0 \/ Room D29)<\/p>\n<p>-CHASSERIEAU\u00a0\u00a0 Myriam, (AMU), \u2018Ambassadors of Democracy\u2019 : Les soldats de\u00a0\u00a0 l\u2019arm\u00e9e d\u2019occupation des \u00c9tats-Unis en Allemagne, 1945-1949<\/p>\n<p>-WALTHER Karine (Georgetown Qatar), Cultural,\u00a0\u00a0 ideological and religious forces and the alternative narrative to the Monroe\u00a0\u00a0 Doctrine during the Greek War of Independence (1821-1828)<\/p>\n<p>-BIBBEE Jeffrey R. (University of North Alabama), Utilizing\u00a0\u00a0 Religious Leaders as a Diplomatic Smokescreen: Bernard Pares and the 1909\u00a0\u00a0 Visit to the Russian Duma<\/td>\n<td valign=\"top\"><b>Atelier\u00a0\u00a0 \/ Panel 11 : Diplomacy and artistic dialogues \/ Diplomatie et dialogues artistiques <\/b>(Salle \/ Room D31)<\/p>\n<p>-VAN DAM Frederik (Leuven), \u2018The pen is mightier\u00a0\u00a0 than the sword\u2019: Edward Bulwer-Lytton\u2019s Richelieu (1839)<\/p>\n<p>-BOOS Florence (Idaho State), Empires and\u00a0\u00a0 Scapegoats: The Pre-Raphaelites and the Near East\u201d<\/p>\n<p>-STEELE Laurel (US Foreign Service), Diplomatic\u00a0\u00a0 Dialogues to a Jazz Beat: Who Listened When Duke Ellington Did Kabul?<\/td>\n<\/tr>\n<\/tbody>\n<\/table>\n<p><i>\u00a0<\/i><i>17h45 Fin de la Conf\u00e9rence \/ End of Conference<\/i><\/p>\n<p>&nbsp;<\/p>","protected":false},"excerpt":{"rendered":"<p>COLLOQUE INTERNATIONAL FORME(S) DE LA DIPLOMATIE, Universit\u00e9 Toulouse-Jean Jaur\u00e8s, 12-13 Juin 2014 Ce colloque international vise \u00e0 observer les formes th\u00e9oriques et pratiques changeantes prises par l\u2019art et la science diplomatiques, depuis la veille de la Guerre de Trente Ans et l\u2019av\u00e8nement du syst\u00e8me westphalien jusqu\u2019\u00e0 ses remises en cause successives aux XX\u00e8me et XXI\u00e8me [&hellip;]<\/p>\n","protected":false},"author":111,"featured_media":0,"parent":644,"menu_order":0,"comment_status":"closed","ping_status":"closed","template":"","meta":{"footnotes":""},"class_list":["post-280","page","type-page","status-publish","hentry","post-preview"],"_links":{"self":[{"href":"https:\/\/blogs.univ-tlse2.fr\/ambassadeurs\/wp-json\/wp\/v2\/pages\/280","targetHints":{"allow":["GET"]}}],"collection":[{"href":"https:\/\/blogs.univ-tlse2.fr\/ambassadeurs\/wp-json\/wp\/v2\/pages"}],"about":[{"href":"https:\/\/blogs.univ-tlse2.fr\/ambassadeurs\/wp-json\/wp\/v2\/types\/page"}],"author":[{"embeddable":true,"href":"https:\/\/blogs.univ-tlse2.fr\/ambassadeurs\/wp-json\/wp\/v2\/users\/111"}],"replies":[{"embeddable":true,"href":"https:\/\/blogs.univ-tlse2.fr\/ambassadeurs\/wp-json\/wp\/v2\/comments?post=280"}],"version-history":[{"count":55,"href":"https:\/\/blogs.univ-tlse2.fr\/ambassadeurs\/wp-json\/wp\/v2\/pages\/280\/revisions"}],"predecessor-version":[{"id":374,"href":"https:\/\/blogs.univ-tlse2.fr\/ambassadeurs\/wp-json\/wp\/v2\/pages\/280\/revisions\/374"}],"up":[{"embeddable":true,"href":"https:\/\/blogs.univ-tlse2.fr\/ambassadeurs\/wp-json\/wp\/v2\/pages\/644"}],"wp:attachment":[{"href":"https:\/\/blogs.univ-tlse2.fr\/ambassadeurs\/wp-json\/wp\/v2\/media?parent=280"}],"curies":[{"name":"wp","href":"https:\/\/api.w.org\/{rel}","templated":true}]}}