 {"id":343,"date":"2017-03-21T18:53:29","date_gmt":"2017-03-21T17:53:29","guid":{"rendered":"https:\/\/blogs.univ-tlse2.fr\/ambassadeurs\/?page_id=343"},"modified":"2023-03-08T09:14:49","modified_gmt":"2023-03-08T08:14:49","slug":"publications","status":"publish","type":"page","link":"https:\/\/blogs.univ-tlse2.fr\/ambassadeurs\/publications\/?lang=fr","title":{"rendered":"Publications"},"content":{"rendered":"<ul>\n<li><strong>Territoires de diplomatie. Le monde anglo-am\u00e9ricain et ses relations ext\u00e9rieures \/ Territories of Diplomacy: The Anglo-American World and International Relations<\/strong>, eds. Lucien B\u00e9ly, Bertrand Van Ruymbeke, Nathalie Riv\u00e8re de Carles, <em><strong>XVII-XVIII, Revue de la Soci\u00e9t\u00e9 d&rsquo;\u00e9tudes anglo-am\u00e9ricaines des XVII\u00b0 et XVIII\u00b0 si\u00e8cles<\/strong><\/em>,<strong> 79, 2022<\/strong> \/\u00a0 <a href=\"https:\/\/journals.openedition.org\/1718\/8870\">79 | 2022 Territoires de diplomatie (openedition.org)<\/a> Contributeurs: Gilles Havard, Pierre-Fran\u00e7ois Peirano, Fr\u00e9d\u00e9ric Herrmann, Alice Monter, Ludmila Ivonina, Xavier Cervant\u00e8s, Berta Cano Echevarria, Mathilde Alazraki, Juliette Misset.<\/li>\n<li><strong>War and Truce in Early Modern Culture: Negotiating Appeasement and Entente in Early Modern Literary Studies<em>, <\/em><\/strong>eds. Agn\u00e8s Lafont &amp; Nathalie Rivere de Carles, <strong><em>Early Modern Literary Studies, <\/em>N\u00b030, 2022 <\/strong>: <a href=\"https:\/\/journals.shu.ac.uk\/index.php\/EMLS\/issue\/view\/20\">No. 30 (2022): Special Issue 30: War And Truce In Early Modern European Culture: Negotiating Appeasement And Entente | Early Modern Literary Studies (shu.ac.uk)<\/a> Contributors: Timothy Hampton, Sujata Iyengar, Lindsay Ann Reid, Luis Gonz\u00e1lez Fern\u00e1ndez, Marie-C\u00e9line Daniel, Jeanne Mathieu, C\u00e9cile Decaix, Agn\u00e8s Lafont, Nathalie Riv\u00e8re de Carles<\/li>\n<li><strong><em>Legatio, The Journal for Renaissance and Early Modern Diplomatic Studies, <\/em>Issue 4, 2020, <\/strong>eds. Roberta Anderson, Jeanne Mathieu, Nathalie Rivere de Carles. Contributors: Emmanuel Lem\u00e9e, Chlo\u00e9 Rivi\u00e8re, Am\u00e9lie Balayre, Beatrice Saletti, Chrisoph W\u00fcrflinger, Mahmut Halef-Cevrioglu, Francesco Caprioli, Maelig Chauvin, Francisco Mavilla, Pierre-Olivier Ouellet.\u00a0 <a href=\"http:\/\/www.legatio-ihpan.edu.pl\/index.php?option=com_content&amp;view=article&amp;id=15:legatio-vol-4-2020&amp;catid=8&amp;lang=en&amp;Itemid=108\">http:\/\/www.legatio-ihpan.edu.pl\/index.php?option=com_content&amp;view=article&amp;id=15:legatio-vol-4-2020&amp;catid=8&amp;lang=en&amp;Itemid=108<\/a> <a href=\"https:\/\/blogs.univ-tlse2.fr\/ambassadeurs\/files\/2021\/05\/00_spis_tytulowe.pdf\">Legatio Gestures of Diplomacy Issue 4 (2020)<\/a><\/li>\n<li><strong>Ideologies of Diplomacy: Rhetoric, Ritual, and Representation in Early Modern England, <em>The Journal of Medieval and Early Modern Studies <\/em>Vol 50 Issue 3, 2020, ed. <\/strong>Jane Yeang Chui Wong. Contributors: Jane Yeang Chui Wong, Hannah Coates, R. Malcolm Smuts, Janson Powell, Jan Hennings, Edward Holberton, Danila Sokolov, Nathalie Rivere de Carles, Jeff Smith-Cronin, John Watkins. <a href=\"https:\/\/read.dukeupress.edu\/jmems\/issue\/50\/3\">https:\/\/read.dukeupress.edu\/jmems\/issue\/50\/3<\/a><\/li>\n<li><strong><em>Early Modern Diplomacy, Theatre and Soft Power: <\/em><em>The Making of Peace<\/em>, <\/strong>ed. Nathalie Riv\u00e8re de Carles , Series: Early Modern Literature in History (London: Palgrave Macmillan, 2016)<strong><a href=\"https:\/\/blogs.univ-tlse2.fr\/ambassadeurs\/files\/2017\/03\/Book-cover.jpg\"><img loading=\"lazy\" decoding=\"async\" class=\"wp-image-344 alignright\" src=\"https:\/\/blogs.univ-tlse2.fr\/ambassadeurs\/files\/2017\/03\/Book-cover.jpg\" alt=\"\" width=\"248\" height=\"361\" srcset=\"https:\/\/blogs.univ-tlse2.fr\/ambassadeurs\/files\/2017\/03\/Book-cover.jpg 343w, https:\/\/blogs.univ-tlse2.fr\/ambassadeurs\/files\/2017\/03\/Book-cover-206x300.jpg 206w\" sizes=\"auto, (max-width: 248px) 100vw, 248px\" \/><\/a><\/strong><\/li>\n<\/ul>\n<p><a href=\"http:\/\/www.palgrave.com\/fr\/book\/9781137436924?wt_mc=ThirdParty.SpringerLink.3.EPR653.About_eBook\">http:\/\/www.palgrave.com\/fr\/book\/9781137436924?wt_mc=ThirdParty.SpringerLink.3.EPR653.About_eBook<\/a><\/p>\n<p>This book explores the secret relations between theatre and diplomacy from the Tudors to the Treaty of Westphalia. It\u00a0offers an original insight into the art of diplomacy in the 1580-1655 period through the prism of literature, theatre and material history. Contributors investigate English, Italian and German plays of Renaissance theoretical texts on diplomacy, lifting the veil on the intimate relations between ambassadors and the artistic world and on theatre as an unexpected instrument of &lsquo;soft power&rsquo;.\u00a0The volume provides an international cross-cultural focus on the negotiation of European political and confessional conflicts and the official and non-official strategies of appeasement. The strong international array of up-and-coming and established scholars in literature and diplomatic history investigates early modern diplomatic forms of preservation of a European entente in the wake of the emergence of the nation-state.<\/p>\n<p>Contributors: Timothy Hampton, Jane O. Newman, Dominique Goy-Blanquet, Valeria Cimmieri, Nathalie Rivere de Carles, Patricia Akhimie, Roberta Anderson, Diego Pirillo and Ladan Niayesh<\/p>\n<p>&nbsp;<\/p>\n<ul>\n<li><strong><em>Formes de la diplomatie (XVIe-XXIe s.) Forms of Diplomacy (16th-2&amp;st c.)<\/em>, eds. Nathalie Duclos &amp; Nathalie Riv\u00e8re de Carles, Caliban 54 (Presses Universitaires du Midi, 2015) <a href=\"https:\/\/blogs.univ-tlse2.fr\/ambassadeurs\/files\/2017\/03\/Forms-of-diplo-cover-1.jpg\"><img loading=\"lazy\" decoding=\"async\" class=\"wp-image-346 alignleft\" src=\"https:\/\/blogs.univ-tlse2.fr\/ambassadeurs\/files\/2017\/03\/Forms-of-diplo-cover-1.jpg\" alt=\"\" width=\"283\" height=\"422\" srcset=\"https:\/\/blogs.univ-tlse2.fr\/ambassadeurs\/files\/2017\/03\/Forms-of-diplo-cover-1.jpg 429w, https:\/\/blogs.univ-tlse2.fr\/ambassadeurs\/files\/2017\/03\/Forms-of-diplo-cover-1-201x300.jpg 201w\" sizes=\"auto, (max-width: 283px) 100vw, 283px\" \/><\/a><\/strong><\/li>\n<\/ul>\n<p><a href=\"http:\/\/pum.univ-tlse2.fr\/~no-54-Formes-de-la-diplomatie-XVIe~.html#\">http:\/\/pum.univ-tlse2.fr\/~no-54-Formes-de-la-diplomatie-XVIe~.html#<\/a><\/p>\n<p>Ce volume bilingue se penche sur l\u2019\u00e9volution des formes th\u00e9oriques et pratiques de la diplomatie politique, \u00e9conomique et culturelle depuis la premi\u00e8re modernit\u00e9. Il met la diplomatie classique en perspective en analysant les formes marginales, alternatives et innovantes de la diplomatie d\u2019hier et d\u2019aujourd\u2019hui. L\u2019utilisation et la th\u00e9orisation de la diplomatie culturelle <i class=\"spip\">(soft power)<\/i> et de la diplomatie commerciale font l\u2019objet d\u2019une \u00e9tude critique de la part de chercheurs en histoire, en litt\u00e9rature et en linguistique. Les chapitres, en anglais et en fran\u00e7ais, de ce volume replacent la diplomatie gouvernementale dans le contexte de l\u2019action diplomatique d\u2019acteurs non gouvernementaux. Par ailleurs, le volume s\u2019attache \u00e0 \u00e9tudier l\u2019influence et l\u2019action de figures diplomatiques officielles et non officielles, r\u00e9elles et fictionnelles, de fa\u00e7on \u00e0 approfondir notre connaissance de la rh\u00e9torique et de la s\u00e9miotique accompagnant les pratiques diplomatiques.<\/p>\n<p>This bilingual volume analyses the changing theoretical and practical forms of political, economic and cultural diplomacy from the early modern era to the questioning of the Westphalian system in the 20th and the 21st centuries. It contrasts mainstream diplomacy and marginal or alternative forms of diplomacy. The use and the theorization of cultural diplomacy (soft power) and of commercial diplomacy are questioned by leading experts in history, literature and linguistics. Essays in English and in French pit the hard power of government-to-government diplomacy against other levels of diplomatic undertakings involving nongovernmental stakeholders. In addition, this volume studies official and nonofficial diplomatic figures, real and fictional ambassadors, which allows us to consider the linguistic and stylistic features of the diplomatic rhetoric and practice. The essays also explore the role of art, literature and culture as diplomatic instruments and the artist as diplomat as new analytical tools in the study of diplomacy.<\/p>\n<p>Contributeurs \/ Contributors: Lucien B\u00e9ly, Camille Desenclos, Marie-C\u00e9line Daniel, Lauric Henneton, Muriel Marchal, Rapha\u00ebl Ricaud, Mona Parra, Richard Davis, Aymen Boughanmi, Alice Byrne, Myriam Chasseriau, Mollie Betti, St\u00e9phane Miglierina, Henri Le Prieult, Marie-Odile Salati, Deep Datta-Ray.<\/p>\n","protected":false},"excerpt":{"rendered":"<p>Territoires de diplomatie. Le monde anglo-am\u00e9ricain et ses relations ext\u00e9rieures \/ Territories of Diplomacy: The Anglo-American World and International Relations, eds. Lucien B\u00e9ly, Bertrand Van Ruymbeke, Nathalie Riv\u00e8re de Carles, XVII-XVIII, Revue de la Soci\u00e9t\u00e9 d&rsquo;\u00e9tudes anglo-am\u00e9ricaines des XVII\u00b0 et XVIII\u00b0 si\u00e8cles, 79, 2022 \/\u00a0 79 | 2022 Territoires de diplomatie (openedition.org) Contributeurs: Gilles Havard, [&hellip;]<\/p>\n","protected":false},"author":111,"featured_media":0,"parent":0,"menu_order":0,"comment_status":"closed","ping_status":"closed","template":"","meta":{"footnotes":""},"class_list":["post-343","page","type-page","status-publish","hentry","post-preview"],"_links":{"self":[{"href":"https:\/\/blogs.univ-tlse2.fr\/ambassadeurs\/wp-json\/wp\/v2\/pages\/343","targetHints":{"allow":["GET"]}}],"collection":[{"href":"https:\/\/blogs.univ-tlse2.fr\/ambassadeurs\/wp-json\/wp\/v2\/pages"}],"about":[{"href":"https:\/\/blogs.univ-tlse2.fr\/ambassadeurs\/wp-json\/wp\/v2\/types\/page"}],"author":[{"embeddable":true,"href":"https:\/\/blogs.univ-tlse2.fr\/ambassadeurs\/wp-json\/wp\/v2\/users\/111"}],"replies":[{"embeddable":true,"href":"https:\/\/blogs.univ-tlse2.fr\/ambassadeurs\/wp-json\/wp\/v2\/comments?post=343"}],"version-history":[{"count":16,"href":"https:\/\/blogs.univ-tlse2.fr\/ambassadeurs\/wp-json\/wp\/v2\/pages\/343\/revisions"}],"predecessor-version":[{"id":732,"href":"https:\/\/blogs.univ-tlse2.fr\/ambassadeurs\/wp-json\/wp\/v2\/pages\/343\/revisions\/732"}],"wp:attachment":[{"href":"https:\/\/blogs.univ-tlse2.fr\/ambassadeurs\/wp-json\/wp\/v2\/media?parent=343"}],"curies":[{"name":"wp","href":"https:\/\/api.w.org\/{rel}","templated":true}]}}