 {"id":459,"date":"2018-04-04T15:45:46","date_gmt":"2018-04-04T13:45:46","guid":{"rendered":"https:\/\/blogs.univ-tlse2.fr\/ambassadeurs\/?page_id=459"},"modified":"2021-11-02T14:14:52","modified_gmt":"2021-11-02T13:14:52","slug":"2018-lart-de-creer-lentente-identites-et-moyens-dactions-des-faiseurs-de-paix","status":"publish","type":"page","link":"https:\/\/blogs.univ-tlse2.fr\/ambassadeurs\/evenements-events\/2018-lart-de-creer-lentente-identites-et-moyens-dactions-des-faiseurs-de-paix\/?lang=fr","title":{"rendered":"2018 L&rsquo;art des cr\u00e9atrices et cr\u00e9ateurs d&rsquo;entente: identit\u00e9s et modalit\u00e9s d\u2019action"},"content":{"rendered":"<p><\/p>\n<h3><strong>The Art of Brokering Agreements: Identities and Agencies of Renaissance Peacemakers<\/strong><\/h3>\n<h3>Renaissance Society of America 2018, New Orleans (USA), Fri, March 23, 9:00 to 12:00 am, Hilton Riverside, 1st Level &#8211; Grand Salon Breakout 21.<\/h3>\n<p><strong>Org:<\/strong> N. Rivere de Carles &amp; A. Lafont<\/p>\n<p><strong>Pr\u00e9sident de s\u00e9ance:<\/strong> Fr\u00e9d\u00e9ric Herrmann (Universit\u00e9 Lyon 2 Lumi\u00e8re)<\/p>\n<p>1. St\u00e9phane Miglierina (Universit\u00e9 Paris-Sorbonne)\u00a0<strong>Atto Melani, a Diplomat and a Castrato: Music and Diplomacy at the Court of France.<\/strong><\/p>\n<p>2. Andrew Hiscock (University of Bangor)\u00a0<strong>\u00ab\u00a0Lay by thine Armes and take the Citie\u00a0\u00bb: Brokering and Broken Agreements in Middleton&rsquo;s Drama<\/strong><\/p>\n<p>3. Nathalie Rivere de Carles (Universit\u00e9 Toulouse Jean-Jaur\u00e8s)\u00a0<strong>Diplomatic Parrhesia, Dramatic Fantasy or Diplomatic Reality ? Diplomatic Speech in Question on the Shakespearean Stage.<\/strong><\/p>\n<p>4. Lindsay Ann Reid (National University of Ireland, Galway)\u00a0<strong>The Early Modern\u00a0<em>Querelle des Femmes<\/em> and the Judgement of Solomon in\u00a0<em>Greenes Vision<\/em><\/strong><\/p>\n<p>5. C\u00e9cile Decaix (Universit\u00e9 Paul-Val\u00e9ry Montpellier 3)\u00a0<strong>William Caxton&rsquo;s\u00a0<em>Eneydos\u00a0<\/em>(1490) and the Resolution of Conflict<\/strong><\/p>\n<p>6. Agn\u00e8s Lafont (Universit\u00e9 Paul-Val\u00e9ry Montpellier 3)\u00a0<strong>\u201cA wicked messenger falleth into evill: but a faithfull ambassadour is preservation\u201d (Proverb [Geneva bible, 13\u00a0:17], MS40, fol.18): Negotiating One\u2019s voice in Pforzeimer MS40<\/strong><\/p>\n<p><strong>R\u00e9sum\u00e9s des communications:<\/strong><\/p>\n<p>Communications 1 \u00e0 3: <a href=\"https:\/\/convention2.allacademic.com\/one\/rsa\/rsa18\/index.php?program_focus=view_session&amp;selected_session_id=1295205&amp;cmd=online_program_direct_link&amp;sub_action=online_program\"><b><\/b><i><\/i>https:\/\/convention2.allacademic.com\/one\/rsa\/rsa18\/index.php?program_focus=view_session&amp;selected_session_id=1295205&amp;cmd=online_program_direct_link&amp;sub_action=online_program<\/a><\/p>\n<p>Communicatins 4 \u00e0 6: <a href=\"https:\/\/convention2.allacademic.com\/one\/rsa\/rsa18\/index.php?program_focus=view_session&amp;selected_session_id=1295795&amp;cmd=online_program_direct_link&amp;sub_action=online_program\">https:\/\/convention2.allacademic.com\/one\/rsa\/rsa18\/index.php?program_focus=view_session&amp;selected_session_id=1295795&amp;cmd=online_program_direct_link&amp;sub_action=online_program<\/a><\/p>","protected":false},"excerpt":{"rendered":"<p>The Art of Brokering Agreements: Identities and Agencies of Renaissance Peacemakers Renaissance Society of America 2018, New Orleans (USA), Fri, March 23, 9:00 to 12:00 am, Hilton Riverside, 1st Level &#8211; Grand Salon Breakout 21. Org: N. Rivere de Carles &amp; A. Lafont Pr\u00e9sident de s\u00e9ance: Fr\u00e9d\u00e9ric Herrmann (Universit\u00e9 Lyon 2 Lumi\u00e8re) 1. St\u00e9phane Miglierina [&hellip;]<\/p>\n","protected":false},"author":111,"featured_media":0,"parent":644,"menu_order":0,"comment_status":"closed","ping_status":"closed","template":"","meta":{"footnotes":""},"class_list":["post-459","page","type-page","status-publish","hentry","post-preview"],"_links":{"self":[{"href":"https:\/\/blogs.univ-tlse2.fr\/ambassadeurs\/wp-json\/wp\/v2\/pages\/459","targetHints":{"allow":["GET"]}}],"collection":[{"href":"https:\/\/blogs.univ-tlse2.fr\/ambassadeurs\/wp-json\/wp\/v2\/pages"}],"about":[{"href":"https:\/\/blogs.univ-tlse2.fr\/ambassadeurs\/wp-json\/wp\/v2\/types\/page"}],"author":[{"embeddable":true,"href":"https:\/\/blogs.univ-tlse2.fr\/ambassadeurs\/wp-json\/wp\/v2\/users\/111"}],"replies":[{"embeddable":true,"href":"https:\/\/blogs.univ-tlse2.fr\/ambassadeurs\/wp-json\/wp\/v2\/comments?post=459"}],"version-history":[{"count":4,"href":"https:\/\/blogs.univ-tlse2.fr\/ambassadeurs\/wp-json\/wp\/v2\/pages\/459\/revisions"}],"predecessor-version":[{"id":462,"href":"https:\/\/blogs.univ-tlse2.fr\/ambassadeurs\/wp-json\/wp\/v2\/pages\/459\/revisions\/462"}],"up":[{"embeddable":true,"href":"https:\/\/blogs.univ-tlse2.fr\/ambassadeurs\/wp-json\/wp\/v2\/pages\/644"}],"wp:attachment":[{"href":"https:\/\/blogs.univ-tlse2.fr\/ambassadeurs\/wp-json\/wp\/v2\/media?parent=459"}],"curies":[{"name":"wp","href":"https:\/\/api.w.org\/{rel}","templated":true}]}}