 {"id":482,"date":"2019-03-10T15:43:32","date_gmt":"2019-03-10T14:43:32","guid":{"rendered":"https:\/\/blogs.univ-tlse2.fr\/ambassadeurs\/?page_id=482"},"modified":"2021-11-02T14:15:01","modified_gmt":"2021-11-02T13:15:01","slug":"2019-les-gestes-de-la-diplomatie-objets-ceremonies-langages-corporels-1400-1750","status":"publish","type":"page","link":"https:\/\/blogs.univ-tlse2.fr\/ambassadeurs\/evenements-events\/2019-les-gestes-de-la-diplomatie-objets-ceremonies-langages-corporels-1400-1750\/?lang=fr","title":{"rendered":"2019 Les gestes de la diplomatie : objets, c\u00e9r\u00e9monies, langages corporels (1400-1800)"},"content":{"rendered":"<p><b><a href=\"https:\/\/blogs.univ-tlse2.fr\/ambassadeurs\/files\/2019\/05\/poster-Gestures-Diplo.jpg\"><img loading=\"lazy\" decoding=\"async\" class=\"alignright size-medium wp-image-519\" src=\"https:\/\/blogs.univ-tlse2.fr\/ambassadeurs\/files\/2019\/05\/poster-Gestures-Diplo-212x300.jpg\" alt=\"\" width=\"212\" height=\"300\" srcset=\"https:\/\/blogs.univ-tlse2.fr\/ambassadeurs\/files\/2019\/05\/poster-Gestures-Diplo-212x300.jpg 212w, https:\/\/blogs.univ-tlse2.fr\/ambassadeurs\/files\/2019\/05\/poster-Gestures-Diplo.jpg 509w\" sizes=\"auto, (max-width: 212px) 100vw, 212px\" \/><\/a>CONFERENCE INTERNATIONALE<\/b><\/p>\n<p><b><a href=\"https:\/\/blogs.univ-tlse2.fr\/ambassadeurs\/files\/2019\/05\/SE8-Gestures-of-Diplomacy-Abstracts-R\u00e9sum\u00e9s.docx\">SE8 Gestures of Diplomacy Abstracts R\u00e9sum\u00e9s<\/a><\/b><\/p>\n<p><strong><a href=\"https:\/\/blogs.univ-tlse2.fr\/ambassadeurs\/files\/2019\/05\/Diplomatic-Gestures-Poster.pdf\">Diplomatic Gestures Poster<\/a><\/strong><\/p>\n<p><strong>30-31\/ 05\/ 2019, Maison de la Recherche, Universit\u00e9 Toulouse Jean Jaur\u00e8s<\/strong><\/p>\n<p><strong>Organisation :<\/strong> Nathalie Rivere de Carles (CAS-Universit\u00e9 Toulouse Jean Jaur\u00e8s), Roberta Anderson (Premodern Diplomats Network).<\/p>\n<p><strong>Partenaires :<\/strong> Laboratoire Cultures Anglo-Saxonnes (EA 801), IPHAN (Institute of History of Polish Academy of Sciences (Varsovie)), Conseil R\u00e9gional Occitanie, Universit\u00e9 Toulouse Jean Jaur\u00e8s, Institut de Recherche sur la Renaissance, l&rsquo;\u00e2ge Classique et les Lumi\u00e8res (UMR 51 86) Universit\u00e9 Paul Val\u00e9ry Montpellier 3, Bath Spa University.<\/p>\n<p>contact: &#x73;&#101;8&#x2e;&#x74;&#111;u&#x6c;&#x6f;&#117;s&#x65;&#x40;gm&#x61;&#x69;l&#46;&#x63;&#111;m<\/p>\n<p><strong>Programme:<\/strong><\/p>\n<p><strong>30\/05\/2019 <\/strong><\/p>\n<table width=\"552\">\n<tbody>\n<tr>\n<td width=\"57\"><strong>\u00a0<\/strong><\/td>\n<td width=\"245\"><strong>Amphith\u00e9\u00e2tre F417<\/strong><\/td>\n<td width=\"251\"><strong>Salle \/ Room E412<\/strong><\/td>\n<\/tr>\n<tr>\n<td width=\"57\"><strong>9h-10h30<\/strong><\/td>\n<td width=\"245\"><strong><em>Diplomatic Receptions<\/em><\/strong><\/p>\n<p><em>Pr\u00e9sidence\/Chair: Roberta Anderson<\/em><\/td>\n<td width=\"251\"><strong><em>(Imp)Politeness &amp; Gestures I<\/em><\/strong><\/p>\n<p><em>Pr\u00e9sidence\/Chair: Nathalie Rivere de Carles<\/em><\/td>\n<\/tr>\n<tr>\n<td width=\"57\"><strong>\u00a0<\/strong><\/td>\n<td width=\"245\">Kutse Altin (Szeged)<\/p>\n<p>The Reception of John Sigismund Szapolyai in Hungarian and Ottoman Chronicles<\/td>\n<td width=\"251\">Thalia Brero (Universiteit Gent) La politesse des rois. Salutations et gestes d\u2019accueil lors des rencontres entre princes (1400-1550)<\/td>\n<\/tr>\n<tr>\n<td width=\"57\"><strong>\u00a0<\/strong><\/td>\n<td width=\"245\">Mahmut Halef Cevrioglu<\/p>\n<p>(Izmir Katip Celebi University)<\/p>\n<p>Meeting the Second Man at the Ottoman Court: the Grand Viziers\u2019 Reception of European Ambassadors in the First Half of the 17<sup>th<\/sup> Century<\/td>\n<td width=\"251\">Delphine Chiocci (Padova-Grenoble) &amp; Pierre Nevejans (ENS-LSH)<\/p>\n<p>Des mots pour des gestes et des gestes pour des mots. Politesse et cordialit\u00e9 dans la correspondance politique de Bernardo de\u2019 Medici, ambassadeur florentin \u00e0 la cour de France (1544-1545)<\/td>\n<\/tr>\n<tr>\n<td width=\"57\"><strong>\u00a0<\/strong><\/td>\n<td width=\"245\">Ji\u0159\u00ed Kube\u0161 (Pardubice)<br \/>\nDevelopment of the Reception of Imperial envoys at the English\/British royal court (1660-1750)<\/td>\n<td width=\"251\">Damien Fontvieille (Sorbonne)<\/p>\n<p>\u00c0 travers les yeux de l\u2019ambassadeur. Les gestes curiaux, t\u00e9moins des relations entre deux \u00c9tats : l\u2019exemple de l\u2019ambassade de Michel de Castelnau en Angleterre (1575-1585)<\/td>\n<\/tr>\n<tr>\n<td width=\"57\"><strong>10h30-10h45<\/strong><\/td>\n<td colspan=\"2\" width=\"495\"><strong><em>D\u00e9jeuner \/ Coffee break<\/em><\/strong><\/td>\n<\/tr>\n<tr>\n<td width=\"57\"><strong>10h45-12h00<\/strong><\/td>\n<td width=\"245\"><strong><em>(Im)Politeness &amp; Gestures II<\/em><\/strong><\/p>\n<p><em>Pr\u00e9sidence\/Chair: Roberta Anderson<\/em><\/td>\n<td width=\"251\"><em>\u00a0<\/em><\/td>\n<\/tr>\n<tr>\n<td width=\"57\"><strong>\u00a0<\/strong><\/td>\n<td width=\"245\">Charles Giry Deloison (Artois)<\/p>\n<p>&lsquo;Saluted me wth a kisse and boad me welconne&rsquo;. Lady Anne Cobham\u2019s recollections of her first reception at the court of France, 14th February 1580<\/td>\n<td width=\"251\"><strong>\u00a0<\/strong><\/td>\n<\/tr>\n<tr>\n<td width=\"57\"><strong>\u00a0<\/strong><\/td>\n<td width=\"245\">Sherrod Brandon Marshall (Lyc\u00e9e Fran\u00e7ais NYC)<\/p>\n<p>The Ambassador&rsquo;s Two Bodies: Tracing the Republic of Venice&rsquo;s Symbolic Rebuke of Louis XIV and French International Relations During the Embassy of Michel-Antoine, Sieur d&rsquo;Amelot.<\/td>\n<td width=\"251\"><strong>\u00a0<\/strong><\/td>\n<\/tr>\n<tr>\n<td width=\"57\"><strong>12h00-13h50<\/strong><\/td>\n<td colspan=\"2\" width=\"495\"><strong><em>D\u00e9jeuner \/ Luncheon<\/em><\/strong><\/td>\n<\/tr>\n<tr>\n<td width=\"57\"><strong>14h-15h<\/strong><\/td>\n<td colspan=\"2\" width=\"495\">Conf\u00e9rence pl\u00e9ni\u00e8re \/ Plenary Conference<\/p>\n<p><strong>Ellen R. Welch (North Carolina)<\/strong><\/p>\n<p>In the French Style: Fashion, Sociability, and Femininity in the Letters of Marquise de Villars, Ambassadrice in Madrid<\/td>\n<\/tr>\n<tr>\n<td width=\"57\"><strong>15h15-16h45<\/strong><\/td>\n<td width=\"245\"><strong><em>Writing and Representational Models<\/em><\/strong><\/p>\n<p><em>Pr\u00e9sidence\/Chair: Ji\u0159\u00ed Kube\u0161 <\/em><\/td>\n<td width=\"251\"><strong><em>Representations &amp; Perceptions I<\/em><\/strong><\/p>\n<p><em>Pr\u00e9sidence\/Chair: Suna Suner<\/em><\/td>\n<\/tr>\n<tr>\n<td width=\"57\"><strong>\u00a0<\/strong><\/td>\n<td width=\"245\">Anna Huemer (Salzburg)<\/p>\n<p>Expressions and Perceptions of diverse Models of Masculinities in Selected Sources of Habsburg-Ottoman Envoys (17th Century)<\/td>\n<td width=\"251\">Paola De Santo (University of Georgia)<\/p>\n<p>&lsquo;Nonostante il mio abito&rsquo;?: Clothing the Ambassador&rsquo;s Body in Renaissance Venetian Viaggi<\/td>\n<\/tr>\n<tr>\n<td width=\"57\"><strong>\u00a0<\/strong><\/td>\n<td width=\"245\">Laurent H\u00e9ry (Universit\u00e9 Bretagne Occidentale)<\/p>\n<p>La figure de l\u2019ambassadeur dans le Discours des c\u00e9r\u00e9monies du sacre et mariage d\u2019Anne de Foix (1502) du h\u00e9raut \u00ab Bretagne \u00bb: dits et non-dits<\/td>\n<td width=\"251\">Zsuzsa Czir\u00e1ki (Szeged)<\/p>\n<p>The Silent Language of Robes: The Semiotics of Clothing in the Seventeenth-century Habsburg Diplomatic Missions at the Sublime Porte<\/td>\n<\/tr>\n<tr>\n<td width=\"57\"><strong>\u00a0<\/strong><\/td>\n<td width=\"245\">G\u00e1bor K\u00e1rm\u00e1n (Hungarian Academy of Science)<\/p>\n<p>Writing when the prince would not write: Alternative correspondents in Transylvanian foreign policy during the Thirty Years War<\/td>\n<td width=\"251\">Laura Turchi (Modena Reggio Emilia) Argument and Emotion, Culture and Rank: Two Este Envoys in Venice at the end of the 15th Century<\/td>\n<\/tr>\n<tr>\n<td width=\"57\"><strong>16h45-17h00<\/strong><\/td>\n<td colspan=\"2\" width=\"495\"><strong><em>Pause \/ Coffee break<\/em><\/strong><\/td>\n<\/tr>\n<tr>\n<td width=\"57\"><strong>17h00-18h00<\/strong><\/td>\n<td width=\"245\"><strong><em>Diplomatic Ceremonies II<\/em><\/strong><\/p>\n<p><em>Pr\u00e9sidence\/Chair: Roberta Anderson<\/em><\/td>\n<td width=\"251\"><strong><em>Representations &amp; Perceptions II<\/em><\/strong><\/p>\n<p><em>Pr\u00e9sidence\/Chair:\u00a0 Juliette Souperbie<\/em><\/td>\n<\/tr>\n<tr>\n<td width=\"57\"><strong>\u00a0<\/strong><\/td>\n<td width=\"245\">John Condren (University of Limerick) Receiving Louis XIV\u2019s ambassadors at Italian princely courts: some examples from the years 1659 \u2013 1701<\/td>\n<td width=\"251\">Emmanuel Lem\u00e9e (Sorbonne)<\/p>\n<p>Le langage de l\u2019incognito dans la diplomatie de la fin du XVII\u00e8me si\u00e8cle<\/td>\n<\/tr>\n<tr>\n<td width=\"57\"><strong>\u00a0<\/strong><\/td>\n<td width=\"245\">N. Michalicova (Pardubice)<\/p>\n<p>Ceremonial as a Welcome Theatre. Ceremonial Entries and First Public Audience of Imperial Ambassadors at the Court of the Polish King in the first half of the 18th century<\/td>\n<td width=\"251\">Fran\u00e7ois Barouch (Nanterre)<\/p>\n<p>Louis XIV, Mamamouchi : une d\u00e9sagr\u00e9able exp\u00e9rience diplomatique<\/td>\n<\/tr>\n<tr>\n<td width=\"57\"><strong>20h<\/strong><\/td>\n<td colspan=\"2\" width=\"495\"><strong>D\u00eener \/ Conference Dinner<\/strong><\/td>\n<\/tr>\n<\/tbody>\n<\/table>\n<p><strong>\u00a0<\/strong><\/p>\n<p><strong>31\/05\/2019<\/strong><\/p>\n<table width=\"548\">\n<tbody>\n<tr>\n<td width=\"57\"><strong>\u00a0<\/strong><\/td>\n<td width=\"246\"><strong>Amphitheatre F417<\/strong><\/td>\n<td width=\"245\"><strong>Salle\/Room E412<\/strong><\/td>\n<\/tr>\n<tr>\n<td width=\"57\"><strong>9h-10h30<\/strong><\/td>\n<td width=\"246\"><strong><em>Diplomatic Gifts I<\/em><\/strong><\/p>\n<p><em>Pr\u00e9sidence\/Chair: John Condren<\/em><\/td>\n<td width=\"245\"><strong><em>Communicating &amp; Intelligencing<\/em><\/strong><\/p>\n<p><em>Pr\u00e9sidence\/Chair: Jeanne Mathieu<\/em><\/td>\n<\/tr>\n<tr>\n<td width=\"57\"><strong>\u00a0<\/strong><\/td>\n<td width=\"246\">Beatrice Saletti (Indep Sch,)<\/p>\n<p>The Gifts of Borso D\u2019este to &lsquo;Uthman, the Caliph of Tunis.<\/td>\n<td width=\"245\">Darren Smith (Sydney)<\/p>\n<p>Learning performance and ceremony: French diplomats at the Ottoman court, 1570-1630<\/td>\n<\/tr>\n<tr>\n<td width=\"57\"><strong>\u00a0<\/strong><\/td>\n<td width=\"246\">Vincent Masse (Dalhousie) C\u00e9r\u00e9monies diplomatiques et rituels d\u2019\u00e9num\u00e9ration : Pratiques de la liste dans les r\u00e9cits imprim\u00e9s d\u2019ambassades (1550-1650)<\/p>\n<p>&nbsp;<\/td>\n<td width=\"245\">Am\u00e9lie\u00a0 Balayre (Artois)<\/p>\n<p>&lsquo;J&rsquo;eusse est\u00e9 fort empesch\u00e9 en cet affaire pour n&rsquo;avoir est\u00e9 nourry a tel exercice&rsquo;: L&rsquo;apprentissage de la repr\u00e9sentation diplomatique en Angleterre par le marquis d&rsquo;Effiat (1624-1625).<\/td>\n<\/tr>\n<tr>\n<td width=\"57\"><strong>\u00a0<\/strong><\/td>\n<td width=\"246\">\u00d6zden Mercan (European University Institute)<\/p>\n<p>Diplomacy Woven With Textiles: Florentine Gifts to the Ottoman Court in the second half of the 16th century<\/td>\n<td width=\"245\">Janos Szabados (Szeged)<\/p>\n<p>Flow of Information between Vienna and Constantinople in the Mid-17th Century \u2013 Routes and Tendencies<\/td>\n<\/tr>\n<tr>\n<td width=\"57\"><strong>10h30-10h45<\/strong><\/td>\n<td colspan=\"2\" width=\"491\"><strong><em>Pause \/ Coffee break<\/em><\/strong><\/td>\n<\/tr>\n<tr>\n<td width=\"57\"><strong>10h45-11h45<\/strong><\/td>\n<td width=\"246\"><strong><em>Diplomatic Gifts and Objects II<\/em><\/strong><\/p>\n<p><em>Pr\u00e9sidence\/Chair: Roberta Anderson<\/em><\/td>\n<td width=\"245\"><strong><em>Symbolic Communication<\/em><\/strong><\/p>\n<p><em>Pr\u00e9sidence\/Chair: Suna Suner<\/em><\/td>\n<\/tr>\n<tr>\n<td width=\"57\"><strong>\u00a0<\/strong><\/td>\n<td width=\"246\">Magdalena Jakubowska (Warsaw), What kind of objects make an Early Modern Diplomat? Three Polish-Lithuanian embassies to Bakhchysarai in the years 1601-1602..<\/td>\n<td width=\"245\">Daniella Gutierrez Flores (Chicago) \u201cNos podr\u00edan dejar morir de hambre\u201d: Food, Diplomacy and the Narratives of Conquest in Hern\u00e1n Cort\u00e9s\u2019s Segunda Carta de Relaci\u00f3n<\/td>\n<\/tr>\n<tr>\n<td width=\"57\"><strong>\u00a0<\/strong><\/td>\n<td width=\"246\">Daniele Argenio (EHESS-Roma La Sapienza) The policy of gift in the diplomatic mission of Antonio Rincon<\/td>\n<td width=\"245\">Christoph Wurflinger (Salzburg) \u201cSymbolic Communication in Habsburg-Ottoman Relations \u2013 The Reports of Johann Rudolf Schmid zum Schwarzenhorn, Imperial Grand Ambassador to Constantinople 1650\/51<strong>\u201d<\/strong><\/td>\n<\/tr>\n<tr>\n<td width=\"57\"><strong>12h00-13h30<\/strong><\/td>\n<td colspan=\"2\" width=\"491\"><strong><em>D\u00e9jeuner \/ Luncheon<\/em><\/strong><\/td>\n<\/tr>\n<tr>\n<td width=\"57\"><strong>13h30-15h00<\/strong><\/td>\n<td width=\"246\"><strong><em>Diplomatic Gifts and Objects III<\/em><\/strong><\/p>\n<p><em>Pr\u00e9sidence\/Chair: Jeanne Mathieu<\/em><\/td>\n<td width=\"245\"><strong><em>Ottoman Encounters<\/em><\/strong><\/p>\n<p><em>Pr\u00e9sidence\/Chair: John Condren<\/em><\/td>\n<\/tr>\n<tr>\n<td width=\"57\"><strong>\u00a0<\/strong><\/td>\n<td width=\"246\">Chlo\u00e9 Rivi\u00e8re (Orl\u00e9ans) Parures et joyaux : dire la puissance du prince par les pr\u00e9sents diplomatiques au XVIIe si\u00e8cle &#8211; France, Angleterre, Espagne<\/td>\n<td width=\"245\">Bradley Cavallo (Marian University Indianapolis) The Medici\u2013Maml\u016bk Connection<\/td>\n<\/tr>\n<tr>\n<td width=\"57\"><strong>\u00a0<\/strong><\/td>\n<td width=\"246\">Maelig Chauvin (Panth\u00e9on Sorbonne) Le cadeau diplomatique : l\u2019objet mat\u00e9riel au c\u0153ur de la strat\u00e9gie pontificale en Europe (1605-1721)<\/td>\n<td width=\"245\">Francesco Caprioli (UA Madrid) &lsquo;Por ser hombre platico e inteligente&rsquo;: the Habsburg Practice of Diplomacy with the Ottoman Governors of Algiers during the Harbingers of Lepanto (1567-71)<\/td>\n<\/tr>\n<tr>\n<td width=\"57\"><strong>\u00a0<\/strong><\/td>\n<td width=\"246\">Juliette Souperbie (UT2J) Le portrait royal : un simulacre au c\u0153ur des pratiques diplomatiques<\/td>\n<td width=\"245\">\u00d6zg\u00fcr Kol\u00e7ak (Istanbul) A Ceremony in the Making: The Exchange of Ottoman-Habsburg Envoys along the Border in the 17th Century<\/td>\n<\/tr>\n<tr>\n<td width=\"57\"><strong>15h-15h15<\/strong><\/td>\n<td colspan=\"2\" width=\"491\"><strong><em>Pause \/ Coffee break<\/em><\/strong><\/td>\n<\/tr>\n<tr>\n<td width=\"57\"><strong>15h15-16h45<\/strong><\/td>\n<td width=\"246\"><strong><em>Clientage &amp; Pictorial Diplomacy<\/em><\/strong><\/p>\n<p><em>Pr\u00e9sidence\/Chair: Roberta Anderson<\/em><\/td>\n<td width=\"245\"><strong><em>Confessional Diplomacy<\/em><\/strong><\/p>\n<p><em>Pr\u00e9sidence\/Chair: Nathalie Rivere de Carles<\/em><\/td>\n<\/tr>\n<tr>\n<td width=\"57\"><strong>\u00a0<\/strong><\/td>\n<td width=\"246\">Francesca Mavilla (Independent Scholar)<\/p>\n<p>Promoting artists as an integral part of Diplomatic Networking. Chiappino Vitelli and Federico Zuccari at the court of Elisabeth I<\/td>\n<td width=\"245\">Loek Luiten (Oxford) &lsquo;With Voice Aquiver and Eyes Full of Tears&rsquo;: The Culture of Penance and the Politics of Clemency at the Renaissance Papal Court<\/td>\n<\/tr>\n<tr>\n<td width=\"57\"><strong>\u00a0<\/strong><\/td>\n<td width=\"246\">Diana Barreto Avila (Roma Tre) Presence and absence of artistic representations of indigenous royal women: The cases of Isabel Moctezuma and Beatriz Coya.<\/td>\n<td width=\"245\">Mihalik B\u00e9la (Hungarian Academy of Science) &lsquo;Ministry of Silly Walks&rsquo;. A Scandalous Corpus Christi Procession in Rome (1696-1697)<\/td>\n<\/tr>\n<tr>\n<td width=\"57\"><strong>\u00a0<\/strong><\/td>\n<td width=\"246\">Sheila ffolliot (George Mason University) Ambassador, Ambassadress, Portraits, and Precedence: on the Move at a Soir\u00e9e chez Catherine de\u2019 Medici.<\/td>\n<td width=\"245\">Pierre-Olivier Ouellet (UQAM) Entre pouvoirs temporels et spirituels : la diplomatie coloniale associ\u00e9e au tableau intitul\u00e9 La France apportant la foi aux Hurons de la Nouvelle-France<\/td>\n<\/tr>\n<tr>\n<td width=\"57\"><strong>17h<\/strong><\/td>\n<td colspan=\"2\" width=\"491\"><strong>Discours de cl\u00f4ture \/ Closing Speech.<\/strong><\/td>\n<\/tr>\n<\/tbody>\n<\/table>\n<p>&nbsp;<\/p>","protected":false},"excerpt":{"rendered":"<p>CONFERENCE INTERNATIONALE SE8 Gestures of Diplomacy Abstracts R\u00e9sum\u00e9s Diplomatic Gestures Poster 30-31\/ 05\/ 2019, Maison de la Recherche, Universit\u00e9 Toulouse Jean Jaur\u00e8s Organisation : Nathalie Rivere de Carles (CAS-Universit\u00e9 Toulouse Jean Jaur\u00e8s), Roberta Anderson (Premodern Diplomats Network). Partenaires : Laboratoire Cultures Anglo-Saxonnes (EA 801), IPHAN (Institute of History of Polish Academy of Sciences (Varsovie)), Conseil [&hellip;]<\/p>\n","protected":false},"author":111,"featured_media":519,"parent":644,"menu_order":0,"comment_status":"closed","ping_status":"closed","template":"","meta":{"footnotes":""},"class_list":["post-482","page","type-page","status-publish","has-post-thumbnail","hentry","post-preview"],"_links":{"self":[{"href":"https:\/\/blogs.univ-tlse2.fr\/ambassadeurs\/wp-json\/wp\/v2\/pages\/482","targetHints":{"allow":["GET"]}}],"collection":[{"href":"https:\/\/blogs.univ-tlse2.fr\/ambassadeurs\/wp-json\/wp\/v2\/pages"}],"about":[{"href":"https:\/\/blogs.univ-tlse2.fr\/ambassadeurs\/wp-json\/wp\/v2\/types\/page"}],"author":[{"embeddable":true,"href":"https:\/\/blogs.univ-tlse2.fr\/ambassadeurs\/wp-json\/wp\/v2\/users\/111"}],"replies":[{"embeddable":true,"href":"https:\/\/blogs.univ-tlse2.fr\/ambassadeurs\/wp-json\/wp\/v2\/comments?post=482"}],"version-history":[{"count":23,"href":"https:\/\/blogs.univ-tlse2.fr\/ambassadeurs\/wp-json\/wp\/v2\/pages\/482\/revisions"}],"predecessor-version":[{"id":508,"href":"https:\/\/blogs.univ-tlse2.fr\/ambassadeurs\/wp-json\/wp\/v2\/pages\/482\/revisions\/508"}],"up":[{"embeddable":true,"href":"https:\/\/blogs.univ-tlse2.fr\/ambassadeurs\/wp-json\/wp\/v2\/pages\/644"}],"wp:featuredmedia":[{"embeddable":true,"href":"https:\/\/blogs.univ-tlse2.fr\/ambassadeurs\/wp-json\/wp\/v2\/media\/519"}],"wp:attachment":[{"href":"https:\/\/blogs.univ-tlse2.fr\/ambassadeurs\/wp-json\/wp\/v2\/media?parent=482"}],"curies":[{"name":"wp","href":"https:\/\/api.w.org\/{rel}","templated":true}]}}