 {"id":644,"date":"2021-11-02T14:03:03","date_gmt":"2021-11-02T13:03:03","guid":{"rendered":"https:\/\/blogs.univ-tlse2.fr\/ambassadeurs\/?page_id=644"},"modified":"2021-11-02T16:35:25","modified_gmt":"2021-11-02T15:35:25","slug":"evenements-events","status":"publish","type":"page","link":"https:\/\/blogs.univ-tlse2.fr\/ambassadeurs\/evenements-events\/?lang=fr","title":{"rendered":"Ev\u00e9nements \/ Events"},"content":{"rendered":"<p><span style=\"color: #800000\"><strong>A venir \/ forthcoming<\/strong><\/span><\/p>\n<p>20 &amp; 21 Janvier 2022 Territoires de Diplomatie \/ Territories of Diplomacy (cliquer sur le lien ci-dessous).<br \/>\n<a href=\"https:\/\/blogs.univ-tlse2.fr\/ambassadeurs\/files\/2021\/11\/Poster-Territories-of-Diplomacy-January-22-page-0-scaled.jpg\"><img loading=\"lazy\" decoding=\"async\" class=\"size-medium wp-image-652 alignleft\" src=\"https:\/\/blogs.univ-tlse2.fr\/ambassadeurs\/files\/2021\/11\/Poster-Territories-of-Diplomacy-January-22-page-0-212x300.jpg\" alt=\"\" width=\"212\" height=\"300\" srcset=\"https:\/\/blogs.univ-tlse2.fr\/ambassadeurs\/files\/2021\/11\/Poster-Territories-of-Diplomacy-January-22-page-0-212x300.jpg 212w, https:\/\/blogs.univ-tlse2.fr\/ambassadeurs\/files\/2021\/11\/Poster-Territories-of-Diplomacy-January-22-page-0-724x1024.jpg 724w, https:\/\/blogs.univ-tlse2.fr\/ambassadeurs\/files\/2021\/11\/Poster-Territories-of-Diplomacy-January-22-page-0-768x1086.jpg 768w, https:\/\/blogs.univ-tlse2.fr\/ambassadeurs\/files\/2021\/11\/Poster-Territories-of-Diplomacy-January-22-page-0-1086x1536.jpg 1086w, https:\/\/blogs.univ-tlse2.fr\/ambassadeurs\/files\/2021\/11\/Poster-Territories-of-Diplomacy-January-22-page-0-scaled.jpg 1810w\" sizes=\"auto, (max-width: 212px) 100vw, 212px\" \/><\/a><\/p>\n<p>&nbsp;<\/p>\n<p>&nbsp;<\/p>\n<p><a href=\"https:\/\/blogs.univ-tlse2.fr\/ambassadeurs\/?page_id=650&amp;lang=fr\">2022 Territories of Diplomacies \/ Territoires de Diplomacies (univ-tlse2.fr)<\/a><\/p>\n<p>&nbsp;<\/p>\n<p>&nbsp;<\/p>\n<p>&nbsp;<\/p>\n<p><strong><span style=\"color: #800000\">Ev\u00e9nements pr\u00e9c\u00e9dents \/ Past events (for details click on the scrolling menu of Ev\u00e9nements \/ Events)<\/span><\/strong><\/p>\n<p><strong>2021<\/strong> Global Shakespeare and Cultural Diplomacy, Online Seminar, World Shakespeare Congress Singapore, 14\/ 08\/ 2021<\/p>\n<p><strong>2020<\/strong> Henry V : Territoires d\u2019histoire, territoires litt\u00e9raires en guerre \/ Literary and Historical Territories at War, Online Conference, 11\/12\/2020<\/p>\n<p><strong>2019<\/strong> Les gestes de la diplomatie: cadeaux, c\u00e9r\u00e9monie et language du corps \/\u00a0<span lang=\"EN-US\">The Gestures of Diplomacy: Gifts, Ceremony, Body Language (1400-1750),Toulouse, <\/span><span lang=\"EN-US\">30-31 \/05 2019<\/span><\/p>\n<p><strong>2018<\/strong> What can Shakespeare do for us? The Diplomacies of Shakespeare, Montpellier, 23\/ 06\/2018<\/p>\n<p>The art of brokering agreements: identities and agencies of Renaissance peacemakers \/ L\u2019art des cr\u00e9ateurs et des cr\u00e9atrices d\u2019entente: identit\u00e9s et modalit\u00e9s d\u2019action, New Orleans, Renaissance Society of America, 23\/03\/ 2018<\/p>\n<p><strong>2017<\/strong> <span lang=\"EN-US\">Staging the Truce in Early Modern Literature and History \/Mettre en sc\u00e8ne la tr\u00eave \u00e0 la Renaissance, Toulouse, 27\/10\/ 2017<br \/>\n<\/span><\/p>\n<p><strong>2014<\/strong> Forms of Diplomatie (16th-21st c) \/ Formes de la Diplomatie (XVI-XXI\u00b0s), Toulouse, 12-14\/06\/2014<\/p>\n<p>Diplomatic Writing: Reflecting (on) Foreign Policy in the 17th century, Renaissance Society of America, New York, 26\/03\/2014<\/p>\n<div class=\"post-header\"><strong>2012<\/strong> L&rsquo;\u00e9toffe des ambassadeurs dans l&rsquo;Europe du XVe au XVIIe si\u00e8cle. \/ Diplomatic Fabrics in 15th to 17th century Europe, 8-10\/11\/2012<\/div>\n","protected":false},"excerpt":{"rendered":"<p>A venir \/ forthcoming 20 &amp; 21 Janvier 2022 Territoires de Diplomatie \/ Territories of Diplomacy (cliquer sur le lien ci-dessous). &nbsp; &nbsp; 2022 Territories of Diplomacies \/ Territoires de Diplomacies (univ-tlse2.fr) &nbsp; &nbsp; &nbsp; Ev\u00e9nements pr\u00e9c\u00e9dents \/ Past events (for details click on the scrolling menu of Ev\u00e9nements \/ Events) 2021 Global Shakespeare and [&hellip;]<\/p>\n","protected":false},"author":111,"featured_media":0,"parent":0,"menu_order":0,"comment_status":"closed","ping_status":"closed","template":"","meta":{"footnotes":""},"class_list":["post-644","page","type-page","status-publish","hentry","post-preview"],"_links":{"self":[{"href":"https:\/\/blogs.univ-tlse2.fr\/ambassadeurs\/wp-json\/wp\/v2\/pages\/644","targetHints":{"allow":["GET"]}}],"collection":[{"href":"https:\/\/blogs.univ-tlse2.fr\/ambassadeurs\/wp-json\/wp\/v2\/pages"}],"about":[{"href":"https:\/\/blogs.univ-tlse2.fr\/ambassadeurs\/wp-json\/wp\/v2\/types\/page"}],"author":[{"embeddable":true,"href":"https:\/\/blogs.univ-tlse2.fr\/ambassadeurs\/wp-json\/wp\/v2\/users\/111"}],"replies":[{"embeddable":true,"href":"https:\/\/blogs.univ-tlse2.fr\/ambassadeurs\/wp-json\/wp\/v2\/comments?post=644"}],"version-history":[{"count":10,"href":"https:\/\/blogs.univ-tlse2.fr\/ambassadeurs\/wp-json\/wp\/v2\/pages\/644\/revisions"}],"predecessor-version":[{"id":670,"href":"https:\/\/blogs.univ-tlse2.fr\/ambassadeurs\/wp-json\/wp\/v2\/pages\/644\/revisions\/670"}],"wp:attachment":[{"href":"https:\/\/blogs.univ-tlse2.fr\/ambassadeurs\/wp-json\/wp\/v2\/media?parent=644"}],"curies":[{"name":"wp","href":"https:\/\/api.w.org\/{rel}","templated":true}]}}