 {"id":650,"date":"2021-11-02T16:10:46","date_gmt":"2021-11-02T15:10:46","guid":{"rendered":"https:\/\/blogs.univ-tlse2.fr\/ambassadeurs\/?page_id=650"},"modified":"2022-05-13T11:11:05","modified_gmt":"2022-05-13T09:11:05","slug":"2022-territories-of-diplomacy-territoires-de-diplomatie-seaa-1718","status":"publish","type":"page","link":"https:\/\/blogs.univ-tlse2.fr\/ambassadeurs\/evenements-events\/2022-territories-of-diplomacy-territoires-de-diplomatie-seaa-1718\/?lang=fr","title":{"rendered":"2022 Territories of Diplomacy \/ Territoires de Diplomatie (Programme ; Videos)"},"content":{"rendered":"<h3><span style=\"color: #800000\"><strong>TERRITORIES OF DIPLOMACY: THE ANGLO-AMERICAN WORLD AND INTERNATIONAL RELATIONS IN THE 17<sup>TH<\/sup> AND 18<sup> TH<\/sup> CENTURIES\u00a0 <\/strong><\/span><strong>TERRITOIRES DE DIPLOMATIE\u00a0: LE MONDE ANGLO-AMERICAIN ET SES RELATIONS EXTERIEURES AUX XVII<sup>E<\/sup> ET XVIII<sup>E<\/sup> SIECLES<a href=\"https:\/\/blogs.univ-tlse2.fr\/ambassadeurs\/files\/2021\/11\/Poster-Territories-of-Diplomacy-January-22-page-0-scaled.jpg\"><img loading=\"lazy\" decoding=\"async\" class=\"wp-image-652 alignright\" src=\"https:\/\/blogs.univ-tlse2.fr\/ambassadeurs\/files\/2021\/11\/Poster-Territories-of-Diplomacy-January-22-page-0-212x300.jpg\" alt=\"\" width=\"229\" height=\"324\" srcset=\"https:\/\/blogs.univ-tlse2.fr\/ambassadeurs\/files\/2021\/11\/Poster-Territories-of-Diplomacy-January-22-page-0-212x300.jpg 212w, https:\/\/blogs.univ-tlse2.fr\/ambassadeurs\/files\/2021\/11\/Poster-Territories-of-Diplomacy-January-22-page-0-724x1024.jpg 724w, https:\/\/blogs.univ-tlse2.fr\/ambassadeurs\/files\/2021\/11\/Poster-Territories-of-Diplomacy-January-22-page-0-768x1086.jpg 768w, https:\/\/blogs.univ-tlse2.fr\/ambassadeurs\/files\/2021\/11\/Poster-Territories-of-Diplomacy-January-22-page-0-1086x1536.jpg 1086w, https:\/\/blogs.univ-tlse2.fr\/ambassadeurs\/files\/2021\/11\/Poster-Territories-of-Diplomacy-January-22-page-0-scaled.jpg 1810w\" sizes=\"auto, (max-width: 229px) 100vw, 229px\" \/><\/a><\/strong><\/h3>\n<p><strong>48\u00e8me Colloque Annuel de la Soci\u00e9t\u00e9 d\u2019Etudes Anglo-Am\u00e9ricaines des XVII\u00e8 et XVIII\u00e8 si\u00e8cles\u00a0 48<sup>th<\/sup> SEAA 17-18 Annual Conference<\/strong><\/p>\n<p><span style=\"color: #ff0000\"><strong>vid\u00e9os et programme de la conf\u00e9rence ci-apr\u00e8s\u00a0 scroll down for conference programme and videos<\/strong><\/span><\/p>\n<p><strong>20-21 JANVIER \/ JANUARY 2022<\/strong><\/p>\n<p><em>Organisation:<\/em> Lucien B\u00e9ly (Sorbonne Universit\u00e9), Florence March (Universit\u00e9 Paul Val\u00e9ry Montpellier 3), Nathalie Riv\u00e8re de Carles (Universit\u00e9 Toulouse Jean Jaur\u00e8s), Bertrand Van Ruymbeke (Universit\u00e9 Paris 8 Vincennes Saint-Denis).<\/p>\n<p><em>Advisory Board \/ Comit\u00e9 Scientifique<\/em> : Fran\u00e7ois Furstenberg (Johns Hopkins) ; Charles Edouard Levillain (Paris Diderot) ; G\u00e9raud Poumar\u00e8de (Universit\u00e9 Bordeaux Montaigne) ; \u00c9ric Schnakenbourg (Universit\u00e9 de Nantes) ; Owen Stanwood (Boston College); John Watkins (University Minnesota); Jane Yeang Chui Wong (NTU Singapore).<\/p>\n<p><em>Partenariat \/ Sponsors<\/em>: Centre Roland Mousnier (UMR 8596, Sorbonne Universit\u00e9-CNRS), DiplomaticA (UR801, Cultures Anglo-Saxonnes-Universit\u00e9 Toulouse Jean Jaur\u00e8s), Hakluyt Society, Institut de recherche sur la Renaissance, l&rsquo;\u00e2ge Classique et les Lumi\u00e8res (UMR 5186, Universit\u00e9 Paul Val\u00e9ry Montpellier 3-CNRS), Labex Hospitalit\u00e9 (UR801 Cultures Anglo-Saxonnes-Universit\u00e9 Toulouse Jean Jaur\u00e8s),\u00a0 Soci\u00e9t\u00e9 d&rsquo;Etudes Anglo-Am\u00e9ricaines des XVII et XVIII\u00b0 si\u00e8cles si\u00e8cles (SEAA 17-18), TransCrit (UR1569, Paris 8), D\u00e9partement des Etudes du Monde Anglophone &amp; Commission Recherche (Universit\u00e9 Toulouse Jean Jaur\u00e8s).<\/p>\n<h3>CONFERENCE VIDEOS \/ CAPTATIONS DE LA CONFERENCE<\/h3>\n<p>Pour acc\u00e9der \u00e0 une s\u00e9lection de vid\u00e9os comprenant la table ronde et la conf\u00e9rence pl\u00e9ni\u00e8re, cliquer sur l&rsquo;image ci-dessous ou le lien suivant:<\/p>\n<p>For a selection of videos including the round table and the plenary session, click on the image below\u00a0 or on the following link :<\/p>\n<p><a href=\"https:\/\/blogs.univ-tlse2.fr\/miroir\/2022\/05\/09\/coll-territoires-de-diplomatie-le-monde-anglo-americain-et-ses-relations-exterieures\/\">https:\/\/blogs.univ-tlse2.fr\/miroir\/2022\/05\/09\/coll-territoires-de-diplomatie-le-monde-anglo-americain-et-ses-relations-exterieures\/<\/a><\/p>\n<blockquote class=\"wp-embedded-content\" data-secret=\"TTuGgmMmrb\"><p><a href=\"https:\/\/blogs.univ-tlse2.fr\/miroir\/2022\/05\/09\/coll-territoires-de-diplomatie-le-monde-anglo-americain-et-ses-relations-exterieures\">COLL \/ Territoires de diplomatie : Le monde anglo-am\u00e9ricain et ses relations ext\u00e9rieures<\/a><\/p><\/blockquote>\n<p><iframe loading=\"lazy\" class=\"wp-embedded-content\" sandbox=\"allow-scripts\" security=\"restricted\" style=\"position: absolute; clip: rect(1px, 1px, 1px, 1px);\" title=\"\u00ab\u00a0COLL \/ Territoires de diplomatie : Le monde anglo-am\u00e9ricain et ses relations ext\u00e9rieures\u00a0\u00bb &#8212; MIROIR\" src=\"https:\/\/blogs.univ-tlse2.fr\/miroir\/2022\/05\/09\/coll-territoires-de-diplomatie-le-monde-anglo-americain-et-ses-relations-exterieures\/embed#?secret=C7zinUmJH7#?secret=TTuGgmMmrb\" data-secret=\"TTuGgmMmrb\" width=\"600\" height=\"338\" frameborder=\"0\" marginwidth=\"0\" marginheight=\"0\" scrolling=\"no\"><\/iframe><\/p>\n<h3>PROGRAMME<\/h3>\n<p><a href=\"https:\/\/blogs.univ-tlse2.fr\/ambassadeurs\/files\/2021\/11\/Programme-Territories-of-Diplomacy-January-22.pdf\">Programme-Territories-of-Diplomacy-January-22<\/a><\/p>\n<p><!--more--><\/p>\n<p><strong>JEUDI \/ THURSDAY 20\/01 <\/strong><\/p>\n<p style=\"text-align: right\"><em>8h45 Admission to the virtual conference room \/ Acc\u00e8s \u00e0 la salle de conf\u00e9rence virtuelle\u00a0<\/em><\/p>\n<p><strong><em>9h Opening Speech \/ Discours d\u2019ouverture (Zoom Room 1)<\/em><\/strong><\/p>\n<p><strong><em>9h15-10h45 IMPROMPTU DIPLOMATIC TERRITORIES\u00a0 (Zoom Room 1)<\/em><\/strong><\/p>\n<p><em>Chair \/ Pr\u00e9sidence: Fr\u00e9d\u00e9ric Herrmann (Universit\u00e9 Lyon 2 Lumi\u00e8re)<\/em><\/p>\n<p>CANO ECHEVARRIA Berta (Universidad de Valladolid), Diplomacy on the Move: Spanish Embassies Arriving on English Lands\u00a0 (1603-1604)<\/p>\n<p>CARRERA DE LA RED Anunciaci\u00f3n (Universidad de Valladolid), Local territories and Impromptu Diplomacy: The Itinerary of the Prince of Wales\u2019 Departure from Madrid in 1623<\/p>\n<p>HUTCHINGS Mark (Universidad de Valladolid \/ University of Reading), Diplomacy at its Fine[s]t? Charles I\u2019s Master of Ceremonies<\/p>\n<p>GUTIERREZ REDONDO Mar\u00eda Concepci\u00f3n (Universidad Nacional de Educaci\u00f3n a Distancia, Madrid), The English reading of \u201cThe Perfect Ambassador\u201d or why Le Parfait\u00a0 Ambassadeur (1635) was not published in English<\/p>\n<p style=\"text-align: right\"><em>10h45-11h00 Pause \/ Break<\/em><\/p>\n<p><strong><em>11h00-12h15 DIPLOMATIC REPRESENTATIONS IN \/ OF MIDDLE-EASTERN AND NORTHERN-AFRICAN TERRITORIES (Zoom Room 1)<\/em><\/strong><\/p>\n<p><em>Chair \/ Pr\u00e9sidence: Myriam Yakoubi (Universit\u00e9 Toulouse Jean Jaur\u00e8s)<\/em><\/p>\n<p>GOOD Peter (University of Kent), Territories of Diplomacy: Armenian Families and Banian Houses: The East India Company\u2019s Intermediaries between the Persian Gulf and the Red Sea.<\/p>\n<p>CUTTER Nat (University of Melbourne), From Hyde Park to the Playhouses: Maghrebi Ambassadors, Performance, and Public Display in England, 1681-1734<\/p>\n<p>HUSSAIN Aisha (University of Salford), Invasion and Protection: Gendered Responses towards Anglo-Ottoman Territory and Commerce in Roger Boyle\u2019s <em>Mustapha<\/em> (1665)<\/p>\n<p style=\"text-align: right\"><em>12h15-13h25 D\u00e9jeuner \/ Lunch break<\/em><\/p>\n<p><span style=\"color: #800000\"><em>\u00a0<\/em><strong><em>13h30-14h30 HAKLUYT SOCIETY ROUND TABLE\/ \u00a0TABLE RONDE (Zoom Room 1)<\/em><\/strong><\/span><\/p>\n<p><span style=\"color: #800000\"><em>\u00a0<\/em><em>Chair\/ Pr\u00e9sidence: Florence March (IRCL-Universit\u00e9 Paul Val\u00e9ry Montpellier 3)<\/em><\/span><\/p>\n<p><span style=\"color: #800000\"><strong>\u00a0<\/strong><strong>Gloria CLIFTON (President of The Hakluyt Society), Ladan NIAYESH (Universit\u00e9 de Paris),\u00a0 Kurosh MESHKAT (British Library, Qatar Foundation Partnership), Archisman Chaudhuri (Independent Researcher- McGill University) &amp; Guido VAN MEERSBERGEN\u00a0 (Warwick University),<\/strong> Edition as Reterritorialization: Confronting the Examples of the William Norris and Anthony Sherley Embassies to and from Mughal India and Safavid Persia.<\/span><\/p>\n<p><strong><em>\u00a0<\/em><\/strong><strong><em>14h35-16h15 DIPLOMACY, OTHERNESS AND SPATIALITY (Zoom Room 1)<\/em><\/strong><\/p>\n<p><em>Chair \/ Pr\u00e9sidence: Simon Deschamps (Universit\u00e9 Toulouse Jean Jaur\u00e8s)<\/em><\/p>\n<p>ARHA Singh Abhimanyu (University of Rajasthan), Ecology and Territory in Diplomatic Ego-documents: A case-study of Ajmer in \u2018The Embassy of Sir Thomas Roe\u2019<\/p>\n<p>GHOSH Shounak (Vanderbilt University, Nashville), Empire, Spatiality, and Law: Anglo-Mughal Diplomatic Encounters in Seventeenth-Century South Asia<\/p>\n<p>DISKIN Harrison (University of Southern California), The Great Edge-Land: Buildings, Boundaries, and the Indigenous \u201cOther\u201d<\/p>\n<p>BALAS Alexandru (SUNY-Cortland), England\u2019s \u2018Soft Power\u2019 Influence on the Outskirts of Europe (1691-1702)<\/p>\n<p style=\"text-align: right\"><em>16h15-16h30 Pause \/ Break<\/em><\/p>\n<p><strong>16h30-19h30 <\/strong>Assembl\u00e9e G\u00e9n\u00e9rale de la SEAA 1718 <em>(membres uniquement \/ members only) <strong>[SEAA Zoom link]<\/strong><\/em><\/p>\n<p><em>\u00a0<\/em><strong>VENDREDI \/ FRIDAY 21\/01 <\/strong><\/p>\n<p><strong><em>9h15-10h45<\/em><\/strong> <strong><em>WAR, PEACE, &amp;INTELLIGENCE : TERRITORIES OF NEGOTIATIONS (Zoom Room 1)<\/em><\/strong><\/p>\n<p><em>Chair \/ Pr\u00e9sidence: Pierre Lurbe (Sorbonne Universit\u00e9)<\/em><\/p>\n<p>BOROT Luc, (IRCL-Universit\u00e9 Paul Val\u00e9ry) Utopian Diplomacies and Intelligence<\/p>\n<p>POUMAREDE G\u00e9raud (Universit\u00e9 de Bordeaux Montaigne), Construire le territoire de la n\u00e9gociation : m\u00e9diation et paix \u00e0 Passarowitz (1718)<\/p>\n<p>THIAM-PEREIRA Seynabou (Universit\u00e9 Paris 8 Vincennes Saint Denis), Une diplomatie militaire : la rencontre entre le g\u00e9n\u00e9ral Washington et le commandant Sir Guy Carleton, et la question des esclaves dans le Trait\u00e9 de Paris de 1783<\/p>\n<p><strong><em>9h00-10h45 TRANSNATIONAL THEATRE(S) AS DIPLOMATIC TERRITORIES Part 1 (Zoom Room 2)<\/em><\/strong><\/p>\n<p><em>Chair \/ Pr\u00e9sidence : Jeanne Mathieu (Universit\u00e9 Toulouse Jean Jaur\u00e8s)<\/em><\/p>\n<p>DRABEK Pavel (University of Hull), Itinerant actresses and female playwrights of the English Restoration<\/p>\n<p>KATRITZKY M.A. (Open University), English travelling actors in Germany<\/p>\n<p>PECK Clemens (University of Salzburg), Negotiating National Theatre. Shakespeare and Diplomacy in Early Modern Germany (Caspar Wilhelm von Borcke and Johann Elias Schlegel)<\/p>\n<p>CERVANTES Xavier (Universit\u00e9 Toulouse Jean Jaur\u00e8s), \u00ab Contending for the Mastery with the Italians themselves \u00bb : L\u2019Op\u00e9ra italien \u00e0 Londres dans la premi\u00e8re moiti\u00e9 du XVIII\u00e8me si\u00e8cle comme territoire de diplomatie culturelle<\/p>\n<p style=\"text-align: right\"><em>10h45-11h00<\/em> <em>Pause \/ Break<\/em><\/p>\n<p><strong><em>11h00-12h15 <\/em><\/strong><strong><em>SOUVERAINETE, CONSTRUCTION DU TERRITOIRE, DIPLOMATIE\u00a0 (Zoom room 1)<\/em><\/strong><\/p>\n<p><em>Chair \/ Pr\u00e9sidence: Lucien B\u00e9ly (Sorbonne Universit\u00e9)<\/em><\/p>\n<p>HERRMANN Fr\u00e9d\u00e9ric (Universit\u00e9 Lumi\u00e8re Lyon 2), Un territoire inviolable ? : diplomatie, invasion et reconstruction de la souverainet\u00e9 \u00e0 l\u2019heure de la\u00a0 r\u00e9volution de 1688 en Angleterre<\/p>\n<p>LEMEE Emmanuel (Sorbonne Universit\u00e9), La construction du continent: Les territoires europ\u00e9ens de la diplomatie anglaise (seconde moiti\u00e9 du XVII\u00b0 si\u00e8cle)<\/p>\n<p>DHONDT Frederik (Vrije Universiteit Brussel), Vattel et le territoire : de la \u00ab r\u00e9publique \u00bb diplomatique de l\u2019Europe \u00e0 la soci\u00e9t\u00e9 des juristes am\u00e9ricains<\/p>\n<p><strong><em>11h00-12h15 <\/em><\/strong><strong><em>THE DIPLOMACY OF POETIC AND NARRATIVE TERRITORIES (Zoom room 2)<\/em><\/strong><\/p>\n<p><em>Chair \/ Pr\u00e9sidence: Isabelle Keller-Privat (Universit\u00e9 Toulouse Jean Jaur\u00e8s)<\/em><\/p>\n<p>ALAZRAKI Mathilde (Universit\u00e9 de Paris), \u201cTo guard this Paradise from any second violation\u201d: Ysabinda and the Eastern Female Body as Contested Territory in Dryden\u2019s Amboyna (1673)<\/p>\n<p>IVONINA Liudmila (Smolensk State University), Early Enlightenment English poets about Russia and its Sovereign<\/p>\n<p>MISSET Juliette (Universit\u00e9 de Strasbourg), The English Didactic Novel and the World (1778-1814)<\/p>\n<p style=\"text-align: right\"><em>\u00a0<\/em><em>12h15-13h40 D\u00e9jeuner \/ Lunch <\/em><em>\/\/ <strong>R\u00e9union du Coll\u00e8ge des Doctorants SEAA (en ligne. SEAA Zoom link)<\/strong><\/em><\/p>\n<p><strong><em>\u00a0<\/em><\/strong><span style=\"color: #800000\"><strong><em>13h45-14h45 CONFERENCE PLENIERE \/ PLENARY LECTURE (Zoom Room 1)<\/em><\/strong><\/span><\/p>\n<p><span style=\"color: #800000\"><em>Chair\/ Pr\u00e9sidence: Lucien B\u00e9ly (Sorbonne Universit\u00e9)<\/em><\/span><\/p>\n<p><span style=\"color: #800000\"><strong>Gilles HAVARD (CNRS\/EHESS), <\/strong>Diplomatie, territoire et alt\u00e9rit\u00e9. La France \u00e0 l\u2019\u00e9preuve des mondes am\u00e9rindiens\u00a0(Am\u00e9rique du Nord, 1660-1760)<\/span><\/p>\n<p><strong><em>15h-16h45 THE DIPLOMACY OF THE AMERICAN TERRITORIES BEFORE AND AFTER 1783 (Zoom Room 1)<\/em><\/strong><\/p>\n<p><em>Chair \/ Pr\u00e9sidence: Bertrand Van Ruymbeke (Universit\u00e9 Paris 8 Vincennes Saint-Denis)<\/em><\/p>\n<p>SCHNAKENBOURG Eric (Universit\u00e9 de Nantes), Entrer en diplomatie malgr\u00e9 soi ? Les \u00c9tats-Unis, la France et le monde atlantique \u00e0 la fin du XVIIIe si\u00e8cle<\/p>\n<p>PEIRANO Pierre-Fran\u00e7ois (Universit\u00e9 de Toulon), La Question du \u00abTerritoire du Nord-Ouest\u00bb apr\u00e8s l\u2019ind\u00e9pendance des Etats-Unis : les enjeux de la diplomatie<\/p>\n<p>LEANDRI Audrey (Universit\u00e9 Paris 8 Vincennes Saint-Denis), La Diplomatie am\u00e9ricano-am\u00e9rindienne dans le sud des \u00c9tats-Unis pendant la r\u00e9volution : le cas des Cherokees en 1776<\/p>\n<p>De MONTIGNY Jacinthe (Universit\u00e9 du Qu\u00e9bec \u00e0 Trois-Rivi\u00e8res \/ Sorbonne Universit\u00e9), La Commission pour le r\u00e8glement des limites territoriales en Am\u00e9rique du Nord vue par la presse europ\u00e9enne (1750-1756)<\/p>\n<p style=\"text-align: right\"><em>16h45-17h Break \/ Pause<\/em><\/p>\n<p><strong><em>17h00-18h00\u00a0 ANGLO-FRENCH DIPLOMACY AND THE 1711-1713 CRISIS (Zoom Room 1)\u00a0<\/em><\/strong><\/p>\n<p><em>Chair \/ Pr\u00e9sidence: Alexandra Sippel (Universit\u00e9 Toulouse Jean Jaur\u00e8s)<\/em><\/p>\n<p>MONTER Alice (Universit\u00e9 de Paris \/ University of Liverpool), \u201cPlain Mat\/Has been doing at Paris, The Lord knows what\u201d: Matthew Prior et l\u2019exercice de diplomatie Harleyite (1711-1713)<\/p>\n<p>FILET J\u00e9r\u00e9my (Universit\u00e9 de Lorraine\/Manchester Metropolitan University) &amp; GRIFFIN Stephen (University of Limerick), Diplomatic letters and the decision-making process: the Forstner correspondence and Anglo-Lorrain relations, 1711-1713<\/p>\n<p style=\"text-align: right\"><strong><em>18h00 Cl\u00f4ture \/ Closing Speech.<\/em><\/strong><\/p>\n<p style=\"text-align: left\">\n","protected":false},"excerpt":{"rendered":"<p>TERRITORIES OF DIPLOMACY: THE ANGLO-AMERICAN WORLD AND INTERNATIONAL RELATIONS IN THE 17TH AND 18 TH CENTURIES\u00a0 TERRITOIRES DE DIPLOMATIE\u00a0: LE MONDE ANGLO-AMERICAIN ET SES RELATIONS EXTERIEURES AUX XVIIE ET XVIIIE SIECLES 48\u00e8me Colloque Annuel de la Soci\u00e9t\u00e9 d\u2019Etudes Anglo-Am\u00e9ricaines des XVII\u00e8 et XVIII\u00e8 si\u00e8cles\u00a0 48th SEAA 17-18 Annual Conference vid\u00e9os et programme de la conf\u00e9rence [&hellip;]<\/p>\n","protected":false},"author":111,"featured_media":0,"parent":644,"menu_order":0,"comment_status":"closed","ping_status":"closed","template":"","meta":{"footnotes":""},"class_list":["post-650","page","type-page","status-publish","hentry","post-preview"],"_links":{"self":[{"href":"https:\/\/blogs.univ-tlse2.fr\/ambassadeurs\/wp-json\/wp\/v2\/pages\/650","targetHints":{"allow":["GET"]}}],"collection":[{"href":"https:\/\/blogs.univ-tlse2.fr\/ambassadeurs\/wp-json\/wp\/v2\/pages"}],"about":[{"href":"https:\/\/blogs.univ-tlse2.fr\/ambassadeurs\/wp-json\/wp\/v2\/types\/page"}],"author":[{"embeddable":true,"href":"https:\/\/blogs.univ-tlse2.fr\/ambassadeurs\/wp-json\/wp\/v2\/users\/111"}],"replies":[{"embeddable":true,"href":"https:\/\/blogs.univ-tlse2.fr\/ambassadeurs\/wp-json\/wp\/v2\/comments?post=650"}],"version-history":[{"count":28,"href":"https:\/\/blogs.univ-tlse2.fr\/ambassadeurs\/wp-json\/wp\/v2\/pages\/650\/revisions"}],"predecessor-version":[{"id":729,"href":"https:\/\/blogs.univ-tlse2.fr\/ambassadeurs\/wp-json\/wp\/v2\/pages\/650\/revisions\/729"}],"up":[{"embeddable":true,"href":"https:\/\/blogs.univ-tlse2.fr\/ambassadeurs\/wp-json\/wp\/v2\/pages\/644"}],"wp:attachment":[{"href":"https:\/\/blogs.univ-tlse2.fr\/ambassadeurs\/wp-json\/wp\/v2\/media?parent=650"}],"curies":[{"name":"wp","href":"https:\/\/api.w.org\/{rel}","templated":true}]}}