 {"id":122,"date":"2017-03-22T14:17:27","date_gmt":"2017-03-22T13:17:27","guid":{"rendered":"https:\/\/blogs.univ-tlse2.fr\/anlea2017\/?page_id=122"},"modified":"2017-05-29T10:59:43","modified_gmt":"2017-05-29T08:59:43","slug":"mercredi-31-mai","status":"publish","type":"page","link":"https:\/\/blogs.univ-tlse2.fr\/anlea2017\/mercredi-31-mai\/","title":{"rendered":"Mercredi 31 mai"},"content":{"rendered":"<p><span style=\"color: #000000\"><strong>13:00 : Accueil des participants &#8211; salle F417<br \/>\n<\/strong><\/span><\/p>\n<p><span style=\"color: #800080\"><strong><br \/>\n13h30 :\u00a0Ouverture de la Journ\u00e9e &#8211;\u00a0Marie-Christine JAILLET (LISST, Vice-Pr\u00e9sidente de la Commission Recherche de l\u2019UT2J)<\/strong><\/span><\/p>\n<p><span style=\"color: #000000\"><strong><br \/>\n14:00-16:00 : Demi-journ\u00e9e de recherche 1\u00a0&#8211; salle F 417 &#8211; Mod\u00e9ratrice: Val\u00e9rie Peyronel, Universit\u00e9 Sorbonne Nouvelle &#8211; Paris 3,\u00a0<\/strong><\/span><span style=\"color: #000000\"><b>CERVEPAS<\/b><\/span><\/p>\n<p><span style=\"color: #000000\"><em style=\"color: #000000\">&#8211;<\/em>14:00 : <strong>Med KECHIDI<\/strong> <strong>(Professeur des Universit\u00e9s, LEREPS)<\/strong>, \u00ab\u00a0Culture d&rsquo;entreprise et culture nationale : l&rsquo;approche culturaliste en management\u00a0\u00bb<\/span><\/p>\n<p><span style=\"color: #000000\">-14:30 :\u00a0<strong>Jean-Marc DECAUDIN<\/strong> <strong>(Professeur des Universit\u00e9s, UT1 Capitole, CRM) \u00a0et Thao BUI-NGUYEN (MCF UT2J, CERTOP)<\/strong>, \u00ab\u00a0Influence de la culture dans l\u2019acception du shockvertising\u00a0\u00bb<\/span><\/p>\n<p><span style=\"color: #000000\">-15:00 : <strong>Batoul MAWLA<\/strong> <strong>(ATER, UT1 Capitole, CRM) et<\/strong> <strong>Jacques IGALENS<\/strong> <strong>(Professeur des Universit\u00e9s, UT1 Capitole, CRM)<\/strong>, \u00ab\u00a0Culture nationale, environnement institutionnel et divulgation soci\u00e9tale : une \u00e9tude comparative France- Canada\u00a0\u00bb<\/span><\/p>\n<p><span style=\"color: #000000\">-15:30 :\u00a0<strong>Dragana MEDIC<\/strong> <strong>(Doctorante Contractuelle, UT1 Capitole, Laboratoire TBS) et Jean-Marc DECAUDIN<\/strong> <strong>(Professeur des Universit\u00e9s, UT1 Capitole, CRM)<\/strong>,\u00a0\u00ab\u00a0La place de l\u2019humour dans la publicit\u00e9 internationale : L\u2019impact de la culture sur l\u2019efficacit\u00e9 des publicit\u00e9s humoristiques\u00a0\u00bb<\/span><\/p>\n<p><span style=\"color: #800080\"><em>16:00 : Pause caf\u00e9<\/em><\/span><\/p>\n<p><span style=\"color: #000000\"><strong>16:00-18:00 : Demi-journ\u00e9e de recherche 1\u00a0&#8211; salle F 417<br \/>\nMod\u00e9ratrice : Val\u00e9rie Peyronel (Universit\u00e9 Sorbonne Nouvelle &#8211; Paris 3,\u00a0<b>CERVEPAS)<\/b><\/strong><\/span><\/p>\n<p><span style=\"color: #000000\">-16:00 :\u00a0<strong>Linda HAMDI-KIDAR (Professeur en Marketing, Toulouse Business School, Laboratoire TBS)<\/strong>, \u00ab\u00a0Le r\u00f4le des lead-users dans le processus d\u2019innovation : une \u00e9tude comparative avec le Japon\u00a0\u00bb<\/span><\/p>\n<p><span style=\"color: #000000\">-16:30 : <strong>Lucile DREIDEMY<\/strong> <strong>(MCF UT2J, CREG)<\/strong>, \u00ab\u00a0(Mais pourquoi) les Allemand.e.s ne font-ils jamais gr\u00e8ve ? Retour sur l\u2019histoire et les sp\u00e9cificit\u00e9s du \u00ab mod\u00e8le \u00bb allemand de la cogestion\u00a0\u00bb<\/span><\/p>\n<p><span style=\"color: #000000\">-17:00 : <strong>Jonas DIDISSE<\/strong> <strong>(ATER, Universit\u00e9 de Rouen Normandie, CREAM), Thanh Tam NGUYEN-HUU<\/strong> <strong>(Enseignant contractuel, Universit\u00e9 de Rouen Normandie, CREAM) et Thi Anh-Dao TRAN (MCF HDR, Universit\u00e9 de Rouen Normandie, CREAM)<\/strong>, \u00ab\u00a0The long walk to knowledge: on the determinants of higher education mobility to Europe\u00a0\u00bb<\/span><\/p>\n<p><span style=\"color: #000000\">&#8211; 17:30 : Table ronde \u00ab\u00a0Does culture matter ?\u00a0\u00bb<\/span><br \/>\n<span style=\"color: #000000\"> Anim\u00e9e par <strong>Thao BUI-NGUYEN<\/strong> <strong>et<\/strong> <strong>Med KECHIDI\u00a0<\/strong><\/span><\/p>\n<p>&nbsp;<\/p>\n<p><span style=\"color: #000000\">\u00a0\u00a0<\/span><\/p>\n","protected":false},"excerpt":{"rendered":"<p>13:00 : Accueil des participants &#8211; salle F417 13h30 :\u00a0Ouverture de la Journ\u00e9e &#8211;\u00a0Marie-Christine JAILLET (LISST, Vice-Pr\u00e9sidente de la Commission Recherche de l\u2019UT2J) 14:00-16:00 : Demi-journ\u00e9e de recherche 1\u00a0&#8211; salle F 417 &#8211; Mod\u00e9ratrice: Val\u00e9rie Peyronel, Universit\u00e9 Sorbonne Nouvelle &#8211; Paris 3,\u00a0CERVEPAS &#8211;14:00 : Med KECHIDI (Professeur des Universit\u00e9s, LEREPS), \u00ab\u00a0Culture d&rsquo;entreprise et culture nationale\u2026<\/p>\n","protected":false},"author":368,"featured_media":0,"parent":0,"menu_order":0,"comment_status":"closed","ping_status":"closed","template":"","meta":{"footnotes":""},"class_list":["post-122","page","type-page","status-publish","hentry"],"_links":{"self":[{"href":"https:\/\/blogs.univ-tlse2.fr\/anlea2017\/wp-json\/wp\/v2\/pages\/122","targetHints":{"allow":["GET"]}}],"collection":[{"href":"https:\/\/blogs.univ-tlse2.fr\/anlea2017\/wp-json\/wp\/v2\/pages"}],"about":[{"href":"https:\/\/blogs.univ-tlse2.fr\/anlea2017\/wp-json\/wp\/v2\/types\/page"}],"author":[{"embeddable":true,"href":"https:\/\/blogs.univ-tlse2.fr\/anlea2017\/wp-json\/wp\/v2\/users\/368"}],"replies":[{"embeddable":true,"href":"https:\/\/blogs.univ-tlse2.fr\/anlea2017\/wp-json\/wp\/v2\/comments?post=122"}],"version-history":[{"count":24,"href":"https:\/\/blogs.univ-tlse2.fr\/anlea2017\/wp-json\/wp\/v2\/pages\/122\/revisions"}],"predecessor-version":[{"id":260,"href":"https:\/\/blogs.univ-tlse2.fr\/anlea2017\/wp-json\/wp\/v2\/pages\/122\/revisions\/260"}],"wp:attachment":[{"href":"https:\/\/blogs.univ-tlse2.fr\/anlea2017\/wp-json\/wp\/v2\/media?parent=122"}],"curies":[{"name":"wp","href":"https:\/\/api.w.org\/{rel}","templated":true}]}}