 {"id":124,"date":"2017-03-22T14:17:42","date_gmt":"2017-03-22T13:17:42","guid":{"rendered":"https:\/\/blogs.univ-tlse2.fr\/anlea2017\/?page_id=124"},"modified":"2017-05-29T10:41:43","modified_gmt":"2017-05-29T08:41:43","slug":"jeudi-01-juin","status":"publish","type":"page","link":"https:\/\/blogs.univ-tlse2.fr\/anlea2017\/jeudi-01-juin\/","title":{"rendered":"Jeudi 01 juin"},"content":{"rendered":"<p><span style=\"text-decoration: underline;color: #000000\">Matin<\/span><\/p>\n<p><span style=\"color: #800080\"><em>8:30 : Petit-d\u00e9jeuner &#8211; salle LA 204<\/em><\/span><\/p>\n<p><span style=\"color: #000000\"><strong><br \/>\n<span style=\"color: #000000\">09:00-11:00 : La formation LEA &#8211; Amphi 12 <\/span><br \/>\n<span style=\"color: #000000\"> Mod\u00e9ratrice : L\u00e9na LOZA (DEMA, CAS)<\/span><\/strong><\/span><\/p>\n<p><span style=\"color: #000000\">-9:00 : <strong>Christian LABORDE (LEA, CERTOP) et Elodie QUILLIER VALBUENA (DEHHA)<\/strong>,\u00a0Pr\u00e9sentation de la formation LEA \u00e0 l&rsquo;UT2J<\/span><\/p>\n<p><span style=\"color: #000000\">-9:30 : <strong>Carole FILLIERE (C\u00e9TIM, LLA-CREATIS)\u00a0et Am\u00e9lie JOSSELIN (DEMA, CLLE, ERSS)<\/strong>, \u00ab\u00a0Enjeux et d\u00e9fis de la formation professionnelle de traducteurs et interpr\u00e8tes en LEA : le CeTIM\u00a0\u00bb<\/span><\/p>\n<p><span style=\"color: #000000\">-10:00 :\u00a0<strong>Elise LEROY (C\u00e9TIM, CLLE-ERSS)<\/strong>, \u00ab\u00a0La LSF au sein du parcours LEA, une innovation p\u00e9dagogique.\u00a0\u00bb<\/span><\/p>\n<p><span style=\"color: #000000\">-10:30 :<strong>\u00a0St\u00e9phane HENNINGER (LEA)<\/strong>, \u00ab\u00a0Intelligence culturelle : quelles perspectives d\u2019application dans le cadre d\u2019une formation en Langues Etrang\u00e8res Appliqu\u00e9es ?\u00a0\u00bb<\/span><\/p>\n<p><em style=\"color: #800080\">11:00 : Pause caf\u00e9 &#8211; salle LA204<\/em><\/p>\n<p><span style=\"color: #000000\"><strong>11:00-11:30 : La formation LEA \u00e0 l&rsquo;international &#8211; Amphi 12<br \/>\nMod\u00e9rateur : Vincent LATOUR (DEMA)<\/strong><\/span><\/p>\n<p><span style=\"color: #000000\">-11:15 : <strong>Gabriela PFEIFLE (LEA)<\/strong>, \u00ab\u00a0La cr\u00e9ation du parcours Communication Internationale en Langues Etrang\u00e8res Appliqu\u00e9es \u00e0 l&rsquo;UT2J : un exemple d&rsquo;une d\u00e9marche de &lsquo;marketing global&rsquo; en ing\u00e9nierie des formations\u00a0\u00bb\u00a0<\/span><\/p>\n<p><span style=\"color: #000000\">-11:45 : <strong>H\u00e9l\u00e8ne CHARLERY (DEMA, CAS)<\/strong>, \u00ab\u00a0Le programme AEL (Applied European Languages) et les enjeux de la co-dipl\u00f4mation pour la formation LEA\u00a0\u00bb<\/span><\/p>\n<p><span style=\"color: #000000\">-12:15 : <strong>Vanessa TEILHET (DLE, LLA-CREATIS)<\/strong>, \u00ab\u00a0\u00c9change universitaire avec la Chine en LEA : retour d&rsquo;exp\u00e9rience\u00a0\u00bb<\/span><\/p>\n<p>&nbsp;<\/p>\n<p><span style=\"color: #800080\"><em>12:45 : D\u00e9jeuner &#8211; salle LA 204\u00a0<\/em><\/span><\/p>\n<p>&nbsp;<\/p>\n<p><span style=\"text-decoration: underline;color: #000000\">Apr\u00e8s-midi<\/span><\/p>\n<p><span style=\"color: #000000\">&#8211; 14:00-16:00 : Maquette et Accr\u00e9ditation &#8211; Amphi 12 &#8211; Table ronde<\/span><\/p>\n<p><span style=\"color: #000000\">&#8211; 14:00 : \u00ab\u00a0Enjeux du recrutement en Master LEA\u00a0\u00bb<\/span><\/p>\n<p><span style=\"color: #000000\">&#8211; 15:00 : Accr\u00e9ditation &#8211; Point sur les vagues<\/span><\/p>\n<p><em style=\"color: #800080\"><br \/>\n16:00 : Pause caf\u00e9 &#8211; salle LA204<\/em><\/p>\n<p>&nbsp;<\/p>\n<p><span style=\"color: #000000\"><strong>16:30-18:30 : LEA Professionnalisation\u00a0&#8211; Amphi 12<\/strong><\/span><\/p>\n<p><span style=\"color: #000000\">-16:30 :<strong> Philippe DIOT (LEA)<\/strong>,\u00a0\u00ab\u00a0Autour du partenariat avec Airbus dans le contenu de formation\u00a0\u00bb<\/span><\/p>\n<p><span style=\"color: #000000\">-16:45 : <strong>Patrice VIGNIERES<\/strong> <strong>(LEA)<\/strong>,\u00a0\u00ab\u00a0Les conf\u00e9rences professionnelles : vers un partage d&rsquo;exp\u00e9rience\u00a0\u00bb<\/span><\/p>\n<p><span style=\"color: #000000\">-17:00 : <strong>Laurence SERIE \u00a0(LEA)<\/strong>,<strong>\u00a0<\/strong>\u00a0\u00ab\u00a0Les missions tutor\u00e9es en Master 2 Pro pour la formation LEA\u00a0\u00bb<\/span><\/p>\n<p><span style=\"color: #000000\">-17:15 : <strong>Miquel LOZANO (Tesalys)<\/strong>,\u00a0\u00ab\u00a0Les missions tutor\u00e9es du M2 Pro LEA : point de vue d&rsquo;une entreprise partenaire\u00a0\u00bb<\/span><\/p>\n<p><span style=\"color: #000000\">-17:30 :<strong> Danielle DEYMIER (Responsable des relations Universit\u00e9 \/ Milieux socio-\u00e9conomiques)<\/strong><\/span><\/p>\n<p><span style=\"color: #000000\">-17:45 : Discussion<\/span><\/p>\n<p>&nbsp;<\/p>\n<p><span style=\"color: #800080\"><strong>19:30 : Banquet de gala &#8211; Le Mao\u00ef<\/strong><br \/>\n<\/span><\/p>\n","protected":false},"excerpt":{"rendered":"<p>Matin 8:30 : Petit-d\u00e9jeuner &#8211; salle LA 204 09:00-11:00 : La formation LEA &#8211; Amphi 12 Mod\u00e9ratrice : L\u00e9na LOZA (DEMA, CAS) -9:00 : Christian LABORDE (LEA, CERTOP) et Elodie QUILLIER VALBUENA (DEHHA),\u00a0Pr\u00e9sentation de la formation LEA \u00e0 l&rsquo;UT2J -9:30 : Carole FILLIERE (C\u00e9TIM, LLA-CREATIS)\u00a0et Am\u00e9lie JOSSELIN (DEMA, CLLE, ERSS), \u00ab\u00a0Enjeux et d\u00e9fis de la\u2026<\/p>\n","protected":false},"author":368,"featured_media":0,"parent":0,"menu_order":0,"comment_status":"closed","ping_status":"closed","template":"","meta":{"footnotes":""},"class_list":["post-124","page","type-page","status-publish","hentry"],"_links":{"self":[{"href":"https:\/\/blogs.univ-tlse2.fr\/anlea2017\/wp-json\/wp\/v2\/pages\/124","targetHints":{"allow":["GET"]}}],"collection":[{"href":"https:\/\/blogs.univ-tlse2.fr\/anlea2017\/wp-json\/wp\/v2\/pages"}],"about":[{"href":"https:\/\/blogs.univ-tlse2.fr\/anlea2017\/wp-json\/wp\/v2\/types\/page"}],"author":[{"embeddable":true,"href":"https:\/\/blogs.univ-tlse2.fr\/anlea2017\/wp-json\/wp\/v2\/users\/368"}],"replies":[{"embeddable":true,"href":"https:\/\/blogs.univ-tlse2.fr\/anlea2017\/wp-json\/wp\/v2\/comments?post=124"}],"version-history":[{"count":37,"href":"https:\/\/blogs.univ-tlse2.fr\/anlea2017\/wp-json\/wp\/v2\/pages\/124\/revisions"}],"predecessor-version":[{"id":249,"href":"https:\/\/blogs.univ-tlse2.fr\/anlea2017\/wp-json\/wp\/v2\/pages\/124\/revisions\/249"}],"wp:attachment":[{"href":"https:\/\/blogs.univ-tlse2.fr\/anlea2017\/wp-json\/wp\/v2\/media?parent=124"}],"curies":[{"name":"wp","href":"https:\/\/api.w.org\/{rel}","templated":true}]}}