 {"id":18,"date":"2017-03-20T20:29:44","date_gmt":"2017-03-20T19:29:44","guid":{"rendered":"https:\/\/blogs.univ-tlse2.fr\/anlea2017\/?page_id=18"},"modified":"2017-04-05T11:26:42","modified_gmt":"2017-04-05T09:26:42","slug":"accueil","status":"publish","type":"page","link":"https:\/\/blogs.univ-tlse2.fr\/anlea2017\/accueil\/","title":{"rendered":"Accueil"},"content":{"rendered":"<p style=\"text-align: left\"><span style=\"color: #000000\"><img loading=\"lazy\" decoding=\"async\" class=\"alignleft wp-image-208\" src=\"https:\/\/blogs.univ-tlse2.fr\/anlea2017\/files\/2017\/03\/affiche-1-petite-taille-211x300.png\" alt=\"\" width=\"276\" height=\"393\" srcset=\"https:\/\/blogs.univ-tlse2.fr\/anlea2017\/files\/2017\/03\/affiche-1-petite-taille-211x300.png 211w, https:\/\/blogs.univ-tlse2.fr\/anlea2017\/files\/2017\/03\/affiche-1-petite-taille.png 584w\" sizes=\"auto, (max-width: 276px) 100vw, 276px\" \/>Chers coll\u00e8gues,<\/span><\/p>\n<p style=\"text-align: left\"><span style=\"color: #000000\">Nous sommes heureux de pouvoir vous accueillir \u00e0 l&rsquo;Universit\u00e9 Toulouse-Jean Jaur\u00e8s, du mercredi 31 mai au vendredi 02 juin 2017, pour le Congr\u00e8s de l\u2019ANLEA intitul\u00e9 \u00ab Ouvertures et Passerelles \u00bb.<\/span><\/p>\n<p style=\"text-align: left\"><span style=\"color: #000000\">Afin de vous accompagner dans la pr\u00e9paration de votre s\u00e9jour, nous mettons \u00e0 votre disposition ce site internet o\u00f9 vous pourrez trouver des indications concernant l&rsquo;organisation du congr\u00e8s ainsi que des informations touristiques relatives \u00e0 la ville de Toulouse.<\/span><\/p>\n<p><span style=\"color: #000000\">Nous sommes impatients de vous retrouver!<\/span><\/p>\n<p><span style=\"color: #000000\">Le comit\u00e9 d\u2019organisation<\/span><\/p>\n","protected":false},"excerpt":{"rendered":"<p>Chers coll\u00e8gues, Nous sommes heureux de pouvoir vous accueillir \u00e0 l&rsquo;Universit\u00e9 Toulouse-Jean Jaur\u00e8s, du mercredi 31 mai au vendredi 02 juin 2017, pour le Congr\u00e8s de l\u2019ANLEA intitul\u00e9 \u00ab Ouvertures et Passerelles \u00bb. Afin de vous accompagner dans la pr\u00e9paration de votre s\u00e9jour, nous mettons \u00e0 votre disposition ce site internet o\u00f9 vous pourrez trouver\u2026<\/p>\n","protected":false},"author":368,"featured_media":0,"parent":0,"menu_order":0,"comment_status":"closed","ping_status":"closed","template":"","meta":{"footnotes":""},"class_list":["post-18","page","type-page","status-publish","hentry"],"_links":{"self":[{"href":"https:\/\/blogs.univ-tlse2.fr\/anlea2017\/wp-json\/wp\/v2\/pages\/18","targetHints":{"allow":["GET"]}}],"collection":[{"href":"https:\/\/blogs.univ-tlse2.fr\/anlea2017\/wp-json\/wp\/v2\/pages"}],"about":[{"href":"https:\/\/blogs.univ-tlse2.fr\/anlea2017\/wp-json\/wp\/v2\/types\/page"}],"author":[{"embeddable":true,"href":"https:\/\/blogs.univ-tlse2.fr\/anlea2017\/wp-json\/wp\/v2\/users\/368"}],"replies":[{"embeddable":true,"href":"https:\/\/blogs.univ-tlse2.fr\/anlea2017\/wp-json\/wp\/v2\/comments?post=18"}],"version-history":[{"count":12,"href":"https:\/\/blogs.univ-tlse2.fr\/anlea2017\/wp-json\/wp\/v2\/pages\/18\/revisions"}],"predecessor-version":[{"id":211,"href":"https:\/\/blogs.univ-tlse2.fr\/anlea2017\/wp-json\/wp\/v2\/pages\/18\/revisions\/211"}],"wp:attachment":[{"href":"https:\/\/blogs.univ-tlse2.fr\/anlea2017\/wp-json\/wp\/v2\/media?parent=18"}],"curies":[{"name":"wp","href":"https:\/\/api.w.org\/{rel}","templated":true}]}}