 {"id":2,"date":"2016-12-05T16:44:43","date_gmt":"2016-12-05T15:44:43","guid":{"rendered":"https:\/\/blogs.univ-tlse2.fr\/anlea2017\/?page_id=2"},"modified":"2017-04-05T09:54:03","modified_gmt":"2017-04-05T07:54:03","slug":"page-d-exemple","status":"publish","type":"page","link":"https:\/\/blogs.univ-tlse2.fr\/anlea2017\/page-d-exemple\/","title":{"rendered":"Informations pratiques"},"content":{"rendered":"<p><span style=\"color: #000000\">En cliquant sur le lien ci-dessous vous acc\u00e9derez \u00e0 un guide qui vous indiquera comment venir \u00e0 Toulouse, o\u00f9 loger et comment se d\u00e9placer dans la ville.<\/span><\/p>\n<p><span style=\"color: #0000ff\"><a style=\"color: #0000ff\" href=\"https:\/\/blogs.univ-tlse2.fr\/anlea2017\/files\/2017\/03\/ACCES-TOULOUSE.pdf\">Comment venir \u00e0 Toulouse? O\u00f9 loger? Comment se d\u00e9placer?<\/a><\/span><\/p>\n","protected":false},"excerpt":{"rendered":"<p>En cliquant sur le lien ci-dessous vous acc\u00e9derez \u00e0 un guide qui vous indiquera comment venir \u00e0 Toulouse, o\u00f9 loger et comment se d\u00e9placer dans la ville. Comment venir \u00e0 Toulouse? O\u00f9 loger? Comment se d\u00e9placer?<\/p>\n","protected":false},"author":368,"featured_media":0,"parent":0,"menu_order":0,"comment_status":"closed","ping_status":"closed","template":"","meta":{"footnotes":""},"class_list":["post-2","page","type-page","status-publish","hentry"],"_links":{"self":[{"href":"https:\/\/blogs.univ-tlse2.fr\/anlea2017\/wp-json\/wp\/v2\/pages\/2","targetHints":{"allow":["GET"]}}],"collection":[{"href":"https:\/\/blogs.univ-tlse2.fr\/anlea2017\/wp-json\/wp\/v2\/pages"}],"about":[{"href":"https:\/\/blogs.univ-tlse2.fr\/anlea2017\/wp-json\/wp\/v2\/types\/page"}],"author":[{"embeddable":true,"href":"https:\/\/blogs.univ-tlse2.fr\/anlea2017\/wp-json\/wp\/v2\/users\/368"}],"replies":[{"embeddable":true,"href":"https:\/\/blogs.univ-tlse2.fr\/anlea2017\/wp-json\/wp\/v2\/comments?post=2"}],"version-history":[{"count":11,"href":"https:\/\/blogs.univ-tlse2.fr\/anlea2017\/wp-json\/wp\/v2\/pages\/2\/revisions"}],"predecessor-version":[{"id":193,"href":"https:\/\/blogs.univ-tlse2.fr\/anlea2017\/wp-json\/wp\/v2\/pages\/2\/revisions\/193"}],"wp:attachment":[{"href":"https:\/\/blogs.univ-tlse2.fr\/anlea2017\/wp-json\/wp\/v2\/media?parent=2"}],"curies":[{"name":"wp","href":"https:\/\/api.w.org\/{rel}","templated":true}]}}