 {"id":20,"date":"2017-03-20T20:27:12","date_gmt":"2017-03-20T19:27:12","guid":{"rendered":"https:\/\/blogs.univ-tlse2.fr\/anlea2017\/?page_id=20"},"modified":"2017-04-22T15:54:57","modified_gmt":"2017-04-22T13:54:57","slug":"comite-dorganisation","status":"publish","type":"page","link":"https:\/\/blogs.univ-tlse2.fr\/anlea2017\/comite-dorganisation\/","title":{"rendered":"Comit\u00e9 d&rsquo;organisation"},"content":{"rendered":"<p><span style=\"color: #000000\">Le comit\u00e9 d&rsquo;organisation est compos\u00e9 des membres suivants:<\/span><\/p>\n<p style=\"padding-left: 30px\"><span style=\"color: #000000\">-ARROYO Encarnacion (DEHHA)<\/span><br \/>\n<span style=\"color: #000000\"> -BUI NGUYEN Thao (LEA)<\/span><br \/>\n<span style=\"color: #000000\"> -CHARLERY H\u00e9l\u00e8ne (DEMA)<\/span><br \/>\n<span style=\"color: #000000\"> -HENNINGER St\u00e9phane (LEA)<\/span><br \/>\n<span style=\"color: #000000\"> -HERAN H\u00e9l\u00e8ne (LEA)<\/span><br \/>\n<span style=\"color: #000000\"> -KECHIDI Med (LEA)<\/span><br \/>\n<span style=\"color: #000000\"> -LABORDE Christian (LEA)<\/span><br \/>\n<span style=\"color: #000000\"> -LOZA L\u00e9na (DEMA)<\/span><br \/>\n<span style=\"color: #000000\"> -OROZCO Luis (LEA)<\/span><br \/>\n<span style=\"color: #000000\"> -PFEIFLE Gabriela (LEA)<\/span><br \/>\n<span style=\"color: #000000\"> -RIO Fatos (LEA)<\/span><br \/>\n<span style=\"color: #000000\"> -SERIE Laurence (LEA)<\/span><br \/>\n<span style=\"color: #000000\"> -SURBEZY Agn\u00e8s (DEHHA)<\/span><br \/>\n<span style=\"color: #000000\"> -VIGNERES Patrice (LEA)<\/span><\/p>\n<p style=\"padding-left: 30px\"><span style=\"color: #000000\">Un remerciement tout particulier est adress\u00e9 aux \u00e9tudiants du M2 LEA de la promotion 2017-2018:<\/span><\/p>\n<p style=\"padding-left: 30px\"><span style=\"color: #000000\"> -BUSEYNE Kassandra (LEA)<\/span><br \/>\n<span style=\"color: #000000\"> -CUSSOL Etienne (LEA)<\/span><br \/>\n<span style=\"color: #000000\"> -EXERCON Andolalaina (LEA)<\/span><br \/>\n<span style=\"color: #000000\"> -GONCALVES Kevin (LEA)<\/span><br \/>\n<span style=\"color: #000000\"> -NINAHUANCA Luz Marina (LEA)<\/span><br \/>\n<span style=\"color: #000000\"> -PERIE Wendy (LEA)<\/span><\/p>\n<p style=\"padding-left: 30px\"><span style=\"color: #000000\">Nous vous souhaitons d&rsquo;ores et d\u00e9j\u00e0 la bienvenue dans notre universit\u00e9!<\/span><\/p>\n","protected":false},"excerpt":{"rendered":"<p>Le comit\u00e9 d&rsquo;organisation est compos\u00e9 des membres suivants: -ARROYO Encarnacion (DEHHA) -BUI NGUYEN Thao (LEA) -CHARLERY H\u00e9l\u00e8ne (DEMA) -HENNINGER St\u00e9phane (LEA) -HERAN H\u00e9l\u00e8ne (LEA) -KECHIDI Med (LEA) -LABORDE Christian (LEA) -LOZA L\u00e9na (DEMA) -OROZCO Luis (LEA) -PFEIFLE Gabriela (LEA) -RIO Fatos (LEA) -SERIE Laurence (LEA) -SURBEZY Agn\u00e8s (DEHHA) -VIGNERES Patrice (LEA) Un remerciement tout particulier\u2026<\/p>\n","protected":false},"author":368,"featured_media":0,"parent":0,"menu_order":0,"comment_status":"closed","ping_status":"closed","template":"","meta":{"footnotes":""},"class_list":["post-20","page","type-page","status-publish","hentry"],"_links":{"self":[{"href":"https:\/\/blogs.univ-tlse2.fr\/anlea2017\/wp-json\/wp\/v2\/pages\/20","targetHints":{"allow":["GET"]}}],"collection":[{"href":"https:\/\/blogs.univ-tlse2.fr\/anlea2017\/wp-json\/wp\/v2\/pages"}],"about":[{"href":"https:\/\/blogs.univ-tlse2.fr\/anlea2017\/wp-json\/wp\/v2\/types\/page"}],"author":[{"embeddable":true,"href":"https:\/\/blogs.univ-tlse2.fr\/anlea2017\/wp-json\/wp\/v2\/users\/368"}],"replies":[{"embeddable":true,"href":"https:\/\/blogs.univ-tlse2.fr\/anlea2017\/wp-json\/wp\/v2\/comments?post=20"}],"version-history":[{"count":12,"href":"https:\/\/blogs.univ-tlse2.fr\/anlea2017\/wp-json\/wp\/v2\/pages\/20\/revisions"}],"predecessor-version":[{"id":229,"href":"https:\/\/blogs.univ-tlse2.fr\/anlea2017\/wp-json\/wp\/v2\/pages\/20\/revisions\/229"}],"wp:attachment":[{"href":"https:\/\/blogs.univ-tlse2.fr\/anlea2017\/wp-json\/wp\/v2\/media?parent=20"}],"curies":[{"name":"wp","href":"https:\/\/api.w.org\/{rel}","templated":true}]}}