 {"id":24,"date":"2017-03-21T00:24:08","date_gmt":"2017-03-20T23:24:08","guid":{"rendered":"https:\/\/blogs.univ-tlse2.fr\/anlea2017\/?page_id=24"},"modified":"2017-05-09T21:25:57","modified_gmt":"2017-05-09T19:25:57","slug":"programme","status":"publish","type":"page","link":"https:\/\/blogs.univ-tlse2.fr\/anlea2017\/programme\/","title":{"rendered":"Programme"},"content":{"rendered":"<p><span style=\"color: #000000\"><strong>Mercredi 31 mai<\/strong>\u00a0 \u00a0 \u00a0 \u00a0<\/span><\/p>\n<p><span style=\"text-decoration: underline;color: #000000\">Apr\u00e8s-midi<\/span><\/p>\n<p><span style=\"color: #000000\">13:00 : Accueil des participants &#8211; salle F417<\/span><\/p>\n<p><span style=\"color: #000000\">14:00-16:00 : Demi-journ\u00e9e de recherche &#8211; salle F 417<\/span><\/p>\n<p style=\"text-align: left\"><span style=\"color: #000000\"><em><span style=\"color: #800080\">16:00 : Pause caf\u00e9<\/span>\u00a0<\/em><\/span><\/p>\n<p><span style=\"color: #000000\">16:00-18:00 : Demi-journ\u00e9e de recherche &#8211; salle F 417<\/span><\/p>\n<p>&nbsp;<\/p>\n<p><strong><span style=\"color: #000000\">Jeudi 01 juin<\/span><\/strong><\/p>\n<p><span style=\"text-decoration: underline;color: #000000\">Matin<\/span><\/p>\n<p><span style=\"color: #800080\"><em>8:45 : Petit-d\u00e9jeuner &#8211; salle LA 204<\/em><\/span><\/p>\n<p><span style=\"color: #000000\">09:00-11:00 : La formation LEA &#8211; Amphi 12<\/span><\/p>\n<p><span style=\"color: #800080\"><em>11:00 : Pause caf\u00e9<\/em><\/span><\/p>\n<p><span style=\"color: #000000\">11:00-11:30 : La formation LEA \u00e0 l&rsquo;international &#8211; Amphi 12<\/span><\/p>\n<p>&nbsp;<\/p>\n<p><span style=\"color: #800080\"><em>12:30 : D\u00e9jeuner &#8211; salle LA 204\u00a0<\/em><\/span><\/p>\n<p>&nbsp;<\/p>\n<p><span style=\"text-decoration: underline;color: #000000\">Apr\u00e8s-midi<\/span><\/p>\n<p><span style=\"color: #000000\">14:00-16:00 : Maquette et Accr\u00e9ditation &#8211; Amphi 12<\/span><\/p>\n<p><span style=\"color: #800080\"><em>16:00 : Pause caf\u00e9 &#8211; salle LA204<\/em><\/span><\/p>\n<p><span style=\"color: #000000\">16:30-18:30 : LEA Professionnalisation\u00a0&#8211; Amphi 12<\/span><\/p>\n<p>&nbsp;<\/p>\n<p><span style=\"text-decoration: underline;color: #000000\">Soir\u00e9e<\/span><\/p>\n<p><span style=\"color: #800080\">19:00 : R\u00e9ception \u00e0 la mairie &#8211; Salle des Illustres<\/span><\/p>\n<p><span style=\"color: #800080\">20:00 : Banquet &#8211; Les Caves de la Mar\u00e9chale<br \/>\n<\/span><\/p>\n<p>&nbsp;<\/p>\n<p><strong><span style=\"color: #000000\">Vendredi 02 juin<\/span><\/strong><\/p>\n<p><span style=\"text-decoration: underline;color: #000000\">Matin<\/span><\/p>\n<p><span style=\"color: #800080\"><em>09:15 : Petit-d\u00e9jeuner &#8211; salle LA 204<\/em><\/span><\/p>\n<p><span style=\"color: #000000\">09:30 : Assembl\u00e9e g\u00e9n\u00e9rale &#8211; Amphi 12<\/span><\/p>\n<p>&nbsp;<\/p>\n<p><span style=\"color: #800080\"><em>12:00 : D\u00e9jeuner &#8211;\u00a0salle LA 204<\/em><\/span><\/p>\n<p>&nbsp;<\/p>\n<p><span style=\"text-decoration: underline;color: #000000\">Apr\u00e8s-midi<\/span><\/p>\n<p><span style=\"color: #000000\">14:00-16:00 : Atelier recherche\u00a0&#8211; Amphi 12<br \/>\n<\/span><\/p>\n<p><span style=\"color: #000000\">16:00 : Cl\u00f4ture du congr\u00e8s &#8211; salle LA204<\/span><\/p>\n","protected":false},"excerpt":{"rendered":"<p>Mercredi 31 mai\u00a0 \u00a0 \u00a0 \u00a0 Apr\u00e8s-midi 13:00 : Accueil des participants &#8211; salle F417 14:00-16:00 : Demi-journ\u00e9e de recherche &#8211; salle F 417 16:00 : Pause caf\u00e9\u00a0 16:00-18:00 : Demi-journ\u00e9e de recherche &#8211; salle F 417 &nbsp; Jeudi 01 juin Matin 8:45 : Petit-d\u00e9jeuner &#8211; salle LA 204 09:00-11:00 : La formation LEA &#8211;\u2026<\/p>\n","protected":false},"author":368,"featured_media":0,"parent":0,"menu_order":0,"comment_status":"closed","ping_status":"closed","template":"","meta":{"footnotes":""},"class_list":["post-24","page","type-page","status-publish","hentry"],"_links":{"self":[{"href":"https:\/\/blogs.univ-tlse2.fr\/anlea2017\/wp-json\/wp\/v2\/pages\/24","targetHints":{"allow":["GET"]}}],"collection":[{"href":"https:\/\/blogs.univ-tlse2.fr\/anlea2017\/wp-json\/wp\/v2\/pages"}],"about":[{"href":"https:\/\/blogs.univ-tlse2.fr\/anlea2017\/wp-json\/wp\/v2\/types\/page"}],"author":[{"embeddable":true,"href":"https:\/\/blogs.univ-tlse2.fr\/anlea2017\/wp-json\/wp\/v2\/users\/368"}],"replies":[{"embeddable":true,"href":"https:\/\/blogs.univ-tlse2.fr\/anlea2017\/wp-json\/wp\/v2\/comments?post=24"}],"version-history":[{"count":23,"href":"https:\/\/blogs.univ-tlse2.fr\/anlea2017\/wp-json\/wp\/v2\/pages\/24\/revisions"}],"predecessor-version":[{"id":204,"href":"https:\/\/blogs.univ-tlse2.fr\/anlea2017\/wp-json\/wp\/v2\/pages\/24\/revisions\/204"}],"wp:attachment":[{"href":"https:\/\/blogs.univ-tlse2.fr\/anlea2017\/wp-json\/wp\/v2\/media?parent=24"}],"curies":[{"name":"wp","href":"https:\/\/api.w.org\/{rel}","templated":true}]}}