 {"id":26,"date":"2017-03-21T00:26:52","date_gmt":"2017-03-20T23:26:52","guid":{"rendered":"https:\/\/blogs.univ-tlse2.fr\/anlea2017\/?page_id=26"},"modified":"2017-05-29T11:13:39","modified_gmt":"2017-05-29T09:13:39","slug":"partenaires","status":"publish","type":"page","link":"https:\/\/blogs.univ-tlse2.fr\/anlea2017\/partenaires\/","title":{"rendered":"Partenaires"},"content":{"rendered":"<p style=\"text-align: center\"><span style=\"color: #000000\">L&rsquo;organisation du Congr\u00e8s ANLEA 2017 a \u00e9t\u00e9 rendue possible gr\u00e2ce aux concours des partenaires suivants<br \/>\nque nous tenons \u00e0 remercier :<\/span><\/p>\n<p style=\"text-align: center\"><img loading=\"lazy\" decoding=\"async\" class=\"alignnone size-full wp-image-74\" src=\"https:\/\/blogs.univ-tlse2.fr\/anlea2017\/files\/2017\/03\/logoUT2J.png\" alt=\"\" width=\"250\" height=\"60\" \/><\/p>\n<p style=\"text-align: center\">\u00a0 \u00a0 \u00a0 \u00a0<img loading=\"lazy\" decoding=\"async\" class=\"size-full wp-image-73 alignnone\" src=\"https:\/\/blogs.univ-tlse2.fr\/anlea2017\/files\/2017\/03\/logo-De\u0301partement-LEA.jpg\" alt=\"\" width=\"149\" height=\"91\" \/><\/p>\n<p style=\"text-align: center\"><span style=\"color: #000000\">L&rsquo;UFR LLCE<br \/>\nLe D\u00e9partement d\u2019Etudes du Monde Anglophone\u00a0(DEMA)<br \/>\n<\/span><span style=\"color: #000000\">Le D\u00e9partement des Langues Etrang\u00e8res<br \/>\n<\/span><span style=\"color: #000000\">Les laboratoires de recherche ci-dessous:<br \/>\n<\/span><img loading=\"lazy\" decoding=\"async\" class=\"alignnone wp-image-69\" src=\"https:\/\/blogs.univ-tlse2.fr\/anlea2017\/files\/2017\/03\/logo-CAS.jpg\" alt=\"\" width=\"174\" height=\"125\" \/>\u00a0 \u00a0 \u00a0 \u00a0 \u00a0 \u00a0 \u00a0 \u00a0 \u00a0 \u00a0 \u00a0 \u00a0 \u00a0 \u00a0 \u00a0 \u00a0 \u00a0 \u00a0 \u00a0<img loading=\"lazy\" decoding=\"async\" class=\"alignnone size-full wp-image-71\" src=\"https:\/\/blogs.univ-tlse2.fr\/anlea2017\/files\/2017\/03\/logo-LLA-Cre\u0301atis.jpg\" alt=\"\" width=\"100\" height=\"105\" \/>\u00a0 \u00a0 \u00a0 \u00a0 \u00a0 \u00a0 \u00a0 \u00a0 \u00a0 \u00a0 \u00a0 \u00a0\u00a0<img loading=\"lazy\" decoding=\"async\" class=\"alignright wp-image-263 size-full\" src=\"https:\/\/blogs.univ-tlse2.fr\/anlea2017\/files\/2017\/05\/Logo_CERTOP_145\u00d777.jpg\" alt=\"\" width=\"145\" height=\"77\" \/><\/p>\n<p>\u00a0 \u00a0 \u00a0 \u00a0 \u00a0 \u00a0 \u00a0 \u00a0 \u00a0 \u00a0 \u00a0 \u00a0 \u00a0 \u00a0 \u00a0 \u00a0 \u00a0 \u00a0 \u00a0 \u00a0 \u00a0 \u00a0 \u00a0 \u00a0 \u00a0 \u00a0 \u00a0 \u00a0 \u00a0 \u00a0 \u00a0 \u00a0 \u00a0\u00a0<img loading=\"lazy\" decoding=\"async\" class=\"wp-image-72 alignnone\" src=\"https:\/\/blogs.univ-tlse2.fr\/anlea2017\/files\/2017\/03\/logo-LEREPS.png\" alt=\"\" width=\"94\" height=\"121\" \/>\u00a0 \u00a0 \u00a0 \u00a0 \u00a0 \u00a0 \u00a0 \u00a0 \u00a0 \u00a0 \u00a0 \u00a0 \u00a0 \u00a0 \u00a0 \u00a0 \u00a0 \u00a0 \u00a0 \u00a0 \u00a0 \u00a0<img loading=\"lazy\" decoding=\"async\" class=\"size-full wp-image-262 alignnone\" src=\"https:\/\/blogs.univ-tlse2.fr\/anlea2017\/files\/2017\/05\/Copie-de-logo-1.jpg\" alt=\"\" width=\"132\" height=\"120\" \/><\/p>\n","protected":false},"excerpt":{"rendered":"<p>L&rsquo;organisation du Congr\u00e8s ANLEA 2017 a \u00e9t\u00e9 rendue possible gr\u00e2ce aux concours des partenaires suivants que nous tenons \u00e0 remercier : \u00a0 \u00a0 \u00a0 \u00a0 L&rsquo;UFR LLCE Le D\u00e9partement d\u2019Etudes du Monde Anglophone\u00a0(DEMA) Le D\u00e9partement des Langues Etrang\u00e8res Les laboratoires de recherche ci-dessous: \u00a0 \u00a0 \u00a0 \u00a0 \u00a0 \u00a0 \u00a0 \u00a0 \u00a0 \u00a0 \u00a0 \u00a0\u2026<\/p>\n","protected":false},"author":368,"featured_media":0,"parent":0,"menu_order":0,"comment_status":"closed","ping_status":"closed","template":"","meta":{"footnotes":""},"class_list":["post-26","page","type-page","status-publish","hentry"],"_links":{"self":[{"href":"https:\/\/blogs.univ-tlse2.fr\/anlea2017\/wp-json\/wp\/v2\/pages\/26","targetHints":{"allow":["GET"]}}],"collection":[{"href":"https:\/\/blogs.univ-tlse2.fr\/anlea2017\/wp-json\/wp\/v2\/pages"}],"about":[{"href":"https:\/\/blogs.univ-tlse2.fr\/anlea2017\/wp-json\/wp\/v2\/types\/page"}],"author":[{"embeddable":true,"href":"https:\/\/blogs.univ-tlse2.fr\/anlea2017\/wp-json\/wp\/v2\/users\/368"}],"replies":[{"embeddable":true,"href":"https:\/\/blogs.univ-tlse2.fr\/anlea2017\/wp-json\/wp\/v2\/comments?post=26"}],"version-history":[{"count":26,"href":"https:\/\/blogs.univ-tlse2.fr\/anlea2017\/wp-json\/wp\/v2\/pages\/26\/revisions"}],"predecessor-version":[{"id":267,"href":"https:\/\/blogs.univ-tlse2.fr\/anlea2017\/wp-json\/wp\/v2\/pages\/26\/revisions\/267"}],"wp:attachment":[{"href":"https:\/\/blogs.univ-tlse2.fr\/anlea2017\/wp-json\/wp\/v2\/media?parent=26"}],"curies":[{"name":"wp","href":"https:\/\/api.w.org\/{rel}","templated":true}]}}