 {"id":52,"date":"2017-03-21T11:03:25","date_gmt":"2017-03-21T10:03:25","guid":{"rendered":"https:\/\/blogs.univ-tlse2.fr\/anlea2017\/?page_id=52"},"modified":"2017-03-22T18:40:22","modified_gmt":"2017-03-22T17:40:22","slug":"inscription","status":"publish","type":"page","link":"https:\/\/blogs.univ-tlse2.fr\/anlea2017\/inscription\/","title":{"rendered":"Inscription"},"content":{"rendered":"<p><span style=\"color: #000000\">Ch\u00e8res et chers coll\u00e8gues,<\/span><\/p>\n<p><span style=\"color: #000000\">Nous vous invitons \u00e0 cliquer sur le lien ci-dessous afin de proc\u00e9der \u00e0 votre inscription au Congr\u00e8s :\u00a0<\/span><\/p>\n<p><span style=\"color: #0000ff\"><a style=\"color: #0000ff\" href=\"https:\/\/goo.gl\/forms\/gbd0d8PH3INnVLfn1\">https:\/\/goo.gl\/forms\/gbd0d8PH3INnVLfn1<\/a><\/span><\/p>\n<p><span style=\"color: #000000\">A l&rsquo;issue de votre inscription, vous recevrez un email de confirmation.<\/span><\/p>\n<p>&nbsp;<\/p>\n","protected":false},"excerpt":{"rendered":"<p>Ch\u00e8res et chers coll\u00e8gues, Nous vous invitons \u00e0 cliquer sur le lien ci-dessous afin de proc\u00e9der \u00e0 votre inscription au Congr\u00e8s :\u00a0 https:\/\/goo.gl\/forms\/gbd0d8PH3INnVLfn1 A l&rsquo;issue de votre inscription, vous recevrez un email de confirmation. &nbsp;<\/p>\n","protected":false},"author":368,"featured_media":0,"parent":0,"menu_order":0,"comment_status":"closed","ping_status":"closed","template":"","meta":{"footnotes":""},"class_list":["post-52","page","type-page","status-publish","hentry"],"_links":{"self":[{"href":"https:\/\/blogs.univ-tlse2.fr\/anlea2017\/wp-json\/wp\/v2\/pages\/52","targetHints":{"allow":["GET"]}}],"collection":[{"href":"https:\/\/blogs.univ-tlse2.fr\/anlea2017\/wp-json\/wp\/v2\/pages"}],"about":[{"href":"https:\/\/blogs.univ-tlse2.fr\/anlea2017\/wp-json\/wp\/v2\/types\/page"}],"author":[{"embeddable":true,"href":"https:\/\/blogs.univ-tlse2.fr\/anlea2017\/wp-json\/wp\/v2\/users\/368"}],"replies":[{"embeddable":true,"href":"https:\/\/blogs.univ-tlse2.fr\/anlea2017\/wp-json\/wp\/v2\/comments?post=52"}],"version-history":[{"count":10,"href":"https:\/\/blogs.univ-tlse2.fr\/anlea2017\/wp-json\/wp\/v2\/pages\/52\/revisions"}],"predecessor-version":[{"id":169,"href":"https:\/\/blogs.univ-tlse2.fr\/anlea2017\/wp-json\/wp\/v2\/pages\/52\/revisions\/169"}],"wp:attachment":[{"href":"https:\/\/blogs.univ-tlse2.fr\/anlea2017\/wp-json\/wp\/v2\/media?parent=52"}],"curies":[{"name":"wp","href":"https:\/\/api.w.org\/{rel}","templated":true}]}}