 {"id":1327,"date":"2020-03-07T17:07:47","date_gmt":"2020-03-07T16:07:47","guid":{"rendered":"https:\/\/blogs.univ-tlse2.fr\/aparea\/?page_id=1327"},"modified":"2022-11-18T16:56:32","modified_gmt":"2022-11-18T15:56:32","slug":"statuts","status":"publish","type":"page","link":"https:\/\/blogs.univ-tlse2.fr\/aparea\/statuts\/","title":{"rendered":"Association APAREA &#8211; Les statuts &#8211;"},"content":{"rendered":"\n<h2 class=\"has-text-align-center wp-block-heading\"><strong>Titre 1 &#8211; L&rsquo;association<\/strong><\/h2>\n\n\n\n<p><strong>Article 1<sup>er <\/sup>&#8211; Forme<\/strong><\/p>\n\n\n\n<p>Il est fond\u00e9 entre les adh\u00e9rents aux pr\u00e9sents statuts une association r\u00e9gie par la loi du 1er<br>juillet 1901 et le d\u00e9cret du 16 ao\u00fbt 1901, ayant pour titre Association d\u2019Action de Promotion et<br>d\u2019Aide \u00e0 la Recherche En Arch\u00e9ologie abr\u00e9g\u00e9 en APAREA.<\/p>\n\n\n\n<p><strong>Article 2 &#8211; Objet<\/strong><\/p>\n\n\n\n<p>Cette association a pour but la promotion, l\u2019aide \u00e0 la recherche et \u00e0 l\u2019entraide en arch\u00e9ologie.<\/p>\n\n\n\n<p><strong>Article 3 \u2013 Si\u00e8ge social<\/strong><\/p>\n\n\n\n<p>Le si\u00e8ge social est fix\u00e9 \u00e0 la Maison des Initiatives \u00c9tudiantes (MIE) au 5 All\u00e9es Antonio<br>Machado 31058 Toulouse Cedex 9.<br>L\u2019association s\u2019engage \u00e0 respecter les lieux et le r\u00e8glement int\u00e9rieur (en annexe).<br>Il pourra \u00eatre transf\u00e9r\u00e9 par simple d\u00e9cision du Conseil d&rsquo;Administration ; la rectification par<br>l\u2019Assembl\u00e9e G\u00e9n\u00e9rale sera n\u00e9cessaire.<\/p>\n\n\n\n<p><strong>Article 4 &#8211; Dur\u00e9e<\/strong><\/p>\n\n\n\n<p>La dur\u00e9e de l\u2019association est illimit\u00e9e, sauf dissolution.<\/p>\n\n\n\n<p><strong>Article 5 &#8211; Composition<\/strong><\/p>\n\n\n\n<p>L\u2019association se compose de membres actifs et d\u2019adh\u00e9rent\u00b7e\u00b7s dont le nombre pourra fluctuer au fil du temps.<\/p>\n\n\n\n<p><strong>Article 6 &#8211; Admission<\/strong><\/p>\n\n\n\n<p>Toute personne majeure ou mineure (sur autorisation du\/de la responsable l\u00e9gal.e) peut faire<br>partie de l\u2019association<\/p>\n\n\n\n<p><strong>Article 7 \u2013 Refus d&rsquo;admission<\/strong><\/p>\n\n\n\n<p>Le Conseil d&rsquo;Administration se r\u00e9serve le droit de refuser des adh\u00e9sions, avec avis motiv\u00e9<br>aux int\u00e9ress\u00e9\u00b7e\u00b7s.<br>Tout refus peut \u00eatre contest\u00e9 lors d\u2019une Assembl\u00e9e G\u00e9n\u00e9rale. Le Conseil d&rsquo;Administration<br>devra alors argumenter sa d\u00e9cision. Les int\u00e9ress\u00e9\u00b7es ont un droit de parole et pourront d\u00e9fendre leur candidature devant l\u2019Assembl\u00e9e la plus prochaine.<br>L\u2019Assembl\u00e9e sera invit\u00e9e \u00e0 se prononcer \u00e0 la majorit\u00e9 absolue \u00e0 main lev\u00e9e pour valider ou<br>invalider la d\u00e9cision du Conseil d&rsquo;Administration.<\/p>\n\n\n\n<p><strong>Article 8\u2013 Les membres<\/strong><\/p>\n\n\n\n<p>Seront adh\u00e9rentes les personnes qui en auront fait la demande aupr\u00e8s du bureau, moyennant<br>une participation financi\u00e8re d\u2019un minimum de 1 euro chaque ann\u00e9e \u00e0 partir du mois de septembre.<\/p>\n\n\n\n<p><strong>Article 9 \u2013 Radiations<\/strong><\/p>\n\n\n\n<p>La qualit\u00e9 d\u2019adh\u00e9rent\u00b7e se perd par la d\u00e9mission, la radiation, le d\u00e9c\u00e8s ou la d\u00e9cision libre de<br>la part de l\u2019adh\u00e9rent\u00b7e \u00e0 ne pas renouveler sa participation par le non-acquittement des frais de<br>cotisation.<br>La radiation est prononc\u00e9e par l\u2019Assembl\u00e9e G\u00e9n\u00e9rale sur demande du Conseil d&rsquo;Administration ou d\u2019un\u00b7e adh\u00e9rent\u00b7e par motif argument\u00e9. L\u2019int\u00e9ress\u00e9\u00b7e \u00e0 un droit de parole pour se d\u00e9fendre devant l\u2019Assembl\u00e9e. L\u2019Assembl\u00e9e sera invit\u00e9e \u00e0 se prononcer \u00e0 la majorit\u00e9 absolue \u00e0 main lev\u00e9e pour valider ou invalider la d\u00e9cision du Conseil d\u2019Administration.<\/p>\n\n\n\n<p><strong>Article 10 \u2013 Ressources<\/strong><\/p>\n\n\n\n<p>Les ressources de l\u2019association comprennent la somme des cotisations, les subventions de l\u2019\u00c9tat, des r\u00e9gions, des d\u00e9partements et des communes, et toutes recettes autoris\u00e9es par la Loi.<\/p>\n\n\n\n<p><strong>Article 11 \u2013 \u00c9tablissement d\u2019un R\u00e8glement int\u00e9rieur<\/strong><\/p>\n\n\n\n<p>Un r\u00e8glement int\u00e9rieur peut \u00eatre \u00e9tabli par le Conseil d&rsquo;Administration qui le fait alors<br>approuver par l\u2019Assembl\u00e9e G\u00e9n\u00e9rale.<br>Ce r\u00e8glement \u00e9ventuel est destin\u00e9 \u00e0 fixer les divers points non pr\u00e9vus par les statuts,<br>notamment ceux qui ont trait \u00e0 l\u2019administration interne de l\u2019association.<\/p>\n\n\n\n<p><strong>Article 12 \u2013 Dissolution de l\u2019association<\/strong><\/p>\n\n\n\n<p>La dissolution de l\u2019association est prononc\u00e9e par au moins les deux tiers des membres<br>pr\u00e9sents \u00e0 l\u2019Assembl\u00e9e G\u00e9n\u00e9rale.<br>Un\u00b7e ou plusieurs liquidateur\u00b7trices sont nomm\u00e9\u00b7es par l\u2019Assembl\u00e9e.<br>L\u2019actif, s\u2019il y a lieu, est d\u00e9volu conform\u00e9ment \u00e0 l\u2019article 9 de la loi du 1 er juillet 1901 et au<br>d\u00e9cret du 16 ao\u00fbt 1901. Seuls les apports seront r\u00e9cup\u00e9rables.<\/p>\n\n\n\n<h2 class=\"has-text-align-center wp-block-heading\"><strong>Titre 2 &#8211; L&rsquo;Assembl\u00e9e G\u00e9n\u00e9rale<\/strong><\/h2>\n\n\n\n<p><strong>Article 13 \u2013 L\u2019Assembl\u00e9e G\u00e9n\u00e9rale<\/strong><\/p>\n\n\n\n<p>L\u2019Assembl\u00e9e G\u00e9n\u00e9rale comprend tout\u00b7es les membres de l\u2019association \u00e0 quelque titre qu\u2019ils<br>\/elles y soient affili\u00e9\u00b7es.<br>Elle est souveraine sur le fonctionnement et les orientations de l\u2019association dans les limites de la loi.<br>Elle \u00e9lit et rend responsable le Conseil d&rsquo;Administration.<br>Elle tranche les litiges par le d\u00e9bat suivi d\u2019un vote.<br>Elle peut valider ou contester les choix du Conseil d&rsquo;Administration.<\/p>\n\n\n\n<p><strong>Article 14 \u2013 Convocation de l\u2019Assembl\u00e9e G\u00e9n\u00e9rale<\/strong><\/p>\n\n\n\n<p>Deux semaines au moins avant la date fix\u00e9e, les membres de l\u2019association sont convoqu\u00e9s<br>par les soins du secr\u00e9tariat. L\u2019ordre du jour est indiqu\u00e9 sur les convocations qui sont accompagn\u00e9es<br>de la proposition d\u2019une situation morale et financi\u00e8re de l\u2019association et d\u2019un programme d\u2019actions<br>argument\u00e9 et justifi\u00e9.<\/p>\n\n\n\n<p><strong>Article 15 \u2013 Modalit\u00e9s de r\u00e9union de l\u2019Assembl\u00e9e G\u00e9n\u00e9rale<\/strong><\/p>\n\n\n\n<p>Le bureau pr\u00e9side l\u2019Assembl\u00e9e, il rend compte de sa gestion et soumet la situation morale et<br>financi\u00e8re \u00e0 l\u2019approbation de l\u2019Assembl\u00e9e.<br>Les groupes de projets pr\u00e9sentent un \u00e9tat des lieux ou un bilan de leurs activit\u00e9s.<br>Le Conseil d&rsquo;Administration soumet au vote de l\u2019Assembl\u00e9e le bilan de l\u2019exercice pr\u00e9c\u00e9dent.<br>Le conseil soumet au vote de l\u2019Assembl\u00e9e un programme d\u2019actions argument\u00e9es et justifi\u00e9es<br>sur la p\u00e9riode couverte jusqu\u2019\u00e0 la prochaine Assembl\u00e9e.<br>Apr\u00e8s \u00e9puisement de l\u2019ordre du jour, les adh\u00e9rent\u00b7es qui le souhaitent sont invit\u00e9\u00b7es \u00e0<br>prendre la parole. Ils\/elles peuvent aussi demander une mise au vote et d\u00e9terminer les modalit\u00e9s de vote (un scrutin \u00e0 main lev\u00e9e, bulletin secret\u2026).<br>Apr\u00e8s \u00e9puisement des tours de parole, les scrutins pr\u00e9vus sont mis au vote de l\u2019Assembl\u00e9e<br>G\u00e9n\u00e9rale.<br>Apr\u00e8s \u00e9puisement des scrutins, le bureau d\u00e9clare l\u2019Assembl\u00e9e G\u00e9n\u00e9rale close.<\/p>\n\n\n\n<p><strong>Article 16 \u2013 Proc\u00e8s verbal de l\u2019Assembl\u00e9e G\u00e9n\u00e9rale<\/strong><br><\/p>\n\n\n\n<p>Le secr\u00e9tariat dressera un compte rendu des discussions et des d\u00e9cisions prises. Il vaudra<br>proc\u00e8s verbal de l\u2019Assembl\u00e9e G\u00e9n\u00e9rale. Il sera sign\u00e9 par les membres du bureau.<br>Il sera mis \u00e0 disposition des adh\u00e9rent\u00b7es par courrier postal ou \u00e9lectronique et d\u00e9pos\u00e9 sur le<br>blog de l\u2019association.<\/p>\n\n\n\n<p><strong>Article 17 \u2013 L\u2019Assembl\u00e9e G\u00e9n\u00e9rale ordinaire<\/strong><br><\/p>\n\n\n\n<p>L\u2019Assembl\u00e9e G\u00e9n\u00e9rale Ordinaire est r\u00e9unie une fois par an, courant du mois d\u2019octobre.<br>Le proc\u00e8s verbal de cette Assembl\u00e9e G\u00e9n\u00e9rale sera transmis \u00e0 la pr\u00e9fecture dans un d\u00e9lai<br>d\u2019un mois apr\u00e8s l\u2019Assembl\u00e9e G\u00e9n\u00e9rale Ordinaire.<\/p>\n\n\n\n<p><strong>Article 18 \u2013 Assembl\u00e9e G\u00e9n\u00e9rale extraordinaire<\/strong><\/p>\n\n\n\n<p>Sur demande \u00e9crite envoy\u00e9e par courrier postal ou \u00e9lectronique sign\u00e9e par trois adh\u00e9rent\u00b7es<br>ou d\u2019un membre du conseil, le bureau doit convoquer une Assembl\u00e9e G\u00e9n\u00e9rale Extraordinaire,<br>suivant les formalit\u00e9s pr\u00e9vues par les articles 13 \u00e0 16 dans un d\u00e9lai d\u2019un mois apr\u00e8s r\u00e9ception de la demande.<\/p>\n\n\n\n<h2 class=\"has-text-align-center wp-block-heading\"><strong>Titre 3 &#8211; Le Conseil d&rsquo;Administration<\/strong><\/h2>\n\n\n\n<p><strong>Article 19 \u2013 Conseil d&rsquo;Administration<\/strong><\/p>\n\n\n\n<p>L\u2019association est administr\u00e9e par un Conseil d&rsquo;Administration, \u00e9lu pour une ann\u00e9e par<br>l\u2019Assembl\u00e9e G\u00e9n\u00e9rale. Il se compose des responsables de projet ainsi que de responsables<br>d\u2019activit\u00e9s fonctionnelles de l\u2019association.<\/p>\n\n\n\n<p><strong>Article 20 \u2013 \u00c9lection et dissolution du Conseil d&rsquo;Administration<\/strong><\/p>\n\n\n\n<p>Est \u00e9ligible tout\u00b7e adh\u00e9rent\u00b7e majeur \u00e0 jour de ses cotisations. Il est compos\u00e9 d\u2019une majorit\u00e9<br>d\u2019\u00e9tudiants.<br>Les membres sont r\u00e9\u00e9ligibles. Les candidatures se font par liste et le mode de scrutin est \u00e0<br>bulletins secrets.<br>Il peut \u00eatre dissout par d\u00e9mission ou simple vote \u00e0 la majorit\u00e9 des voix lors d\u2019une Assembl\u00e9e G\u00e9n\u00e9rale.<br>En cas de d\u00e9mission, il devra organiser une Assembl\u00e9e G\u00e9n\u00e9rale Extraordinaire dans le mois<br>qui suit.<\/p>\n\n\n\n<p><strong>Article 21 \u2013 R\u00e9union du Conseil d&rsquo;Administration<\/strong><\/p>\n\n\n\n<p>Le Conseil d&rsquo;Administration se r\u00e9unit au moins une fois par mois.<br>Le secr\u00e9tariat devra informer une semaine \u00e0 l\u2019avance de l\u2019ordre du jour, ainsi que le jour, le<br>lieu et l\u2019heure de ces r\u00e9unions. Il fera cela par courrier postal ou \u00e9lectronique.<\/p>\n\n\n\n<p><strong>Article 22 \u2013 Modalit\u00e9s de d\u00e9cision du Conseil d&rsquo;Administration<\/strong><\/p>\n\n\n\n<p>Les d\u00e9cisions sont prises au deux tiers des voix \u00e0 main lev\u00e9 des membres du conseil.<br>En cas de litige, l\u2019Assembl\u00e9e G\u00e9n\u00e9rale Ordinaire ou Extraordinaire est la seule \u00e0 m\u00eame de<br>trancher. Ainsi elle devra \u00eatre convoqu\u00e9e dans le mois qui suit le litige.<\/p>\n\n\n\n<p><strong>Article 23 \u2013 Compte rendu des r\u00e9unions du Conseil d&rsquo;Administration<\/strong><\/p>\n\n\n\n<p>Le secr\u00e9tariat r\u00e9digera un compte rendu des discussions et des d\u00e9cisions prises.<br>Les comptes rendus devront \u00eatre librement accessibles \u00e0 tout\u00b7es les adh\u00e9rent\u00b7es, au plus tard<br>quinze jours apr\u00e8s la r\u00e9union. Pour cela, ils seront envoy\u00e9s par courrier postal ou num\u00e9rique aux adh\u00e9rent\u00b7es et publi\u00e9 sur le blog de l\u2019association.<\/p>\n\n\n\n<h2 class=\"has-text-align-center wp-block-heading\"><strong>Titre 4 &#8211; Le Bureau<\/strong><\/h2>\n\n\n\n<p><strong>Article 24 \u2013 Le bureau<\/strong><\/p>\n\n\n\n<p>Le bureau porte la responsabilit\u00e9 financi\u00e8re et juridique de l\u2019association. Il a pour fonction la<br>gestion administrative de l\u2019association.<br>Il est aussi responsable de l\u2019image de l\u2019association et des relations avec les autres institutions.<br>Il a pour obligation d\u2019\u00eatre au service des membres du conseil pour les aider dans leurs missions. Il se doit aussi d\u2019\u00eatre au soutien des initiatives des adh\u00e9rent\u00b7es.<br>Il organise l\u2019Assembl\u00e9e G\u00e9n\u00e9rale.<\/p>\n\n\n\n<p><strong>Article 25 \u2013 \u00c9lection et composition du bureau<\/strong><\/p>\n\n\n\n<p>Est \u00e9ligible tout membre du Conseil d&rsquo;Administration. Il est d\u00e9sign\u00e9 pour une ann\u00e9e par le<br>Conseil d&rsquo;Administration.<br>Le bureau est anim\u00e9 par une pr\u00e9sidence \u00e9lue par le Conseil d\u2019Administration. Il se compose<br>au minimum d\u2019un\u00b7e pr\u00e9sident\u00b7e, si besoin d\u2019un\u00b7e vice-pr\u00e9sident\u00b7e, d\u2019un\u00b7e tr\u00e9sorier\u00b7\u00e8re et, si besoin d\u2019un\u00b7e tr\u00e9sorier\u00b7\u00e8re adjointe, ainsi que d\u2019un\u00b7e secr\u00e9taire et, si besoin d\u2019un\u00b7e secr\u00e9taire adjoint\u00b7e.<\/p>\n\n\n\n<p><strong>Article 26 &#8211; Dissolution du bureau<\/strong><\/p>\n\n\n\n<p>Le bureau peut \u00eatre r\u00e9voqu\u00e9 sur proposition des deux tiers des membres du Conseil d&rsquo;Administration. Le conseil devra argumenter sa d\u00e9cision devant une Assembl\u00e9e G\u00e9n\u00e9rale<br>convoqu\u00e9e au plus tard un mois apr\u00e8s la d\u00e9cision de r\u00e9vocation du bureau.<\/p>\n\n\n\n<p><strong>Article 27 \u2013 Le bureau rend compte de ses actions et celle de l\u2019association<\/strong><\/p>\n\n\n\n<p>Le bureau devra rendre compte de ses actions au Conseil d&rsquo;Administration.<br>La tr\u00e9sorerie et la pr\u00e9sidence r\u00e9digeront un bilan moral et financier annuel.<br>Le bilan annuel accompagnera l\u2019ordre du jour de l\u2019Assembl\u00e9e G\u00e9n\u00e9rale.<\/p>\n","protected":false},"excerpt":{"rendered":"<p>Titre 1 &#8211; L&rsquo;association Article 1er &#8211; Forme Il est fond\u00e9 entre les adh\u00e9rents aux pr\u00e9sents statuts une association r\u00e9gie par la loi du 1erjuillet 1901 et le d\u00e9cret du [&hellip;]<\/p>\n","protected":false},"author":320,"featured_media":0,"parent":0,"menu_order":0,"comment_status":"closed","ping_status":"closed","template":"","meta":{"_acf_changed":false,"_price":"","_stock":"","_tribe_ticket_header":"","_tribe_default_ticket_provider":"","_tribe_ticket_capacity":"0","_ticket_start_date":"","_ticket_end_date":"","_tribe_ticket_show_description":"","_tribe_ticket_show_not_going":false,"_tribe_ticket_use_global_stock":"","_tribe_ticket_global_stock_level":"","_global_stock_mode":"","_global_stock_cap":"","_tribe_rsvp_for_event":"","_tribe_ticket_going_count":"","_tribe_ticket_not_going_count":"","_tribe_tickets_list":"[]","_tribe_ticket_has_attendee_info_fields":false,"ocean_post_layout":"","ocean_both_sidebars_style":"","ocean_both_sidebars_content_width":0,"ocean_both_sidebars_sidebars_width":0,"ocean_sidebar":"","ocean_second_sidebar":"","ocean_disable_margins":"enable","ocean_add_body_class":"","ocean_shortcode_before_top_bar":"","ocean_shortcode_after_top_bar":"","ocean_shortcode_before_header":"","ocean_shortcode_after_header":"","ocean_has_shortcode":"","ocean_shortcode_after_title":"","ocean_shortcode_before_footer_widgets":"","ocean_shortcode_after_footer_widgets":"","ocean_shortcode_before_footer_bottom":"","ocean_shortcode_after_footer_bottom":"","ocean_display_top_bar":"default","ocean_display_header":"default","ocean_header_style":"","ocean_center_header_left_menu":"","ocean_custom_header_template":"","ocean_custom_logo":0,"ocean_custom_retina_logo":0,"ocean_custom_logo_max_width":0,"ocean_custom_logo_tablet_max_width":0,"ocean_custom_logo_mobile_max_width":0,"ocean_custom_logo_max_height":0,"ocean_custom_logo_tablet_max_height":0,"ocean_custom_logo_mobile_max_height":0,"ocean_header_custom_menu":"","ocean_menu_typo_font_family":"","ocean_menu_typo_font_subset":"","ocean_menu_typo_font_size":0,"ocean_menu_typo_font_size_tablet":0,"ocean_menu_typo_font_size_mobile":0,"ocean_menu_typo_font_size_unit":"px","ocean_menu_typo_font_weight":"","ocean_menu_typo_font_weight_tablet":"","ocean_menu_typo_font_weight_mobile":"","ocean_menu_typo_transform":"","ocean_menu_typo_transform_tablet":"","ocean_menu_typo_transform_mobile":"","ocean_menu_typo_line_height":0,"ocean_menu_typo_line_height_tablet":0,"ocean_menu_typo_line_height_mobile":0,"ocean_menu_typo_line_height_unit":"","ocean_menu_typo_spacing":0,"ocean_menu_typo_spacing_tablet":0,"ocean_menu_typo_spacing_mobile":0,"ocean_menu_typo_spacing_unit":"","ocean_menu_link_color":"","ocean_menu_link_color_hover":"","ocean_menu_link_color_active":"","ocean_menu_link_background":"","ocean_menu_link_hover_background":"","ocean_menu_link_active_background":"","ocean_menu_social_links_bg":"","ocean_menu_social_hover_links_bg":"","ocean_menu_social_links_color":"","ocean_menu_social_hover_links_color":"","ocean_disable_title":"default","ocean_disable_heading":"default","ocean_post_title":"","ocean_post_subheading":"","ocean_post_title_style":"","ocean_post_title_background_color":"","ocean_post_title_background":0,"ocean_post_title_bg_image_position":"","ocean_post_title_bg_image_attachment":"","ocean_post_title_bg_image_repeat":"","ocean_post_title_bg_image_size":"","ocean_post_title_height":0,"ocean_post_title_bg_overlay":0.5,"ocean_post_title_bg_overlay_color":"","ocean_disable_breadcrumbs":"default","ocean_breadcrumbs_color":"","ocean_breadcrumbs_separator_color":"","ocean_breadcrumbs_links_color":"","ocean_breadcrumbs_links_hover_color":"","ocean_display_footer_widgets":"default","ocean_display_footer_bottom":"default","ocean_custom_footer_template":"","footnotes":"","_tec_slr_enabled":"","_tec_slr_layout":""},"class_list":["post-1327","page","type-page","status-publish","hentry","entry"],"acf":[],"ticketed":false,"_links":{"self":[{"href":"https:\/\/blogs.univ-tlse2.fr\/aparea\/wp-json\/wp\/v2\/pages\/1327","targetHints":{"allow":["GET"]}}],"collection":[{"href":"https:\/\/blogs.univ-tlse2.fr\/aparea\/wp-json\/wp\/v2\/pages"}],"about":[{"href":"https:\/\/blogs.univ-tlse2.fr\/aparea\/wp-json\/wp\/v2\/types\/page"}],"author":[{"embeddable":true,"href":"https:\/\/blogs.univ-tlse2.fr\/aparea\/wp-json\/wp\/v2\/users\/320"}],"replies":[{"embeddable":true,"href":"https:\/\/blogs.univ-tlse2.fr\/aparea\/wp-json\/wp\/v2\/comments?post=1327"}],"version-history":[{"count":4,"href":"https:\/\/blogs.univ-tlse2.fr\/aparea\/wp-json\/wp\/v2\/pages\/1327\/revisions"}],"predecessor-version":[{"id":2091,"href":"https:\/\/blogs.univ-tlse2.fr\/aparea\/wp-json\/wp\/v2\/pages\/1327\/revisions\/2091"}],"wp:attachment":[{"href":"https:\/\/blogs.univ-tlse2.fr\/aparea\/wp-json\/wp\/v2\/media?parent=1327"}],"curies":[{"name":"wp","href":"https:\/\/api.w.org\/{rel}","templated":true}]}}