 {"id":16,"date":"2013-09-17T12:52:05","date_gmt":"2013-09-17T11:52:05","guid":{"rendered":"http:\/\/www.aparea.fr\/?page_id=16"},"modified":"2023-11-03T16:02:27","modified_gmt":"2023-11-03T15:02:27","slug":"presentation","status":"publish","type":"page","link":"https:\/\/blogs.univ-tlse2.fr\/aparea\/presentation\/","title":{"rendered":"L&rsquo;association"},"content":{"rendered":"<h3 style=\"text-align: center\"><span style=\"color: #993300\"><strong>APAREA : Action de Promotion et d&rsquo;Aide \u00e0 la Recherche En Arch\u00e9ologie<\/strong><\/span><\/h3>\n<p>Tout a commenc\u00e9 en 2005, lorsqu&rsquo;un petit groupe d&rsquo;\u00e9tudiants en Master 2 \u00e0 l&rsquo;Universit\u00e9 de Toulouse 2 &#8211; Le Mirail a eu l&rsquo;audace de cr\u00e9er sa propre association.<\/p>\n<p>Ouverte \u00e0 tous, l&rsquo;<span style=\"color: #ff6600\"><strong>APAREA<\/strong><\/span> se propose d&rsquo;encourager la vocation arch\u00e9ologique des \u00e9tudiants et d&rsquo;attiser la passion du grand public en proposant :<\/p>\n<p>&#8211; <span style=\"color: #993300\"><strong>Un soutien aux \u00e9tudiants<\/strong><\/span> de 1er et 2nd cycle dans la conduite de leurs travaux et de l&rsquo;\u00e9laboration de leur m\u00e9moire, par le biais de conseils, de rencontres, de mises en relation avec des professionnels et par la mise \u00e0 disposition de ressources m\u00e9thodologiques et documentaires.<\/p>\n<p>&#8211;<span style=\"color: #993300\"> <strong>La promotion de l&rsquo;arch\u00e9ologie<\/strong><\/span> aupr\u00e8s du grand public par la mise en place de <strong>stages<\/strong>, de <strong>participation \u00e0 des journ\u00e9es \u00e0 th\u00e8me<\/strong> telles que les Journ\u00e9es Nationales de l&rsquo;Arch\u00e9ologie ou la Semaine de l&rsquo;Antiquit\u00e9, de <strong>conf\u00e9rences<\/strong>, d\u2019<strong>expositions<\/strong> et d&rsquo;<strong>interventions<\/strong> au sein de villes, villages et \u00e9tablissements publics.<\/p>\n<p>&#8211; <span style=\"color: #993300\"><strong>L\u2019enrichissement culturel et scientifique<\/strong><\/span> par l\u2019organisation de<strong> sorties<\/strong> \u00e0 la d\u00e9couverte de sites arch\u00e9ologiques pr\u00e9serv\u00e9s, de mus\u00e9es r\u00e9gionaux, de chantiers arch\u00e9ologiques pr\u00e9ventifs en cours ou encore de sites naturels, etc., \u00e0 travers l&rsquo;organisation de <strong>caf\u00e9s-arch\u00e9o<\/strong> : rendez-vous r\u00e9guliers dont le propos et les d\u00e9bats se centrent plus sp\u00e9cifiquement sur des sujets d\u2019arch\u00e9ologie. Nous promouvons \u00e9galement cet enrichissement culturel et scientifique par la mise en place d&rsquo;<strong>ateliers exp\u00e9rimentaux<\/strong>, comme l&rsquo;atelier de taille de silex hebdomadaire (voir onglet \u00ab\u00a0Atelier de taille de silex\u00a0\u00bb)<\/p>\n<p>&#8211; <span style=\"color: #993300\"><strong>L&rsquo;\u00e9dition d&rsquo;un bulletin semestriel<\/strong><\/span> : le <strong>BAPAREA<\/strong>. Il aborde l&rsquo;actualit\u00e9 de l\u2019association, celle de la recherche et d\u2019autres sujets autour de l&rsquo;arch\u00e9ologie. C\u2019est l\u2019occasion pour tous ceux qui le d\u00e9sirent (\u00e9tudiants, amateurs, professionnels\u2026) de s\u2019initier \u00e0 la publication scientifique et p\u00e9dagogique ou de communiquer sur leurs recherches<\/p>\n<p>&#8211; <span style=\"color: #993300\"><strong>La mise en ligne d&rsquo;un site internet<\/strong><\/span> qui se veut \u00eatre une plateforme p\u00e9dagogique et un lieu d&rsquo;\u00e9change. En plus de pr\u00e9senter les activit\u00e9s de l&rsquo;association, le site propose ainsi des tutoriels pour certains logiciels, des informations sur les ressources documentaires toulousaines, le programme de s\u00e9minaires et colloques sur l&rsquo;arch\u00e9ologie, mais \u00e9galement des offres d&#8217;emploi et de stage en arch\u00e9ologie<\/p>\n<p>&#8211;<span style=\"color: #993300\"> <strong>L&rsquo;envoi mensuel d&rsquo;une mailing-newsletter<\/strong><\/span> qui permet \u00e0 tous les membres de l&rsquo;association de recevoir le programme mensuel des activit\u00e9s de l&rsquo;association, les offres d&#8217;emploi et de participation \u00e0 des fouilles arch\u00e9ologiques r\u00e9guli\u00e8res et autres renseignements au sujet de l&rsquo;arch\u00e9ologie et son actualit\u00e9<\/p>\n<p>&#8211; <span style=\"color: #993300\"><strong>La gestion quotidienne d&rsquo;un compte Facebook et Instagram<\/strong> <\/span>pour une alternative au site internet avec un acc\u00e8s \u00e0 l&rsquo;information plus imm\u00e9diat mais moins d\u00e9taill\u00e9<\/p>\n<p><strong>L&rsquo;<span style=\"color: #ff6600\">APAREA<\/span><\/strong> se veut dynamique et moderne, conviviale, engendreuse de bonne humeur et de rencontres, et a pour premier objectif de favoriser les relations et l&rsquo;entraide \u00e9tudiantes et professionnelles, par la formation d&rsquo;une communaut\u00e9 arch\u00e9ologique large.<\/p>\n","protected":false},"excerpt":{"rendered":"<p>APAREA : Action de Promotion et d&rsquo;Aide \u00e0 la Recherche En Arch\u00e9ologie Tout a commenc\u00e9 en 2005, lorsqu&rsquo;un petit groupe d&rsquo;\u00e9tudiants en Master 2 \u00e0 l&rsquo;Universit\u00e9 de Toulouse 2 &#8211; [&hellip;]<\/p>\n","protected":false},"author":320,"featured_media":0,"parent":0,"menu_order":1,"comment_status":"closed","ping_status":"open","template":"","meta":{"_acf_changed":false,"_price":"","_stock":"","_tribe_ticket_header":"","_tribe_default_ticket_provider":"","_tribe_ticket_capacity":"0","_ticket_start_date":"","_ticket_end_date":"","_tribe_ticket_show_description":"","_tribe_ticket_show_not_going":false,"_tribe_ticket_use_global_stock":"","_tribe_ticket_global_stock_level":"","_global_stock_mode":"","_global_stock_cap":"","_tribe_rsvp_for_event":"","_tribe_ticket_going_count":"","_tribe_ticket_not_going_count":"","_tribe_tickets_list":"[]","_tribe_ticket_has_attendee_info_fields":false,"ocean_post_layout":"","ocean_both_sidebars_style":"","ocean_both_sidebars_content_width":0,"ocean_both_sidebars_sidebars_width":0,"ocean_sidebar":"","ocean_second_sidebar":"","ocean_disable_margins":"enable","ocean_add_body_class":"","ocean_shortcode_before_top_bar":"","ocean_shortcode_after_top_bar":"","ocean_shortcode_before_header":"","ocean_shortcode_after_header":"","ocean_has_shortcode":"","ocean_shortcode_after_title":"","ocean_shortcode_before_footer_widgets":"","ocean_shortcode_after_footer_widgets":"","ocean_shortcode_before_footer_bottom":"","ocean_shortcode_after_footer_bottom":"","ocean_display_top_bar":"default","ocean_display_header":"default","ocean_header_style":"","ocean_center_header_left_menu":"","ocean_custom_header_template":"","ocean_custom_logo":0,"ocean_custom_retina_logo":0,"ocean_custom_logo_max_width":0,"ocean_custom_logo_tablet_max_width":0,"ocean_custom_logo_mobile_max_width":0,"ocean_custom_logo_max_height":0,"ocean_custom_logo_tablet_max_height":0,"ocean_custom_logo_mobile_max_height":0,"ocean_header_custom_menu":"","ocean_menu_typo_font_family":"","ocean_menu_typo_font_subset":"","ocean_menu_typo_font_size":0,"ocean_menu_typo_font_size_tablet":0,"ocean_menu_typo_font_size_mobile":0,"ocean_menu_typo_font_size_unit":"px","ocean_menu_typo_font_weight":"","ocean_menu_typo_font_weight_tablet":"","ocean_menu_typo_font_weight_mobile":"","ocean_menu_typo_transform":"","ocean_menu_typo_transform_tablet":"","ocean_menu_typo_transform_mobile":"","ocean_menu_typo_line_height":0,"ocean_menu_typo_line_height_tablet":0,"ocean_menu_typo_line_height_mobile":0,"ocean_menu_typo_line_height_unit":"","ocean_menu_typo_spacing":0,"ocean_menu_typo_spacing_tablet":0,"ocean_menu_typo_spacing_mobile":0,"ocean_menu_typo_spacing_unit":"","ocean_menu_link_color":"","ocean_menu_link_color_hover":"","ocean_menu_link_color_active":"","ocean_menu_link_background":"","ocean_menu_link_hover_background":"","ocean_menu_link_active_background":"","ocean_menu_social_links_bg":"","ocean_menu_social_hover_links_bg":"","ocean_menu_social_links_color":"","ocean_menu_social_hover_links_color":"","ocean_disable_title":"default","ocean_disable_heading":"default","ocean_post_title":"","ocean_post_subheading":"","ocean_post_title_style":"","ocean_post_title_background_color":"","ocean_post_title_background":0,"ocean_post_title_bg_image_position":"","ocean_post_title_bg_image_attachment":"","ocean_post_title_bg_image_repeat":"","ocean_post_title_bg_image_size":"","ocean_post_title_height":0,"ocean_post_title_bg_overlay":0.5,"ocean_post_title_bg_overlay_color":"","ocean_disable_breadcrumbs":"default","ocean_breadcrumbs_color":"","ocean_breadcrumbs_separator_color":"","ocean_breadcrumbs_links_color":"","ocean_breadcrumbs_links_hover_color":"","ocean_display_footer_widgets":"default","ocean_display_footer_bottom":"default","ocean_custom_footer_template":"","footnotes":"","_tec_slr_enabled":"","_tec_slr_layout":""},"class_list":["post-16","page","type-page","status-publish","hentry","entry"],"acf":[],"ticketed":false,"_links":{"self":[{"href":"https:\/\/blogs.univ-tlse2.fr\/aparea\/wp-json\/wp\/v2\/pages\/16","targetHints":{"allow":["GET"]}}],"collection":[{"href":"https:\/\/blogs.univ-tlse2.fr\/aparea\/wp-json\/wp\/v2\/pages"}],"about":[{"href":"https:\/\/blogs.univ-tlse2.fr\/aparea\/wp-json\/wp\/v2\/types\/page"}],"author":[{"embeddable":true,"href":"https:\/\/blogs.univ-tlse2.fr\/aparea\/wp-json\/wp\/v2\/users\/320"}],"replies":[{"embeddable":true,"href":"https:\/\/blogs.univ-tlse2.fr\/aparea\/wp-json\/wp\/v2\/comments?post=16"}],"version-history":[{"count":7,"href":"https:\/\/blogs.univ-tlse2.fr\/aparea\/wp-json\/wp\/v2\/pages\/16\/revisions"}],"predecessor-version":[{"id":2263,"href":"https:\/\/blogs.univ-tlse2.fr\/aparea\/wp-json\/wp\/v2\/pages\/16\/revisions\/2263"}],"wp:attachment":[{"href":"https:\/\/blogs.univ-tlse2.fr\/aparea\/wp-json\/wp\/v2\/media?parent=16"}],"curies":[{"name":"wp","href":"https:\/\/api.w.org\/{rel}","templated":true}]}}