 {"id":18,"date":"2013-09-17T12:53:27","date_gmt":"2013-09-17T11:53:27","guid":{"rendered":"http:\/\/www.aparea.fr\/?page_id=18"},"modified":"2024-11-19T20:15:20","modified_gmt":"2024-11-19T19:15:20","slug":"contact","status":"publish","type":"page","link":"https:\/\/blogs.univ-tlse2.fr\/aparea\/contact\/","title":{"rendered":"Contact et Adh\u00e9sions"},"content":{"rendered":"<h3><\/h3>\n<h3><\/h3>\n<h3 style=\"text-align: center\"><strong>Int\u00e9ress\u00e9-e-s par l&rsquo;association, vous souhaitez en savoir plus ?<br \/>\nVous avez simplement envie de discuter arch\u00e9ologie ?<br \/>\nOu de profiter d&rsquo;un r\u00e9seau pour participer \u00e0 des stages et des formations ?<\/strong><\/h3>\n<p style=\"padding-left: 80px\">Venez faire connaissance avec les membres de l&rsquo;<span style=\"color: #ff6600\"><strong>APAREA<\/strong><\/span> :<\/p>\n<ul>\n<li style=\"list-style-type: none\">\n<ul>\n<li><strong>Lors de nos activit\u00e9s<\/strong> (sorties, caf\u00e9s-arch\u00e9o &#8230;) !<\/li>\n<li style=\"text-align: left\"><strong>Lors de nos permanences<\/strong> au bureau 124 de la MIE (Maison des Initiatives Etudiantes) de l&rsquo;UT2J<br \/>\n<span style=\"color: #ff6600\"><span style=\"text-decoration: underline\">les mardis de 12h30 \u00e0 14h00<\/span><\/span>.<\/li>\n<\/ul>\n<\/li>\n<\/ul>\n<ul>\n<li style=\"list-style-type: none\">\n<ul>\n<li style=\"text-align: left\"><strong>Par mail<\/strong> :<span style=\"color: #000000\"> con&#116;&#97;&#x63;&#x74;&#x2e;&#x61;par&#101;&#97;&#x40;&#x67;&#x6d;&#x61;il&#46;&#99;&#111;&#x6d;<\/span><span style=\"color: #3366ff\"><strong><br \/>\n<\/strong><\/span><\/li>\n<li><span style=\"color: #333333\"><strong>Sur nos r\u00e9seaux<\/strong><\/span> :\n<ul>\n<li>Instagram\u00a0 : <a href=\"https:\/\/www.instagram.com\/apareaut2j\/\">@apareaut2j<\/a><\/li>\n<li>X (Twitter) : <a href=\"https:\/\/twitter.com\/Apareaut2j\">@Apareaut2j<\/a><\/li>\n<li>Facebook : <a href=\"https:\/\/www.facebook.com\/apareaut2j\/?locale=fr_FR\">Aparea UT2J<\/a><\/li>\n<\/ul>\n<\/li>\n<\/ul>\n<\/li>\n<\/ul>\n<ul>\n<li style=\"list-style-type: none\">\n<ul>\n<li style=\"text-align: left\"><strong>Par voie postale<\/strong> :<strong><br \/>\n<\/strong><span style=\"color: #ff6600\">APAREA<\/span><br \/>\n<span style=\"color: #ff6600\"> Bureau 124, MIE<\/span><br \/>\n<span style=\"color: #ff6600\"> 5 all\u00e9e Antonio Machado<\/span><br \/>\n<span style=\"color: #3366ff\"><span style=\"color: #ff6600\"> 31058 Toulouse Cedex 9<\/span><\/span><\/li>\n<\/ul>\n<\/li>\n<\/ul>\n<h3 style=\"text-align: center\"><strong>Adh\u00e9rer \u00e0 l&rsquo;APAREA : comment faire ?<\/strong><\/h3>\n<p style=\"padding-left: 40px\">Vous pouvez adh\u00e9rer <strong>lors des permanences<\/strong>\u00a0de l&rsquo;<span style=\"color: #ff6600\"><strong>APAREA<\/strong>\u00a0<\/span>(au bureau 124 de la MIE les mardis midis) ou lors de nos activit\u00e9s (sorties, caf\u00e9-arch\u00e9os&#8230;), avec une<span style=\"color: #ff6600\"> <strong>cotisation \u00e0 prix libre (\u00e0 partir de 1\u20ac)<\/strong><\/span> et en indiquant vos coordonn\u00e9es, votre discipline universitaire ou votre profession.<\/p>\n<p style=\"text-align: left;padding-left: 40px\"><strong>Les adh\u00e9sions sont valables <span style=\"color: #000000\">de septembre \u00e0 septembre<\/span> mais vous pouvez adh\u00e9rer \u00e0 n&rsquo;importe quel moment de l&rsquo;ann\u00e9e.<\/strong><\/p>\n<h3 style=\"text-align: center\"><strong>Adh\u00e9rer \u00e0 l&rsquo;APAREA, qu&rsquo;est-ce que \u00e7a signifie ?<\/strong><\/h3>\n<p style=\"padding-left: 40px\">1.Vous recevrez la <strong>newsletter num\u00e9rique mensuelle<\/strong> de l&rsquo;association afin d&rsquo;\u00eatre tenu-e-s inform\u00e9-e-s des activit\u00e9s organis\u00e9es par l&rsquo;association.<\/p>\n<p style=\"padding-left: 40px\">2.Pourrez<strong> participer gratuitement \u00e0 toutes les activit\u00e9s<\/strong> propos\u00e9es.<\/p>\n<p style=\"padding-left: 40px\">3.B\u00e9n\u00e9ficierez des aides, conseils et offres de stages r\u00e9guli\u00e8rement mis \u00e0 disposition, ainsi que de l&rsquo;acc\u00e8s aux manifestations de l&rsquo;association aupr\u00e8s du grand public.<\/p>\n<p style=\"padding-left: 40px\">4.Et si le c\u0153ur vous en dit, vous aurez moultes possibilit\u00e9s de<strong> participer activement aux actions de l&rsquo;APAREA<\/strong> (publications, conf\u00e9rences, ateliers, interventions scolaires&#8230;)<\/p>\n<p style=\"padding-left: 40px\">5.Et plus que \u00e7a, <strong>vous int\u00e9grerez une communaut\u00e9 large qui r\u00e9unit \u00e9tudiants, profanes, professeurs, curieux et chercheurs, avec tous les \u00e9changes qui en d\u00e9coulent !<\/strong><\/p>\n","protected":false},"excerpt":{"rendered":"<p>Int\u00e9ress\u00e9-e-s par l&rsquo;association, vous souhaitez en savoir plus ? Vous avez simplement envie de discuter arch\u00e9ologie ? Ou de profiter d&rsquo;un r\u00e9seau pour participer \u00e0 des stages et des formations [&hellip;]<\/p>\n","protected":false},"author":320,"featured_media":0,"parent":0,"menu_order":2,"comment_status":"closed","ping_status":"open","template":"","meta":{"_acf_changed":false,"_price":"","_stock":"","_tribe_ticket_header":"","_tribe_default_ticket_provider":"","_tribe_ticket_capacity":"0","_ticket_start_date":"","_ticket_end_date":"","_tribe_ticket_show_description":"","_tribe_ticket_show_not_going":false,"_tribe_ticket_use_global_stock":"","_tribe_ticket_global_stock_level":"","_global_stock_mode":"","_global_stock_cap":"","_tribe_rsvp_for_event":"","_tribe_ticket_going_count":"","_tribe_ticket_not_going_count":"","_tribe_tickets_list":"[]","_tribe_ticket_has_attendee_info_fields":false,"ocean_post_layout":"","ocean_both_sidebars_style":"","ocean_both_sidebars_content_width":0,"ocean_both_sidebars_sidebars_width":0,"ocean_sidebar":"","ocean_second_sidebar":"","ocean_disable_margins":"enable","ocean_add_body_class":"","ocean_shortcode_before_top_bar":"","ocean_shortcode_after_top_bar":"","ocean_shortcode_before_header":"","ocean_shortcode_after_header":"","ocean_has_shortcode":"","ocean_shortcode_after_title":"","ocean_shortcode_before_footer_widgets":"","ocean_shortcode_after_footer_widgets":"","ocean_shortcode_before_footer_bottom":"","ocean_shortcode_after_footer_bottom":"","ocean_display_top_bar":"default","ocean_display_header":"default","ocean_header_style":"","ocean_center_header_left_menu":"","ocean_custom_header_template":"","ocean_custom_logo":0,"ocean_custom_retina_logo":0,"ocean_custom_logo_max_width":0,"ocean_custom_logo_tablet_max_width":0,"ocean_custom_logo_mobile_max_width":0,"ocean_custom_logo_max_height":0,"ocean_custom_logo_tablet_max_height":0,"ocean_custom_logo_mobile_max_height":0,"ocean_header_custom_menu":"","ocean_menu_typo_font_family":"","ocean_menu_typo_font_subset":"","ocean_menu_typo_font_size":0,"ocean_menu_typo_font_size_tablet":0,"ocean_menu_typo_font_size_mobile":0,"ocean_menu_typo_font_size_unit":"px","ocean_menu_typo_font_weight":"","ocean_menu_typo_font_weight_tablet":"","ocean_menu_typo_font_weight_mobile":"","ocean_menu_typo_transform":"","ocean_menu_typo_transform_tablet":"","ocean_menu_typo_transform_mobile":"","ocean_menu_typo_line_height":0,"ocean_menu_typo_line_height_tablet":0,"ocean_menu_typo_line_height_mobile":0,"ocean_menu_typo_line_height_unit":"","ocean_menu_typo_spacing":0,"ocean_menu_typo_spacing_tablet":0,"ocean_menu_typo_spacing_mobile":0,"ocean_menu_typo_spacing_unit":"","ocean_menu_link_color":"","ocean_menu_link_color_hover":"","ocean_menu_link_color_active":"","ocean_menu_link_background":"","ocean_menu_link_hover_background":"","ocean_menu_link_active_background":"","ocean_menu_social_links_bg":"","ocean_menu_social_hover_links_bg":"","ocean_menu_social_links_color":"","ocean_menu_social_hover_links_color":"","ocean_disable_title":"default","ocean_disable_heading":"default","ocean_post_title":"","ocean_post_subheading":"","ocean_post_title_style":"","ocean_post_title_background_color":"","ocean_post_title_background":0,"ocean_post_title_bg_image_position":"","ocean_post_title_bg_image_attachment":"","ocean_post_title_bg_image_repeat":"","ocean_post_title_bg_image_size":"","ocean_post_title_height":0,"ocean_post_title_bg_overlay":0.5,"ocean_post_title_bg_overlay_color":"","ocean_disable_breadcrumbs":"default","ocean_breadcrumbs_color":"","ocean_breadcrumbs_separator_color":"","ocean_breadcrumbs_links_color":"","ocean_breadcrumbs_links_hover_color":"","ocean_display_footer_widgets":"default","ocean_display_footer_bottom":"default","ocean_custom_footer_template":"","footnotes":"","_tec_slr_enabled":"","_tec_slr_layout":""},"class_list":["post-18","page","type-page","status-publish","hentry","entry"],"acf":[],"ticketed":false,"_links":{"self":[{"href":"https:\/\/blogs.univ-tlse2.fr\/aparea\/wp-json\/wp\/v2\/pages\/18","targetHints":{"allow":["GET"]}}],"collection":[{"href":"https:\/\/blogs.univ-tlse2.fr\/aparea\/wp-json\/wp\/v2\/pages"}],"about":[{"href":"https:\/\/blogs.univ-tlse2.fr\/aparea\/wp-json\/wp\/v2\/types\/page"}],"author":[{"embeddable":true,"href":"https:\/\/blogs.univ-tlse2.fr\/aparea\/wp-json\/wp\/v2\/users\/320"}],"replies":[{"embeddable":true,"href":"https:\/\/blogs.univ-tlse2.fr\/aparea\/wp-json\/wp\/v2\/comments?post=18"}],"version-history":[{"count":35,"href":"https:\/\/blogs.univ-tlse2.fr\/aparea\/wp-json\/wp\/v2\/pages\/18\/revisions"}],"predecessor-version":[{"id":2392,"href":"https:\/\/blogs.univ-tlse2.fr\/aparea\/wp-json\/wp\/v2\/pages\/18\/revisions\/2392"}],"wp:attachment":[{"href":"https:\/\/blogs.univ-tlse2.fr\/aparea\/wp-json\/wp\/v2\/media?parent=18"}],"curies":[{"name":"wp","href":"https:\/\/api.w.org\/{rel}","templated":true}]}}