 {"id":1299,"date":"2016-11-18T15:54:50","date_gmt":"2016-11-18T14:54:50","guid":{"rendered":"https:\/\/blogs.univ-tlse2.fr\/enseigner-la-geographie\/?page_id=1299"},"modified":"2018-08-24T18:21:33","modified_gmt":"2018-08-24T16:21:33","slug":"publications-de-recherche-personnelles","status":"publish","type":"page","link":"https:\/\/blogs.univ-tlse2.fr\/apprendre-la-geographie\/page-2\/publications-de-recherche-personnelles\/","title":{"rendered":"Publications personnelles"},"content":{"rendered":"<h6><a href=\"https:\/\/blogs.univ-tlse2.fr\/apprendre-la-geographie\/geographie-et-litterature-de-jeunesse\/\"><span style=\"color: #993300\"><strong>. G\u00e9ographie et litt\u00e9rature de jeunesse<\/strong><\/span><\/a><\/h6>\n<h6><a href=\"https:\/\/blogs.univ-tlse2.fr\/apprendre-la-geographie\/les-ecoles-rurales-isolees\/\"><span style=\"color: #993300\">. Les \u00e9coles rurales isol\u00e9es<\/span><\/a><\/h6>\n<h6><a href=\"https:\/\/blogs.univ-tlse2.fr\/apprendre-la-geographie\/2018\/08\/24\/autour-du-droit-geographie-et-droit\/\"><span style=\"color: #993300\"><strong>. Autour du droit (g\u00e9ographie et droit)<\/strong><\/span><\/a><\/h6>\n<h6><a href=\"https:\/\/blogs.univ-tlse2.fr\/apprendre-la-geographie\/2018\/08\/21\/lexperience-de-lexpropriation-paris-association-des-etudes-foncieres-1999\/\"><span style=\"color: #993300\">. L\u2019exp\u00e9rience de l\u2019expropriation<\/span><\/a><\/h6>\n","protected":false},"excerpt":{"rendered":"<p>. G\u00e9ographie et litt\u00e9rature de jeunesse . Les \u00e9coles rurales isol\u00e9es . Autour du droit (g\u00e9ographie et droit) . L\u2019exp\u00e9rience de l\u2019expropriation<\/p>\n","protected":false},"author":203,"featured_media":0,"parent":11,"menu_order":0,"comment_status":"closed","ping_status":"closed","template":"","meta":{"footnotes":""},"class_list":["post-1299","page","type-page","status-publish","hentry"],"_links":{"self":[{"href":"https:\/\/blogs.univ-tlse2.fr\/apprendre-la-geographie\/wp-json\/wp\/v2\/pages\/1299","targetHints":{"allow":["GET"]}}],"collection":[{"href":"https:\/\/blogs.univ-tlse2.fr\/apprendre-la-geographie\/wp-json\/wp\/v2\/pages"}],"about":[{"href":"https:\/\/blogs.univ-tlse2.fr\/apprendre-la-geographie\/wp-json\/wp\/v2\/types\/page"}],"author":[{"embeddable":true,"href":"https:\/\/blogs.univ-tlse2.fr\/apprendre-la-geographie\/wp-json\/wp\/v2\/users\/203"}],"replies":[{"embeddable":true,"href":"https:\/\/blogs.univ-tlse2.fr\/apprendre-la-geographie\/wp-json\/wp\/v2\/comments?post=1299"}],"version-history":[{"count":20,"href":"https:\/\/blogs.univ-tlse2.fr\/apprendre-la-geographie\/wp-json\/wp\/v2\/pages\/1299\/revisions"}],"predecessor-version":[{"id":1714,"href":"https:\/\/blogs.univ-tlse2.fr\/apprendre-la-geographie\/wp-json\/wp\/v2\/pages\/1299\/revisions\/1714"}],"up":[{"embeddable":true,"href":"https:\/\/blogs.univ-tlse2.fr\/apprendre-la-geographie\/wp-json\/wp\/v2\/pages\/11"}],"wp:attachment":[{"href":"https:\/\/blogs.univ-tlse2.fr\/apprendre-la-geographie\/wp-json\/wp\/v2\/media?parent=1299"}],"curies":[{"name":"wp","href":"https:\/\/api.w.org\/{rel}","templated":true}]}}