 {"id":1325,"date":"2017-05-25T14:42:48","date_gmt":"2017-05-25T12:42:48","guid":{"rendered":"https:\/\/blogs.univ-tlse2.fr\/enseigner-la-geographie\/?page_id=1325"},"modified":"2017-08-23T21:16:26","modified_gmt":"2017-08-23T19:16:26","slug":"de-l-arbre-aux-paysages-d-arbres","status":"publish","type":"page","link":"https:\/\/blogs.univ-tlse2.fr\/apprendre-la-geographie\/des-activites-pour-les-enfants\/de-l-arbre-aux-paysages-d-arbres\/","title":{"rendered":"De l&rsquo;arbre aux paysages d&rsquo;arbres"},"content":{"rendered":"<h6>Sensibiliser les enfants aux <strong>arbres<\/strong> et aux <strong>paysages d&rsquo;arbres\u00a0<\/strong>\u00e0 partir de lectures et d&rsquo;activit\u00e9s manuelles.<\/h6>\n<p>&nbsp;<\/p>\n<p><strong><a href=\"http:\/\/www.projetsdepaysage.fr\/fr\/de_l_arbre_au_paysage_d_arbres\">Cavaill\u00e9 Fabienne, \u00ab\u00a0De l&rsquo;arbre au paysage d&rsquo;arbres. Une proposition de sensibilisation des enfants \u00e0 partir d&rsquo;albums de jeunesse\u00a0\u00bb,\u00a0<em>Projets de paysage<\/em>, 30\/06\/2017.<\/a><\/strong><\/p>\n<p>&nbsp;<\/p>\n<h6><strong>Des lectures<\/strong><\/h6>\n<p><strong>Iwamura K., <a href=\"https:\/\/www.ecoledesloisirs.fr\/auteur\/kazuo-iwamura\"><em>La famille Souris d\u00eene au clair de lune<\/em><\/a>, Paris, L\u2019Ecole des Loisirs, 1989.<\/strong><br \/>\nLes enfants de la famille Souris fabriquent une plateforme dans les hauteurs de leur grand ch\u00eane pour pique-niquer, admirer la lune, la for\u00eat et les paysages au loin.<\/p>\n<p>&nbsp;<\/p>\n<p><strong>Mansot F., <a href=\"http:\/\/www.actes-sud-junior.fr\/livre.php?isbn=9782330023294\"><em>L\u2019homme qui dessinait les arbres<\/em><\/a>, Arles, Actes Sud Junior, 2013.<\/strong><br \/>\nMonsieur Francis \u00e9tudie et dessine les arbres, c&rsquo;est sa passion. Il utilise des engins volants pour mieux les observer.<\/p>\n<p>-&gt; Autour de Francis Hall\u00e9 :<\/p>\n<p style=\"padding-left: 30px\">.\u00a0Bordet,\u00a0S., Billioud,\u00a0J.-M., Danielsen,\u00a0D., \u00ab\u00a0Francis Hall\u00e9, Dany Cleyet-Marrel, Gilles Ebersolt. \u00c0 la conqu\u00eate des sommets verts\u00a0\u00bb, <em>Incroyables savanturiers. Ces savants-aventuriers partis explorer le monde embarqu\u00e9s dans des engins extraordinaires<\/em>, Paris, Bayard, 2009, p.\u00a044-55.<\/p>\n<p style=\"padding-left: 30px\">. Hall\u00e9,\u00a0F., <em>Un jardin apr\u00e8s la pluie<\/em>, Paris, Armand Colin, 2013. (Pour les adultes).<\/p>\n<p style=\"padding-left: 30px\">. <a href=\"https:\/\/blogs.univ-tlse2.fr\/apprendre-la-geographie\/files\/2017\/05\/Halle_Acces_aux_Canopees_Armand_Colin.pdf\">Descendre sur la canop\u00e9e en utilisant des engins volants, illustration par Francis Hall\u00e9<\/a><\/p>\n<p>&nbsp;<\/p>\n<p><strong>Nivola C. A., <a href=\"http:\/\/www.seuil.com\/ouvrage\/mama-miti-la-mere-des-arbres-claire-a-nivola\/9782021080018\"><em>Mama Miti la m\u00e8re des arbres, Prix Nobel de la paix<\/em><\/a>, Paris, Seuil Jeunesse, 2013 (2008).<\/strong><br \/>\nMama Miti va se battre toute sa vie pour recr\u00e9er un paysage avec de nombreux, tr\u00e8s nombreux arbres.<\/p>\n<p>-&gt; Autour de Mama Miti :<\/p>\n<p style=\"padding-left: 30px\">.\u00a0Boni,\u00a0T., Diallo,\u00a0M., <em>Wangari Maathai, celle qui gu\u00e9rit la Terre<\/em>, Paris, A dos d\u2019\u00e2ne, 2016.<\/p>\n<p style=\"padding-left: 30px\">. Pr\u00e9vot,\u00a0F.\u00a0Fronty,\u00a0A., <em>Wangari Maathai\u00a0: la femme qui plantait des millions d\u2019arbres<\/em>, Voisins-le-Bretonneux, Rue du Monde, 2011.<\/p>\n<p style=\"padding-left: 30px\">. Maathai Wangari, <em>Celle qui plante les arbres<\/em> , Paris, J\u2019ai lu, 2011 (2006). (Pour les adultes).<\/p>\n<p>&nbsp;<\/p>\n<figure id=\"attachment_1345\" aria-describedby=\"caption-attachment-1345\" style=\"width: 197px\" class=\"wp-caption alignright\"><a href=\"https:\/\/blogs.univ-tlse2.fr\/apprendre-la-geographie\/files\/2017\/05\/Arbre.jpg\"><img loading=\"lazy\" decoding=\"async\" class=\"wp-image-1345 size-medium\" src=\"https:\/\/blogs.univ-tlse2.fr\/apprendre-la-geographie\/files\/2017\/05\/Arbre-197x300.jpg\" alt=\"\" width=\"197\" height=\"300\" srcset=\"https:\/\/blogs.univ-tlse2.fr\/apprendre-la-geographie\/files\/2017\/05\/Arbre-197x300.jpg 197w, https:\/\/blogs.univ-tlse2.fr\/apprendre-la-geographie\/files\/2017\/05\/Arbre-768x1170.jpg 768w, https:\/\/blogs.univ-tlse2.fr\/apprendre-la-geographie\/files\/2017\/05\/Arbre-672x1024.jpg 672w, https:\/\/blogs.univ-tlse2.fr\/apprendre-la-geographie\/files\/2017\/05\/Arbre.jpg 1939w\" sizes=\"auto, (max-width: 197px) 100vw, 197px\" \/><\/a><figcaption id=\"caption-attachment-1345\" class=\"wp-caption-text\"><strong>Un arbre belv\u00e9d\u00e8re<\/strong><\/figcaption><\/figure>\n<p>&nbsp;<\/p>\n<p>&nbsp;<\/p>\n<p><strong>Construire un arbre-belv\u00e9d\u00e8re<\/strong><br \/>\n(Un arbre avec une plateforme, comme dans <em>La Famille Souris d\u00eene au clair de lune)<br \/>\n<a href=\"https:\/\/blogs.univ-tlse2.fr\/apprendre-la-geographie\/files\/2017\/05\/PEG_Arbre-belvedere_A_construire.pdf\">L&rsquo;arbre-belv\u00e9d\u00e8re (pdf \u00e0 imprimer)<\/a><br \/>\n<a href=\"https:\/\/blogs.univ-tlse2.fr\/apprendre-la-geographie\/files\/2017\/05\/PEG_Arbre-belvedere_Plateforme_d-observation_A_construire.pdf\">La plateforme d&rsquo;observation (pdf \u00e0 imprimer)<\/a><br \/>\n<a href=\"https:\/\/blogs.univ-tlse2.fr\/apprendre-la-geographie\/files\/2017\/05\/PEG_Arbre-belvedere_Animaux_sur_l-arbre_A_construire.pdf\">Les animaux de l&rsquo;arbre (pdf \u00e0 imprimer)<\/a><\/em><\/p>\n<p>&nbsp;<\/p>\n<p>&nbsp;<\/p>\n<p>&nbsp;<\/p>\n<figure id=\"attachment_1374\" aria-describedby=\"caption-attachment-1374\" style=\"width: 246px\" class=\"wp-caption alignright\"><a href=\"https:\/\/blogs.univ-tlse2.fr\/apprendre-la-geographie\/files\/2017\/05\/Le_radeau_des_cimes_2v.jpg\"><img loading=\"lazy\" decoding=\"async\" class=\"wp-image-1374 size-medium\" src=\"https:\/\/blogs.univ-tlse2.fr\/apprendre-la-geographie\/files\/2017\/05\/Le_radeau_des_cimes_2v-246x300.jpg\" alt=\"\" width=\"246\" height=\"300\" srcset=\"https:\/\/blogs.univ-tlse2.fr\/apprendre-la-geographie\/files\/2017\/05\/Le_radeau_des_cimes_2v-246x300.jpg 246w, https:\/\/blogs.univ-tlse2.fr\/apprendre-la-geographie\/files\/2017\/05\/Le_radeau_des_cimes_2v-768x935.jpg 768w, https:\/\/blogs.univ-tlse2.fr\/apprendre-la-geographie\/files\/2017\/05\/Le_radeau_des_cimes_2v-841x1024.jpg 841w\" sizes=\"auto, (max-width: 246px) 100vw, 246px\" \/><\/a><figcaption id=\"caption-attachment-1374\" class=\"wp-caption-text\"><strong>Un radeau des cimes<\/strong><\/figcaption><\/figure>\n<p>&nbsp;<\/p>\n<p>&nbsp;<\/p>\n<p><strong>Construire un radeau des cimes<\/strong><br \/>\n<a href=\"https:\/\/blogs.univ-tlse2.fr\/apprendre-la-geographie\/files\/2017\/05\/Le_Radeau_des_Cimes_A_construire.pdf\">Le Radeau des Cimes (pdf \u00e0 imprimer)<\/a><\/p>\n<p>&nbsp;<\/p>\n<p>&nbsp;<\/p>\n<p>&nbsp;<\/p>\n<p>&nbsp;<\/p>\n<p>&nbsp;<\/p>\n<p><strong>Construire un paysage d&rsquo;arbres<\/strong><\/p>\n<figure id=\"attachment_1348\" aria-describedby=\"caption-attachment-1348\" style=\"width: 300px\" class=\"wp-caption alignright\"><a href=\"https:\/\/blogs.univ-tlse2.fr\/apprendre-la-geographie\/files\/2017\/05\/Paysage_d-arbres.png\"><img loading=\"lazy\" decoding=\"async\" class=\"wp-image-1348 size-medium\" src=\"https:\/\/blogs.univ-tlse2.fr\/apprendre-la-geographie\/files\/2017\/05\/Paysage_d-arbres-300x131.png\" alt=\"\" width=\"300\" height=\"131\" srcset=\"https:\/\/blogs.univ-tlse2.fr\/apprendre-la-geographie\/files\/2017\/05\/Paysage_d-arbres-300x131.png 300w, https:\/\/blogs.univ-tlse2.fr\/apprendre-la-geographie\/files\/2017\/05\/Paysage_d-arbres-768x336.png 768w, https:\/\/blogs.univ-tlse2.fr\/apprendre-la-geographie\/files\/2017\/05\/Paysage_d-arbres-1024x448.png 1024w\" sizes=\"auto, (max-width: 300px) 100vw, 300px\" \/><\/a><figcaption id=\"caption-attachment-1348\" class=\"wp-caption-text\"><strong><strong><strong>Un paysage d&rsquo;arbres (maquette paysage pop-up)<\/strong><\/strong><\/strong><\/figcaption><\/figure>\n<p>&nbsp;<\/p>\n<p>&nbsp;<\/p>\n<p style=\"text-align: left\"><a href=\"https:\/\/blogs.univ-tlse2.fr\/apprendre-la-geographie\/files\/2017\/05\/PAGE_Paysage_d-arbres_Pop_Up_A_construire.pdf\">Le paysage d&rsquo;arbres (pdf \u00e0 imprimer)<\/a><\/p>\n<h6 style=\"text-align: left\"><\/h6>\n<h6 style=\"text-align: left\"><\/h6>\n<h6 style=\"text-align: left\"><\/h6>\n<h6 style=\"text-align: left\"><\/h6>\n<h6 style=\"text-align: left\">Sur les arbres et paysages d&rsquo;arbres<\/h6>\n<p><strong>Litt\u00e9rature de jeunesse :<\/strong><br \/>\nBoisrobert, A., Rigaud, L., Strady, S., <a href=\"http:\/\/helium-editions.fr\/livre\/dans-la-foret-du-paresseux\/\"><em>Dans la for\u00eat du paresseux<\/em><\/a>, Paris, H\u00e9lium, 2011.<br \/>\nLe Cl\u00e9zio, J.M.G. (et Galeron, H., illust), <em>Voyage au pays des arbres<\/em>, Paris, Gallimard Jeunesse, 1978.<br \/>\nPinguilly, Y., Koenig F., <em>Le voyage de l\u2019arbre<\/em>, Paris, Autrement Jeunesse, 2012.<br \/>\nSilverstein, S., <em>L\u2019arbre g\u00e9n\u00e9reux<\/em>, Paris, L\u2019Ecole des Loisirs, 2007 (1964).<\/p>\n<p><strong>Litt\u00e9rature scientifique et professionnelle (tr\u00e8s accessible avec de nombreuses illustrations) :<\/strong><br \/>\nPointereau, P., et al., <a href=\"https:\/\/solagro.org\/nos-travaux-et-productions\"><em>Arbres et eaux : r\u00f4le des arbres champ\u00eatres<\/em><\/a>, Toulouse, \u00c9d. Solagro, 2000.<br \/>\nPointereau, P. et al., <a href=\"https:\/\/solagro.org\/nos-travaux-et-productions\"><em>Arbres et biodiversit\u00e9 : r\u00f4le des arbres champ\u00eatres<\/em><\/a>, Toulouse, \u00c9d. Solagro et Station f\u00e9d\u00e9rale de recherches en agro\u00e9cologie et agriculture, 2002.<br \/>\nPointereau, P., et al.,<a href=\"https:\/\/solagro.org\/nos-travaux-et-productions\"><em> L\u2019arbre et le paysage<\/em><\/a>, Toulouse, \u00c9d. Solagro, 2005.<\/p>\n","protected":false},"excerpt":{"rendered":"<p>Sensibiliser les enfants aux arbres et aux paysages d&rsquo;arbres\u00a0\u00e0 partir de lectures et d&rsquo;activit\u00e9s manuelles. &nbsp; Cavaill\u00e9 Fabienne, \u00ab\u00a0De l&rsquo;arbre au paysage d&rsquo;arbres. Une proposition de sensibilisation des enfants \u00e0 partir d&rsquo;albums de jeunesse\u00a0\u00bb,\u00a0Projets de paysage, 30\/06\/2017. &nbsp; Des lectures Iwamura K., La famille Souris d\u00eene au clair de lune, Paris, L\u2019Ecole des Loisirs, 1989. &hellip; <a href=\"https:\/\/blogs.univ-tlse2.fr\/apprendre-la-geographie\/des-activites-pour-les-enfants\/de-l-arbre-aux-paysages-d-arbres\/\" class=\"more-link\">Continuer la lecture de <span class=\"screen-reader-text\">De l&rsquo;arbre aux paysages d&rsquo;arbres<\/span> <span class=\"meta-nav\">&rarr;<\/span><\/a><\/p>\n","protected":false},"author":203,"featured_media":0,"parent":740,"menu_order":0,"comment_status":"closed","ping_status":"closed","template":"","meta":{"footnotes":""},"class_list":["post-1325","page","type-page","status-publish","hentry"],"_links":{"self":[{"href":"https:\/\/blogs.univ-tlse2.fr\/apprendre-la-geographie\/wp-json\/wp\/v2\/pages\/1325","targetHints":{"allow":["GET"]}}],"collection":[{"href":"https:\/\/blogs.univ-tlse2.fr\/apprendre-la-geographie\/wp-json\/wp\/v2\/pages"}],"about":[{"href":"https:\/\/blogs.univ-tlse2.fr\/apprendre-la-geographie\/wp-json\/wp\/v2\/types\/page"}],"author":[{"embeddable":true,"href":"https:\/\/blogs.univ-tlse2.fr\/apprendre-la-geographie\/wp-json\/wp\/v2\/users\/203"}],"replies":[{"embeddable":true,"href":"https:\/\/blogs.univ-tlse2.fr\/apprendre-la-geographie\/wp-json\/wp\/v2\/comments?post=1325"}],"version-history":[{"count":58,"href":"https:\/\/blogs.univ-tlse2.fr\/apprendre-la-geographie\/wp-json\/wp\/v2\/pages\/1325\/revisions"}],"predecessor-version":[{"id":1500,"href":"https:\/\/blogs.univ-tlse2.fr\/apprendre-la-geographie\/wp-json\/wp\/v2\/pages\/1325\/revisions\/1500"}],"up":[{"embeddable":true,"href":"https:\/\/blogs.univ-tlse2.fr\/apprendre-la-geographie\/wp-json\/wp\/v2\/pages\/740"}],"wp:attachment":[{"href":"https:\/\/blogs.univ-tlse2.fr\/apprendre-la-geographie\/wp-json\/wp\/v2\/media?parent=1325"}],"curies":[{"name":"wp","href":"https:\/\/api.w.org\/{rel}","templated":true}]}}