 {"id":680,"date":"2013-09-13T15:21:20","date_gmt":"2013-09-13T13:21:20","guid":{"rendered":"https:\/\/blogs.univ-tlse2.fr\/enseigner-la-geographie\/?page_id=680"},"modified":"2017-06-01T22:53:28","modified_gmt":"2017-06-01T20:53:28","slug":"des-textes-ou-concrets","status":"publish","type":"page","link":"https:\/\/blogs.univ-tlse2.fr\/apprendre-la-geographie\/lenseignement-de-la-geographie\/des-textes-ou-concrets\/","title":{"rendered":"Des textes + ou \u2013 concrets"},"content":{"rendered":"<div>\n<ul>\n<li><span style=\"color: #000000\"><a href=\"https:\/\/blogs.univ-tlse2.fr\/apprendre-la-geographie\/files\/2013\/09\/Allieu-Mary_2010_Interdisciplinarite_pedagogique_Hist-geo_ok1.pdf\"><span style=\"color: #000000\">ALLIEU-MARY Nicole, 2010, L&rsquo;interdisciplinarit\u00e9 p\u00e9dagogique &#8212; Le cas de l&rsquo;histoire-g\u00e9ographie-instruction civique<\/span><\/a><\/span><\/li>\n<li><span style=\"color: #000000\"><a href=\"https:\/\/blogs.univ-tlse2.fr\/apprendre-la-geographie\/files\/2013\/09\/Considere_2004_Prendre-la-parole-en-geographie-au-cycle3.pdf\"><span style=\"color: #000000\">CONSIDERE Sylvie, 2004, Prendre la parole &#8211; en g\u00e9ographie au cycle 3<\/span><\/a><\/span><\/li>\n<li><span style=\"color: #000000\"><a href=\"https:\/\/blogs.univ-tlse2.fr\/apprendre-la-geographie\/files\/2013\/09\/Leguern_Themines_2011_Des_enfants_iconographes_de_l_espace.pdf\"><span style=\"color: #000000\">LE GUERN Anne-Laure, THEMINES Jean-Fran\u00e7ois, 2011, Des enfants iconographes de l&rsquo;espace<\/span><\/a><\/span><\/li>\n<li><span style=\"color: #000000\"><a href=\"https:\/\/blogs.univ-tlse2.fr\/apprendre-la-geographie\/files\/2013\/09\/Leroux_Verherve_2012_Sur-la-frontiere-quelles-representations-des-enfants.pdf\"><span style=\"color: #000000\">LEROUX Xavier, VERHERVE Maud, 2012, Sur la fronti\u00e8re, quelles repr\u00e9sentations des enfants ?<\/span><\/a><\/span><\/li>\n<li><span style=\"color: #000000\"><a href=\"https:\/\/blogs.univ-tlse2.fr\/apprendre-la-geographie\/files\/2013\/07\/Philippot_Bouissou_SD_Analyse-dune-s%C3%A9ance-de-g%C3%A9ographie.pdf\"><span style=\"color: #000000\">PHILIPPOT Thierry, BOUISSOU Christine, 2006, Analyse d\u2019une s\u00e9ance de g\u00e9ographie \u00e0 l\u2019\u00e9cole \u00e9l\u00e9mentaire<\/span><\/a><a href=\"https:\/\/blogs.univ-tlse2.fr\/apprendre-la-geographie\/files\/2013\/07\/Philippot_Bouissou_SD_Analyse-dune-s%C3%A9ance-de-g%C3%A9ographie.pdf\"><span style=\"color: #000000\"><br \/>\n<\/span><\/a><\/span><\/li>\n<li><span style=\"color: #000000\"><a href=\"https:\/\/blogs.univ-tlse2.fr\/apprendre-la-geographie\/files\/2013\/07\/Philippot_Bouissou_2007_Les-images-en-geo-Qu-en-font-les-enseignants-et-les-eleves.pdf\"><span style=\"color: #000000\">PHILIPPOT Thierry, BOUISSOU Christine, 2007, Les images en g\u00e9ographie. Qu\u2019en font les enseignants et les \u00e9l\u00e8ves ?<\/span><\/a><\/span><\/li>\n<li><span style=\"color: #000000\"><a href=\"https:\/\/blogs.univ-tlse2.fr\/apprendre-la-geographie\/files\/2013\/07\/Themines_2008_Technicite-de-la-description-espace-vecu.pdf\"><span style=\"color: #000000\">THEMINES Jean-Fran\u00e7ois, 2008, Technicit\u00e9 de la description &#8211; Ecritures d&rsquo;espace vecu<\/span><\/a><\/span><\/li>\n<li><span style=\"color: #000000\"><a href=\"https:\/\/blogs.univ-tlse2.fr\/apprendre-la-geographie\/files\/2013\/09\/Themines_2012_Ressources-de-pblm-en-geo.pdf\"><span style=\"color: #000000\">THEMINES Jean-Fran\u00e7ois, 2012, Ressources de probl\u00e9matisation en g\u00e9ographie scolaire<\/span><\/a><\/span><\/li>\n<li><span style=\"color: #000000\"><a href=\"https:\/\/blogs.univ-tlse2.fr\/apprendre-la-geographie\/files\/2013\/09\/Veyrunes_2006_Le-cours-dialogue-en-geographie-a-l-ecole.pdf\"><span style=\"color: #000000\">VEYRUNES Philippe, 2006, Le cours dialogu\u00e9 en g\u00e9ographie \u00e0 l&rsquo;\u00e9cole<\/span><\/a><\/span><\/li>\n<\/ul>\n<\/div>\n","protected":false},"excerpt":{"rendered":"<p>ALLIEU-MARY Nicole, 2010, L&rsquo;interdisciplinarit\u00e9 p\u00e9dagogique &#8212; Le cas de l&rsquo;histoire-g\u00e9ographie-instruction civique CONSIDERE Sylvie, 2004, Prendre la parole &#8211; en g\u00e9ographie au cycle 3 LE GUERN Anne-Laure, THEMINES Jean-Fran\u00e7ois, 2011, Des enfants iconographes de l&rsquo;espace LEROUX Xavier, VERHERVE Maud, 2012, Sur la fronti\u00e8re, quelles repr\u00e9sentations des enfants ? PHILIPPOT Thierry, BOUISSOU Christine, 2006, Analyse d\u2019une s\u00e9ance &hellip; <a href=\"https:\/\/blogs.univ-tlse2.fr\/apprendre-la-geographie\/lenseignement-de-la-geographie\/des-textes-ou-concrets\/\" class=\"more-link\">Continuer la lecture de <span class=\"screen-reader-text\">Des textes + ou \u2013 concrets<\/span> <span class=\"meta-nav\">&rarr;<\/span><\/a><\/p>\n","protected":false},"author":1,"featured_media":0,"parent":676,"menu_order":2,"comment_status":"closed","ping_status":"open","template":"","meta":{"footnotes":""},"class_list":["post-680","page","type-page","status-publish","hentry"],"_links":{"self":[{"href":"https:\/\/blogs.univ-tlse2.fr\/apprendre-la-geographie\/wp-json\/wp\/v2\/pages\/680","targetHints":{"allow":["GET"]}}],"collection":[{"href":"https:\/\/blogs.univ-tlse2.fr\/apprendre-la-geographie\/wp-json\/wp\/v2\/pages"}],"about":[{"href":"https:\/\/blogs.univ-tlse2.fr\/apprendre-la-geographie\/wp-json\/wp\/v2\/types\/page"}],"author":[{"embeddable":true,"href":"https:\/\/blogs.univ-tlse2.fr\/apprendre-la-geographie\/wp-json\/wp\/v2\/users\/1"}],"replies":[{"embeddable":true,"href":"https:\/\/blogs.univ-tlse2.fr\/apprendre-la-geographie\/wp-json\/wp\/v2\/comments?post=680"}],"version-history":[{"count":26,"href":"https:\/\/blogs.univ-tlse2.fr\/apprendre-la-geographie\/wp-json\/wp\/v2\/pages\/680\/revisions"}],"predecessor-version":[{"id":1401,"href":"https:\/\/blogs.univ-tlse2.fr\/apprendre-la-geographie\/wp-json\/wp\/v2\/pages\/680\/revisions\/1401"}],"up":[{"embeddable":true,"href":"https:\/\/blogs.univ-tlse2.fr\/apprendre-la-geographie\/wp-json\/wp\/v2\/pages\/676"}],"wp:attachment":[{"href":"https:\/\/blogs.univ-tlse2.fr\/apprendre-la-geographie\/wp-json\/wp\/v2\/media?parent=680"}],"curies":[{"name":"wp","href":"https:\/\/api.w.org\/{rel}","templated":true}]}}