 {"id":138,"date":"2015-05-11T15:42:11","date_gmt":"2015-05-11T13:42:11","guid":{"rendered":"https:\/\/blogs.univ-tlse2.fr\/arcd2016\/?page_id=138"},"modified":"2016-02-19T14:25:12","modified_gmt":"2016-02-19T13:25:12","slug":"informations-pratiques","status":"publish","type":"page","link":"https:\/\/blogs.univ-tlse2.fr\/arcd2016\/informations-pratiques\/","title":{"rendered":"INFORMATIONS PRATIQUES"},"content":{"rendered":"<ul>\n<li><a href=\"https:\/\/blogs.univ-tlse2.fr\/arcd2016\/informations-pratiques\/hebergement\/\">Les possibilit\u00e9s d&rsquo;h\u00e9bergement \u00e0 Toulouse<\/a><\/li>\n<li><a href=\"https:\/\/blogs.univ-tlse2.fr\/arcd2016\/informations-pratiques\/restauration\/\">Restauration durant le colloque<\/a><\/li>\n<li><a href=\"https:\/\/blogs.univ-tlse2.fr\/arcd2016\/plans-et-acces\/\">Les coordonn\u00e9es, plans et acc\u00e8s pour se rendre \u00e0 l&rsquo;universit\u00e9 Toulouse Jean Jaur\u00e8s<\/a><\/li>\n<\/ul>\n<p>L\u2019universit\u00e9 est ferm\u00e9e du 29 f\u00e9vrier au 6 mars. Les organisateurs ne pourront pas r\u00e9pondre \u00e0 vos interrogations durant cette p\u00e9riode.<\/p>\n<p>En raison du plan vigipirate, des papiers d&rsquo;identit\u00e9 vous seront demand\u00e9s \u00e0 l&rsquo;accueil.<\/p>\n<p>Contacter le comit\u00e9 d&rsquo;organisation : <a class=\"moz-txt-link-abbreviated\" href=\"&#x6d;&#97;i&#x6c;&#x74;&#111;:&#x61;&#x72;&#99;d&#x32;&#x30;16&#x40;&#x75;ni&#x76;&#45;tl&#x73;&#101;2&#x2e;&#x66;&#114;\">ar&#99;&#x64;&#x32;01&#54;&#x40;&#x75;&#x6e;iv&#45;&#x74;&#x6c;se&#50;&#x2e;&#x66;&#x72;<\/a><\/p>\n","protected":false},"excerpt":{"rendered":"<p>Les possibilit\u00e9s d&rsquo;h\u00e9bergement \u00e0 Toulouse Restauration durant le colloque Les coordonn\u00e9es, plans et acc\u00e8s pour se rendre \u00e0 l&rsquo;universit\u00e9 Toulouse Jean Jaur\u00e8s L\u2019universit\u00e9 est ferm\u00e9e du 29 f\u00e9vrier au 6 mars. Les organisateurs ne pourront pas r\u00e9pondre \u00e0 vos interrogations durant cette p\u00e9riode. En raison du plan vigipirate, des papiers d&rsquo;identit\u00e9 vous seront demand\u00e9s \u00e0 [&hellip;]<\/p>\n","protected":false},"author":196,"featured_media":0,"parent":0,"menu_order":0,"comment_status":"closed","ping_status":"open","template":"","meta":{"footnotes":""},"class_list":["post-138","page","type-page","status-publish","hentry"],"_links":{"self":[{"href":"https:\/\/blogs.univ-tlse2.fr\/arcd2016\/wp-json\/wp\/v2\/pages\/138","targetHints":{"allow":["GET"]}}],"collection":[{"href":"https:\/\/blogs.univ-tlse2.fr\/arcd2016\/wp-json\/wp\/v2\/pages"}],"about":[{"href":"https:\/\/blogs.univ-tlse2.fr\/arcd2016\/wp-json\/wp\/v2\/types\/page"}],"author":[{"embeddable":true,"href":"https:\/\/blogs.univ-tlse2.fr\/arcd2016\/wp-json\/wp\/v2\/users\/196"}],"replies":[{"embeddable":true,"href":"https:\/\/blogs.univ-tlse2.fr\/arcd2016\/wp-json\/wp\/v2\/comments?post=138"}],"version-history":[{"count":8,"href":"https:\/\/blogs.univ-tlse2.fr\/arcd2016\/wp-json\/wp\/v2\/pages\/138\/revisions"}],"predecessor-version":[{"id":287,"href":"https:\/\/blogs.univ-tlse2.fr\/arcd2016\/wp-json\/wp\/v2\/pages\/138\/revisions\/287"}],"wp:attachment":[{"href":"https:\/\/blogs.univ-tlse2.fr\/arcd2016\/wp-json\/wp\/v2\/media?parent=138"}],"curies":[{"name":"wp","href":"https:\/\/api.w.org\/{rel}","templated":true}]}}