 {"id":143,"date":"2015-05-11T16:03:29","date_gmt":"2015-05-11T14:03:29","guid":{"rendered":"https:\/\/blogs.univ-tlse2.fr\/arcd2016\/?page_id=143"},"modified":"2015-06-08T09:25:16","modified_gmt":"2015-06-08T07:25:16","slug":"hebergement","status":"publish","type":"page","link":"https:\/\/blogs.univ-tlse2.fr\/arcd2016\/informations-pratiques\/hebergement\/","title":{"rendered":"H\u00e9bergement"},"content":{"rendered":"<h2>Voici quelques h\u00f4tels susceptibles de vous accueillir pendant votre s\u00e9jour \u00e0 Toulouse :<\/h2>\n<p>(Vous pouvez pr\u00e9ciser \u00e0 ces \u00e9tablissements que vous participez \u00e0 une manifestation organis\u00e9e par l\u2019universit\u00e9 de Toulouse le Mirail)<\/p>\n<p>&nbsp;<\/p>\n<h3><span style=\"color: #800080\">HOTEL PHOENICIA ***<\/span><\/h3>\n<p>Adresse\u00a0: 7, boulevard Bonrepos (face \u00e0 la gare) \u2013 t\u00e9l. 05 61 63 81 63 \u2013 fax. 05 61 63 02 06<\/p>\n<p>Acc\u00e8s\u00a0: m\u00e9tro Ligne A arr\u00eat \u00ab\u00a0Marengo \u2013 SNCF\u00a0\u00bb<\/p>\n<p>Mail\u00a0: <a href=\"&#x6d;&#x61;&#x69;&#x6c;&#x74;&#x6f;&#58;&#104;otel&#46;p&#x68;&#x6f;&#x65;&#x6e;&#x69;&#x63;&#105;&#97;&#64;wanad&#x6f;&#x6f;&#x2e;&#x66;&#x72;\">&#x68;&#x6f;te&#x6c;&#x2e;&#112;ho&#x65;&#x6e;&#105;ci&#x61;&#x40;&#119;an&#x61;&#x64;oo&#x2e;&#x66;&#114;<\/a><\/p>\n<p>Site web\u00a0: <a href=\"http:\/\/www.hotel-phoenicia-toulouse.com\">www.hotel-phoenicia-toulouse.com<\/a><\/p>\n<h4>TARIFS<\/h4>\n<p>de 79 \u00e0 90\u20ac petit d\u00e9jeuner inclus<\/p>\n<p>Parking\u00a0: NON mais public de la Gare \u00e0 proximit\u00e9 avec tarif pr\u00e9f\u00e9rentiel 24h\/24<\/p>\n<p>Accueil 24h\/24<\/p>\n<p>&nbsp;<\/p>\n<h3><span style=\"color: #800080\">IBIS STYLE ***<\/span><\/h3>\n<p>Adresse\u00a0: 13, boulevard Bonrepos (face \u00e0 la gare) \u2013 t\u00e9l. 05 61 62 44 78 \u2013 fax. 05 61 63 18 06<\/p>\n<p>Acc\u00e8s\u00a0: m\u00e9tro Ligne A arr\u00eat \u00ab\u00a0Marengo \u2013 SNCF\u00a0\u00bb<\/p>\n<p>Mail\u00a0: <a href=\"&#109;&#x61;i&#x6c;t&#x6f;:&#104;&#x6f;t&#x65;l&#x40;t&#111;&#x75;l&#x6f;u&#x73;e&#45;&#x66;r&#x61;n&#x63;e&#46;&#x66;r\">h&#x6f;&#x74;e&#108;&#x40;t&#111;&#x75;&#x6c;o&#x75;&#x73;e&#45;&#x66;r&#97;&#x6e;&#x63;e&#x2e;&#x66;r<\/a><\/p>\n<p>Site web\u00a0: <a href=\"http:\/\/www.accorhotels.com\/fr\/hotel-8481-ibis-styles-toulouse-gare-centre-matabiau\/index.shtml\">http:\/\/www.accorhotels.com\/fr\/hotel\u2026<\/a><\/p>\n<h4>TARIFS :<\/h4>\n<p>de 59 \u00e0 95\u20ac<\/p>\n<p>petit-d\u00e9jeuner compris<\/p>\n<p>parking\u00a0: NON mais pkg public \u00e0 proximit\u00e9 de l\u2019h\u00f4tel<\/p>\n<p>accueil 24h\/24<\/p>\n<p>&nbsp;<\/p>\n<h3><span style=\"color: #800080\">BEST WESTERN ATHENEE ***<\/span><\/h3>\n<p>Adresse\u00a0: 1 bis rue Matabiau \u2013 t\u00e9l. 05 61 63 10 63 \u2013 fax. 05 61 63 87 80<\/p>\n<p>Acc\u00e8s\u00a0: m\u00e9tro Ligne B arr\u00eat \u00ab\u00a0Jeanne d\u2019Arc\u00a0\u00bb<\/p>\n<p>Mail\u00a0: <a href=\"&#x6d;a&#x69;&#108;t&#x6f;:&#x63;&#111;n&#x74;a&#x63;&#116;&#64;&#x68;o&#x74;&#x65;l&#x2d;&#116;o&#x75;l&#x6f;&#117;s&#x65;-&#x61;&#116;h&#x65;n&#x65;&#x65;&#46;&#x63;&#111;m\">&#99;o&#x6e;t&#x61;c&#x74;&#64;&#x68;o&#x74;e&#x6c;&#45;&#x74;&#111;u&#108;o&#x75;s&#x65;-&#x61;t&#x68;e&#x6e;e&#x65;&#46;&#x63;&#111;m<\/a><\/p>\n<p>Site web\u00a0: <a href=\"http:\/\/www.hotel-toulouse-athenee.com\/\">http:\/\/www.hotel-toulouse-athenee.com\/<\/a><\/p>\n<h4>TARIFS :<\/h4>\n<p>de 70 \u00e0 90\u20ac<\/p>\n<p>petit-d\u00e9jeuner compris<\/p>\n<p>parking\u00a0: OUI 15 places non r\u00e9servables \u00e0 10 \u20ac\/24h<\/p>\n<p>accueil 24h\/24<\/p>\n<p>&nbsp;<\/p>\n<h3><span style=\"color: #800080\">HOTEL VICTOR HUGO**<\/span><\/h3>\n<p>Adresse\u00a0: 26 boulevard de Strasbourg \u2013 t\u00e9l. 05 61 63 40 41 \u2013 fax 05 61 62 66 31<br \/>\nAcc\u00e8s\u00a0: m\u00e9tro Capitole ou Jean Jaur\u00e8s<\/p>\n<p>Mail\u00a0: <a href=\"&#x6d;a&#x69;&#x6c;t&#x6f;&#x3a;c&#x6f;&#x6e;t&#x61;&#x63;t&#x40;&#x76;i&#x63;&#116;o&#x72;&#104;u&#x67;&#111;-&#x68;&#111;t&#x65;&#108;&#46;&#x63;&#111;m\">&#x63;&#111;nt&#x61;&#x63;t&#64;&#x76;&#x69;&#99;to&#x72;&#104;ug&#x6f;&#x2d;&#104;o&#x74;&#x65;&#108;&#46;c&#x6f;&#x6d;<\/a><\/p>\n<p>Site web\u00a0: <a href=\"http:\/\/www. victorhugo-hotel.com\">www. victorhugo-hotel.com<\/a><\/p>\n<h4>TARIFS :<\/h4>\n<p>de 50 \u00e0 79\u20ac<\/p>\n<p>Petit-d\u00e9jeuner\u00a0: 9 \u20ac<\/p>\n<p>Parking\u00a0: NON mais pkg public \u00e0 proximit\u00e9 de l\u2019h\u00f4tel avec tarif pr\u00e9f\u00e9rentiel<\/p>\n<p>&nbsp;<\/p>\n<h3><span style=\"color: #800080\">HOTEL DU CAPITOLE **<\/span><\/h3>\n<p>Adresse\u00a0: 10, rue Rivals \u2013 tel. 05 61 23 21 28 \u2013 fax. 05 61 23 67 48<\/p>\n<p>Acc\u00e8s\u00a0: m\u00e9tro ligne A arr\u00eat \u201cCapitole\u201d<\/p>\n<p>Mail\u00a0: <a href=\"&#x6d;&#x61;&#x69;&#108;to:&#x63;&#x6f;&#x6e;&#x74;&#97;ct&#64;&#x63;&#x61;&#x70;&#105;&#116;ole&#x2d;&#x68;&#x6f;&#116;el&#46;&#x63;&#x6f;&#x6d;\">co&#110;&#x74;&#x61;&#x63;t&#64;c&#97;&#x70;&#x69;&#x74;ol&#101;&#45;&#x68;&#x6f;&#x74;el&#46;&#x63;&#x6f;&#x6d;<\/a><\/p>\n<p>Site web\u00a0: <a href=\"http:\/\/www.capitole-hotel.com\">www.capitole-hotel.com<\/a><\/p>\n<h4>TARIFS<\/h4>\n<p>de 56 \u00e0 89\u20ac<\/p>\n<p>Petit d\u00e9jeuner\u00a0: 8 \u20ac<\/p>\n<p>Parking\u00a0: NON\u00a0 mais pkg public V.Hugo \u00e0 proximit\u00e9 avec tarif pr\u00e9f\u00e9rentiel<\/p>\n<p>&nbsp;<\/p>\n<h3><span style=\"color: #800080\">HOTEL CASTELLANE**<\/span><\/h3>\n<p>Adresse\u00a0: 17, rue Castellane \u2013 t\u00e9l. 05 61 62 18 82 \u2013 fax. 05 61 62 58 04<\/p>\n<p>Acc\u00e8s\u00a0: m\u00e9tro ligne A arr\u00eat \u00ab\u00a0Jean Jaur\u00e8s\u00a0\u00bb<\/p>\n<p>Mail\u00a0: <a href=\"&#x6d;&#97;il&#x74;&#x6f;:c&#x61;&#x73;&#116;el&#x6c;&#97;ne&#x68;&#x6f;&#116;e&#x6c;&#x40;&#119;an&#x61;&#x64;oo&#x2e;&#x66;&#114;\">&#99;a&#x73;t&#x65;l&#x6c;a&#x6e;&#101;&#x68;&#111;t&#x65;l&#x40;w&#x61;n&#x61;d&#x6f;&#111;&#x2e;&#102;r<\/a><\/p>\n<p>Site web\u00a0: <a href=\"http:\/\/www.castellanehotel.com\/\">www.castellanehotel.com\/<\/a><\/p>\n<h4>TARIFS :<\/h4>\n<p>de 60 \u00e0 120\u20ac<\/p>\n<p>Petit-d\u00e9jeuner buffet \u00e0 volont\u00e9\u00a0: 8,50 \u20ac<\/p>\n<p>Parking\u00a0: OUI 10 \u20ac \/ 24h<\/p>\n<p>&nbsp;<\/p>\n<h3><span style=\"color: #800080\">HOTEL DU TAUR**<\/span><\/h3>\n<p>Adresse\u00a0: 2, rue du Taur \u2013 tel. 05 61 21 17 54 \u2013 fax. 05 61 13 78 41<\/p>\n<p>Acc\u00e8s\u00a0: m\u00e9tro ligne A arr\u00eat \u201cCapitole\u201d<\/p>\n<p>Mail\u00a0: <a href=\"m&#x61;&#x69;l&#x74;&#x6f;:&#x68;&#x6f;t&#x65;&#x6c;d&#x75;&#x74;a&#x75;&#x72;&#64;&#x77;&#x61;n&#x61;&#x64;o&#x6f;&#x2e;f&#x72;\">h&#x6f;&#x74;e&#x6c;&#x64;u&#x74;&#x61;u&#x72;&#x40;w&#x61;&#x6e;a&#x64;&#x6f;o&#x2e;&#x66;r<\/a><\/p>\n<p>Site web\u00a0: <a href=\"http:\/\/www.hotel-du-taur.com\">www.hotel-du-taur.com<\/a><\/p>\n<h4>TARIFS<\/h4>\n<p>de 50 \u00e0 81\u20ac<\/p>\n<p>Petit-d\u00e9jeuner\u00a0: non-inclus\u00a0: 9 \u20ac<\/p>\n<p>Parking\u00a0: NON mais parking du Capitole public \u00e0 proximit\u00e9<\/p>\n<p>&nbsp;<\/p>\n<h3><span style=\"color: #800080\">ROYAL WILSON **<\/span><\/h3>\n<p>Adresse\u00a0: 6 rue Labeda \u2013 t\u00e9l. 05 61 12 41 41 \u2013 fax 05 61 12 41 53<\/p>\n<p>Acc\u00e8s\u00a0: m\u00e9tro ligne A arr\u00eat \u201cCapitole\u201d ou \u201cJean Jaur\u00e8s\u201d<\/p>\n<p>Mail\u00a0: <a href=\"&#x6d;&#x61;&#x69;&#x6c;&#x74;&#x6f;&#58;&#99;ontact&#x40;&#x68;&#x6f;&#x74;&#x65;&#x6c;&#114;&#111;yalwil&#x73;&#x6f;&#x6e;&#x2d;&#x74;&#x6f;&#117;&#108;&#111;use&#46;c&#x6f;&#x6d;\">&#x63;&#x6f;&#x6e;&#x74;&#x61;&#x63;&#x74;&#x40;&#x68;&#x6f;&#x74;&#x65;&#x6c;&#x72;&#111;&#121;&#97;&#108;&#119;&#105;lson-toulouse&#x2e;&#x63;&#x6f;&#x6d;<\/a><\/p>\n<p>Site web\u00a0: <a href=\"http:\/\/www.hotelroyalwilson-toulouse.com\">www.hotelroyalwilson-toulouse.com<\/a><\/p>\n<h4>TARIFS :<\/h4>\n<p>de 61 \u00e0 98\u20ac<\/p>\n<p>Petit d\u00e9jeuner\u00a0: 9 \u20ac<\/p>\n<p>garage priv\u00e9 : 9\u20ac \/ jour<\/p>\n<p>&nbsp;<\/p>\n<h3><span style=\"color: #800080\">APPART HOTEL ADAGIO ACCESS JOLIMONT<\/span><\/h3>\n<p>Adresse :11 avenue L\u00e9on Blum \u2013 t\u00e9l. 05 34 30 28 00 \u2013 fax\u00a0: 05 34 30 28 01<\/p>\n<p>Mail\u00a0: <a href=\"&#109;a&#105;l&#116;o&#x3a;H&#x38;3&#x38;8&#x40;a&#x64;a&#x67;i&#x6f;-&#x63;i&#x74;y&#x2e;c&#x6f;m\">&#x48;&#x38;&#x33;&#56;&#56;&#64;ad&#x61;&#x67;&#x69;&#x6f;&#45;cit&#x79;&#x2e;&#x63;&#x6f;&#109;<\/a><\/p>\n<p>Site web : <a href=\"http:\/\/www.adagio-city.com\/fr\/hotel-8388-adagio-access-toulouse-jolimont-ex-citea\/index.shtml\">www.adagio-city.com\/fr\u2026<\/a><\/p>\n<h4>TARIFS :<\/h4>\n<p>de 59 \u20ac \u00e0 75 \u20ac (Tarifs d\u00e9gressifs \u00e0 partir de 4 nuits, Tarif groupe \u00e0 n\u00e9gocier)<\/p>\n<p>Petit d\u00e9jeuner\u00a0: 7,50 \u20ac<\/p>\n<p>Parking\u00a0: NON mais pkg public \u00e0 proximit\u00e9<\/p>\n<p>&nbsp;<\/p>\n<h3><span style=\"color: #800080\">AT HOME APPART HOTEL<\/span><\/h3>\n<p>Adresse : 7, rue du Pont Montaudran \u2013 31000 TOULOUSE \u2013 t\u00e9l. 05\u00a034 41 76 50 \u2013 fax\u00a0: 05 61 63 08 89<\/p>\n<p>Mail : <a href=\"m&#x61;&#x69;l&#116;&#x6f;&#x3a;t&#111;&#x75;lo&#x75;&#x73;e&#64;&#x61;th&#x6f;&#x6d;e&#45;&#x61;&#x68;&#46;&#x63;&#x6f;m\">&#116;&#x6f;&#117;&#x6c;&#111;&#x75;&#115;&#x65;&#64;&#x61;t&#x68;o&#x6d;e&#x2d;a&#x68;&#46;&#x63;o&#x6d;<\/a><\/p>\n<p>Site web : <a href=\"http:\/\/www.athome-ah.com\">www.athome-ah.com<\/a><\/p>\n<h4>TARIFS :<\/h4>\n<p>60 \u20ac<\/p>\n<p>Petit d\u00e9jeuner : 9 \u20ac<\/p>\n<p>Parking : OUI<\/p>\n<p>&nbsp;<\/p>\n<h3><span style=\"color: #800080\">RESIDHOME OCCITANIA APPART HOTEL***<\/span><\/h3>\n<p>Adresse : 93, avenue de Lombez &#8211; 31300 TOULOUSE &#8211; t\u00e9l : 05 61 44 08 34 &#8211; fax : 05 61 43 08 38<\/p>\n<p>Mail : <a href=\"&#x6d;ai&#x6c;&#116;o&#x3a;&#116;o&#x75;&#x6c;o&#x75;&#x73;e&#46;&#x6f;&#99;c&#x69;&#116;a&#x6e;&#x69;a&#x40;&#x72;es&#x69;dh&#x6f;&#109;e&#x2e;&#99;o&#x6d;\">t&#x6f;u&#108;&#x6f;u&#x73;&#x65;&#46;&#x6f;c&#99;&#x69;t&#97;&#x6e;i&#x61;&#64;&#114;&#x65;s&#105;&#x64;h&#x6f;&#x6d;e&#x2e;c&#111;&#x6d;<\/a><\/p>\n<p>Site web : <a href=\"http:\/\/www.residhome.com\/residence-hoteliere-aparthotel-toulouse-185.html\" target=\"_blank\">http:\/\/www.residhome.com\/<\/a><\/p>\n<h4>TARIFS :<\/h4>\n<p>de 69 \u00e0 83\u20ac<\/p>\n<p>Petit d\u00e9jeuner : 9,50\u20ac<\/p>\n<p>Parking : OUI en suppl\u00e9ment<\/p>\n<p>&nbsp;<\/p>\n<h3><span style=\"color: #800080\">RESIDHOME TOLOSA APPART HOTEL***<\/span><\/h3>\n<p>Adresse : 279, avenue de Grande bretagne &#8211; 31300 TOULOUSE &#8211; t\u00e9l : 05 34 39 80 80 &#8211; fax : 05 34 39 80 81<\/p>\n<p>Mail : <a href=\"&#x6d;a&#x69;&#108;t&#x6f;:&#x74;&#111;u&#x6c;o&#x75;&#115;e&#x2e;t&#x6f;&#x6c;o&#x73;&#97;&#64;&#x72;e&#x73;&#105;d&#x68;o&#x6d;&#101;&#46;&#x63;o&#x6d;\">&#116;o&#x75;l&#x6f;u&#x73;&#101;&#x2e;&#116;o&#x6c;o&#x73;a&#x40;r&#x65;&#115;&#x69;&#100;h&#x6f;m&#x65;&#46;&#x63;&#111;&#x6d;<\/a><\/p>\n<p>Site web : <a href=\"http:\/\/www.residhome.com\/residence-hoteliere-aparthotel-toulouse-199.html\" target=\"_blank\">http:\/\/www.residhome.com<\/a><\/p>\n<h4>TARIFS<\/h4>\n<p>studio : 62\u20ac<\/p>\n<p>petit d\u00e9jeuner : 9,50\u20ac<\/p>\n<p>Navette a\u00e9roport gratuite<\/p>\n<p>Parking en suppl\u00e9ment<\/p>\n<p>&nbsp;<\/p>\n<h4>D\u2019autres h\u00f4tels sur le site :<br \/>\n<a href=\"http:\/\/www.toulouse-tourisme.com\" target=\"_blank\">www.toulouse-tourisme.com<\/a><\/h4>\n","protected":false},"excerpt":{"rendered":"<p>Voici quelques h\u00f4tels susceptibles de vous accueillir pendant votre s\u00e9jour \u00e0 Toulouse : (Vous pouvez pr\u00e9ciser \u00e0 ces \u00e9tablissements que vous participez \u00e0 une manifestation organis\u00e9e par l\u2019universit\u00e9 de Toulouse le Mirail) &nbsp; HOTEL PHOENICIA *** Adresse\u00a0: 7, boulevard Bonrepos (face \u00e0 la gare) \u2013 t\u00e9l. 05 61 63 81 63 \u2013 fax. 05 61 [&hellip;]<\/p>\n","protected":false},"author":196,"featured_media":0,"parent":138,"menu_order":0,"comment_status":"closed","ping_status":"open","template":"","meta":{"footnotes":""},"class_list":["post-143","page","type-page","status-publish","hentry"],"_links":{"self":[{"href":"https:\/\/blogs.univ-tlse2.fr\/arcd2016\/wp-json\/wp\/v2\/pages\/143","targetHints":{"allow":["GET"]}}],"collection":[{"href":"https:\/\/blogs.univ-tlse2.fr\/arcd2016\/wp-json\/wp\/v2\/pages"}],"about":[{"href":"https:\/\/blogs.univ-tlse2.fr\/arcd2016\/wp-json\/wp\/v2\/types\/page"}],"author":[{"embeddable":true,"href":"https:\/\/blogs.univ-tlse2.fr\/arcd2016\/wp-json\/wp\/v2\/users\/196"}],"replies":[{"embeddable":true,"href":"https:\/\/blogs.univ-tlse2.fr\/arcd2016\/wp-json\/wp\/v2\/comments?post=143"}],"version-history":[{"count":5,"href":"https:\/\/blogs.univ-tlse2.fr\/arcd2016\/wp-json\/wp\/v2\/pages\/143\/revisions"}],"predecessor-version":[{"id":163,"href":"https:\/\/blogs.univ-tlse2.fr\/arcd2016\/wp-json\/wp\/v2\/pages\/143\/revisions\/163"}],"up":[{"embeddable":true,"href":"https:\/\/blogs.univ-tlse2.fr\/arcd2016\/wp-json\/wp\/v2\/pages\/138"}],"wp:attachment":[{"href":"https:\/\/blogs.univ-tlse2.fr\/arcd2016\/wp-json\/wp\/v2\/media?parent=143"}],"curies":[{"name":"wp","href":"https:\/\/api.w.org\/{rel}","templated":true}]}}