 {"id":184,"date":"2015-07-06T15:44:31","date_gmt":"2015-07-06T13:44:31","guid":{"rendered":"https:\/\/blogs.univ-tlse2.fr\/arcd2016\/?page_id=184"},"modified":"2015-09-21T11:07:38","modified_gmt":"2015-09-21T09:07:38","slug":"depot-dune-communication","status":"publish","type":"page","link":"https:\/\/blogs.univ-tlse2.fr\/arcd2016\/depot-dune-communication\/","title":{"rendered":"DEPOT D&rsquo;UNE COMMUNICATION"},"content":{"rendered":"<p>Avant de d\u00e9poser votre communication, nous vous invitons \u00e0 prendre connaissance du <a href=\"https:\/\/blogs.univ-tlse2.fr\/arcd2016\/files\/2015\/07\/vademecum-d\u00e9posant16.pdf\">vademecum <\/a>du d\u00e9posant.<\/p>\n<p><strong>Conseil : pour les symposiums<\/strong><br \/>\nNous demandons aux responsables de symposium de :<br \/>\n\u2022 d\u00e9poser la \u00ab proposition de symposium \u00bb<br \/>\n\u2022 d\u00e9poser lui-m\u00eame pour chaque contribution une \u00ab proposition de communication en symposium \u00bb en indiquant le titre du symposium et du responsable de symposium dans la rubrique commentaire<\/p>\n<p><span style=\"color: #800080\">Nouveau d\u00e9lai pour le d\u00e9p\u00f4t des communications : 27 septembre 2015<\/span><\/p>\n<p><a href=\"http:\/\/arcd2016.sciencesconf.org\/\">Lien vers la plateforme de d\u00e9p\u00f4t<\/a><\/p>\n","protected":false},"excerpt":{"rendered":"<p>Avant de d\u00e9poser votre communication, nous vous invitons \u00e0 prendre connaissance du vademecum du d\u00e9posant. Conseil : pour les symposiums Nous demandons aux responsables de symposium de : \u2022 d\u00e9poser la \u00ab proposition de symposium \u00bb \u2022 d\u00e9poser lui-m\u00eame pour chaque contribution une \u00ab proposition de communication en symposium \u00bb en indiquant le titre du [&hellip;]<\/p>\n","protected":false},"author":271,"featured_media":0,"parent":0,"menu_order":0,"comment_status":"closed","ping_status":"open","template":"","meta":{"footnotes":""},"class_list":["post-184","page","type-page","status-publish","hentry"],"_links":{"self":[{"href":"https:\/\/blogs.univ-tlse2.fr\/arcd2016\/wp-json\/wp\/v2\/pages\/184","targetHints":{"allow":["GET"]}}],"collection":[{"href":"https:\/\/blogs.univ-tlse2.fr\/arcd2016\/wp-json\/wp\/v2\/pages"}],"about":[{"href":"https:\/\/blogs.univ-tlse2.fr\/arcd2016\/wp-json\/wp\/v2\/types\/page"}],"author":[{"embeddable":true,"href":"https:\/\/blogs.univ-tlse2.fr\/arcd2016\/wp-json\/wp\/v2\/users\/271"}],"replies":[{"embeddable":true,"href":"https:\/\/blogs.univ-tlse2.fr\/arcd2016\/wp-json\/wp\/v2\/comments?post=184"}],"version-history":[{"count":19,"href":"https:\/\/blogs.univ-tlse2.fr\/arcd2016\/wp-json\/wp\/v2\/pages\/184\/revisions"}],"predecessor-version":[{"id":225,"href":"https:\/\/blogs.univ-tlse2.fr\/arcd2016\/wp-json\/wp\/v2\/pages\/184\/revisions\/225"}],"wp:attachment":[{"href":"https:\/\/blogs.univ-tlse2.fr\/arcd2016\/wp-json\/wp\/v2\/media?parent=184"}],"curies":[{"name":"wp","href":"https:\/\/api.w.org\/{rel}","templated":true}]}}