 {"id":2,"date":"2015-03-23T14:01:51","date_gmt":"2015-03-23T13:01:51","guid":{"rendered":"https:\/\/blogs.univ-tlse2.fr\/arcd2016\/?page_id=2"},"modified":"2016-03-25T10:59:22","modified_gmt":"2016-03-25T09:59:22","slug":"page-d-exemple","status":"publish","type":"page","link":"https:\/\/blogs.univ-tlse2.fr\/arcd2016\/page-d-exemple\/","title":{"rendered":"Programme"},"content":{"rendered":"<p><strong>Le programme complet est d\u00e9sormais accessible.<\/strong><\/p>\n<p>Consultez le <a href=\"https:\/\/blogs.univ-tlse2.fr\/arcd2016\/files\/2016\/03\/Prog-ARCD.pdf\">Programme ARCD en version pdf<\/a><\/p>\n<p>&nbsp;<\/p>\n<p>Consultation du <a href=\"http:\/\/arcd2016.sciencesconf.org\/program\/details\">programme d\u00e9taill\u00e9 sur le site sciencesconf<\/a><\/p>\n<p>Consultation par jour : <a href=\"http:\/\/arcd2016.sciencesconf.org\/program\/graphic\/date\/2016-03-08\">mardi 8<\/a>, <a href=\"http:\/\/arcd2016.sciencesconf.org\/program\/graphic\/date\/2016-03-09\">mercredi 9<\/a>, <a href=\"http:\/\/arcd2016.sciencesconf.org\/program\/graphic\/date\/2016-03-10\">jeudi 10<\/a>, <a href=\"http:\/\/arcd2016.sciencesconf.org\/program\/graphic\/date\/2016-03-11\">vendredi 11<\/a><\/p>\n<p>Consultation du <a href=\"http:\/\/arcd2016.sciencesconf.org\/browse\/session\">programme par session, atelier et symposium<\/a><\/p>\n<p>Consultation du <a href=\"http:\/\/arcd2016.sciencesconf.org\/browse\/author\">programme par auteur<\/a><\/p>\n<p>&nbsp;<\/p>\n","protected":false},"excerpt":{"rendered":"<p>Le programme complet est d\u00e9sormais accessible. Consultez le Programme ARCD en version pdf &nbsp; Consultation du programme d\u00e9taill\u00e9 sur le site sciencesconf Consultation par jour : mardi 8, mercredi 9, jeudi 10, vendredi 11 Consultation du programme par session, atelier et symposium Consultation du programme par auteur &nbsp;<\/p>\n","protected":false},"author":196,"featured_media":0,"parent":0,"menu_order":0,"comment_status":"closed","ping_status":"closed","template":"","meta":{"footnotes":""},"class_list":["post-2","page","type-page","status-publish","hentry"],"_links":{"self":[{"href":"https:\/\/blogs.univ-tlse2.fr\/arcd2016\/wp-json\/wp\/v2\/pages\/2","targetHints":{"allow":["GET"]}}],"collection":[{"href":"https:\/\/blogs.univ-tlse2.fr\/arcd2016\/wp-json\/wp\/v2\/pages"}],"about":[{"href":"https:\/\/blogs.univ-tlse2.fr\/arcd2016\/wp-json\/wp\/v2\/types\/page"}],"author":[{"embeddable":true,"href":"https:\/\/blogs.univ-tlse2.fr\/arcd2016\/wp-json\/wp\/v2\/users\/196"}],"replies":[{"embeddable":true,"href":"https:\/\/blogs.univ-tlse2.fr\/arcd2016\/wp-json\/wp\/v2\/comments?post=2"}],"version-history":[{"count":22,"href":"https:\/\/blogs.univ-tlse2.fr\/arcd2016\/wp-json\/wp\/v2\/pages\/2\/revisions"}],"predecessor-version":[{"id":297,"href":"https:\/\/blogs.univ-tlse2.fr\/arcd2016\/wp-json\/wp\/v2\/pages\/2\/revisions\/297"}],"wp:attachment":[{"href":"https:\/\/blogs.univ-tlse2.fr\/arcd2016\/wp-json\/wp\/v2\/media?parent=2"}],"curies":[{"name":"wp","href":"https:\/\/api.w.org\/{rel}","templated":true}]}}