 {"id":263,"date":"2016-02-05T11:43:17","date_gmt":"2016-02-05T10:43:17","guid":{"rendered":"https:\/\/blogs.univ-tlse2.fr\/arcd2016\/?page_id=263"},"modified":"2016-02-19T11:18:44","modified_gmt":"2016-02-19T10:18:44","slug":"restauration","status":"publish","type":"page","link":"https:\/\/blogs.univ-tlse2.fr\/arcd2016\/informations-pratiques\/restauration\/","title":{"rendered":"Restauration"},"content":{"rendered":"<p>L\u2019inscription au colloque donne acc\u00e8s aux pauses caf\u00e9 et d\u00e9jeuners pour les 4 journ\u00e9es (du 8 au 11 mars).<\/p>\n<p>La participation au d\u00eener de gala du jeudi 10 mars est en suppl\u00e9ment (co\u00fbt : 45\u20ac).<\/p>\n<p>Le Sud-Ouest est un territoire de gastronomie. Aussi, de sorte \u00e0 donner une dimension conviviale \u00e0 cette manifestation journ\u00e9es, nous avons choisi avec le plus grand soin les partenaires qui assureront la restauration.<\/p>\n<p>Pour information, voici une id\u00e9e des menus qui vous seront propos\u00e9s pendant ces 4 jours :<\/p>\n<h4><span style=\"color: #800080\">Mardi 8 mars 2015<\/span><\/h4>\n<p><strong>BUFFET REPAS<\/strong><\/p>\n<p>Salade de tajine de l\u00e9gumes<br \/>\nSalade de fusillis au basilic<br \/>\nDos de saumon r\u00f4tis<br \/>\nEminc\u00e9 de poulet r\u00f4tis \u00e0 la moutarde<br \/>\nTourte aux pommes de terre<br \/>\nAssortiment de fromages<br \/>\nPains<br \/>\nTarte aux pommes<\/p>\n<h4><span style=\"color: #800080\">Mercredi 9 mars 2015<\/span><\/h4>\n<p><strong>BUFFET COCKTAIL<\/strong><\/p>\n<p>Petite brochette omelette pomme de terre olive noires et tomate cerise<br \/>\nBlinis De Fondue D\u2019aubergine<br \/>\nNavette de saumon fume<br \/>\nMini pain-bagnats<br \/>\nB\u00e2tonnets de crudit\u00e9s fromage blanc aux fines herbes<br \/>\nMini brochette de queues de crevette r\u00f4tis a l\u2019aneth<br \/>\nToast de supr\u00eame de poulet roule aux c\u00e8pes<br \/>\nToast de terrine de l\u00e9gumes<br \/>\nCroustade de poulet au curry<br \/>\nCroustade de tartare de saumon aux herbes<br \/>\nPique tomate mozzarella au basilic<br \/>\nPique de g\u00e9sier confit et magret sec<br \/>\nPlateaux de fromages coupe<br \/>\nPetits fours frais assortis<\/p>\n<h4><span style=\"color: #800080\">Jeudi 10 mars 2015<\/span><\/h4>\n<p><strong>BUFFET COCKTAIL<\/strong><\/p>\n<p>Cassolette de salade de pennes et f\u00e9vettes en minestrone<br \/>\nB\u00e2tonnets de crudit\u00e9s fromage blanc aux fine herbes<br \/>\nMuffin de poivron doux et tomates confites<br \/>\nPetite tortillas de pomme de terre et chorizo<br \/>\nMini brochette de filet de poulet marine cacahu\u00e8te et oignon tendre<br \/>\nMini brochette de queues de crevettes marin\u00e9es a l\u2019aneth<br \/>\nR\u00f4tis de porc braise et pain de campagne<br \/>\nD\u00e9coupe de jambon pays et pain aveyronnais<br \/>\nTartine de saumon fume et ricotta<br \/>\nTartine de tomate et chorizo gratine<br \/>\nPlateaux de fromages coupe (pain aveyronnais)<\/p>\n<h4><span style=\"color: #800080\">Vendredi 11 mars 2015<\/span><\/h4>\n<p><strong>BUFFET REPAS<\/strong><\/p>\n<p>Salade de blanc de volaille et crudit\u00e9s au gingembre<br \/>\nSalade de fines p\u00e2tes<br \/>\nSaumon en deux app\u00e9tits \u00abfum\u00e9 ; marin\u00e9e aux herbe fraiche\u00bb<br \/>\nTerrine de poisson de roche<br \/>\nR\u00f4tis de porc brais\u00e9 et \u00e9chalotes confites<br \/>\nAssortiment de fromages<br \/>\nPains<br \/>\nSalade d\u2019oranges et ananas<br \/>\nBrownies aux fruits secs<\/p>\n<p>Ces repas sont propos\u00e9s par <a href=\"http:\/\/www.demoulin-traiteur.com\/\">DEMOULIN TRAITEUR<\/a><\/p>\n<p>&nbsp;<\/p>\n<p>Le d\u00eener de gala du jeudi 10 mars aura lieu \u00e0 la <a href=\"http:\/\/www.brasserie-arcades.com\/\">Brasserie des arcades<\/a> (m\u00e9tro A, station Capitole)<\/p>\n<p><strong><span style=\"text-decoration: underline;color: #800080\">Menu :<\/span><\/strong><\/p>\n<p>Kir d\u2019Accueil ou Floc de Gascogne et ses Amuses Bouches<br \/>\n<strong>Entr\u00e9es\u00a0:<\/strong><br \/>\nL\u2019assiette de Saumon Gravelax et sa Mousse Citronn\u00e9e<br \/>\nOu<br \/>\nLes Ravioles aux P\u00e9pites de Foie Gras<br \/>\n<strong>Plats<\/strong>\u00a0:<br \/>\nLe Filet de St Pierre poch\u00e9 \u00e0 la Fine Champagne<br \/>\nOu<br \/>\nLe Confit de Canard r\u00f4ti au Four<br \/>\n<strong>Desserts<\/strong>\u00a0:<br \/>\nL\u2019Entremet aux Trois Chocolats<br \/>\nOu<br \/>\nLe Vacherin aux fruits rouges<br \/>\n<strong>Caf\u00e9 &#8211; Th\u00e9 \u2013 Infusion<\/strong><br \/>\nLes vins seront choisis en fonction des Plats s\u00e9lectionn\u00e9s<br \/>\nPossibilit\u00e9 de pr\u00e9voir des plats v\u00e9g\u00e9tariens ou vegan pour le repas de gala uniquement.<\/p>\n","protected":false},"excerpt":{"rendered":"<p>L\u2019inscription au colloque donne acc\u00e8s aux pauses caf\u00e9 et d\u00e9jeuners pour les 4 journ\u00e9es (du 8 au 11 mars). La participation au d\u00eener de gala du jeudi 10 mars est en suppl\u00e9ment (co\u00fbt : 45\u20ac). Le Sud-Ouest est un territoire de gastronomie. Aussi, de sorte \u00e0 donner une dimension conviviale \u00e0 cette manifestation journ\u00e9es, nous [&hellip;]<\/p>\n","protected":false},"author":196,"featured_media":0,"parent":138,"menu_order":0,"comment_status":"closed","ping_status":"closed","template":"","meta":{"footnotes":""},"class_list":["post-263","page","type-page","status-publish","hentry"],"_links":{"self":[{"href":"https:\/\/blogs.univ-tlse2.fr\/arcd2016\/wp-json\/wp\/v2\/pages\/263","targetHints":{"allow":["GET"]}}],"collection":[{"href":"https:\/\/blogs.univ-tlse2.fr\/arcd2016\/wp-json\/wp\/v2\/pages"}],"about":[{"href":"https:\/\/blogs.univ-tlse2.fr\/arcd2016\/wp-json\/wp\/v2\/types\/page"}],"author":[{"embeddable":true,"href":"https:\/\/blogs.univ-tlse2.fr\/arcd2016\/wp-json\/wp\/v2\/users\/196"}],"replies":[{"embeddable":true,"href":"https:\/\/blogs.univ-tlse2.fr\/arcd2016\/wp-json\/wp\/v2\/comments?post=263"}],"version-history":[{"count":4,"href":"https:\/\/blogs.univ-tlse2.fr\/arcd2016\/wp-json\/wp\/v2\/pages\/263\/revisions"}],"predecessor-version":[{"id":284,"href":"https:\/\/blogs.univ-tlse2.fr\/arcd2016\/wp-json\/wp\/v2\/pages\/263\/revisions\/284"}],"up":[{"embeddable":true,"href":"https:\/\/blogs.univ-tlse2.fr\/arcd2016\/wp-json\/wp\/v2\/pages\/138"}],"wp:attachment":[{"href":"https:\/\/blogs.univ-tlse2.fr\/arcd2016\/wp-json\/wp\/v2\/media?parent=263"}],"curies":[{"name":"wp","href":"https:\/\/api.w.org\/{rel}","templated":true}]}}