 {"id":58,"date":"2015-04-14T15:01:06","date_gmt":"2015-04-14T13:01:06","guid":{"rendered":"https:\/\/blogs.univ-tlse2.fr\/arcd2016\/?page_id=58"},"modified":"2016-03-15T09:50:53","modified_gmt":"2016-03-15T08:50:53","slug":"accueil","status":"publish","type":"page","link":"https:\/\/blogs.univ-tlse2.fr\/arcd2016\/","title":{"rendered":"Accueil"},"content":{"rendered":"<h1 style=\"text-align: center\"><span style=\"color: #800080\">Le colloque s&rsquo;est bien d\u00e9roul\u00e9. Merci \u00e0 tous pour votre participation. <\/span><\/h1>\n<h1 style=\"text-align: center\"><span style=\"color: #800080\">Rendez-vous pour la prochaine \u00e9dition dans deux ans \u00e0 Bordeaux.<\/span><\/h1>\n<p>&nbsp;<\/p>\n<p>&nbsp;<\/p>\n<h2><\/h2>\n<h2>Analyses didactiques des pratiques d\u2019enseignement et de formation\u00a0: quelles perspectives\u00a0?<\/h2>\n<p>&nbsp;<\/p>\n<p>Le colloque de l&rsquo;Association pour des Recherches Comparatistes en Didactique (Toulouse, 2016) explore les pratiques d&rsquo;enseignement et de formation ainsi que la place des acteurs dans les recherches. Il s&rsquo;inscrit dans la continuit\u00e9 des pr\u00e9c\u00e9dents colloques dont les th\u00e9matiques concernaient : les orientations de la didactique compar\u00e9e (Gen\u00e8ve, 2009), les contenus disciplinaires en tant qu\u2019objets d\u2019enseignement (Lille, 2011), les savoirs et les comp\u00e9tences (<a title=\"colloque arcd 2013\" href=\"http:\/\/arcd2013.sciencesconf.org\/\">Marseille, 2013<\/a>),<\/p>\n<p>Ce colloque est l\u2019occasion de faire le point sur les avanc\u00e9es obtenues \u00e0 propos de la description et la compr\u00e9hension de ces pratiques, sur les perspectives qui se dessinent actuellement, qu\u2019elles concernent les finalit\u00e9s des analyses, les outils qu\u2019elles mobilisent, les m\u00e9thodes qui leur sont associ\u00e9es ou encore les formalisations qu\u2019elles produisent. La r\u00e9flexion s\u2019attache \u00e0 discuter les apports permis par les approches comparatistes en didactique pour penser les pratiques d\u2019enseignement, d&rsquo;apprentissage et de formation.<\/p>\n<p>Les communications concernent une des trois th\u00e9matiques suivantes.<\/p>\n<p>&nbsp;<\/p>\n<ol>\n<li><a title=\"1) Analyses de pratiques d\u2019enseignement\" href=\"https:\/\/blogs.univ-tlse2.fr\/arcd2016\/2015\/04\/14\/1-analyses-de-pratiques-denseignement\/\">Analyses de pratiques d\u2019enseignement<\/a><\/li>\n<li><a title=\"2) Analyses de pratiques de formation des enseignant-e-s\" href=\"https:\/\/blogs.univ-tlse2.fr\/arcd2016\/2015\/04\/14\/2-analyse-de-pratiques-de-formation-des-enseignant-e-s\/\">Analyses de pratiques de formation\u00a0des enseignants<\/a><\/li>\n<li><a title=\"3) La place des acteurs dans les recherches\" href=\"https:\/\/blogs.univ-tlse2.fr\/arcd2016\/2015\/04\/14\/3-la-place-des-acteurs-dans-les-recherches\/\">La place des acteurs dans les recherches<\/a><\/li>\n<\/ol>\n<p>&nbsp;<\/p>\n<h3><span style=\"text-decoration: underline\">Organisation :<\/span><\/h3>\n<h4>Laboratoires porteurs du projet<\/h4>\n<p><a href=\"http:\/\/efts.univ-tlse2.fr\/\"><img loading=\"lazy\" decoding=\"async\" class=\"\" src=\"http:\/\/efts.univ-tlse2.fr\/images\/efts\/logo.jpg\" alt=\"Vers page d'accueil\u00a0EFTS\" width=\"97\" height=\"44\" \/><\/a>\u00a0\u00a0\u00a0\u00a0\u00a0\u00a0 <a href=\"http:\/\/w3.erss.univ-tlse2.fr\/\"><img loading=\"lazy\" decoding=\"async\" class=\"\" src=\"http:\/\/w3.erss.univ-tlse2.fr\/images\/clleERSSTransp150.png\" alt=\"[CLLE-ERSS]\" width=\"89\" height=\"42\" \/><\/a><\/p>\n<h4>Laboratoires et organismes associ\u00e9s :<\/h4>\n<p><a href=\"http:\/\/espe.univ-toulouse.fr\/accueil-\/recherche\/\"><img loading=\"lazy\" decoding=\"async\" class=\"alignnone wp-image-121\" src=\"https:\/\/blogs.univ-tlse2.fr\/arcd2016\/files\/2015\/05\/logo-ESPE_SFR-AEF.png\" alt=\"logo ESPE_SFR AEF\" width=\"167\" height=\"47\" srcset=\"https:\/\/blogs.univ-tlse2.fr\/arcd2016\/files\/2015\/05\/logo-ESPE_SFR-AEF.png 367w, https:\/\/blogs.univ-tlse2.fr\/arcd2016\/files\/2015\/05\/logo-ESPE_SFR-AEF-300x84.png 300w\" sizes=\"auto, (max-width: 167px) 100vw, 167px\" \/><\/a>\u00a0\u00a0\u00a0\u00a0\u00a0\u00a0\u00a0 <a href=\"http:\/\/lla-creatis.univ-tlse2.fr\/\"><img loading=\"lazy\" decoding=\"async\" class=\"alignnone wp-image-124\" src=\"https:\/\/blogs.univ-tlse2.fr\/arcd2016\/files\/2015\/05\/lla.jpg\" alt=\"lla\" width=\"66\" height=\"69\" \/><\/a><\/p>\n<h4>\u00a0Institutions<\/h4>\n<p><a href=\"http:\/\/www.enfa.fr\/recherche\/politique-scientifique\/\"> <img loading=\"lazy\" decoding=\"async\" class=\"\" title=\"Logo ENFA\" src=\"http:\/\/efts.univ-tlse2.fr\/medias\/photo\/logo-enfa_1320223513376.jpg\" alt=\"Logo ENFA\" width=\"99\" height=\"61\" \/><\/a>\u00a0 \u00a0 <a href=\"http:\/\/www.univ-tlse2.fr\/#m44080194874648143\"><img loading=\"lazy\" decoding=\"async\" id=\"noir\" class=\"\" src=\"http:\/\/espe.univ-toulouse.fr\/images\/logos\/logoUT2J.png\" alt=\"Vers page d'accueil Universit\u00e9 de Toulouse II-Le Mirail\" width=\"182\" height=\"44\" \/><\/a>\u00a0 \u00a0 \u00a0 <a href=\"https:\/\/blogs.univ-tlse2.fr\/arcd2016\/accueil\/logo-region\/\" rel=\"attachment wp-att-269\"><img loading=\"lazy\" decoding=\"async\" class=\"alignnone wp-image-269\" src=\"https:\/\/blogs.univ-tlse2.fr\/arcd2016\/files\/2015\/04\/logo-r\u00e9gion.jpg\" alt=\"logo r\u00e9gion\" width=\"73\" height=\"73\" srcset=\"https:\/\/blogs.univ-tlse2.fr\/arcd2016\/files\/2015\/04\/logo-r\u00e9gion.jpg 290w, https:\/\/blogs.univ-tlse2.fr\/arcd2016\/files\/2015\/04\/logo-r\u00e9gion-150x150.jpg 150w\" sizes=\"auto, (max-width: 73px) 100vw, 73px\" \/><\/a><\/p>\n","protected":false},"excerpt":{"rendered":"<p>Le colloque s&rsquo;est bien d\u00e9roul\u00e9. Merci \u00e0 tous pour votre participation. Rendez-vous pour la prochaine \u00e9dition dans deux ans \u00e0 Bordeaux. &nbsp; &nbsp; Analyses didactiques des pratiques d\u2019enseignement et de formation\u00a0: quelles perspectives\u00a0? &nbsp; Le colloque de l&rsquo;Association pour des Recherches Comparatistes en Didactique (Toulouse, 2016) explore les pratiques d&rsquo;enseignement et de formation ainsi que [&hellip;]<\/p>\n","protected":false},"author":196,"featured_media":0,"parent":0,"menu_order":0,"comment_status":"closed","ping_status":"open","template":"","meta":{"footnotes":""},"class_list":["post-58","page","type-page","status-publish","hentry"],"_links":{"self":[{"href":"https:\/\/blogs.univ-tlse2.fr\/arcd2016\/wp-json\/wp\/v2\/pages\/58","targetHints":{"allow":["GET"]}}],"collection":[{"href":"https:\/\/blogs.univ-tlse2.fr\/arcd2016\/wp-json\/wp\/v2\/pages"}],"about":[{"href":"https:\/\/blogs.univ-tlse2.fr\/arcd2016\/wp-json\/wp\/v2\/types\/page"}],"author":[{"embeddable":true,"href":"https:\/\/blogs.univ-tlse2.fr\/arcd2016\/wp-json\/wp\/v2\/users\/196"}],"replies":[{"embeddable":true,"href":"https:\/\/blogs.univ-tlse2.fr\/arcd2016\/wp-json\/wp\/v2\/comments?post=58"}],"version-history":[{"count":18,"href":"https:\/\/blogs.univ-tlse2.fr\/arcd2016\/wp-json\/wp\/v2\/pages\/58\/revisions"}],"predecessor-version":[{"id":293,"href":"https:\/\/blogs.univ-tlse2.fr\/arcd2016\/wp-json\/wp\/v2\/pages\/58\/revisions\/293"}],"wp:attachment":[{"href":"https:\/\/blogs.univ-tlse2.fr\/arcd2016\/wp-json\/wp\/v2\/media?parent=58"}],"curies":[{"name":"wp","href":"https:\/\/api.w.org\/{rel}","templated":true}]}}