 {"id":69,"date":"2015-04-16T14:07:40","date_gmt":"2015-04-16T12:07:40","guid":{"rendered":"https:\/\/blogs.univ-tlse2.fr\/arcd2016\/?page_id=69"},"modified":"2015-05-05T14:45:10","modified_gmt":"2015-05-05T12:45:10","slug":"appel-a-communication","status":"publish","type":"page","link":"https:\/\/blogs.univ-tlse2.fr\/arcd2016\/appel-a-communication\/","title":{"rendered":"Appel \u00e0 communication"},"content":{"rendered":"<p style=\"text-align: justify\"><a href=\"https:\/\/blogs.univ-tlse2.fr\/arcd2016\/files\/2015\/05\/Appel-\u00e0-Communication-ARCD-2016-Toulouse.pdf\">Appel \u00e0 Communication ARCD 2016 Toulouse<\/a><\/p>\n<p style=\"text-align: justify\">Apr\u00e8s les pr\u00e9c\u00e9dents colloques dont les th\u00e9matiques concernaient les futures orientations de la didactique compar\u00e9e (Gen\u00e8ve, 2009), les contenus disciplinaires en tant qu\u2019objets d\u2019enseignement (Lille, 2011), les savoirs et les comp\u00e9tences (Marseille, 2013), le colloque de l\u2019ARCD explorera en 2016 les analyses didactiques des pratiques d\u2019enseignement et des pratiques de formation. Au-del\u00e0 des avanc\u00e9es obtenues sur la description et la compr\u00e9hension de ces derni\u00e8res, le colloque sera l\u2019occasion de faire le point sur les perspectives qui se dessinent actuellement, qu\u2019elles concernent les finalit\u00e9s de ces analyses, les outils mobilis\u00e9s, les m\u00e9thodes associ\u00e9es ou encore les formalisations produites. En particulier, la r\u00e9flexion s\u2019attachera \u00e0 discuter des apports des approches comparatistes en didactiques pour penser l&rsquo;analyse de pratiques d&rsquo;enseignement et de formation.<\/p>\n<p style=\"text-align: justify\">Les r\u00e9flexions seront conduites \u00e0 partir d\u2019approches comparatistes portant sur les objets \u00e9tudi\u00e9s, les cadres mobilis\u00e9s, les m\u00e9thodes de recueil et de traitement des donn\u00e9es ou encore les r\u00e9sultats obtenus. Elles privil\u00e9gieront les pratiques observ\u00e9es et seront orient\u00e9es par l\u2019id\u00e9e de d\u00e9gager des perspectives pour les analyses de pratique.<\/p>\n<p style=\"text-align: justify\"><strong>Les communications propos\u00e9es pourront concerner une des trois th\u00e9matiques suivantes :<br \/>\n<\/strong><\/p>\n<ol style=\"text-align: justify\">\n<li><a title=\"Th\u00e8me 1 : Analyses de pratiques d\u2019enseignement\" href=\"https:\/\/blogs.univ-tlse2.fr\/arcd2016\/2015\/04\/16\/theme-1-analyse-de-pratiques-denseignement\/\"><span style=\"text-decoration: underline\">Analyses de pratiques d\u2019enseignement <\/span><\/a><\/li>\n<\/ol>\n<ol style=\"text-align: justify\" start=\"2\">\n<li><a title=\"Th\u00e8me 2 : Analyses de pratiques de formation des enseignant.e.s\" href=\"https:\/\/blogs.univ-tlse2.fr\/arcd2016\/2015\/04\/16\/theme-2-analyses-de-pratiques-de-formation-des-enseignant-e-s\/\"><span style=\"text-decoration: underline\">Analyses de pratiques de formation des enseignant.e.s<\/span><\/a><\/li>\n<\/ol>\n<ol style=\"text-align: justify\" start=\"3\">\n<li><a title=\"Th\u00e8me 3 : La place des acteurs dans les recherches\" href=\"https:\/\/blogs.univ-tlse2.fr\/arcd2016\/2015\/04\/16\/theme-3-la-place-des-acteurs-dans-les-recherches\/\"><span style=\"text-decoration: underline\">La place des acteurs dans les recherches<\/span><\/a><\/li>\n<\/ol>\n<p>&nbsp;<\/p>\n<p style=\"text-align: justify\"><span style=\"color: #800080\"><strong>MODALITES DE COMMUNICATION<\/strong><\/span><\/p>\n<ul>\n<li style=\"text-align: justify\"><a title=\"Modalit\u00e9s de communication\" href=\"https:\/\/blogs.univ-tlse2.fr\/arcd2016\/2015\/04\/16\/modalites-de-communication\/\">Modalit\u00e9s de communication au colloque<\/a><\/li>\n<li style=\"text-align: justify\"><a title=\"Modalit\u00e9s de communication \u00e0 la Journ\u00e9e des doctorant.e.s et jeunes docteur.e.s le 8 mars 2016\" href=\"https:\/\/blogs.univ-tlse2.fr\/arcd2016\/2015\/04\/16\/modalites-de-communication-a-la-journee-des-doctorant-e-s-et-jeunes-docteur-e-s-le-8-mars-2016\/\">Modalit\u00e9s de communication sp\u00e9cifiques \u00e0 la journ\u00e9e des doctorant.e.s et jeunes docteur.e.s : 8 mars 2016<\/a><\/li>\n<\/ul>\n<p>&nbsp;<\/p>\n<p style=\"text-align: justify\"><strong><span style=\"color: #800080\">SOUMISSIONS DES PROPOSITIONS DE COMMUNICATION<\/span><br \/>\n<\/strong><\/p>\n<ul>\n<li style=\"text-align: justify\"><a title=\"Modalit\u00e9s des propositions de communication\" href=\"https:\/\/blogs.univ-tlse2.fr\/arcd2016\/2015\/04\/16\/modalites-des-propositions-de-communication\/\">Modalit\u00e9s<\/a><\/li>\n<li style=\"text-align: justify\"><a title=\"Calendrier de soumission des propositions de communication\" href=\"https:\/\/blogs.univ-tlse2.fr\/arcd2016\/2015\/04\/16\/calendrier-de-soumission-des-propositions-de-communication\/\">Calendrier<\/a><\/li>\n<\/ul>\n<p>&nbsp;<\/p>\n<p style=\"text-align: justify\"><span style=\"color: #800080\"><strong>CALENDRIER D\u2019INSCRIPTION ET TARIFS<br \/>\n<\/strong><\/span><\/p>\n<ul style=\"text-align: justify\">\n<li>Ouverture des inscriptions : 01 septembre 2015<\/li>\n<li>Cl\u00f4ture des inscriptions : 01 f\u00e9vrier 2016<\/li>\n<li><a title=\"inscriptions\" href=\"https:\/\/blogs.univ-tlse2.fr\/arcd2016\/inscriptions\/\">Voir les tarifs<\/a><\/li>\n<\/ul>\n<p style=\"text-align: justify\"><span style=\"color: #ff0000\">ATTENTION\u00a0: \u00e0 partir du 05 janvier 2016, les tarifs seront major\u00e9s de 15%<\/span><\/p>\n<p>&nbsp;<\/p>\n<p style=\"text-align: justify\"><span style=\"color: #800080\"><strong>DATES ET LIEUX DU COLLOQUE<\/strong><\/span><\/p>\n<p style=\"text-align: justify\">Mardi 8 mars au vendredi 11 mars 2016.<\/p>\n<p style=\"text-align: justify\">Universit\u00e9 Toulouse 2 Jean Jaur\u00e8s &#8211; Campus du Mirail\u00a0; Maison de la recherche.<\/p>\n<p>&nbsp;<\/p>\n<p style=\"text-align: justify\"><strong><span style=\"color: #800080\">SITE WEB DE L\u2019ASSOCIATION ARCD\u00a0<\/span> <\/strong><\/p>\n<p style=\"text-align: justify\"><a href=\"http:\/\/python.espe-bretagne.fr\/arcd\/\">http:\/\/python.espe-bretagne.fr\/arcd\/<\/a><\/p>\n","protected":false},"excerpt":{"rendered":"<p>Appel \u00e0 Communication ARCD 2016 Toulouse Apr\u00e8s les pr\u00e9c\u00e9dents colloques dont les th\u00e9matiques concernaient les futures orientations de la didactique compar\u00e9e (Gen\u00e8ve, 2009), les contenus disciplinaires en tant qu\u2019objets d\u2019enseignement (Lille, 2011), les savoirs et les comp\u00e9tences (Marseille, 2013), le colloque de l\u2019ARCD explorera en 2016 les analyses didactiques des pratiques d\u2019enseignement et des pratiques [&hellip;]<\/p>\n","protected":false},"author":196,"featured_media":0,"parent":0,"menu_order":0,"comment_status":"closed","ping_status":"open","template":"","meta":{"footnotes":""},"class_list":["post-69","page","type-page","status-publish","hentry"],"_links":{"self":[{"href":"https:\/\/blogs.univ-tlse2.fr\/arcd2016\/wp-json\/wp\/v2\/pages\/69","targetHints":{"allow":["GET"]}}],"collection":[{"href":"https:\/\/blogs.univ-tlse2.fr\/arcd2016\/wp-json\/wp\/v2\/pages"}],"about":[{"href":"https:\/\/blogs.univ-tlse2.fr\/arcd2016\/wp-json\/wp\/v2\/types\/page"}],"author":[{"embeddable":true,"href":"https:\/\/blogs.univ-tlse2.fr\/arcd2016\/wp-json\/wp\/v2\/users\/196"}],"replies":[{"embeddable":true,"href":"https:\/\/blogs.univ-tlse2.fr\/arcd2016\/wp-json\/wp\/v2\/comments?post=69"}],"version-history":[{"count":19,"href":"https:\/\/blogs.univ-tlse2.fr\/arcd2016\/wp-json\/wp\/v2\/pages\/69\/revisions"}],"predecessor-version":[{"id":158,"href":"https:\/\/blogs.univ-tlse2.fr\/arcd2016\/wp-json\/wp\/v2\/pages\/69\/revisions\/158"}],"wp:attachment":[{"href":"https:\/\/blogs.univ-tlse2.fr\/arcd2016\/wp-json\/wp\/v2\/media?parent=69"}],"curies":[{"name":"wp","href":"https:\/\/api.w.org\/{rel}","templated":true}]}}