 {"id":2,"date":"2012-05-04T09:49:02","date_gmt":"2012-05-04T07:49:02","guid":{"rendered":"https:\/\/blogs.univ-tlse2.fr\/archeodrone\/?page_id=2"},"modified":"2017-07-10T13:30:41","modified_gmt":"2017-07-10T11:30:41","slug":"plateforme","status":"publish","type":"page","link":"https:\/\/blogs.univ-tlse2.fr\/archeodrone\/plateforme\/","title":{"rendered":"La plateforme"},"content":{"rendered":"<p>Arch\u00e9odrone est un \u00e9l\u00e9ment de la <a href=\"http:\/\/terrae.univ-tlse2.fr\/accueil-terrae\/plateforme-technique\/\" target=\"_blank\" rel=\"noopener noreferrer\">plate-forme technique <em>Terrae<\/em><\/a> de la <a href=\"http:\/\/w3.msh.univ-tlse2.fr\/spip.php?rubrique181\" target=\"_blank\" rel=\"noopener noreferrer\">Maison des Sciences de l&rsquo;Homme et de la Soci\u00e9t\u00e9<\/a> de l&rsquo;Universit\u00e9 Toulouse II &#8211; Le Mirail. Elle comprend un drone octorotor et son syst\u00e8me de navigation \/ retour vid\u00e9o ainsi qu&rsquo;une cam\u00e9ra thermique (<em>financement <a href=\"http:\/\/www.europe-en-france.gouv.fr\/Configuration-Generale-Pages-secondaires\/FEDER\">FEDER<\/a><\/em>). L&rsquo;ensemble du dispositif a \u00e9t\u00e9 con\u00e7u par la soci\u00e9t\u00e9 <a href=\"http:\/\/www.flyingeye.fr\/\" target=\"_blank\" rel=\"noopener noreferrer\">Flying Eye<\/a>.<\/p>\n<p><span style=\"text-decoration: underline\">Le drone\u00a0:<\/span><\/p>\n<p>&#8211; Un drone octoroctors \u00e0 propulsion \u00e9lectrique disposant d\u2019un syst\u00e8me de stabilisation inertiel tridimensionnel et d\u2019un GPS pour la g\u00e9olocalisation du drone et des prises de vue.<\/p>\n<div id=\"attachment_29\" style=\"width: 310px\" class=\"wp-caption alignright\"><a href=\"https:\/\/blogs.univ-tlse2.fr\/archeodrone\/files\/2012\/05\/P1100762.jpg\"><img loading=\"lazy\" decoding=\"async\" aria-describedby=\"caption-attachment-29\" class=\"size-medium wp-image-29\" src=\"https:\/\/blogs.univ-tlse2.fr\/archeodrone\/files\/2012\/05\/P1100762-300x168.jpg\" alt=\"\" width=\"300\" height=\"168\" srcset=\"https:\/\/blogs.univ-tlse2.fr\/archeodrone\/files\/2012\/05\/P1100762-300x168.jpg 300w, https:\/\/blogs.univ-tlse2.fr\/archeodrone\/files\/2012\/05\/P1100762-1024x576.jpg 1024w\" sizes=\"auto, (max-width: 300px) 100vw, 300px\" \/><\/a><p id=\"caption-attachment-29\" class=\"wp-caption-text\">Le drone octorotor<\/p><\/div>\n<p>&#8211; un support orientable auto-stabilis\u00e9 pour l\u2019accueil des deux capteurs.<\/p>\n<p>&#8211; une radio commande programmable<\/p>\n<p>&#8211; permet un emport de 2,5 kg<\/p>\n<p>&nbsp;<\/p>\n<p>&nbsp;<\/p>\n<p><span style=\"text-decoration: underline\">La station au sol\u00a0: <\/span><\/p>\n<p>&#8211; un syst\u00e8me de T\u00e9l\u00e9m\u00e9trie sur la radio commande avec affichage en temps r\u00e9el des donn\u00e9es de vol sur \u00e9cran LCD\u00a0: consommation de la batterie, temps de vol, altitude, distance par rapport au point de d\u00e9collage et l\u2019\u00e9tat du GPS<\/p>\n<div id=\"attachment_30\" style=\"width: 310px\" class=\"wp-caption alignright\"><a href=\"https:\/\/blogs.univ-tlse2.fr\/archeodrone\/files\/2012\/05\/P1100615.jpg\"><img loading=\"lazy\" decoding=\"async\" aria-describedby=\"caption-attachment-30\" class=\"size-medium wp-image-30\" src=\"https:\/\/blogs.univ-tlse2.fr\/archeodrone\/files\/2012\/05\/P1100615-300x225.jpg\" alt=\"\" width=\"300\" height=\"225\" srcset=\"https:\/\/blogs.univ-tlse2.fr\/archeodrone\/files\/2012\/05\/P1100615-300x225.jpg 300w, https:\/\/blogs.univ-tlse2.fr\/archeodrone\/files\/2012\/05\/P1100615-1024x768.jpg 1024w\" sizes=\"auto, (max-width: 300px) 100vw, 300px\" \/><\/a><p id=\"caption-attachment-30\" class=\"wp-caption-text\">La station-sol : t\u00e9l\u00e9m\u00e9trie, navigation et retour-vid\u00e9o<\/p><\/div>\n<p>&#8211; un syst\u00e8me de T\u00e9l\u00e9m\u00e9trie sur PC qui permet l\u2019affichage d\u2019une carte et la gestion des points d\u2019int\u00e9r\u00eats (Waypoints) du GPS ainsi que le rappel de toutes les donn\u00e9es de vol.<\/p>\n<p>&#8211; une station au sol de monitoring (un PC renforc\u00e9 sp\u00e9cialement pr\u00e9vu pour le travail ext\u00e9rieur).<\/p>\n<p>&#8211; Un boitier d&rsquo;acquisition pour l\u2019enregistrement vid\u00e9o<\/p>\n<p>&#8211; Un r\u00e9cepteur vid\u00e9o<\/p>\n<p><span style=\"text-decoration: underline\">Les capteurs\u00a0: <\/span><\/p>\n<p>Deux types de capteurs sont int\u00e9grables au drone : 1 appareil photo num\u00e9rique avec GPS et une cam\u00e9ra thermique.<\/p>\n<div id=\"attachment_31\" style=\"width: 310px\" class=\"wp-caption alignright\"><a href=\"https:\/\/blogs.univ-tlse2.fr\/archeodrone\/files\/2012\/05\/APN.jpg\"><img loading=\"lazy\" decoding=\"async\" aria-describedby=\"caption-attachment-31\" class=\"size-medium wp-image-31\" src=\"https:\/\/blogs.univ-tlse2.fr\/archeodrone\/files\/2012\/05\/APN-300x215.jpg\" alt=\"\" width=\"300\" height=\"215\" srcset=\"https:\/\/blogs.univ-tlse2.fr\/archeodrone\/files\/2012\/05\/APN-300x215.jpg 300w, https:\/\/blogs.univ-tlse2.fr\/archeodrone\/files\/2012\/05\/APN.jpg 404w\" sizes=\"auto, (max-width: 300px) 100vw, 300px\" \/><\/a><p id=\"caption-attachment-31\" class=\"wp-caption-text\">Lumix TZ 20<\/p><\/div>\n<p>* Appareil photo num\u00e9rique avec GPS <a href=\"http:\/\/www.panasonic.fr\/html\/fr_FR\/Produits\/Appareils+Photos+Lumix\/Zoom+Puissant\/DMC-TZ20\/Pr%C3%A9sentation\/6969590\/index.html\" target=\"_blank\" rel=\"noopener noreferrer\">Panasonic Lumix TZ 20<\/a> :<\/p>\n<p>&#8211; Un appareil photo num\u00e9rique 12 m\u00e9gapixels<\/p>\n<p>&#8211; objectif stabilis\u00e9 25-300 mm<\/p>\n<p>&#8211; zoom optique 12x.<\/p>\n<p>&#8211; GPS int\u00e9gr\u00e9<\/p>\n<p>&nbsp;<\/p>\n<p>* Cam\u00e9ra thermique de haute pr\u00e9cision <a href=\"http:\/\/www.flir.com\/cs\/emea\/fr\/view\/?id=41967\" target=\"_blank\" rel=\"noopener noreferrer\">FLIR T620<\/a> :<\/p>\n<div id=\"attachment_32\" style=\"width: 199px\" class=\"wp-caption alignright\"><a href=\"https:\/\/blogs.univ-tlse2.fr\/archeodrone\/files\/2012\/05\/T620.jpg\"><img loading=\"lazy\" decoding=\"async\" aria-describedby=\"caption-attachment-32\" class=\"size-full wp-image-32\" src=\"https:\/\/blogs.univ-tlse2.fr\/archeodrone\/files\/2012\/05\/T620.jpg\" alt=\"\" width=\"189\" height=\"266\" \/><\/a><p id=\"caption-attachment-32\" class=\"wp-caption-text\">FLIR T620<\/p><\/div>\n<p>&#8211; cam\u00e9ra thermique de haute r\u00e9solution : 640 x 480 pixels<\/p>\n<p>&#8211; capteur \u00e0 haute sensibilit\u00e9\u00a0: permet la d\u00e9tection de diff\u00e9rence de temp\u00e9rature de 0,04\u00b0C<\/p>\n<p>&#8211; permet la prise de vue photo \u00e9quivalent \u00e0 un appareil photo num\u00e9rique de 5 m\u00e9gapixels.<\/p>\n<p>&#8211; 1 transmetteur et un r\u00e9cepteur vid\u00e9o haute fr\u00e9quence<\/p>\n","protected":false},"excerpt":{"rendered":"<p>Arch\u00e9odrone est un \u00e9l\u00e9ment de la plate-forme technique Terrae de la Maison des Sciences de l&rsquo;Homme et de la Soci\u00e9t\u00e9 de l&rsquo;Universit\u00e9 Toulouse II &#8211; Le Mirail. Elle [..]<\/p>\n","protected":false},"author":115,"featured_media":0,"parent":0,"menu_order":0,"comment_status":"closed","ping_status":"open","template":"","meta":{"footnotes":""},"class_list":["post-2","page","type-page","status-publish","hentry"],"_links":{"self":[{"href":"https:\/\/blogs.univ-tlse2.fr\/archeodrone\/wp-json\/wp\/v2\/pages\/2","targetHints":{"allow":["GET"]}}],"collection":[{"href":"https:\/\/blogs.univ-tlse2.fr\/archeodrone\/wp-json\/wp\/v2\/pages"}],"about":[{"href":"https:\/\/blogs.univ-tlse2.fr\/archeodrone\/wp-json\/wp\/v2\/types\/page"}],"author":[{"embeddable":true,"href":"https:\/\/blogs.univ-tlse2.fr\/archeodrone\/wp-json\/wp\/v2\/users\/115"}],"replies":[{"embeddable":true,"href":"https:\/\/blogs.univ-tlse2.fr\/archeodrone\/wp-json\/wp\/v2\/comments?post=2"}],"version-history":[{"count":12,"href":"https:\/\/blogs.univ-tlse2.fr\/archeodrone\/wp-json\/wp\/v2\/pages\/2\/revisions"}],"predecessor-version":[{"id":940,"href":"https:\/\/blogs.univ-tlse2.fr\/archeodrone\/wp-json\/wp\/v2\/pages\/2\/revisions\/940"}],"wp:attachment":[{"href":"https:\/\/blogs.univ-tlse2.fr\/archeodrone\/wp-json\/wp\/v2\/media?parent=2"}],"curies":[{"name":"wp","href":"https:\/\/api.w.org\/{rel}","templated":true}]}}