 {"id":103,"date":"2024-04-24T22:56:44","date_gmt":"2024-04-24T20:56:44","guid":{"rendered":"https:\/\/blogs.univ-tlse2.fr\/archeoscience\/?page_id=103"},"modified":"2024-04-29T11:41:55","modified_gmt":"2024-04-29T09:41:55","slug":"les-archeotheques","status":"publish","type":"page","link":"https:\/\/blogs.univ-tlse2.fr\/archeoscience\/les-archeotheques\/","title":{"rendered":"Les arch\u00e9oth\u00e8ques"},"content":{"rendered":"\n<p>les arch\u00e9oth\u00e8ques sont des banques de donn\u00e9es mat\u00e9rielles servant \u00e0 l\u2019identification et \u00e0 l\u2019interpr\u00e9tation des vestiges arch\u00e9ologiques.<\/p>\n\n\n\n<p>A1.\u00a0<a href=\"https:\/\/blogs.univ-tlse2.fr\/archeoscience\/a1-traceo\/\" data-type=\"page\" data-id=\"41\">Trac\u00e9oth\u00e8que \u2013 Trac\u00e9ologie<\/a><\/p>\n\n\n\n<p>A2.\u00a0<a href=\"https:\/\/blogs.univ-tlse2.fr\/archeoscience\/a2-osteo\/\" data-type=\"page\" data-id=\"43\">Ost\u00e9oth\u00e8que<\/a><\/p>\n\n\n\n<p>A3.\u00a0<a href=\"https:\/\/blogs.univ-tlse2.fr\/archeoscience\/a3-verre-et-metal\/\" data-type=\"page\" data-id=\"45\">Th\u00e8que m\u00e9tal et verre<\/a><\/p>\n\n\n\n<p>A4.\u00a0<a href=\"https:\/\/blogs.univ-tlse2.fr\/archeoscience\/a4-ceramo\/\" data-type=\"page\" data-id=\"47\">C\u00e9ramoth\u00e8que<\/a><\/p>\n\n\n\n<p>A5.\u00a0<a href=\"https:\/\/blogs.univ-tlse2.fr\/archeoscience\/a5-lithique\/\" data-type=\"page\" data-id=\"49\">Industries lithiques, lithoth\u00e8que<\/a><\/p>\n\n\n\n<p>A6.\u00a0<a href=\"https:\/\/blogs.univ-tlse2.fr\/archeoscience\/a6-plantes-et-insectes\/\" data-type=\"page\" data-id=\"51\">Th\u00e8que plantes et insectes<\/a><\/p>\n","protected":false},"excerpt":{"rendered":"<p>les arch\u00e9oth\u00e8ques sont des banques de donn\u00e9es mat\u00e9rielles servant \u00e0 l\u2019identification et \u00e0 l\u2019interpr\u00e9tation des vestiges arch\u00e9ologiques. A1.\u00a0Trac\u00e9oth\u00e8que \u2013 Trac\u00e9ologie A2.\u00a0Ost\u00e9oth\u00e8que A3.\u00a0Th\u00e8que m\u00e9tal et verre A4.\u00a0C\u00e9ramoth\u00e8que A5.\u00a0Industries lithiques, lithoth\u00e8que A6.\u00a0Th\u00e8que plantes et insectes<\/p>\n","protected":false},"author":1421,"featured_media":0,"parent":0,"menu_order":0,"comment_status":"closed","ping_status":"closed","template":"","meta":{"footnotes":""},"class_list":["post-103","page","type-page","status-publish","hentry"],"_links":{"self":[{"href":"https:\/\/blogs.univ-tlse2.fr\/archeoscience\/wp-json\/wp\/v2\/pages\/103","targetHints":{"allow":["GET"]}}],"collection":[{"href":"https:\/\/blogs.univ-tlse2.fr\/archeoscience\/wp-json\/wp\/v2\/pages"}],"about":[{"href":"https:\/\/blogs.univ-tlse2.fr\/archeoscience\/wp-json\/wp\/v2\/types\/page"}],"author":[{"embeddable":true,"href":"https:\/\/blogs.univ-tlse2.fr\/archeoscience\/wp-json\/wp\/v2\/users\/1421"}],"replies":[{"embeddable":true,"href":"https:\/\/blogs.univ-tlse2.fr\/archeoscience\/wp-json\/wp\/v2\/comments?post=103"}],"version-history":[{"count":4,"href":"https:\/\/blogs.univ-tlse2.fr\/archeoscience\/wp-json\/wp\/v2\/pages\/103\/revisions"}],"predecessor-version":[{"id":326,"href":"https:\/\/blogs.univ-tlse2.fr\/archeoscience\/wp-json\/wp\/v2\/pages\/103\/revisions\/326"}],"wp:attachment":[{"href":"https:\/\/blogs.univ-tlse2.fr\/archeoscience\/wp-json\/wp\/v2\/media?parent=103"}],"curies":[{"name":"wp","href":"https:\/\/api.w.org\/{rel}","templated":true}]}}