 {"id":105,"date":"2024-04-24T22:57:11","date_gmt":"2024-04-24T20:57:11","guid":{"rendered":"https:\/\/blogs.univ-tlse2.fr\/archeoscience\/?page_id=105"},"modified":"2024-04-29T11:43:31","modified_gmt":"2024-04-29T09:43:31","slug":"les-plateaux","status":"publish","type":"page","link":"https:\/\/blogs.univ-tlse2.fr\/archeoscience\/les-plateaux\/","title":{"rendered":"Les plateaux"},"content":{"rendered":"\n<p>Les plateaux techniques regroupent les moyens de la cha\u00eene op\u00e9ratoire en arch\u00e9ologie.<\/p>\n\n\n\n<p>P1.\u00a0<a href=\"https:\/\/blogs.univ-tlse2.fr\/archeoscience\/p1-fouilles-post-fouilles\/\" data-type=\"page\" data-id=\"23\">Fouilles \u2013 Post-fouilles<\/a><\/p>\n\n\n\n<p>P2.\u00a0<a href=\"https:\/\/blogs.univ-tlse2.fr\/archeoscience\/p2_archeo_expe\/\" data-type=\"page\" data-id=\"27\">Arch\u00e9ologie exp\u00e9rimentale<\/a><\/p>\n\n\n\n<p>P3.\u00a0<a href=\"https:\/\/blogs.univ-tlse2.fr\/archeoscience\/p3_remontages\/\" data-type=\"page\" data-id=\"30\">\u00c9tude et remontage mobilier<\/a><\/p>\n\n\n\n<p>P4.\u00a0<a href=\"https:\/\/blogs.univ-tlse2.fr\/archeoscience\/p4-car_mat\/\" data-type=\"page\" data-id=\"37\">Caract\u00e9risation des mat\u00e9riaux<\/a><\/p>\n\n\n\n<p>P5.\u00a0<a href=\"https:\/\/blogs.univ-tlse2.fr\/archeoscience\/p5-topo_3d\/\" data-type=\"page\" data-id=\"39\">Topographie \u2013 Imagerie \u2013 G\u00e9omatique \u2013 3D<\/a><\/p>\n","protected":false},"excerpt":{"rendered":"<p>Les plateaux techniques regroupent les moyens de la cha\u00eene op\u00e9ratoire en arch\u00e9ologie. P1.\u00a0Fouilles \u2013 Post-fouilles P2.\u00a0Arch\u00e9ologie exp\u00e9rimentale P3.\u00a0\u00c9tude et remontage mobilier P4.\u00a0Caract\u00e9risation des mat\u00e9riaux P5.\u00a0Topographie \u2013 Imagerie \u2013 G\u00e9omatique \u2013 3D<\/p>\n","protected":false},"author":1421,"featured_media":0,"parent":0,"menu_order":0,"comment_status":"closed","ping_status":"closed","template":"","meta":{"footnotes":""},"class_list":["post-105","page","type-page","status-publish","hentry"],"_links":{"self":[{"href":"https:\/\/blogs.univ-tlse2.fr\/archeoscience\/wp-json\/wp\/v2\/pages\/105","targetHints":{"allow":["GET"]}}],"collection":[{"href":"https:\/\/blogs.univ-tlse2.fr\/archeoscience\/wp-json\/wp\/v2\/pages"}],"about":[{"href":"https:\/\/blogs.univ-tlse2.fr\/archeoscience\/wp-json\/wp\/v2\/types\/page"}],"author":[{"embeddable":true,"href":"https:\/\/blogs.univ-tlse2.fr\/archeoscience\/wp-json\/wp\/v2\/users\/1421"}],"replies":[{"embeddable":true,"href":"https:\/\/blogs.univ-tlse2.fr\/archeoscience\/wp-json\/wp\/v2\/comments?post=105"}],"version-history":[{"count":4,"href":"https:\/\/blogs.univ-tlse2.fr\/archeoscience\/wp-json\/wp\/v2\/pages\/105\/revisions"}],"predecessor-version":[{"id":328,"href":"https:\/\/blogs.univ-tlse2.fr\/archeoscience\/wp-json\/wp\/v2\/pages\/105\/revisions\/328"}],"wp:attachment":[{"href":"https:\/\/blogs.univ-tlse2.fr\/archeoscience\/wp-json\/wp\/v2\/media?parent=105"}],"curies":[{"name":"wp","href":"https:\/\/api.w.org\/{rel}","templated":true}]}}