 {"id":107,"date":"2024-04-24T22:57:36","date_gmt":"2024-04-24T20:57:36","guid":{"rendered":"https:\/\/blogs.univ-tlse2.fr\/archeoscience\/?page_id=107"},"modified":"2024-04-28T09:13:51","modified_gmt":"2024-04-28T07:13:51","slug":"le-centre-de-documentation","status":"publish","type":"page","link":"https:\/\/blogs.univ-tlse2.fr\/archeoscience\/le-centre-de-documentation\/","title":{"rendered":"Le centre de documentation"},"content":{"rendered":"\n<p>Cette unit\u00e9 r\u00e9pond aux activit\u00e9s de recherche et formation sp\u00e9cifiques aux disciplines arch\u00e9ologiques : monographies, tir\u00e9s \u00e0 part, p\u00e9riodiques, documents multim\u00e9dias, cartes, plans, archives de chercheurs (<a href=\"https:\/\/traces.univ-tlse2.fr\/accueil\/ressources-documentaires-crd\">page de pr\u00e9sentation<\/a>).<\/p>\n","protected":false},"excerpt":{"rendered":"<p>Cette unit\u00e9 r\u00e9pond aux activit\u00e9s de recherche et formation sp\u00e9cifiques aux disciplines arch\u00e9ologiques : monographies, tir\u00e9s \u00e0 part, p\u00e9riodiques, documents multim\u00e9dias, cartes, plans, archives de chercheurs (page de pr\u00e9sentation).<\/p>\n","protected":false},"author":1421,"featured_media":0,"parent":0,"menu_order":0,"comment_status":"closed","ping_status":"closed","template":"","meta":{"footnotes":""},"class_list":["post-107","page","type-page","status-publish","hentry"],"_links":{"self":[{"href":"https:\/\/blogs.univ-tlse2.fr\/archeoscience\/wp-json\/wp\/v2\/pages\/107","targetHints":{"allow":["GET"]}}],"collection":[{"href":"https:\/\/blogs.univ-tlse2.fr\/archeoscience\/wp-json\/wp\/v2\/pages"}],"about":[{"href":"https:\/\/blogs.univ-tlse2.fr\/archeoscience\/wp-json\/wp\/v2\/types\/page"}],"author":[{"embeddable":true,"href":"https:\/\/blogs.univ-tlse2.fr\/archeoscience\/wp-json\/wp\/v2\/users\/1421"}],"replies":[{"embeddable":true,"href":"https:\/\/blogs.univ-tlse2.fr\/archeoscience\/wp-json\/wp\/v2\/comments?post=107"}],"version-history":[{"count":2,"href":"https:\/\/blogs.univ-tlse2.fr\/archeoscience\/wp-json\/wp\/v2\/pages\/107\/revisions"}],"predecessor-version":[{"id":166,"href":"https:\/\/blogs.univ-tlse2.fr\/archeoscience\/wp-json\/wp\/v2\/pages\/107\/revisions\/166"}],"wp:attachment":[{"href":"https:\/\/blogs.univ-tlse2.fr\/archeoscience\/wp-json\/wp\/v2\/media?parent=107"}],"curies":[{"name":"wp","href":"https:\/\/api.w.org\/{rel}","templated":true}]}}