 {"id":117,"date":"2024-04-24T23:01:07","date_gmt":"2024-04-24T21:01:07","guid":{"rendered":"https:\/\/blogs.univ-tlse2.fr\/archeoscience\/?page_id=117"},"modified":"2024-04-30T09:07:06","modified_gmt":"2024-04-30T07:07:06","slug":"charte-et-reglement-interieur","status":"publish","type":"page","link":"https:\/\/blogs.univ-tlse2.fr\/archeoscience\/charte-et-reglement-interieur\/","title":{"rendered":"R\u00e8glement int\u00e9rieur et chartes d&rsquo;utilisation"},"content":{"rendered":"\n<p>L&rsquo;utilisation des ressources de la plateforme est soumise au respect d&rsquo;un <strong>r\u00e8glement int\u00e9rieur <\/strong>auxquels tous doivent se conformer. Ce r\u00e8glement int\u00e9rieur vient compl\u00e9ter celui de l&rsquo;UMR TRACES sur certains aspects propres \u00e0 la plateforme, \u00e9tant entendu que celui de l&rsquo;UMR s&rsquo;applique \u00e9galement en premier lieu par d\u00e9faut :<br><\/p>\n\n\n\n<ul class=\"wp-block-list\">\n<li>Le r\u00e8glement int\u00e9rieur du laboratoire TRACES : <a href=\"https:\/\/traces.univ-tlse2.fr\/medias\/fichier\/2022-44-cr-delib-ri-traces-pj_1670418320658-pdf?ID_FICHE=399823&amp;INLINE=FALSE\" target=\"_blank\" rel=\"noreferrer noopener\">\u00e0 t\u00e9l\u00e9charger ici<\/a>.<\/li>\n\n\n\n<li>Le r\u00e8glement int\u00e9rieur de la plateforme Arch\u00e9oScience : <a href=\"https:\/\/blogs.univ-tlse2.fr\/archeoscience\/files\/2024\/04\/RI_Archeoscience.pdf\" target=\"_blank\" rel=\"noreferrer noopener\">\u00e0 t\u00e9l\u00e9charger ici<\/a>.<\/li>\n<\/ul>\n\n\n\n<p><strong>Nous attirons tout particuli\u00e8rement votre attention sur l&rsquo;article 5.2 de ce r\u00e8glement int\u00e9rieur :<\/strong><br><em>\u00ab il est obligatoire de mentionner explicitement le recours \u00e0 la plateforme, en ins\u00e9rant par exemple la phrase suivante en d\u00e9but ou en fin de rapport\/article\/publication : <\/em>\u00ab\u00a0<mark style=\"color:#e04f4f\" class=\"has-inline-color\">ce travail a b\u00e9n\u00e9fici\u00e9 de l\u2019instrumentation\/des collections de r\u00e9f\u00e9rence\/des moyens techniques et humains d\u2019Arch\u00e9oScience, segment de la plateforme PAE-2O (Plateforme Arch\u00e9oScience &#8211; Environnement Occitanie-Ouest) op\u00e9r\u00e9 par l\u2019UMR TRACES<\/mark>\u00ab\u00a0<em> (assortie \u00e9ventuellement du nom des personnes-ressources de la plateforme).<br>Une copie num\u00e9rique de tous les travaux (rapports, articles, publications diverses) devra \u00eatre envoy\u00e9e \u00e0 la personne responsable de la plateforme ou de l\u2019UP pour archivage dans le dossier partag\u00e9 d\u00e9di\u00e9 (ici) et la r\u00e9f\u00e9rence saisie dans la <a href=\"https:\/\/hal.science\/ARCHEOSCIENCE\" target=\"_blank\" rel=\"noreferrer noopener\">collection HAL d\u00e9di\u00e9e<\/a> \u00bb.<\/em><\/p>\n\n\n\n<p>Par ailleurs, chaque unit\u00e9 de plateforme dispose d&rsquo;une <strong>charte d&rsquo;utilisation<\/strong> qui lui est propre, en fonction de ses sp\u00e9cificit\u00e9s et \u00e9quipements. L\u00e0 aussi, tous les utilisateurs sont tenus de s&rsquo;y conformer :<\/p>\n\n\n\n<ul class=\"wp-block-list\">\n<li>Charte d&rsquo;utilisation du plateau P1.\u00a0Fouilles \u2013 Post-fouilles : <a href=\"https:\/\/blogs.univ-tlse2.fr\/archeoscience\/files\/2024\/04\/Charte_P1.pdf\" target=\"_blank\" rel=\"noreferrer noopener\">\u00e0 t\u00e9l\u00e9charger ici<\/a>.<\/li>\n\n\n\n<li>Charte d&rsquo;utilisation du plateau P2.\u00a0Arch\u00e9ologie exp\u00e9rimentale : <a href=\"https:\/\/blogs.univ-tlse2.fr\/archeoscience\/files\/2024\/04\/Charte_P2.pdf\" target=\"_blank\" rel=\"noreferrer noopener\">\u00e0 t\u00e9l\u00e9charger ici<\/a>.<\/li>\n\n\n\n<li>Charte d&rsquo;utilisation du plateau P3.\u00a0\u00c9tude et remontage mobilier : <a href=\"https:\/\/blogs.univ-tlse2.fr\/archeoscience\/files\/2024\/04\/Charte_P3.pdf\" target=\"_blank\" rel=\"noreferrer noopener\">\u00e0 t\u00e9l\u00e9charger ici<\/a>.<\/li>\n\n\n\n<li>Charte d&rsquo;utilisation du plateau P4.\u00a0Caract\u00e9risation des mat\u00e9riaux : <a href=\"https:\/\/blogs.univ-tlse2.fr\/archeoscience\/files\/2024\/04\/Charte_P4.pdf\" target=\"_blank\" rel=\"noreferrer noopener\">\u00e0 t\u00e9l\u00e9charger ici<\/a>.<\/li>\n\n\n\n<li>Charte d&rsquo;utilisation du plateau P5.\u00a0Topographie \u2013 Imagerie \u2013 G\u00e9omatique \u2013 3D : <a href=\"https:\/\/blogs.univ-tlse2.fr\/archeoscience\/files\/2024\/04\/Charte_P5.pdf\" target=\"_blank\" rel=\"noreferrer noopener\">\u00e0 t\u00e9l\u00e9charger ici<\/a>.<\/li>\n\n\n\n<li>Charte d&rsquo;utilisation de la th\u00e8que A1.\u00a0Trac\u00e9oth\u00e8que \u2013 Trac\u00e9ologie : <a href=\"https:\/\/blogs.univ-tlse2.fr\/archeoscience\/files\/2024\/04\/Charte_A1.pdf\" target=\"_blank\" rel=\"noreferrer noopener\">\u00e0 t\u00e9l\u00e9charger ici<\/a>.<\/li>\n\n\n\n<li>Charte d&rsquo;utilisation de la th\u00e8que A2.\u00a0Ost\u00e9oth\u00e8que : <a href=\"https:\/\/blogs.univ-tlse2.fr\/archeoscience\/files\/2024\/04\/Charte_A2.pdf\" target=\"_blank\" rel=\"noreferrer noopener\">\u00e0 t\u00e9l\u00e9charger ici<\/a>.<\/li>\n\n\n\n<li>Charte d&rsquo;utilisation de la th\u00e8que A3.\u00a0Th\u00e8que m\u00e9tal et verre : <a href=\"https:\/\/blogs.univ-tlse2.fr\/archeoscience\/files\/2024\/04\/Charte_A3.pdf\" target=\"_blank\" rel=\"noreferrer noopener\">\u00e0 t\u00e9l\u00e9charger ici<\/a>.<\/li>\n\n\n\n<li>Charte d&rsquo;utilisation de la th\u00e8que A4.\u00a0C\u00e9ramoth\u00e8que : <a href=\"https:\/\/blogs.univ-tlse2.fr\/archeoscience\/files\/2024\/04\/Charte_A4.pdf\" target=\"_blank\" rel=\"noreferrer noopener\">\u00e0 t\u00e9l\u00e9charger ici<\/a>.<\/li>\n\n\n\n<li>Charte d&rsquo;utilisation de la th\u00e8que A5.\u00a0Industries lithiques, lithoth\u00e8que : <a href=\"https:\/\/blogs.univ-tlse2.fr\/archeoscience\/files\/2024\/04\/Charte_A5.pdf\" target=\"_blank\" rel=\"noreferrer noopener\">\u00e0 t\u00e9l\u00e9charger ici<\/a>.<\/li>\n\n\n\n<li>Charte d&rsquo;utilisation de la th\u00e8que A6.\u00a0Th\u00e8que plantes et insectes : <a href=\"https:\/\/blogs.univ-tlse2.fr\/archeoscience\/files\/2024\/04\/Charte_A6.pdf\" target=\"_blank\" rel=\"noreferrer noopener\">\u00e0 t\u00e9l\u00e9charger ici<\/a>.<\/li>\n<\/ul>\n","protected":false},"excerpt":{"rendered":"<p>L&rsquo;utilisation des ressources de la plateforme est soumise au respect d&rsquo;un r\u00e8glement int\u00e9rieur auxquels tous doivent se conformer. Ce r\u00e8glement int\u00e9rieur vient compl\u00e9ter celui de l&rsquo;UMR TRACES sur certains aspects propres \u00e0 la plateforme, \u00e9tant entendu que celui de l&rsquo;UMR &hellip; <a href=\"https:\/\/blogs.univ-tlse2.fr\/archeoscience\/charte-et-reglement-interieur\/\">Continuer la lecture <span class=\"meta-nav\">&rarr;<\/span><\/a><\/p>\n","protected":false},"author":1421,"featured_media":0,"parent":0,"menu_order":0,"comment_status":"closed","ping_status":"closed","template":"","meta":{"footnotes":""},"class_list":["post-117","page","type-page","status-publish","hentry"],"_links":{"self":[{"href":"https:\/\/blogs.univ-tlse2.fr\/archeoscience\/wp-json\/wp\/v2\/pages\/117","targetHints":{"allow":["GET"]}}],"collection":[{"href":"https:\/\/blogs.univ-tlse2.fr\/archeoscience\/wp-json\/wp\/v2\/pages"}],"about":[{"href":"https:\/\/blogs.univ-tlse2.fr\/archeoscience\/wp-json\/wp\/v2\/types\/page"}],"author":[{"embeddable":true,"href":"https:\/\/blogs.univ-tlse2.fr\/archeoscience\/wp-json\/wp\/v2\/users\/1421"}],"replies":[{"embeddable":true,"href":"https:\/\/blogs.univ-tlse2.fr\/archeoscience\/wp-json\/wp\/v2\/comments?post=117"}],"version-history":[{"count":9,"href":"https:\/\/blogs.univ-tlse2.fr\/archeoscience\/wp-json\/wp\/v2\/pages\/117\/revisions"}],"predecessor-version":[{"id":350,"href":"https:\/\/blogs.univ-tlse2.fr\/archeoscience\/wp-json\/wp\/v2\/pages\/117\/revisions\/350"}],"wp:attachment":[{"href":"https:\/\/blogs.univ-tlse2.fr\/archeoscience\/wp-json\/wp\/v2\/media?parent=117"}],"curies":[{"name":"wp","href":"https:\/\/api.w.org\/{rel}","templated":true}]}}