 {"id":121,"date":"2024-04-24T23:02:00","date_gmt":"2024-04-24T21:02:00","guid":{"rendered":"https:\/\/blogs.univ-tlse2.fr\/archeoscience\/?page_id=121"},"modified":"2025-11-18T11:26:21","modified_gmt":"2025-11-18T10:26:21","slug":"prestations","status":"publish","type":"page","link":"https:\/\/blogs.univ-tlse2.fr\/archeoscience\/prestations\/","title":{"rendered":"Facturation et prestations"},"content":{"rendered":"\n<p>Arch\u00e9oScience est une plateforme principalement d\u00e9di\u00e9e \u00e0 la recherche et \u00e0 a formation. Mais, elle est \u00e9galement ouverte \u00e0 des <a href=\"https:\/\/blogs.univ-tlse2.fr\/archeoscience\/les-prestations-internes-et-externes\/\" data-type=\"page\" data-id=\"160\" target=\"_blank\" rel=\"noreferrer noopener\">prestations ext\u00e9rieures<\/a>, \u00e0 destination d&rsquo;autres unit\u00e9s de recherches, de partenaires acad\u00e9miques ou industriels (pour un maximum de 20 % de son temps de fonctionnement). Ces prestations sont soumises \u00e0 des <a href=\"https:\/\/blogs.univ-tlse2.fr\/archeoscience\/grilles-tarifaires\/\" data-type=\"page\" data-id=\"158\" target=\"_blank\" rel=\"noreferrer noopener\">grilles tarifaires<\/a> qui, en fonction de l&rsquo;\u00e9quipement concern\u00e9, sont des grilles libres ou des grilles auditables.<\/p>\n\n\n<div class=\"wp-block-image\">\n<figure class=\"aligncenter size-large is-resized\"><img loading=\"lazy\" decoding=\"async\" width=\"1024\" height=\"142\" src=\"https:\/\/blogs.univ-tlse2.fr\/archeoscience\/files\/2024\/04\/plat_rech-1024x142.png\" alt=\"\" class=\"wp-image-274\" style=\"width:440px;height:auto\" srcset=\"https:\/\/blogs.univ-tlse2.fr\/archeoscience\/files\/2024\/04\/plat_rech-1024x142.png 1024w, https:\/\/blogs.univ-tlse2.fr\/archeoscience\/files\/2024\/04\/plat_rech-300x42.png 300w, https:\/\/blogs.univ-tlse2.fr\/archeoscience\/files\/2024\/04\/plat_rech-768x107.png 768w, https:\/\/blogs.univ-tlse2.fr\/archeoscience\/files\/2024\/04\/plat_rech-1536x213.png 1536w, https:\/\/blogs.univ-tlse2.fr\/archeoscience\/files\/2024\/04\/plat_rech-2048x284.png 2048w\" sizes=\"auto, (max-width: 1024px) 100vw, 1024px\" \/><figcaption class=\"wp-element-caption\"><em>En tant que \u00ab\u00a0plateforme recherche\u00a0\u00bb, seul 20 % du temps d&rsquo;utilisation des \u00e9quipements d&rsquo;Arch\u00e9oScience peut \u00eatre soumis \u00e0 facturation.<\/em><\/figcaption><\/figure>\n<\/div>\n\n\n<p id=\"principes_fact\"><strong>Principes de facturation<\/strong><br>La facturation de certaines des activit\u00e9s de la plateforme a pour objectif de g\u00e9n\u00e9rer des ressources financi\u00e8res permettant de :<br>\u2022 Entretenir, r\u00e9viser et renouveler les \u00e9quipements existants.<br>\u2022 Acqu\u00e9rir de nouveaux \u00e9quipements (<em>i.e. <\/em>veille technologique \/ plateaux).<br>\u2022 Enrichir, formaliser et diffuser les r\u00e9f\u00e9rentiels (th\u00e8ques).<br>\u2022 R\u00e9pondre aux besoins de consommables.<br>Cette facturation vise donc \u00e0 mettre en place un fonctionnement solidaire au profit de tous les utilisateurs.<\/p>\n\n\n\n<p>Cette facturation ne concerne pas :<br>\u2022 des actions de recherche financ\u00e9es par des cr\u00e9dits FEI CNRS ;<br>\u2022 les travaux des doctorant\u00b7e\u00b7s ou post-doctorant\u00b7e\u00b7s non environn\u00e9s ;<br>\u2022 les actions p\u00e9dagogiques de formation et d&rsquo;enseignement.<\/p>\n\n\n\n<p><strong>Elle concerne par contre :<\/strong><br>\u2022 tout programme de recherche contractualis\u00e9 (ANR, ERC, etc.) ;<br>\u2022 tout autre type de programme conventionn\u00e9 (MITI, PCR, TIRIS, D\u00e9fis-Clefs, Labex SMS, 80\u2019Prime\u2026)<br>\u2022 les travaux des doctorant\u00b7e\u00b7s ou post-doctorant\u00b7e\u00b7s environn\u00e9s ;<br>\u2022 les programme de terrain financ\u00e9s (fouilles, prospections, sondages).<\/p>\n\n\n\n<p>Cette facturation est \u00e9tablie selon deux grilles tarifaires distinctes, en fonction de la famille d&rsquo;\u00e9quipements concern\u00e9s : une <a href=\"https:\/\/blogs.univ-tlse2.fr\/archeoscience\/grilles-tarifaires\/#grille_simple\" data-type=\"link\" data-id=\"https:\/\/blogs.univ-tlse2.fr\/archeoscience\/grilles-tarifaires\/#grille_simple\">grille simplifi\u00e9e<\/a> et une <a href=\"https:\/\/blogs.univ-tlse2.fr\/archeoscience\/grilles-tarifaires\/#grille_auditable\" data-type=\"page\" data-id=\"158\">grille auditable<\/a>. Au sein de chacune de ces grilles, les tarifs varient en fonction des types ou niveaux d&rsquo;utilisateurs.<\/p>\n\n\n\n<p id=\"types_utilisateurs\"><strong>Types d&rsquo;utilisateurs<\/strong><br>Pour chacune des deux grilles, quatre types d&rsquo;utilisateurs sont d\u00e9finis auxquels s&rsquo;appliquent autant de tarifs distincts. Ils peuvent \u00eatre :<br>\u2022 Internes : attention, le sens de cette qualification varie selon la grille. Dans le cas de la grille simplifi\u00e9e, il s&rsquo;agit de personnes membres statutaires de l&rsquo;UMR TRACES. Dans le cas de la grille auditable, il s&rsquo;agit de programmes dont les cr\u00e9dits sont g\u00e9r\u00e9s par la DR14 du CNRS.<br>\u2022 Associ\u00e9s : ce terme rassemble les membres associ\u00e9s du laboratoire TRACES ainsi que les structures et personnes morales conventionn\u00e9es avec le laboratoire.<br>\u2022 Externes acad\u00e9miques : sont rassembl\u00e9es ici les structures de recherche et d&rsquo;enseignement, notamment les universit\u00e9s et laboratoires de recherche non conventionn\u00e9s.<br>\u2022 Externes industriels : toutes autres entreprises priv\u00e9es, collectivit\u00e9s ou personnes morales.<br><br>En fonction des \u00e9quipements, des tarifs sont diff\u00e9renci\u00e9s en fonction du niveau d&rsquo;autonomie de l&rsquo;utilisateur.<\/p>\n\n\n\n<figure class=\"wp-block-image size-large\"><img loading=\"lazy\" decoding=\"async\" width=\"1024\" height=\"539\" src=\"https:\/\/blogs.univ-tlse2.fr\/archeoscience\/files\/2024\/04\/utilisateurs-1-1024x539.jpg\" alt=\"\" class=\"wp-image-288\" srcset=\"https:\/\/blogs.univ-tlse2.fr\/archeoscience\/files\/2024\/04\/utilisateurs-1-1024x539.jpg 1024w, https:\/\/blogs.univ-tlse2.fr\/archeoscience\/files\/2024\/04\/utilisateurs-1-300x158.jpg 300w, https:\/\/blogs.univ-tlse2.fr\/archeoscience\/files\/2024\/04\/utilisateurs-1-768x404.jpg 768w, https:\/\/blogs.univ-tlse2.fr\/archeoscience\/files\/2024\/04\/utilisateurs-1-1536x808.jpg 1536w, https:\/\/blogs.univ-tlse2.fr\/archeoscience\/files\/2024\/04\/utilisateurs-1-2048x1078.jpg 2048w\" sizes=\"auto, (max-width: 1024px) 100vw, 1024px\" \/><figcaption class=\"wp-element-caption\"><em>Les quatre niveaux d&rsquo;utilisateurs d\u00e9finis pour la facturation de l&rsquo;utilisation des \u00e9quipement de la plateforme Arch\u00e9oScience (DAO T. Perrin).<\/em><\/figcaption><\/figure>\n\n\n\n<p id=\"proced_fact\"><strong>Proc\u00e9dure de facturation<\/strong><br>La proc\u00e9dure g\u00e9n\u00e9rale de facturation est r\u00e9sum\u00e9e dans la figure ci-dessous. Dans le cas de prestations externes, la proc\u00e9dure est la suivante :<br>\u2022 la personne demandeuse entre en contact avec le\u00b7la responsable de l&rsquo;UP concern\u00e9e afin de pr\u00e9senter et discuter de son projet ;<br>\u2022 si celui-ci entre dans le champ de comp\u00e9tence de l&rsquo;UP en question, le\u00b7la responsable de l&rsquo;UP \u00e9tablit un devis (mod\u00e8le <a href=\"https:\/\/blogs.univ-tlse2.fr\/archeoscience\/files\/2025\/11\/ArcheoScience_devis_grille_libre.pdf\" target=\"_blank\" rel=\"noreferrer noopener\">pour grille libre<\/a> ou mod\u00e8le <a href=\"https:\/\/blogs.univ-tlse2.fr\/archeoscience\/files\/2025\/11\/ArcheoScience_devis_grille_auditable.pdf\" target=\"_blank\" rel=\"noreferrer noopener\">pour grille auditable<\/a>) qui doit \u00eatre soumis au responsable de la plateforme puis sign\u00e9 par la direction de l&rsquo;UMR ;<br>\u2022 le\u00b7la demandeur\u00b7se renvoie alors un bon de commande \u00e9marg\u00e9 correspondant au devis en question (dans le cas particulier ou le\u00b7la demandeur\u00b7se soit une association, laquelle ne peut donc l\u00e9galement \u00e9mettre de bon de commande, il faut renvoyer le devis dat\u00e9, sign\u00e9 et portant mention de \u00ab\u00a0bon pour accord\u00a0\u00bb) ;<br>\u2022 \u00e0 l&rsquo;issue de la prestation et une fois le \u00ab\u00a0service fait\u00a0\u00bb confirm\u00e9 par le\u00b7la responsable de l&rsquo;UP concern\u00e9e, la facture correspondante est \u00e9mise par la d\u00e9l\u00e9gation r\u00e9gionale du CNRS (DR14) et envoy\u00e9e au client ;<br>\u2022 celui-ci doit alors s&rsquo;acquitter du r\u00e8glement dans les d\u00e9lais l\u00e9gaux via la plateforme <a href=\"https:\/\/portail.chorus-pro.gouv.fr\/aife_csm\" target=\"_blank\" rel=\"noreferrer noopener\">Chorus Pro<\/a>.<\/p>\n\n\n\n<figure class=\"wp-block-image size-large\"><img loading=\"lazy\" decoding=\"async\" width=\"1024\" height=\"724\" src=\"https:\/\/blogs.univ-tlse2.fr\/archeoscience\/files\/2024\/04\/memo-facturation-2-1024x724.jpg\" alt=\"\" class=\"wp-image-291\" srcset=\"https:\/\/blogs.univ-tlse2.fr\/archeoscience\/files\/2024\/04\/memo-facturation-2-1024x724.jpg 1024w, https:\/\/blogs.univ-tlse2.fr\/archeoscience\/files\/2024\/04\/memo-facturation-2-300x212.jpg 300w, https:\/\/blogs.univ-tlse2.fr\/archeoscience\/files\/2024\/04\/memo-facturation-2-768x543.jpg 768w, https:\/\/blogs.univ-tlse2.fr\/archeoscience\/files\/2024\/04\/memo-facturation-2-1536x1086.jpg 1536w, https:\/\/blogs.univ-tlse2.fr\/archeoscience\/files\/2024\/04\/memo-facturation-2-2048x1448.jpg 2048w\" sizes=\"auto, (max-width: 1024px) 100vw, 1024px\" \/><figcaption class=\"wp-element-caption\"><em>Proc\u00e9dure de facturation des prestations r\u00e9alis\u00e9es dans le cadre de la plateforme Arch\u00e9ocience (DAO T. Perrin).<\/em><\/figcaption><\/figure>\n","protected":false},"excerpt":{"rendered":"<p>Arch\u00e9oScience est une plateforme principalement d\u00e9di\u00e9e \u00e0 la recherche et \u00e0 a formation. Mais, elle est \u00e9galement ouverte \u00e0 des prestations ext\u00e9rieures, \u00e0 destination d&rsquo;autres unit\u00e9s de recherches, de partenaires acad\u00e9miques ou industriels (pour un maximum de 20 % de &hellip; <a href=\"https:\/\/blogs.univ-tlse2.fr\/archeoscience\/prestations\/\">Continuer la lecture <span class=\"meta-nav\">&rarr;<\/span><\/a><\/p>\n","protected":false},"author":1421,"featured_media":0,"parent":0,"menu_order":0,"comment_status":"closed","ping_status":"closed","template":"","meta":{"footnotes":""},"class_list":["post-121","page","type-page","status-publish","hentry"],"_links":{"self":[{"href":"https:\/\/blogs.univ-tlse2.fr\/archeoscience\/wp-json\/wp\/v2\/pages\/121","targetHints":{"allow":["GET"]}}],"collection":[{"href":"https:\/\/blogs.univ-tlse2.fr\/archeoscience\/wp-json\/wp\/v2\/pages"}],"about":[{"href":"https:\/\/blogs.univ-tlse2.fr\/archeoscience\/wp-json\/wp\/v2\/types\/page"}],"author":[{"embeddable":true,"href":"https:\/\/blogs.univ-tlse2.fr\/archeoscience\/wp-json\/wp\/v2\/users\/1421"}],"replies":[{"embeddable":true,"href":"https:\/\/blogs.univ-tlse2.fr\/archeoscience\/wp-json\/wp\/v2\/comments?post=121"}],"version-history":[{"count":23,"href":"https:\/\/blogs.univ-tlse2.fr\/archeoscience\/wp-json\/wp\/v2\/pages\/121\/revisions"}],"predecessor-version":[{"id":427,"href":"https:\/\/blogs.univ-tlse2.fr\/archeoscience\/wp-json\/wp\/v2\/pages\/121\/revisions\/427"}],"wp:attachment":[{"href":"https:\/\/blogs.univ-tlse2.fr\/archeoscience\/wp-json\/wp\/v2\/media?parent=121"}],"curies":[{"name":"wp","href":"https:\/\/api.w.org\/{rel}","templated":true}]}}