 {"id":154,"date":"2024-04-28T09:00:59","date_gmt":"2024-04-28T07:00:59","guid":{"rendered":"https:\/\/blogs.univ-tlse2.fr\/archeoscience\/?page_id=154"},"modified":"2024-04-29T15:28:02","modified_gmt":"2024-04-29T13:28:02","slug":"organisation","status":"publish","type":"page","link":"https:\/\/blogs.univ-tlse2.fr\/archeoscience\/organisation\/","title":{"rendered":"Organisation"},"content":{"rendered":"\n<p>Arch\u00e9oScience est le segment de la plateforme PAE-2O (\u00ab Plateforme Arch\u00e9oScience \u2013 Environnement Occitanie Ouest \u00bb) op\u00e9r\u00e9 par l\u2019<a href=\"https:\/\/traces.univ-tlse2.fr\/\" target=\"_blank\" rel=\"noreferrer noopener\">UMR TRACES<\/a>. Elle administre, g\u00e8re, entretient et renouvelle les ressources et outils scientifiques et techniques au service de la recherche arch\u00e9ologique.<\/p>\n\n\n\n<figure class=\"wp-block-image size-large\"><img loading=\"lazy\" decoding=\"async\" width=\"1024\" height=\"315\" src=\"https:\/\/blogs.univ-tlse2.fr\/archeoscience\/files\/2024\/04\/PAE2O-1024x315.jpg\" alt=\"\" class=\"wp-image-315\" srcset=\"https:\/\/blogs.univ-tlse2.fr\/archeoscience\/files\/2024\/04\/PAE2O-1024x315.jpg 1024w, https:\/\/blogs.univ-tlse2.fr\/archeoscience\/files\/2024\/04\/PAE2O-300x92.jpg 300w, https:\/\/blogs.univ-tlse2.fr\/archeoscience\/files\/2024\/04\/PAE2O-768x236.jpg 768w, https:\/\/blogs.univ-tlse2.fr\/archeoscience\/files\/2024\/04\/PAE2O-1536x473.jpg 1536w, https:\/\/blogs.univ-tlse2.fr\/archeoscience\/files\/2024\/04\/PAE2O-2048x630.jpg 2048w\" sizes=\"auto, (max-width: 1024px) 100vw, 1024px\" \/><figcaption class=\"wp-element-caption\"><em>Structure g\u00e9n\u00e9rale de la plateforme PAE2O et de ses deux plateformes Arch\u00e9oScience et Pangeme (DAO T. Perrin).<\/em><\/figcaption><\/figure>\n\n\n\n<p><strong>Historique<\/strong><br>La constitution de la plateforme PAE2O dont Arch\u00e9oScience fait partie a \u00e9t\u00e9 financ\u00e9e \u00e0 hauteur de 1,480 M\u20ac par le Contrat de Plan \u00c9tat-R\u00e9gion 2016-2020 (CNRS InEE \u2013 R\u00e9gion Occitanie et Toulouse M\u00e9tropole). De ce fait, elle est inscrite par <a href=\"https:\/\/metropole.toulouse.fr\/\" target=\"_blank\" rel=\"noreferrer noopener\">Toulouse M\u00e9tropole<\/a> et le <a href=\"https:\/\/www.laregion.fr\/\" target=\"_blank\" rel=\"noreferrer noopener\">Conseil R\u00e9gional<\/a> dans la liste des plateformes technologiques reconnues comme moyens communs des \u00e9tablissements d\u2019enseignement sup\u00e9rieur et recherche. Elle est h\u00e9berg\u00e9e sur le campus de l&rsquo;<a href=\"https:\/\/www.univ-tlse2.fr\/\" target=\"_blank\" rel=\"noreferrer noopener\">Universit\u00e9 Toulouse Jean-Jaur\u00e8s<\/a>.<\/p>\n\n\n\n<figure class=\"wp-block-image size-large\"><img loading=\"lazy\" decoding=\"async\" width=\"1024\" height=\"228\" src=\"https:\/\/blogs.univ-tlse2.fr\/archeoscience\/files\/2024\/04\/historique-1024x228.png\" alt=\"\" class=\"wp-image-279\" srcset=\"https:\/\/blogs.univ-tlse2.fr\/archeoscience\/files\/2024\/04\/historique-1024x228.png 1024w, https:\/\/blogs.univ-tlse2.fr\/archeoscience\/files\/2024\/04\/historique-300x67.png 300w, https:\/\/blogs.univ-tlse2.fr\/archeoscience\/files\/2024\/04\/historique-768x171.png 768w, https:\/\/blogs.univ-tlse2.fr\/archeoscience\/files\/2024\/04\/historique-1536x341.png 1536w, https:\/\/blogs.univ-tlse2.fr\/archeoscience\/files\/2024\/04\/historique-2048x455.png 2048w\" sizes=\"auto, (max-width: 1024px) 100vw, 1024px\" \/><figcaption class=\"wp-element-caption\"><em>Historique simplifi\u00e9 de la plateforme Arch\u00e9oScience (DAO T. Perrin).<\/em><\/figcaption><\/figure>\n\n\n\n<p><strong>Organisation<\/strong><br>La plateforme Arch\u00e9oScience est op\u00e9r\u00e9e par le laboratoire TRACES (UMR 5608) et \u00e0 ce titre, son fonctionnement et son administration rel\u00e8ve de la <strong>direction du laboratoire<\/strong>. <br>Son\u00b7sa <strong>responsable<\/strong> est nomm\u00e9\u00b7e par la direction du laboratoire sous contr\u00f4le du conseil de laboratoire. Le\u00b7la responsable est \u00e9paul\u00e9 par un <strong>comit\u00e9 de pilotage<\/strong> (CoPil) compos\u00e9 de tous les responsables des unit\u00e9s de plateforme. Ce CoPil d\u00e9termine la politique scientifique et technique de la plateforme afin d\u2019en permettre l\u2019exploitation, l\u2019entretien et le d\u00e9veloppement. Il peut s\u2019appuyer sur la mise en place de groupes de travail et inclure, le cas \u00e9ch\u00e9ant, des membres ext\u00e9rieurs \u00e0 TRACES (cf. <a href=\"https:\/\/traces.univ-tlse2.fr\/medias\/fichier\/2022-44-cr-delib-ri-traces-pj_1670418320658-pdf?ID_FICHE=399823&amp;INLINE=FALSE\">r\u00e8glement int\u00e9rieur<\/a> pour plus de d\u00e9tail).<\/p>\n\n\n\n<figure class=\"wp-block-image size-large\"><img loading=\"lazy\" decoding=\"async\" width=\"1024\" height=\"434\" src=\"https:\/\/blogs.univ-tlse2.fr\/archeoscience\/files\/2024\/04\/organisation-1024x434.jpg\" alt=\"\" class=\"wp-image-333\" srcset=\"https:\/\/blogs.univ-tlse2.fr\/archeoscience\/files\/2024\/04\/organisation-1024x434.jpg 1024w, https:\/\/blogs.univ-tlse2.fr\/archeoscience\/files\/2024\/04\/organisation-300x127.jpg 300w, https:\/\/blogs.univ-tlse2.fr\/archeoscience\/files\/2024\/04\/organisation-768x326.jpg 768w, https:\/\/blogs.univ-tlse2.fr\/archeoscience\/files\/2024\/04\/organisation-1536x652.jpg 1536w, https:\/\/blogs.univ-tlse2.fr\/archeoscience\/files\/2024\/04\/organisation-2048x869.jpg 2048w\" sizes=\"auto, (max-width: 1024px) 100vw, 1024px\" \/><figcaption class=\"wp-element-caption\"><em>Sch\u00e9ma simplifi\u00e9 de l&rsquo;organisation de la plateforme Arch\u00e9oScience (DAO T. Perrin).<\/em><\/figcaption><\/figure>\n\n\n\n<p><strong>Personnels<\/strong><br>La totalit\u00e9 des ressources humaines mobilis\u00e9e au sein de la plateforme font partie du laboratoire TRACES et sont g\u00e9r\u00e9es par lui. <br>Les diff\u00e9rents<strong> responsables d&rsquo;unit\u00e9s de plateforme<\/strong> sont des ing\u00e9nieurs ou des enseignants-chercheurs du laboratoire. Certains sont affect\u00e9s \u00e0 100 % \u00e0 la plateforme, d&rsquo;autres seulement pour une partie de leur temps de travail.<br>Sa <strong>gestion administrative et financi\u00e8re<\/strong> est directement assur\u00e9e par le personnel du laboratoire.<br>Depuis 2023, toute la <strong>logistique <\/strong>est assur\u00e9e par un personnel d\u00e9di\u00e9 (<a href=\"https:\/\/traces.univ-tlse2.fr\/ruddy-paineau\">Ruddy Paineau<\/a>) : gestion des stocks et approvisionnement de consommables, entr\u00e9es et sorties des collections, rationalisation de l\u2019utilisation des espaces collectifs, suivis des\u00a0\u00e9quipements, actualisation et mise aux normes de l\u2019inventaire de l\u2019\u00e9quipement\u2026<\/p>\n","protected":false},"excerpt":{"rendered":"<p>Arch\u00e9oScience est le segment de la plateforme PAE-2O (\u00ab Plateforme Arch\u00e9oScience \u2013 Environnement Occitanie Ouest \u00bb) op\u00e9r\u00e9 par l\u2019UMR TRACES. Elle administre, g\u00e8re, entretient et renouvelle les ressources et outils scientifiques et techniques au service de la recherche arch\u00e9ologique. HistoriqueLa &hellip; <a href=\"https:\/\/blogs.univ-tlse2.fr\/archeoscience\/organisation\/\">Continuer la lecture <span class=\"meta-nav\">&rarr;<\/span><\/a><\/p>\n","protected":false},"author":1421,"featured_media":0,"parent":0,"menu_order":0,"comment_status":"closed","ping_status":"closed","template":"","meta":{"footnotes":""},"class_list":["post-154","page","type-page","status-publish","hentry"],"_links":{"self":[{"href":"https:\/\/blogs.univ-tlse2.fr\/archeoscience\/wp-json\/wp\/v2\/pages\/154","targetHints":{"allow":["GET"]}}],"collection":[{"href":"https:\/\/blogs.univ-tlse2.fr\/archeoscience\/wp-json\/wp\/v2\/pages"}],"about":[{"href":"https:\/\/blogs.univ-tlse2.fr\/archeoscience\/wp-json\/wp\/v2\/types\/page"}],"author":[{"embeddable":true,"href":"https:\/\/blogs.univ-tlse2.fr\/archeoscience\/wp-json\/wp\/v2\/users\/1421"}],"replies":[{"embeddable":true,"href":"https:\/\/blogs.univ-tlse2.fr\/archeoscience\/wp-json\/wp\/v2\/comments?post=154"}],"version-history":[{"count":9,"href":"https:\/\/blogs.univ-tlse2.fr\/archeoscience\/wp-json\/wp\/v2\/pages\/154\/revisions"}],"predecessor-version":[{"id":335,"href":"https:\/\/blogs.univ-tlse2.fr\/archeoscience\/wp-json\/wp\/v2\/pages\/154\/revisions\/335"}],"wp:attachment":[{"href":"https:\/\/blogs.univ-tlse2.fr\/archeoscience\/wp-json\/wp\/v2\/media?parent=154"}],"curies":[{"name":"wp","href":"https:\/\/api.w.org\/{rel}","templated":true}]}}