 {"id":158,"date":"2024-04-28T09:07:48","date_gmt":"2024-04-28T07:07:48","guid":{"rendered":"https:\/\/blogs.univ-tlse2.fr\/archeoscience\/?page_id=158"},"modified":"2025-11-18T11:33:28","modified_gmt":"2025-11-18T10:33:28","slug":"grilles-tarifaires","status":"publish","type":"page","link":"https:\/\/blogs.univ-tlse2.fr\/archeoscience\/grilles-tarifaires\/","title":{"rendered":"Les grilles tarifaires"},"content":{"rendered":"\n<p><strong>Principes<\/strong><br>La tarification de l&rsquo;utilisation de certains des \u00e9quipements de la plateforme se fait selon deux grilles distinctes et compl\u00e9mentaires :<br>\u2022 Une <a href=\"#grille_simple\">grille simplifi\u00e9e<\/a> : elle concerne les \u00e9quipements les plus courants et les moins co\u00fbteux de la plateforme. Ses tarifs, peu \u00e9lev\u00e9s, sont mis \u00e0 jour annuellement par le CoPil (et valid\u00e9s en conseil de laboratoire de l&rsquo;UMR du mois de janvier de chaque ann\u00e9e civile).<br>\u2022 Une <a href=\"#grille_auditable\">grille auditable<\/a> : celle-ci s&rsquo;applique essentiellement aux \u00e9quipements lourds qui peuvent \u00eatre mobilis\u00e9s sur des temps assez longs dans le cadre de projets contractualis\u00e9s (ANR, ERC&#8230;). Ses tarifs, auditables et opposables, sont \u00e9tablis et valid\u00e9s par la D\u00e9l\u00e9gation R\u00e9gionale du CNRS d&rsquo;Occitanie (DR14).<br>Quelle que soit la grille mobilis\u00e9e, le co\u00fbt d&rsquo;utilisation de chaque \u00e9quipement est calcul\u00e9 en fonction d&rsquo;une \u00ab\u00a0<strong>unit\u00e9 d&rsquo;\u0153uvre<\/strong>\u00a0\u00bb qui est celle de la <strong>demi-journ\u00e9e<\/strong>. Il ne peut y avoir de facturation inf\u00e9rieure \u00e0 cette dur\u00e9e. Le logiciel de r\u00e9servation et de gestion de l&rsquo;utilisation des \u00e9quipements <a href=\"https:\/\/traces.univ-tlse2.fr\/accueil\/resarcheo\" target=\"_blank\" rel=\"noreferrer noopener\">Resarcheo<\/a> constitue l&rsquo;outil de tra\u00e7abilit\u00e9 de ces r\u00e9servations.<\/p>\n\n\n\n<p id=\"grille_simple\"><strong>La grille simplifi\u00e9e<\/strong><br>Cette grille concerne donc les \u00e9quipements les plus courants de la plateforme. Les tarifs \u00e9tablis s&rsquo;entendent donc par \u00ab\u00a0unit\u00e9s d&rsquo;\u0153uvre\u00a0\u00bb c&rsquo;est-\u00e0-dire par demi-journ\u00e9es. Cette grille, valid\u00e9e par le conseil de laboratoire du 19\/01\/2024, est consultable ci-dessous ou <a href=\"https:\/\/blogs.univ-tlse2.fr\/archeoscience\/files\/2024\/06\/ArcheoScience-grille_simplifiee_2024.pdf\" target=\"_blank\" rel=\"noreferrer noopener\">t\u00e9l\u00e9chargeable ici<\/a> (avec, si besoin, ce <a href=\"https:\/\/blogs.univ-tlse2.fr\/archeoscience\/files\/2025\/11\/ArcheoScience_devis_grille_libre.pdf\" target=\"_blank\" rel=\"noreferrer noopener\">mod\u00e8le de devis<\/a>).<\/p>\n\n\n\n<figure class=\"wp-block-image size-large\"><a href=\"https:\/\/blogs.univ-tlse2.fr\/archeoscience\/archeoscience-grille_simplifiee_20241\/\"><img loading=\"lazy\" decoding=\"async\" width=\"1024\" height=\"724\" src=\"https:\/\/blogs.univ-tlse2.fr\/archeoscience\/files\/2024\/06\/ArcheoScience-grille_simplifiee_20241-1024x724.jpg\" alt=\"\" class=\"wp-image-407\" srcset=\"https:\/\/blogs.univ-tlse2.fr\/archeoscience\/files\/2024\/06\/ArcheoScience-grille_simplifiee_20241-1024x724.jpg 1024w, https:\/\/blogs.univ-tlse2.fr\/archeoscience\/files\/2024\/06\/ArcheoScience-grille_simplifiee_20241-300x212.jpg 300w, https:\/\/blogs.univ-tlse2.fr\/archeoscience\/files\/2024\/06\/ArcheoScience-grille_simplifiee_20241-768x543.jpg 768w, https:\/\/blogs.univ-tlse2.fr\/archeoscience\/files\/2024\/06\/ArcheoScience-grille_simplifiee_20241-1536x1086.jpg 1536w, https:\/\/blogs.univ-tlse2.fr\/archeoscience\/files\/2024\/06\/ArcheoScience-grille_simplifiee_20241.jpg 1754w\" sizes=\"auto, (max-width: 1024px) 100vw, 1024px\" \/><\/a><figcaption class=\"wp-element-caption\"><em>Plateforme Arch\u00e9oScience : grille simplifi\u00e9e 2024 valid\u00e9e par le conseil de laboratoire du 19\/01\/2024.<\/em><\/figcaption><\/figure>\n\n\n\n<p id=\"grille_auditable\"><strong>La grille auditable<\/strong><br>Cette grille, qui peut \u00eatre mobilis\u00e9e dans le cadre de programmes contractuels (type ANR, ERC, etc.), est \u00e9labor\u00e9e et actualis\u00e9e r\u00e9guli\u00e8rement par la d\u00e9l\u00e9gation r\u00e9gionale du CNRS d&rsquo;Occitanie et la direction de la plateforme et du laboratoire.<\/p>\n\n\n\n<p>Le tarif qui s\u2019applique d\u00e9pend de l\u2019entit\u00e9 factur\u00e9e. Le tarif diff\u00e9rencie les membres des organismes de tutelle du laboratoire et de la plateforme des autres utilisateurs. <\/p>\n\n\n\n<p><em>N.B. : Le mod\u00e8le de devis correspondant \u00e0 cette grille auditable est <a href=\"https:\/\/blogs.univ-tlse2.fr\/archeoscience\/files\/2025\/11\/ArcheoScience_devis_grille_auditable.pdf\" target=\"_blank\" rel=\"noreferrer noopener\">celui-ci<\/a>.<\/em><\/p>\n\n\n\n<p>L\u2019utilisation des \u00e9quipements par un utilisateur peut \u00eatre r\u00e9alis\u00e9e en autonomie si ce dernier a \u00e9t\u00e9 form\u00e9 par le personnel de la plateforme et est reconnu comme utilisateur autonome sur un \u00e9quipement. Dans le cas contraire, il sera accompagn\u00e9 par le responsable de l\u2019\u00e9quipement.<\/p>\n\n\n\n<p>Il est interdit de fournir des \u00e9chantillons qui mettent en danger la s\u00e9curit\u00e9 du personnel de la plateforme ainsi que le fonctionnement du mat\u00e9riel. Les utilisateurs sont tenus pour responsables des dommages occasionn\u00e9s.<\/p>\n\n\n\n<p>Dans tous les cas, le personnel de la plateforme, compte tenu de son expertise et de son exp\u00e9rience, apporte son aide pour une optimisation des conditions d\u2019analyse et\/ou d\u2019observation ainsi que dans l\u2019interpr\u00e9tation des donn\u00e9es, si n\u00e9cessaire.<\/p>\n\n\n\n<p><strong>Tous les tarifs sont HT et par demi-journ\u00e9e.<\/strong><\/p>\n\n\n\n<figure class=\"wp-block-image size-large is-resized\"><a href=\"https:\/\/blogs.univ-tlse2.fr\/archeoscience\/grilles-tarifaires\/synthese_tarifaire_archeosciences_2024_2_page1\/\" target=\"_blank\" rel=\"noreferrer noopener\"><img loading=\"lazy\" decoding=\"async\" width=\"1024\" height=\"724\" src=\"https:\/\/blogs.univ-tlse2.fr\/archeoscience\/files\/2024\/06\/SYNTHESE_TARIFAIRE_ARCHEOSCIENCES_2024_2_page1-1024x724.jpg\" alt=\"\" class=\"wp-image-413\" style=\"width:670px;height:auto\" srcset=\"https:\/\/blogs.univ-tlse2.fr\/archeoscience\/files\/2024\/06\/SYNTHESE_TARIFAIRE_ARCHEOSCIENCES_2024_2_page1-1024x724.jpg 1024w, https:\/\/blogs.univ-tlse2.fr\/archeoscience\/files\/2024\/06\/SYNTHESE_TARIFAIRE_ARCHEOSCIENCES_2024_2_page1-300x212.jpg 300w, https:\/\/blogs.univ-tlse2.fr\/archeoscience\/files\/2024\/06\/SYNTHESE_TARIFAIRE_ARCHEOSCIENCES_2024_2_page1-768x543.jpg 768w, https:\/\/blogs.univ-tlse2.fr\/archeoscience\/files\/2024\/06\/SYNTHESE_TARIFAIRE_ARCHEOSCIENCES_2024_2_page1-1536x1086.jpg 1536w, https:\/\/blogs.univ-tlse2.fr\/archeoscience\/files\/2024\/06\/SYNTHESE_TARIFAIRE_ARCHEOSCIENCES_2024_2_page1.jpg 1754w\" sizes=\"auto, (max-width: 1024px) 100vw, 1024px\" \/><\/a><figcaption class=\"wp-element-caption\"><em>Plateforme Arch\u00e9oScience : grille auditable 2024 valid\u00e9e par la d\u00e9l\u00e9gation r\u00e9gionale du CNRS d&rsquo;Occitanie en date du 01\/04\/2024. Une version PDF de cette grille peut \u00eatre <a href=\"https:\/\/blogs.univ-tlse2.fr\/archeoscience\/files\/2024\/06\/SYNTHESE_TARIFAIRE_ARCHEOSCIENCES_2024_2-1.pdf\" target=\"_blank\" rel=\"noreferrer noopener\">t\u00e9l\u00e9charg\u00e9e ici<\/a>.<\/em><\/figcaption><\/figure>\n","protected":false},"excerpt":{"rendered":"<p>PrincipesLa tarification de l&rsquo;utilisation de certains des \u00e9quipements de la plateforme se fait selon deux grilles distinctes et compl\u00e9mentaires :\u2022 Une grille simplifi\u00e9e : elle concerne les \u00e9quipements les plus courants et les moins co\u00fbteux de la plateforme. Ses tarifs, &hellip; <a href=\"https:\/\/blogs.univ-tlse2.fr\/archeoscience\/grilles-tarifaires\/\">Continuer la lecture <span class=\"meta-nav\">&rarr;<\/span><\/a><\/p>\n","protected":false},"author":1421,"featured_media":0,"parent":0,"menu_order":0,"comment_status":"closed","ping_status":"closed","template":"","meta":{"footnotes":""},"class_list":["post-158","page","type-page","status-publish","hentry"],"_links":{"self":[{"href":"https:\/\/blogs.univ-tlse2.fr\/archeoscience\/wp-json\/wp\/v2\/pages\/158","targetHints":{"allow":["GET"]}}],"collection":[{"href":"https:\/\/blogs.univ-tlse2.fr\/archeoscience\/wp-json\/wp\/v2\/pages"}],"about":[{"href":"https:\/\/blogs.univ-tlse2.fr\/archeoscience\/wp-json\/wp\/v2\/types\/page"}],"author":[{"embeddable":true,"href":"https:\/\/blogs.univ-tlse2.fr\/archeoscience\/wp-json\/wp\/v2\/users\/1421"}],"replies":[{"embeddable":true,"href":"https:\/\/blogs.univ-tlse2.fr\/archeoscience\/wp-json\/wp\/v2\/comments?post=158"}],"version-history":[{"count":19,"href":"https:\/\/blogs.univ-tlse2.fr\/archeoscience\/wp-json\/wp\/v2\/pages\/158\/revisions"}],"predecessor-version":[{"id":429,"href":"https:\/\/blogs.univ-tlse2.fr\/archeoscience\/wp-json\/wp\/v2\/pages\/158\/revisions\/429"}],"wp:attachment":[{"href":"https:\/\/blogs.univ-tlse2.fr\/archeoscience\/wp-json\/wp\/v2\/media?parent=158"}],"curies":[{"name":"wp","href":"https:\/\/api.w.org\/{rel}","templated":true}]}}