 {"id":2,"date":"2024-02-28T15:57:18","date_gmt":"2024-02-28T14:57:18","guid":{"rendered":"https:\/\/blogs.univ-tlse2.fr\/archeoscience\/?page_id=2"},"modified":"2025-12-08T09:46:25","modified_gmt":"2025-12-08T08:46:25","slug":"accueil","status":"publish","type":"page","link":"https:\/\/blogs.univ-tlse2.fr\/archeoscience\/","title":{"rendered":"La plateforme Arch\u00e9oScience"},"content":{"rendered":"\n<p>Arch\u00e9oScience est le segment de la plateforme PAE-2O (\u00ab\u00a0Plateforme Arch\u00e9oScience\u00a0&#8211; Environnement Occitanie Ouest\u00a0\u00bb) op\u00e9r\u00e9 par l\u2019UMR TRACES. <strong>Elle administre, g\u00e8re, entretient et renouvelle les ressources et outils scientifiques et techniques au service de la recherche arch\u00e9ologique.<\/strong><br><br>Son\/sa responsable a pour attribution de piloter l\u2019ensemble de la structure incluant son organisation et son exploitation, la maintenance et le renouvellement des \u00e9quipements. Depuis f\u00e9vrier 2020, c&rsquo;est <a href=\"https:\/\/traces.univ-tlse2.fr\/accueil\/navigation\/la-recherche\/prbm-prehistoire-recente-du-bassin-mediterraneen\/thomas-perrin--51412.kjsp?RH=annuaire_traces#\/\" target=\"_blank\" rel=\"noreferrer noopener\">Thomas Perrin<\/a> qui assume ce r\u00f4le de coordinateur.<br><br>Il\/elle est assist\u00e9(e) dans cette t\u00e2che par le <a href=\"https:\/\/blogs.univ-tlse2.fr\/archeoscience\/organisation\/\" data-type=\"page\" data-id=\"154\" target=\"_blank\" rel=\"noreferrer noopener\">Comit\u00e9 de pilotage<\/a> de la plateforme Arch\u00e9oScience dont il\/elle assure la pr\u00e9sidence. Ce \u00ab\u00a0CoPil\u00a0\u00bb r\u00e9unit l&rsquo;ensemble des responsables des unit\u00e9s de plateforme (\u00ab\u00a0UP\u00a0\u00bb), \u00e0 savoir les th\u00e8ques et plateaux, ainsi que le personnel affect\u00e9 \u00e0 la plateforme, et d\u00e9finit la politique de d\u00e9veloppement et d\u2019usage.<br><br>La plateforme comprend treize \u00ab\u00a0unit\u00e9s de plateforme\u00a0\u00bb (UP)\u00a0: cinq <a href=\"https:\/\/blogs.univ-tlse2.fr\/archeoscience\/les-plateaux\/\" data-type=\"page\" data-id=\"105\" target=\"_blank\" rel=\"noreferrer noopener\">plateaux techniques<\/a>, six <a href=\"https:\/\/blogs.univ-tlse2.fr\/archeoscience\/les-archeotheques\/\" data-type=\"page\" data-id=\"103\" target=\"_blank\" rel=\"noreferrer noopener\">arch\u00e9oth\u00e8ques<\/a> (= r\u00e9f\u00e9rentiels mat\u00e9riels), un <a href=\"https:\/\/blogs.univ-tlse2.fr\/archeoscience\/le-centre-de-documentation\/\" data-type=\"page\" data-id=\"107\" target=\"_blank\" rel=\"noreferrer noopener\">centre de ressources documentaires<\/a> et un <a href=\"https:\/\/blogs.univ-tlse2.fr\/archeoscience\/?page_id=156\" data-type=\"page\" data-id=\"156\" target=\"_blank\" rel=\"noreferrer noopener\">h\u00f4tel \u00e0 projets<\/a>. Elle a pour vocation de s\u2019ouvrir \u00e0 une large communaut\u00e9 scientifique, du r\u00e9gional \u00e0 l\u2019international. Arch\u00e9oScience est d&rsquo;ailleurs partenaire du r\u00e9seau <a href=\"https:\/\/www.e-rihs.eu\/national-nodes\/france\/\" data-type=\"link\" data-id=\"https:\/\/www.e-rihs.eu\/national-nodes\/france\/\" target=\"_blank\" rel=\"noreferrer noopener\">E-RIHS France<\/a> et va tr\u00e8s prochainement rendre accessibles plusieurs de ses \u00e9quipements \u00e0 ses membres (<a href=\"https:\/\/catalogue.e-rihs.eu\/catalogue\" data-type=\"link\" data-id=\"https:\/\/catalogue.e-rihs.eu\/catalogue\" target=\"_blank\" rel=\"noreferrer noopener\">plateformes ARCHLAB et FIXLAB<\/a>). La plateforme est \u00e9galement pr\u00e9sente sur <a href=\"https:\/\/lab-connect.univ-toulouse.fr\/\" data-type=\"link\" data-id=\"https:\/\/lab-connect.univ-toulouse.fr\/\" target=\"_blank\" rel=\"noreferrer noopener\">Lab-connect<\/a>.<\/p>\n\n\n\n<figure class=\"wp-block-image size-large\"><img loading=\"lazy\" decoding=\"async\" width=\"1024\" height=\"420\" src=\"https:\/\/blogs.univ-tlse2.fr\/archeoscience\/files\/2024\/04\/structure-1024x420.png\" alt=\"\" class=\"wp-image-282\" srcset=\"https:\/\/blogs.univ-tlse2.fr\/archeoscience\/files\/2024\/04\/structure-1024x420.png 1024w, https:\/\/blogs.univ-tlse2.fr\/archeoscience\/files\/2024\/04\/structure-300x123.png 300w, https:\/\/blogs.univ-tlse2.fr\/archeoscience\/files\/2024\/04\/structure-768x315.png 768w, https:\/\/blogs.univ-tlse2.fr\/archeoscience\/files\/2024\/04\/structure-1536x630.png 1536w, https:\/\/blogs.univ-tlse2.fr\/archeoscience\/files\/2024\/04\/structure-2048x840.png 2048w\" sizes=\"auto, (max-width: 1024px) 100vw, 1024px\" \/><figcaption class=\"wp-element-caption\"><em>Structure g\u00e9n\u00e9rale de la plateforme Arch\u00e9oScience (DAO T. Perrin).<\/em><\/figcaption><\/figure>\n\n\n\n<p>Arch\u00e9oScience est une plateforme principalement d\u00e9di\u00e9e \u00e0 la recherche et \u00e0 a formation. Mais, elle est \u00e9galement ouverte \u00e0 des <a href=\"https:\/\/blogs.univ-tlse2.fr\/archeoscience\/les-prestations-internes-et-externes\/\" data-type=\"page\" data-id=\"160\" target=\"_blank\" rel=\"noreferrer noopener\">prestations exterieures<\/a>, \u00e0 destination d&rsquo;autres unit\u00e9s de recherches, de partenaires acad\u00e9miques ou industriels (pour un maximum de 20 % de son temps de fonctionnement). Ces prestations sont soumises \u00e0 des <a href=\"https:\/\/blogs.univ-tlse2.fr\/archeoscience\/grilles-tarifaires\/\" data-type=\"page\" data-id=\"158\" target=\"_blank\" rel=\"noreferrer noopener\">grilles tarifaires<\/a> qui, en fonction de l&rsquo;\u00e9quipement concern\u00e9, sont des grilles libres ou des grilles auditables.<\/p>\n\n\n\n<h2 class=\"wp-block-heading has-text-align-center\">Tutelles et partenaires<\/h2>\n\n\n\n<figure class=\"wp-block-table\"><table><tbody><tr><td><img decoding=\"async\" style=\"width: 60px\" src=\"https:\/\/blogs.univ-tlse2.fr\/archeoscience\/files\/2024\/04\/LOGO_CNRS_BLEU.png\" alt=\"\"><\/td><td><img decoding=\"async\" style=\"width: 150px\" src=\"https:\/\/blogs.univ-tlse2.fr\/archeoscience\/files\/2024\/04\/logo-ut2j-1024x244.png\" alt=\"\"><\/td><td><img decoding=\"async\" src=\"https:\/\/blogs.univ-tlse2.fr\/archeoscience\/files\/2024\/04\/OC-1706-instit-logo-rectangle-quadri-150x150-150dpi-1024x455.png\" alt=\"\" style=\"width: 120px\"><\/td><td><img decoding=\"async\" src=\"https:\/\/blogs.univ-tlse2.fr\/archeoscience\/files\/2024\/04\/logo_Toulouse_Metropole.png\" alt=\"\" style=\"width: 120px\"><\/td><\/tr><\/tbody><\/table><\/figure>\n","protected":false},"excerpt":{"rendered":"<p>Arch\u00e9oScience est le segment de la plateforme PAE-2O (\u00ab\u00a0Plateforme Arch\u00e9oScience\u00a0&#8211; Environnement Occitanie Ouest\u00a0\u00bb) op\u00e9r\u00e9 par l\u2019UMR TRACES. Elle administre, g\u00e8re, entretient et renouvelle les ressources et outils scientifiques et techniques au service de la recherche arch\u00e9ologique. Son\/sa responsable a pour &hellip; <a href=\"https:\/\/blogs.univ-tlse2.fr\/archeoscience\/\">Continuer la lecture <span class=\"meta-nav\">&rarr;<\/span><\/a><\/p>\n","protected":false},"author":1421,"featured_media":66,"parent":0,"menu_order":0,"comment_status":"closed","ping_status":"closed","template":"","meta":{"footnotes":""},"class_list":["post-2","page","type-page","status-publish","has-post-thumbnail","hentry"],"_links":{"self":[{"href":"https:\/\/blogs.univ-tlse2.fr\/archeoscience\/wp-json\/wp\/v2\/pages\/2","targetHints":{"allow":["GET"]}}],"collection":[{"href":"https:\/\/blogs.univ-tlse2.fr\/archeoscience\/wp-json\/wp\/v2\/pages"}],"about":[{"href":"https:\/\/blogs.univ-tlse2.fr\/archeoscience\/wp-json\/wp\/v2\/types\/page"}],"author":[{"embeddable":true,"href":"https:\/\/blogs.univ-tlse2.fr\/archeoscience\/wp-json\/wp\/v2\/users\/1421"}],"replies":[{"embeddable":true,"href":"https:\/\/blogs.univ-tlse2.fr\/archeoscience\/wp-json\/wp\/v2\/comments?post=2"}],"version-history":[{"count":21,"href":"https:\/\/blogs.univ-tlse2.fr\/archeoscience\/wp-json\/wp\/v2\/pages\/2\/revisions"}],"predecessor-version":[{"id":437,"href":"https:\/\/blogs.univ-tlse2.fr\/archeoscience\/wp-json\/wp\/v2\/pages\/2\/revisions\/437"}],"wp:featuredmedia":[{"embeddable":true,"href":"https:\/\/blogs.univ-tlse2.fr\/archeoscience\/wp-json\/wp\/v2\/media\/66"}],"wp:attachment":[{"href":"https:\/\/blogs.univ-tlse2.fr\/archeoscience\/wp-json\/wp\/v2\/media?parent=2"}],"curies":[{"name":"wp","href":"https:\/\/api.w.org\/{rel}","templated":true}]}}