 {"id":23,"date":"2024-03-27T13:41:42","date_gmt":"2024-03-27T12:41:42","guid":{"rendered":"https:\/\/blogs.univ-tlse2.fr\/archeoscience\/?page_id=23"},"modified":"2024-05-14T11:51:47","modified_gmt":"2024-05-14T09:51:47","slug":"p1-fouilles-post-fouilles","status":"publish","type":"page","link":"https:\/\/blogs.univ-tlse2.fr\/archeoscience\/p1-fouilles-post-fouilles\/","title":{"rendered":"Plateau P1 &#8211; Fouilles \/ Post-Fouilles"},"content":{"rendered":"\n<p><strong>Responsable :<\/strong> <a href=\"https:\/\/traces.univ-tlse2.fr\/accueil\/equipes-et-ateliers\/prbm-prehistoire-recente-du-bassin-mediterraneen\/thomas-perrin\" target=\"_blank\" rel=\"noreferrer noopener\">Thomas PERRIN<\/a><\/p>\n\n\n\n<p><strong>Pr\u00e9sentation : <\/strong><br>Le plateau Fouilles-Post Fouilles concerne le travail et les \u00e9quipements de base de l\u2019arch\u00e9ologue. Il est d\u00e9di\u00e9 au premier niveau de traitement et de conditionnement des mobiliers et des mat\u00e9riaux issus de la fouille et \u00e0 des lieux de stockage des outillages et \u00e9quipements de fouille lourds (outils \u00e0 main, brouettes, seaux, treuils, pompes, groupes \u00e9lectrog\u00e8nes, etc.). Il comprend des espaces \u00e9quip\u00e9s pour la gestion initiale des mobiliers et des mat\u00e9riaux pr\u00e9lev\u00e9s sur la fouille en vue d\u2019\u00e9tude et de conservation et des lieux de stockage des mobiliers et des mat\u00e9riaux (pour les mat\u00e9riaux fragiles : stockage en atmosph\u00e8re r\u00e9gul\u00e9e). La partie traitement comprend le lavage, le s\u00e9chage et le traitement m\u00e9canique des surfaces des mobiliers (sablage) pour en faciliter l\u2019identification avant \u00e9tude et\/ou stockage. Le conditionnement comprend le marquage, la mise en conteneur (sacs, bacs normalis\u00e9s, etc.) et le stockage des mobiliers catalogu\u00e9s et conditionn\u00e9s.<\/p>\n\n\n\n<p class=\"has-text-align-left\"><em>Nota bene : <a href=\"https:\/\/blogs.univ-tlse2.fr\/archeoscience\/files\/2024\/04\/Charte_P1.pdf\" target=\"_blank\" rel=\"noreferrer noopener\">charte d&rsquo;utilisation du plateau P1.&nbsp;Fouilles \u2013 Post-fouilles<\/a><\/em>.<\/p>\n\n\n\n<figure class=\"wp-block-image\"><img decoding=\"async\" src=\"https:\/\/traces.univ-tlse2.fr\/medias\/photo\/ill-plateau-post-fouilles-1_1543230208657-jpg?ID_FICHE=214365\" alt=\"\" \/><\/figure>\n\n\n\n<p><em>Salle de lavage, s\u00e9chage et remontage de mobiliers<\/em>.<\/p>\n\n\n\n<p><strong>Pourquoi un espace d\u00e9di\u00e9 et quelle utilisation en arch\u00e9ologie ?<br><\/strong>Apr\u00e8s les \u00e9tudes de terrain (prospection, fouille), le travail de l\u2019arch\u00e9ologue se tourne vers la caract\u00e9risation et la description des artefacts (lithiques, c\u00e9ramiques, verres, objets et d\u00e9chets m\u00e9talliques) et des \u00e9cofacts (s\u00e9diments, charbons, bois, r\u00e9sidus d\u2019activit\u00e9s vari\u00e9es, roches, etc.). Il s\u2019agit d\u2019un travail essentiel pour assurer leur pr\u00e9paration pour les \u00e9tudes en laboratoire, \u00e0 savoir : tamisage, \u00e9chantillonnage, lavage, marquage, nettoyage, sablage, conditionnement, conservation. Les espaces de stockage temporaires (objets en cours de conditionnement) ou permanents sont indispensables pour assurer la bonne conservation de ces vestiges et permettre la r\u00e9alisation des \u00e9tudes dans de bonnes conditions.<\/p>\n\n\n\n<figure class=\"wp-block-image\"><img decoding=\"async\" src=\"https:\/\/traces.univ-tlse2.fr\/medias\/photo\/ill-plateau-post-fouilles-2_1543230251065-jpg?ID_FICHE=214365\" alt=\"\" \/><\/figure>\n\n\n\n<p><em>Marqueuse de mobilier<\/em>.<\/p>\n\n\n\n<p><strong>Quelle \u00e9volution ?<\/strong><br>Ce plateau technique offre les premiers \u00e9quipements (aire de lavage, s\u00e9chage, conditionnement, stockage) indispensables au travail en laboratoire apr\u00e8s le terrain. Les diff\u00e9rents espaces de stockage sont appel\u00e9s \u00e0 \u00eatre tr\u00e8s sollicit\u00e9s par le nombre croissant des intervenants dans le laboratoire (permanents, \u00e9tudiants et non permanents) et tous les invit\u00e9s qui viendront effectuer des recherches arch\u00e9ologiques \u00e0 l\u2019universit\u00e9. La maintenance et le renforcement de ses \u00e9quipements de base (\u00e9tuves, marqueuse, sableuse, balances, binoculaires, etc.) sont essentiels au travail des arch\u00e9ologues. L\u2019informatisation des espaces de stockage, par le biais notamment de la base de donn\u00e9es B.E.R.N.A.R.D. d\u00e9velopp\u00e9e par le SRA d&rsquo;Occitanie permet le d\u00e9veloppement d\u2019une gestion collective de ces espaces et assure la tra\u00e7abilit\u00e9 des d\u00e9p\u00f4ts effectu\u00e9s.<\/p>\n\n\n\n<figure class=\"wp-block-image\"><img decoding=\"async\" src=\"https:\/\/traces.univ-tlse2.fr\/medias\/photo\/ill-plateau-post-fouilles-4_1543230568901-jpg?ID_FICHE=214365\" alt=\"\" \/><\/figure>\n\n\n\n<p><em>Salle de stockage et de conditionnement des mobiliers arch\u00e9ologiques.<\/em><\/p>\n\n\n\n<hr class=\"wp-block-separator has-alpha-channel-opacity\" \/>\n\n\n\n<h2 class=\"wp-block-heading has-text-align-center\">\u00c9quipements<\/h2>\n\n\n\n<ul class=\"wp-block-list\">\n<li>Salle de lavage et \u00e9tuves<\/li>\n\n\n\n<li>Groupe \u00e9l\u00e9ctorg\u00e8ne, lampes sur batterie, station \u00e9lectrique portative (et recharge solaire)<\/li>\n\n\n\n<li>Marqueuse jet d&rsquo;encre de mobilier arch\u00e9ologique.<\/li>\n\n\n\n<li>Tablettes durcies de terrain, talkie walkies<\/li>\n\n\n\n<li>&#8230;<\/li>\n<\/ul>\n","protected":false},"excerpt":{"rendered":"<p>Responsable : Thomas PERRIN Pr\u00e9sentation : Le plateau Fouilles-Post Fouilles concerne le travail et les \u00e9quipements de base de l\u2019arch\u00e9ologue. Il est d\u00e9di\u00e9 au premier niveau de traitement et de conditionnement des mobiliers et des mat\u00e9riaux issus de la fouille &hellip; <a href=\"https:\/\/blogs.univ-tlse2.fr\/archeoscience\/p1-fouilles-post-fouilles\/\">Continuer la lecture <span class=\"meta-nav\">&rarr;<\/span><\/a><\/p>\n","protected":false},"author":1421,"featured_media":0,"parent":0,"menu_order":0,"comment_status":"closed","ping_status":"closed","template":"","meta":{"footnotes":""},"class_list":["post-23","page","type-page","status-publish","hentry"],"_links":{"self":[{"href":"https:\/\/blogs.univ-tlse2.fr\/archeoscience\/wp-json\/wp\/v2\/pages\/23","targetHints":{"allow":["GET"]}}],"collection":[{"href":"https:\/\/blogs.univ-tlse2.fr\/archeoscience\/wp-json\/wp\/v2\/pages"}],"about":[{"href":"https:\/\/blogs.univ-tlse2.fr\/archeoscience\/wp-json\/wp\/v2\/types\/page"}],"author":[{"embeddable":true,"href":"https:\/\/blogs.univ-tlse2.fr\/archeoscience\/wp-json\/wp\/v2\/users\/1421"}],"replies":[{"embeddable":true,"href":"https:\/\/blogs.univ-tlse2.fr\/archeoscience\/wp-json\/wp\/v2\/comments?post=23"}],"version-history":[{"count":11,"href":"https:\/\/blogs.univ-tlse2.fr\/archeoscience\/wp-json\/wp\/v2\/pages\/23\/revisions"}],"predecessor-version":[{"id":369,"href":"https:\/\/blogs.univ-tlse2.fr\/archeoscience\/wp-json\/wp\/v2\/pages\/23\/revisions\/369"}],"wp:attachment":[{"href":"https:\/\/blogs.univ-tlse2.fr\/archeoscience\/wp-json\/wp\/v2\/media?parent=23"}],"curies":[{"name":"wp","href":"https:\/\/api.w.org\/{rel}","templated":true}]}}