 {"id":252,"date":"2024-04-28T17:30:46","date_gmt":"2024-04-28T15:30:46","guid":{"rendered":"https:\/\/blogs.univ-tlse2.fr\/archeoscience\/?page_id=252"},"modified":"2024-04-28T17:36:12","modified_gmt":"2024-04-28T15:36:12","slug":"mentions-legales","status":"publish","type":"page","link":"https:\/\/blogs.univ-tlse2.fr\/archeoscience\/mentions-legales\/","title":{"rendered":"Mentions l\u00e9gales"},"content":{"rendered":"\n<p>Ce site est \u00e9dit\u00e9 par la plateforme Arch\u00e9oScience de l&rsquo;UMR 5608 TRACES<br>Universit\u00e9 de Toulouse Jean-Jaur\u00e8s<br>Maison de la Recherche<br>5, all\u00e9es Antonio-Machado<br>F-31058 Toulouse Cedex 09<\/p>\n\n\n\n<p>Directrice de l\u2019UMR 5608 TRACES : Sandrine Costamagno<br>Directeurs d\u2019unit\u00e9 adjoints : Alexandra Dardenay, Nicolas Teyssandier<br>Responsable de la plateforme Arch\u00e9oScience : Thomas Perrin<br>Contact : &#x61;r&#x63;h&#x65;&#111;s&#x63;i&#x65;&#110;c&#x65;&#64;&#x75;&#110;i&#x76;-&#x74;l&#x73;&#x65;2&#x2e;f&#x72;<\/p>\n\n\n\n<p><strong>H\u00e9bergement<\/strong><br>Ce site est h\u00e9berg\u00e9 par l&rsquo;Universit\u00e9 de Toulouse Jean-Jaur\u00e8s<br>5, all\u00e9es Antonio-Machado<br>F-31058 Toulouse cedex 9<\/p>\n\n\n\n<p><strong>Conception et r\u00e9alisation<\/strong><br>Thomas Perrin, CNRS<\/p>\n\n\n\n<p><strong>Propri\u00e9t\u00e9 intellectuelle<\/strong><br>L&rsquo;ensemble de ce site sous licence <a href=\"https:\/\/creativecommons.org\/licenses\/by\/4.0\/?ref=chooser-v1\" target=\"_blank\" rel=\"noreferrer noopener\">CC BY 4.0<\/a><\/p>\n\n\n\n<figure class=\"wp-block-image size-full is-resized\"><img loading=\"lazy\" decoding=\"async\" width=\"403\" height=\"141\" src=\"https:\/\/blogs.univ-tlse2.fr\/archeoscience\/files\/2024\/04\/cc-by.png\" alt=\"\" class=\"wp-image-255\" style=\"width:98px;height:auto\" srcset=\"https:\/\/blogs.univ-tlse2.fr\/archeoscience\/files\/2024\/04\/cc-by.png 403w, https:\/\/blogs.univ-tlse2.fr\/archeoscience\/files\/2024\/04\/cc-by-300x105.png 300w\" sizes=\"auto, (max-width: 403px) 100vw, 403px\" \/><\/figure>\n\n\n\n<p><strong>Clause de non-responsabilit\u00e9<\/strong><br>Malgr\u00e9 les soins port\u00e9s \u00e0 la r\u00e9alisation du site et son actualisation r\u00e9guli\u00e8re, la responsabilit\u00e9 de l\u2019UMR TRACES ou du responsable de la plateforme ne peut \u00eatre engag\u00e9e \u00e0 raison d\u2019\u00e9ventuelles erreurs ou omissions, ou quant au contenu des informations figurant sur ce site ou aux cons\u00e9quences pouvant r\u00e9sulter de leur utilisation ou interpr\u00e9tation.<\/p>\n","protected":false},"excerpt":{"rendered":"<p>Ce site est \u00e9dit\u00e9 par la plateforme Arch\u00e9oScience de l&rsquo;UMR 5608 TRACESUniversit\u00e9 de Toulouse Jean-Jaur\u00e8sMaison de la Recherche5, all\u00e9es Antonio-MachadoF-31058 Toulouse Cedex 09 Directrice de l\u2019UMR 5608 TRACES : Sandrine CostamagnoDirecteurs d\u2019unit\u00e9 adjoints : Alexandra Dardenay, Nicolas TeyssandierResponsable de la &hellip; <a href=\"https:\/\/blogs.univ-tlse2.fr\/archeoscience\/mentions-legales\/\">Continuer la lecture <span class=\"meta-nav\">&rarr;<\/span><\/a><\/p>\n","protected":false},"author":1421,"featured_media":0,"parent":0,"menu_order":0,"comment_status":"closed","ping_status":"closed","template":"","meta":{"footnotes":""},"class_list":["post-252","page","type-page","status-publish","hentry"],"_links":{"self":[{"href":"https:\/\/blogs.univ-tlse2.fr\/archeoscience\/wp-json\/wp\/v2\/pages\/252","targetHints":{"allow":["GET"]}}],"collection":[{"href":"https:\/\/blogs.univ-tlse2.fr\/archeoscience\/wp-json\/wp\/v2\/pages"}],"about":[{"href":"https:\/\/blogs.univ-tlse2.fr\/archeoscience\/wp-json\/wp\/v2\/types\/page"}],"author":[{"embeddable":true,"href":"https:\/\/blogs.univ-tlse2.fr\/archeoscience\/wp-json\/wp\/v2\/users\/1421"}],"replies":[{"embeddable":true,"href":"https:\/\/blogs.univ-tlse2.fr\/archeoscience\/wp-json\/wp\/v2\/comments?post=252"}],"version-history":[{"count":3,"href":"https:\/\/blogs.univ-tlse2.fr\/archeoscience\/wp-json\/wp\/v2\/pages\/252\/revisions"}],"predecessor-version":[{"id":256,"href":"https:\/\/blogs.univ-tlse2.fr\/archeoscience\/wp-json\/wp\/v2\/pages\/252\/revisions\/256"}],"wp:attachment":[{"href":"https:\/\/blogs.univ-tlse2.fr\/archeoscience\/wp-json\/wp\/v2\/media?parent=252"}],"curies":[{"name":"wp","href":"https:\/\/api.w.org\/{rel}","templated":true}]}}