 {"id":37,"date":"2024-03-27T13:47:13","date_gmt":"2024-03-27T12:47:13","guid":{"rendered":"https:\/\/blogs.univ-tlse2.fr\/archeoscience\/?page_id=37"},"modified":"2024-04-30T09:11:00","modified_gmt":"2024-04-30T07:11:00","slug":"p4-car_mat","status":"publish","type":"page","link":"https:\/\/blogs.univ-tlse2.fr\/archeoscience\/p4-car_mat\/","title":{"rendered":"Plateau P4 &#8211; Caract\u00e9risation des mat\u00e9riaux"},"content":{"rendered":"\n<p><strong>Responsables :<\/strong> <a href=\"https:\/\/traces.univ-tlse2.fr\/accueil\/equipes-et-ateliers\/les-metaux-economie-et-techniques-par-larcheologie-et-le-laboratoire\/luc-robbiola\" target=\"_blank\" rel=\"noreferrer noopener\">Luc ROBBIOLA<\/a> et <a href=\"https:\/\/traces.univ-tlse2.fr\/accueil\/equipes-et-ateliers\/les-metaux-economie-et-techniques-par-larcheologie-et-le-laboratoire\/marie-pierre-coustures\" target=\"_blank\" rel=\"noreferrer noopener\">Marie-Pierre COUSTURES<\/a><\/p>\n\n\n<div class=\"wp-block-image\">\n<figure class=\"aligncenter is-resized\"><img decoding=\"async\" src=\"https:\/\/traces.univ-tlse2.fr\/medias\/photo\/ill-fiche-plateau-caracterisation-materiaux_1530278584494-jpg?ID_FICHE=197716\" alt=\"\" style=\"width:89px;height:auto\" \/><\/figure>\n<\/div>\n\n\n<p><em>Bronze patin\u00e9 prot\u00e9g\u00e9 par un rev\u00eatement organique de type sol-gel. Images \u00e9lectroniques FEG-SEM de la surface (a), et de la section obtenue apr\u00e8s ablation laser (b). En (c), image X combin\u00e9e des \u00e9l\u00e9ments chimiques (Cuivre : magenta, Silicium : cyan, Oxyg\u00e8ne : jaune) pr\u00e9sents dans la patine (orange) et dans le rev\u00eatement de protection (bleu clair) \u00e0 la surface du bronze (rouge).<\/em><\/p>\n\n\n\n<p><strong>Pr\u00e9sentation :<\/strong><br>L\u2019arch\u00e9ologie impliquant l\u2019\u00e9tude des vestiges mat\u00e9riels, conna\u00eetre leur nature physique et chimique est donc fondamentale pour pouvoir mieux les comprendre. De fait, la caract\u00e9risation des mat\u00e9riaux est un \u00e9l\u00e9ment cl\u00e9 pour lire (d\u00e9crypter) les informations v\u00e9hicul\u00e9es par ces documents mat\u00e9riels. Elle peut s\u2019op\u00e9rer par une simple observation des surfaces ou par la mise en \u0153uvre de moyens plus cons\u00e9quents \u00e0 partir de pr\u00e9l\u00e8vements. G\u00e9n\u00e9ralement, elle s\u2019appuie sur une strat\u00e9gie d\u2019\u00e9chantillonnage qui d\u00e9pend de la probl\u00e9matique arch\u00e9ologique.<\/p>\n\n\n\n<p><em>Nota bene : <a href=\"https:\/\/blogs.univ-tlse2.fr\/archeoscience\/files\/2024\/04\/Charte_P4.pdf\" target=\"_blank\" rel=\"noreferrer noopener\">charte d&rsquo;utilisation du plateau P4.\u00a0Caract\u00e9risation des mat\u00e9riaux<\/a><\/em>.<\/p>\n\n\n\n<p><strong>Pourquoi un espace d\u00e9di\u00e9 et quelle utilisation en arch\u00e9ologie ?<\/strong><br>La connaissance des mat\u00e9riaux \u00e0 partir de leur caract\u00e9risation physico-chimique permet d\u2019apporter des r\u00e9ponses sur la fabrication et l\u2019utilisation des artefacts. En amont, elle peut apporter des donn\u00e9es sur la composition des mati\u00e8res premi\u00e8res. En aval, elle offre des informations sur le contexte d\u2019abandon et l\u2019\u00e9volution de l\u2019environnement local au cours du temps. \u00c0 plus large \u00e9chelle, ces donn\u00e9es permettent donc de travailler sur les questions de provenance et de diffusion des mat\u00e9riaux anciens, sur les proc\u00e9d\u00e9s de fabrication et les technologies, sur les proc\u00e9d\u00e9s d\u2019alt\u00e9ration et\/ou d\u2019\u00e9volution des syst\u00e8mes vestiges mat\u00e9riels-environnements \u00ab naturels \u00bb.<\/p>\n\n\n\n<p><strong>Quelle \u00e9volution ?<\/strong><br>Les outils d\u2019observation et d\u2019analyses ont \u00e9volu\u00e9 fortement ces derni\u00e8res ann\u00e9es. Ils sont de plus en plus versatiles et miniaturis\u00e9s. Aussi les arch\u00e9ologues sont-ils \u00e0 m\u00eame d\u2019exploiter plus largement cette approche scientifique aux interfaces de leur discipline. \u00c0 ceci s\u2019ajoute une prise en consid\u00e9ration de plus en plus importante des \u00ab mat\u00e9riaux anciens du patrimoine \u00bb par les autres communaut\u00e9s scientifiques (g\u00e9ologie, chimie, physique notamment) : une v\u00e9ritable science des mat\u00e9riaux culturels multidisciplinaire \u00e9merge, qui int\u00e8gre un large panel d\u2019acteurs scientifiques, comme \u00e0 Toulouse o\u00f9 des contacts tr\u00e8s \u00e9troits sont d\u00e9velopp\u00e9s en g\u00e9ologie, physique et chimie.<\/p>\n\n\n\n<p><strong>Partenariats et contacts :<\/strong> <br>IPANEMA, CEMES, Centre Microcaract\u00e9risation Castaing, CIRIMAT-INP Toulouse,&nbsp; Universit\u00e9 de la Rochelle<\/p>\n\n\n\n<p><strong>Publications en lien avec le plateau :<br><\/strong>G. Masi, C. Chiavari, J. Avila, J. Esvan, S. Raffo, M.C. Bignozzi, M.C. Asensio, L. Robbiola, C. Martini, Corrosion investigation of fire-gilded bronze involving high surface resolution spectroscopic imaging, <em>Applied Surface Science <\/em>366 (2016), 317-327. <a href=\"http:\/\/dx.doi.org\/10.1016\/j.apsusc.2016.01.101\">http:\/\/dx.doi.org\/10.1016\/j.apsusc.2016.01.101<\/a><a href=\"https:\/\/hal.archives-ouvertes.fr\/hal-01494641\/file\/masi_16707.pdf\" target=\"_blank\" rel=\"noreferrer noopener\"><\/a> \/ <a href=\"https:\/\/hal.archives-ouvertes.fr\/hal-01494641\">https:\/\/hal.archives-ouvertes.fr\/hal-01494641<\/a><\/p>\n\n\n\n<p>Mathieu Thoury, Beno\u00eet Mille, Tatiana S\u00e9verin-Fabiani, Luc Robbiola, Matthieu R\u00e9fregiers, Jean-Fran\u00e7ois Jarrige, Lo\u00efc Bertrand,&nbsp; High spatial dynamics-photoluminescence imaging reveals the metallurgy of the earliest lost-wax cast object, <em>Nature Communications<\/em> 7 (2016) 13356 doi: 10.1038\/ncomms13356, 8 p. <a href=\"https:\/\/www.nature.com\/articles\/ncomms13356.pdf\" target=\"_blank\" rel=\"noreferrer noopener\"><\/a><a href=\"https:\/\/www.nature.com\/articles\/ncomms13356\">DOI: 10.1038\/ncomms13356<\/a><a href=\"https:\/\/www.nature.com\/articles\/ncomms13356.pdf\" target=\"_blank\" rel=\"noreferrer noopener\"><\/a><\/p>\n\n\n\n<p>Audrey Cochard; Kailin Zhu; S\u00e9bastien Joulie; Jo\u00ebl Douin; Julitte Huez; Luc Robbiola; Philippe Sciau; Magali Brunet, Natural aging on Al-Cu-Mg structural hardening alloys &#8211; Investigation of two historical duralumins for aeronautic, <em>Materials Science &amp; Engineering A<\/em>, 690 (2017) 259-269.<\/p>\n\n\n\n<p>G. Masi, J. Esvan, C. Josse, C. Chiavari, E. Bernardi, C. Martini, M.C. Bignozzi, N. Gartner, T. Kosec, L. Robbiola, Characterisation of typical patinas simulating bronze corrosion in outdoor conditions, <em>Materials Chemistry and Physics<\/em> 200 (2017) 308-321. <a href=\"https:\/\/doi.org\/10.1016\/j.matchemphys.2017.07.091\">DOI: 10.1016\/j.matchemphys.2017.07.091<\/a><a href=\"http:\/\/oatao.univ-toulouse.fr\/21499\/7\/Masi_21499.pdf\" target=\"_blank\" rel=\"noreferrer noopener\"><\/a><\/p>\n\n\n\n<p>L. Bertrand, C. Gervais, A. Masic, L. Robbiola, Paleo-inspired systems: Durability, Sustainability and Remarkable Properties. <em>Angewandte Chemie<\/em>, 57 (2018) :7288-7295 (International ed. in English ) <a href=\"https:\/\/doi.org\/10.1002\/anie.201709303\">DOI:10.1002\/anie.201709303<\/a><a href=\"https:\/\/hal.archives-ouvertes.fr\/hal-02128138\/file\/LBertrandEtAl_Angew_manuscript_HAL.pdf\" target=\"_blank\" rel=\"noreferrer noopener\"><\/a><\/p>\n","protected":false},"excerpt":{"rendered":"<p>Responsables : Luc ROBBIOLA et Marie-Pierre COUSTURES Bronze patin\u00e9 prot\u00e9g\u00e9 par un rev\u00eatement organique de type sol-gel. Images \u00e9lectroniques FEG-SEM de la surface (a), et de la section obtenue apr\u00e8s ablation laser (b). En (c), image X combin\u00e9e des \u00e9l\u00e9ments &hellip; <a href=\"https:\/\/blogs.univ-tlse2.fr\/archeoscience\/p4-car_mat\/\">Continuer la lecture <span class=\"meta-nav\">&rarr;<\/span><\/a><\/p>\n","protected":false},"author":1421,"featured_media":0,"parent":0,"menu_order":0,"comment_status":"closed","ping_status":"closed","template":"","meta":{"footnotes":""},"class_list":["post-37","page","type-page","status-publish","hentry"],"_links":{"self":[{"href":"https:\/\/blogs.univ-tlse2.fr\/archeoscience\/wp-json\/wp\/v2\/pages\/37","targetHints":{"allow":["GET"]}}],"collection":[{"href":"https:\/\/blogs.univ-tlse2.fr\/archeoscience\/wp-json\/wp\/v2\/pages"}],"about":[{"href":"https:\/\/blogs.univ-tlse2.fr\/archeoscience\/wp-json\/wp\/v2\/types\/page"}],"author":[{"embeddable":true,"href":"https:\/\/blogs.univ-tlse2.fr\/archeoscience\/wp-json\/wp\/v2\/users\/1421"}],"replies":[{"embeddable":true,"href":"https:\/\/blogs.univ-tlse2.fr\/archeoscience\/wp-json\/wp\/v2\/comments?post=37"}],"version-history":[{"count":4,"href":"https:\/\/blogs.univ-tlse2.fr\/archeoscience\/wp-json\/wp\/v2\/pages\/37\/revisions"}],"predecessor-version":[{"id":360,"href":"https:\/\/blogs.univ-tlse2.fr\/archeoscience\/wp-json\/wp\/v2\/pages\/37\/revisions\/360"}],"wp:attachment":[{"href":"https:\/\/blogs.univ-tlse2.fr\/archeoscience\/wp-json\/wp\/v2\/media?parent=37"}],"curies":[{"name":"wp","href":"https:\/\/api.w.org\/{rel}","templated":true}]}}