 {"id":47,"date":"2024-03-27T13:51:14","date_gmt":"2024-03-27T12:51:14","guid":{"rendered":"https:\/\/blogs.univ-tlse2.fr\/archeoscience\/?page_id=47"},"modified":"2024-05-14T11:33:10","modified_gmt":"2024-05-14T09:33:10","slug":"a4-ceramo","status":"publish","type":"page","link":"https:\/\/blogs.univ-tlse2.fr\/archeoscience\/a4-ceramo\/","title":{"rendered":"A4 &#8211; La c\u00e9ramoth\u00e8que"},"content":{"rendered":"<div class=\"wp-block-image\">\n<figure class=\"alignright size-large is-resized\"><img loading=\"lazy\" decoding=\"async\" width=\"1024\" height=\"395\" src=\"https:\/\/blogs.univ-tlse2.fr\/archeoscience\/files\/2024\/04\/ceramotheque-1024x395.jpg\" alt=\"\" class=\"wp-image-213\" style=\"width:278px;height:auto\" srcset=\"https:\/\/blogs.univ-tlse2.fr\/archeoscience\/files\/2024\/04\/ceramotheque-1024x395.jpg 1024w, https:\/\/blogs.univ-tlse2.fr\/archeoscience\/files\/2024\/04\/ceramotheque-300x116.jpg 300w, https:\/\/blogs.univ-tlse2.fr\/archeoscience\/files\/2024\/04\/ceramotheque-768x296.jpg 768w, https:\/\/blogs.univ-tlse2.fr\/archeoscience\/files\/2024\/04\/ceramotheque.jpg 1435w\" sizes=\"auto, (max-width: 1024px) 100vw, 1024px\" \/><\/figure>\n<\/div>\n\n\n<p><strong>Responsables&nbsp;:<\/strong> <a href=\"https:\/\/traces.univ-tlse2.fr\/accueil\/equipes-et-ateliers\/prbm-prehistoire-recente-du-bassin-mediterraneen\/claire-manen\" target=\"_blank\" rel=\"noreferrer noopener\">Claire MANEN<\/a> &amp; <a href=\"https:\/\/traces.univ-tlse2.fr\/accueil\/equipes-et-ateliers\/rhadamante-recherches-en-histoire-et-archeologie-des-ages-des-metaux-et-de-lantiquite-en-europe\/martine-joly\" target=\"_blank\" rel=\"noreferrer noopener\">Martine JOLY<\/a><br><br><strong>Pr\u00e9sentation :<\/strong><\/p>\n\n\n\n<p>La c\u00e9ramoth\u00e8que regroupe trois r\u00e9f\u00e9rentiels autour de l\u2019artisanat potier\u00a0: un r\u00e9f\u00e9rentiel ethnographique constitu\u00e9 aupr\u00e8s de poti\u00e8res actuelles qui produisent en contexte traditionnel, un r\u00e9f\u00e9rentiel exp\u00e9rimental r\u00e9alis\u00e9 \u00e0 l\u2019occasion de travaux sur les productions poti\u00e8res du N\u00e9olithique et de l\u2019\u00e2ge du Bronze et un r\u00e9f\u00e9rentiel arch\u00e9ologique qui couvre toutes les p\u00e9riodes allant du N\u00e9olithique au Moyen \u00c2ge dans une large moiti\u00e9 sud de la France. L\u2019ensemble de ces r\u00e9f\u00e9rentiels est destin\u00e9 \u00e0 soutenir l\u2019analyse des mobiliers d\u00e9couverts en contexte arch\u00e9ologique.<\/p>\n\n\n\n<p>Afin de permettre le partage de ces r\u00e9f\u00e9rentiels avec le plus grand nombre, ceux-ci sont progressivement mis en ligne :\u00a0<a class=\"\" href=\"https:\/\/ceramotheque-traces.huma-num.fr\/\">https:\/\/ceramotheque-traces.huma-num.fr\/<\/a><\/p>\n\n\n\n<p><em>Nota bene : <a href=\"https:\/\/blogs.univ-tlse2.fr\/archeoscience\/files\/2024\/04\/Charte_A4.pdf\" target=\"_blank\" rel=\"noreferrer noopener\">charte d&rsquo;utilisation de la th\u00e8que A4.&nbsp;C\u00e9ramoth\u00e8que<\/a><\/em>.<\/p>\n\n\n\n<p><strong>Pourquoi un espace d\u00e9di\u00e9 et quelles utilisations en arch\u00e9ologie&nbsp;?<\/strong><\/p>\n\n\n\n<p>La c\u00e9ramique repr\u00e9sente, \u00e0 partir du N\u00e9olithique, le mobilier le plus abondant sur les sites arch\u00e9ologiques. Par sa quantit\u00e9, mais aussi sa diversit\u00e9 et ses sp\u00e9cificit\u00e9s, elle repr\u00e9sente le vestige le plus sollicit\u00e9 dans les \u00e9tudes arch\u00e9ologiques. Les c\u00e9ramiques sont \u00e0 la fois un marqueur de diff\u00e9rentiation individuelle, car elles permettent d\u2019entrevoir la figure embl\u00e9matique des artisans qui les ont con\u00e7ues, mais elles sont aussi un marqueur de diff\u00e9rentiation collective, puisque les mani\u00e8res de fabriquer un objet, de le d\u00e9corer sont l\u2019expression de l\u2019identit\u00e9 culturelle d\u2019une soci\u00e9t\u00e9. Il est donc essentiel de pouvoir caract\u00e9riser les pratiques et savoir-faire mis en \u0153uvre, ce que facilite l\u2019utilisation des r\u00e9f\u00e9rentiels de comparaison. La c\u00e9ramoth\u00e8que est \u00e9galement un lieu de formation pour les \u00e9tudiants de l\u2019universit\u00e9.<br><\/p>\n\n\n\n<figure class=\"wp-block-image\"><img decoding=\"async\" src=\"https:\/\/traces.univ-tlse2.fr\/medias\/photo\/ill-ceramotheque-1_1543406245752-jpg?ID_FICHE=215305\" alt=\"\" \/><\/figure>\n\n\n\n<p><em>R\u00e9f\u00e9rentiel ethnographique en soutien \u00e0 l\u2019\u00e9tude des stigmates de fa\u00e7onnage de poteries n\u00e9olithiques. \u00a9&nbsp;J.&nbsp;Cauliez, C.&nbsp;Manen, V.&nbsp;Ard et J.&nbsp;Caro<\/em><\/p>\n\n\n\n<p><strong>Quelle \u00e9volution&nbsp;?<\/strong><\/p>\n\n\n\n<p>La c\u00e9ramoth\u00e8que s\u2019enrichit r\u00e9guli\u00e8rement au gr\u00e9 des programmes de recherche men\u00e9s par les membres du laboratoire TRACES. Parmi les \u00e9volutions envisag\u00e9es pour cet outil, notre objectif est de proposer une \u00ab&nbsp;d\u00e9mat\u00e9rialisation&nbsp;\u00bb des r\u00e9f\u00e9rentiels pour un partage le plus large possible avec la communaut\u00e9. Nous envisageons aussi d\u2019enrichir ces r\u00e9f\u00e9rentiels macroscopiques par des analyses microscopiques en lien avec le plateau <a href=\"https:\/\/blogs.univ-tlse2.fr\/archeoscience\/p4-car_mat\/\" data-type=\"page\" data-id=\"37\" target=\"_blank\" rel=\"noreferrer noopener\">P4 &#8211; Caract\u00e9risation des Mat\u00e9riaux<\/a> de la plateforme <a href=\"https:\/\/blogs.univ-tlse2.fr\/archeoscience\/\" data-type=\"page\" data-id=\"2\" target=\"_blank\" rel=\"noreferrer noopener\">Arch\u00e9oScience<\/a>.<\/p>\n\n\n\n<p><strong>Partenariats et contacts :<\/strong><\/p>\n\n\n\n<p><a class=\"\" href=\"https:\/\/umrtemps.cnrs.fr\/\">TEMPS<\/a>\u00a0(UMR 8068),\u00a0<a class=\"\" href=\"https:\/\/iramat.cnrs.fr\/\">IRAMAT<\/a>\u00a0(UMR 5060), ARCCH of the Federal Democratic Republic of Ethiopia, Ministry of Culture and Tourism, Addis Ababa, Ethiopia,\u00a0<a class=\"\" href=\"https:\/\/cfee.cnrs.fr\/spip.php?rubrique1\">Centre fran\u00e7ais des \u00e9tudes \u00e9thiopiennes<\/a>\u00a0(IFRE 23 and USR 3137, Addis Ababa, Ethiopia).<\/p>\n\n\n\n<figure class=\"wp-block-image\"><img decoding=\"async\" src=\"https:\/\/traces.univ-tlse2.fr\/medias\/photo\/ill-ceramotheque-2_1543406473184-jpg?ID_FICHE=215305\" alt=\"\" \/><\/figure>\n\n\n\n<p><em>Des fragments de c\u00e9ramique \u00e0 la restitution de la batterie de cuisine.<\/em><\/p>\n\n\n\n<hr class=\"wp-block-separator has-alpha-channel-opacity\" \/>\n\n\n\n<h2 class=\"wp-block-heading has-text-align-center\">\u00c9quipements<\/h2>\n\n\n\n<ul class=\"wp-block-list\">\n<li>Espaces pour petits\u00a0travaux post-fouille<\/li>\n\n\n\n<li>Loupe triloculaire avec cam\u00e9ra int\u00e9gr\u00e9e &amp; poste informatique associ\u00e9<\/li>\n\n\n\n<li>Balance connect\u00e9e (max 8200 g)<\/li>\n\n\n\n<li>Outils divers pour documentation graphique des c\u00e9ramiques<\/li>\n\n\n\n<li>R\u00e9f\u00e9rentiels :<a href=\"https:\/\/ceramotheque-traces.huma-num.fr\/\" data-type=\"link\" data-id=\"https:\/\/ceramotheque-traces.huma-num.fr\/\" target=\"_blank\" rel=\"noreferrer noopener\">\u00a0https:\/\/ceramotheque-traces.huma-num.fr\/<\/a><\/li>\n<\/ul>\n","protected":false},"excerpt":{"rendered":"<p>Responsables&nbsp;: Claire MANEN &amp; Martine JOLY Pr\u00e9sentation : La c\u00e9ramoth\u00e8que regroupe trois r\u00e9f\u00e9rentiels autour de l\u2019artisanat potier\u00a0: un r\u00e9f\u00e9rentiel ethnographique constitu\u00e9 aupr\u00e8s de poti\u00e8res actuelles qui produisent en contexte traditionnel, un r\u00e9f\u00e9rentiel exp\u00e9rimental r\u00e9alis\u00e9 \u00e0 l\u2019occasion de travaux sur les &hellip; <a href=\"https:\/\/blogs.univ-tlse2.fr\/archeoscience\/a4-ceramo\/\">Continuer la lecture <span class=\"meta-nav\">&rarr;<\/span><\/a><\/p>\n","protected":false},"author":1421,"featured_media":0,"parent":0,"menu_order":0,"comment_status":"closed","ping_status":"closed","template":"","meta":{"footnotes":""},"class_list":["post-47","page","type-page","status-publish","hentry"],"_links":{"self":[{"href":"https:\/\/blogs.univ-tlse2.fr\/archeoscience\/wp-json\/wp\/v2\/pages\/47","targetHints":{"allow":["GET"]}}],"collection":[{"href":"https:\/\/blogs.univ-tlse2.fr\/archeoscience\/wp-json\/wp\/v2\/pages"}],"about":[{"href":"https:\/\/blogs.univ-tlse2.fr\/archeoscience\/wp-json\/wp\/v2\/types\/page"}],"author":[{"embeddable":true,"href":"https:\/\/blogs.univ-tlse2.fr\/archeoscience\/wp-json\/wp\/v2\/users\/1421"}],"replies":[{"embeddable":true,"href":"https:\/\/blogs.univ-tlse2.fr\/archeoscience\/wp-json\/wp\/v2\/comments?post=47"}],"version-history":[{"count":6,"href":"https:\/\/blogs.univ-tlse2.fr\/archeoscience\/wp-json\/wp\/v2\/pages\/47\/revisions"}],"predecessor-version":[{"id":364,"href":"https:\/\/blogs.univ-tlse2.fr\/archeoscience\/wp-json\/wp\/v2\/pages\/47\/revisions\/364"}],"wp:attachment":[{"href":"https:\/\/blogs.univ-tlse2.fr\/archeoscience\/wp-json\/wp\/v2\/media?parent=47"}],"curies":[{"name":"wp","href":"https:\/\/api.w.org\/{rel}","templated":true}]}}