 {"id":49,"date":"2024-03-27T13:52:02","date_gmt":"2024-03-27T12:52:02","guid":{"rendered":"https:\/\/blogs.univ-tlse2.fr\/archeoscience\/?page_id=49"},"modified":"2025-12-08T08:53:11","modified_gmt":"2025-12-08T07:53:11","slug":"a5-lithique","status":"publish","type":"page","link":"https:\/\/blogs.univ-tlse2.fr\/archeoscience\/a5-lithique\/","title":{"rendered":"A5 &#8211; Th\u00e8que industrie lithique"},"content":{"rendered":"<div class=\"wp-block-image\">\n<figure class=\"alignright size-large is-resized\"><img loading=\"lazy\" decoding=\"async\" width=\"1024\" height=\"448\" src=\"https:\/\/blogs.univ-tlse2.fr\/archeoscience\/files\/2024\/04\/lithoteque-1024x448.jpg\" alt=\"\" class=\"wp-image-215\" style=\"width:278px;height:auto\" srcset=\"https:\/\/blogs.univ-tlse2.fr\/archeoscience\/files\/2024\/04\/lithoteque-1024x448.jpg 1024w, https:\/\/blogs.univ-tlse2.fr\/archeoscience\/files\/2024\/04\/lithoteque-300x131.jpg 300w, https:\/\/blogs.univ-tlse2.fr\/archeoscience\/files\/2024\/04\/lithoteque-768x336.jpg 768w, https:\/\/blogs.univ-tlse2.fr\/archeoscience\/files\/2024\/04\/lithoteque.jpg 1257w\" sizes=\"auto, (max-width: 1024px) 100vw, 1024px\" \/><\/figure>\n<\/div>\n\n\n<p><strong>Responsables&nbsp;:<\/strong> <a href=\"&#x6d;&#97;ri&#x61;&#x6e;ne&#x2e;&#x64;es&#x63;&#x68;&#97;m&#x70;&#x73;&#64;c&#x6e;&#x72;&#115;&#46;&#x66;&#x72;\" data-type=\"link\" data-id=\"&#x6d;&#x61;&#x72;&#105;ann&#x65;&#x2e;&#x64;&#x65;&#115;cha&#x6d;&#x70;&#x73;&#64;&#99;nrs&#x2e;&#x66;&#x72;\">Marianne DESCHAMPS<\/a> et <a href=\"https:\/\/traces.univ-tlse2.fr\/accueil\/equipes-et-ateliers\/smp3c-societes-et-milieux-des-populations-de-chasseurs-cueilleurs-collecteurs\/caroline-renard\" target=\"_blank\" rel=\"noreferrer noopener\">Caroline RENARD<\/a><\/p>\n\n\n\n<p><strong>Pr\u00e9sentation\u00a0:<\/strong><br>Cette th\u00e8que, consacr\u00e9e \u00e0 l\u2019analyse des productions lithiques, regroupe trois salles d\u2019\u00e9tude adapt\u00e9es aux besoins des \u00e9tudes mises en \u0153uvre, une lithoth\u00e8que et un <a href=\"https:\/\/traces.univ-tlse2.fr\/accueil\/agenda-traces\/ateliers-de-taille-lithique\" target=\"_blank\" rel=\"noreferrer noopener\">espace d\u00e9di\u00e9 \u00e0 l&rsquo;exp\u00e9rimentation (\u00ab\u00a0atelier de taille\u00a0\u00bb)<\/a>. En plus d\u2019un mobilier adapt\u00e9 permettant l\u2019\u00e9tude synchrone de nombreuses s\u00e9ries lithiques, ces espaces disposent d\u2019un mat\u00e9riel optique adapt\u00e9 \u00e0 l\u2019observation des vestiges de tr\u00e8s petites dimensions, des micro-stigmates et du contenu microscopique (composition d\u00e9tritique et biod\u00e9tritique) des mati\u00e8res siliceuses.<\/p>\n\n\n\n<p><em>Nota bene : <a href=\"https:\/\/blogs.univ-tlse2.fr\/archeoscience\/files\/2024\/04\/Charte_A5.pdf\" target=\"_blank\" rel=\"noreferrer noopener\">charte d&rsquo;utilisation de la th\u00e8que A5.&nbsp;Industries lithiques, lithoth\u00e8que<\/a><\/em>.<\/p>\n\n\n\n<p><strong>Pourquoi un espace d\u00e9di\u00e9 et quelle utilisation en arch\u00e9ologie ?<\/strong><br>Parmi les objets fabriqu\u00e9s par l\u2019Homme pr\u00e9historique, ceux en pierre sont \u00e0 la fois les plus nombreux et ceux qui se conservent le mieux. Leur utilisation s\u2019ins\u00e8re par ailleurs dans une gamme d\u2019activit\u00e9s vari\u00e9es (activit\u00e9s de transformation technique et symbolique, activit\u00e9s cyn\u00e9g\u00e9tiques, etc.) et renseigne ainsi d\u2019autres registres. L\u2019analyse des productions lithiques \u2014 qui varient dans le temps et dans l\u2019espace \u2014, permet d\u2019appr\u00e9hender les modes de fabrication des objets en pierre et, en particulier, l\u2019outillage en silex. Cette d\u00e9marche (la technologie lithique) r\u00e9gie par les grands principes de la cha\u00eene op\u00e9ratoire s\u2019appuie sur l\u2019exp\u00e9rimentation et les r\u00e9f\u00e9rentiels actualistes qui participent \u00e0 la reconnaissance des techniques de fabrication et des m\u00e9thodes de taille mises en \u0153uvre. <em>In fine,<\/em> l\u2019objectif est de diff\u00e9rencier ce qui rel\u00e8ve de la contrainte ou du choix culturel et de caract\u00e9riser ainsi les comportements techniques, \u00e9conomiques et, plus largement, les normes sociologiques qui ont r\u00e9gi la vie des groupes pr\u00e9historiques.<\/p>\n\n\n\n<p>Les conditions mat\u00e9rielles offertes par la th\u00e8que A5 permettent la mise en \u0153uvre de ces analyses dans les meilleures conditions en offrant :<br>1) un espace suffisant pour d\u00e9ployer les s\u00e9ries lithiques \u00e9tudi\u00e9es (remontages et\/ou la mise en \u0153uvre de diff\u00e9rents tris par cat\u00e9gorie d\u2019objet ou de mati\u00e8re),<br>2) du mat\u00e9riel de grossissement (lampes-loupes et loupes binoculaires), d\u2019\u00e9clairage et de mat\u00e9riel de prise de mesures (balances, pieds \u00e0 coulisse, etc.),<br>3) des s\u00e9ries de comparaison pour l\u2019\u00e9valuation des techniques et des diff\u00e9rentes cat\u00e9gories de mat\u00e9riel.<\/p>\n\n\n\n<p>S\u2019agissant des r\u00e9f\u00e9rentiels actualistes, la <strong><a href=\"https:\/\/technotheque-lithique.huma-num.fr\" data-type=\"link\" data-id=\"https:\/\/technotheque-lithique.huma-num.fr\" target=\"_blank\" rel=\"noreferrer noopener\">lithoth\u00e8que <\/a><\/strong>constitue un outil particuli\u00e8rement op\u00e9rant pour tenter de cerner les territoires parcourus ou partag\u00e9s par ces groupes nomades ou, pour les plus r\u00e9cents, s\u00e9dentaires. Le contenu micro-pal\u00e9ontologique (les micro-fossiles) des mati\u00e8res premi\u00e8res siliceuses diff\u00e8re selon leurs origines g\u00e9ologique et g\u00e9ographique. La comparaison entre les \u00e9chantillons recueillis dans les g\u00eetes naturels et les vestiges arch\u00e9ologiques permet ainsi de d\u00e9terminer la provenance de ces mati\u00e8res premi\u00e8res s\u00e9lectionn\u00e9es par les Hommes pr\u00e9historiques au cours de leurs d\u00e9placements ou acquises au sein de r\u00e9seaux d\u2019\u00e9change plus ou moins vastes et structurants.<\/p>\n\n\n\n<p>Enfin, l\u2019\u00e9laboration d\u2019un <strong><a href=\"https:\/\/technotheque-lithique.huma-num.fr\" target=\"_blank\" rel=\"noreferrer noopener\">r\u00e9f\u00e9rentiel de d\u00e9bitages exp\u00e9rimentaux<\/a><\/strong> vient \u00e0 l\u2019appui de la reconnaissance des techniques de taille (c.-\u00e0-d. percussion directe, percussion indirecte, pression). Ces d\u00e9bitages exp\u00e9rimentaux permettent de comparer les techniques de d\u00e9bitage mises en \u0153uvre dans les s\u00e9ries arch\u00e9ologiques ; techniques qui tendent \u00e0 se modifier au fil du temps, constituant de la sorte de bons rep\u00e8res chronologiques et culturels.<\/p>\n\n\n\n<figure class=\"wp-block-image\"><img decoding=\"async\" src=\"https:\/\/traces.univ-tlse2.fr\/medias\/photo\/ill-lithotheque-1_1543412917688-jpg?ID_FICHE=215685\" alt=\"\" \/><\/figure>\n\n\n\n<p><em>Orbitoides tissoti \u00a9 P. Chalard DRAC Occitanie<\/em>.<\/p>\n\n\n\n<p><strong>Quelle \u00e9volution ?<\/strong><br>La lithoth\u00e8que et les r\u00e9f\u00e9rentiels exp\u00e9rimentaux sont des outils en constante \u00e9volution vou\u00e9s \u00e0 s\u2019enrichir en m\u00eame temps que le renouvellement des connaissances des mati\u00e8res siliceuses et la caract\u00e9risation des techniques et m\u00e9thodes en g\u00e9n\u00e9ral. De ce point de vue, l\u2019insertion de Traces dans un GDR (Groupement de recherche, valid\u00e9 et financ\u00e9 par le CNRS) int\u00e9ressant le d\u00e9veloppement et l&rsquo;harmonisation des lithoth\u00e8ques sur l\u2019ensemble du territoire national constitue un \u00e9l\u00e9ment essentiel de notre dynamique \u00e0 venir, et ce, d\u2019autant plus que ce consortium, dont les travaux d\u00e9buteront d\u00e9but 2019, est coordonn\u00e9 par un membre de Traces (C. L\u00e9andri). Par ailleurs, ces espaces et leurs \u00e9quipements, pens\u00e9s d\u2019abord pour faciliter les travaux de recherche des diff\u00e9rents membres de Traces (doctorants compris) comme des nombreux \u00e9tudiants (ceux du Master ASE2P en particulier, qui se forment \u00e0 la recherche par la recherche) que nous y accueillons, ont aussi naturellement vocation \u00e0 s\u2019ouvrir sur l\u2019ext\u00e9rieur : de nombreux coll\u00e8gues \u2014 chercheurs, post-doctorants ou doctorants \u2014 venus d\u2019autres laboratoires, y compris \u00e9trangers (Espagne et Italie, notamment), y ont d\u00e9j\u00e0 \u00e9t\u00e9 accueillis et cette tendance ne pourra que s\u2019amplifier, pour au moins deux raisons : les recherches en Pr\u00e9histoire sont de plus en plus collaboratives et l\u2019excellence des \u00e9quipements et des infrastructures dont nous disposons, comme celle des chercheurs intervenant dans le champ des productions lithiques et de leur analyse, nous positionnent d\u00e9sormais comme des partenaires incontournables.<br><strong><br>Partenariats et contacts :<\/strong><br>UMR 5199 PACEA, UMR 7041 ArScAn, University of Tubingen, Institute for Prehistory and Early History and Medieval Archaeology, Faculdade de Letras da Universidade de Lisboa, UNIARQ, Mus\u00e9e d\u2019Arch\u00e9ologie National (MAN), Mus\u00e9e National de Pr\u00e9histoire (MNP), Mus\u00e9e d\u2019Histoire Naturelle, Gen\u00e8ve (MHN), SRA Grande Aquitaine, Occitanie, PACA, Rh\u00f4ne-Alpes-Auvergne, INRAP, Toulouse M\u00e9tropole, soci\u00e9t\u00e9s priv\u00e9es d\u2019arch\u00e9ologie pr\u00e9ventive (Pal\u00e9otime, Archeodunum, Acter, Eveha), Cit\u00e9 de la Pr\u00e9histoire, Orgnac l\u2019Aven, Centre de Pr\u00e9histoire du Pech Merle, Cabrerets, Lat\u00e9nium, Neuch\u00e2tel.<\/p>\n\n\n\n<figure class=\"wp-block-image\"><img decoding=\"async\" src=\"https:\/\/traces.univ-tlse2.fr\/medias\/photo\/ill-lithotheque-2_1543413048547-jpg?ID_FICHE=215685\" alt=\"\" \/><\/figure>\n\n\n\n<p><em>Salle F204, espace d\u00e9di\u00e9 aux analyses des s\u00e9ries lithiques.<\/em><\/p>\n\n\n\n<p><strong>Publications en lien avec le plateau :<\/strong> (extrait, p\u00e9riode 2016-2018)<br>*ANDERSON L., LEJAY M., BRUGAL J.-PH., COSTAMAGNO S., HECKEL C., ARAUJO M., M\u00c9NARD M., PRADEAU J.-V., SALOMON H., SELLAMI F., BARSHAY-SZMIDT C., MENSAN, R., BON, F. (2018) &#8211; Insights into Aurignacian daily life and camp organization: the open-air site of R\u00e9gismont-le-Haut. <em>Quaternary International<\/em><br>*ANDERSON, L. (sous presse). Knowledge and know-how in Early Aurignacian lithic assemblages : the example of La Tuto de Camalhot (Ari\u00e8ge, France) \/ Connaissances et savoir-faire dans les industries lithiques de l\u2019Aurignacien ancien : le cas de La Tuto de Camalhot (Ari\u00e8ge, France), in L. Klaric (dir.), <em>The Prehistoric Apprentice. Investigating apprenticeship, know-how and expertise in prehistoric technologies \/ L\u2019Apprenti pr\u00e9historique. Appr\u00e9hender l\u2019apprentissage, les savoir-faire et expertise \u00e0 travers les productions techniques des soci\u00e9t\u00e9s pr\u00e9historiques<\/em>, Brno, Academy of Sciences of the Czech Republic, Institute of Archaeology at Brno (The Doln\u00ed V\u011bstonice Studies, vol. 22).<br>*CONSTANS G. (2017) &#8211; Chert Acquisition through Final Upper Palaeolithic and Mesolithic: A Territory Contraction in Southwestern France?, in T. Pereira, X. Terradas, N. Bicho, The Exploitation of Raw Materials in <em>Prehistory. Sourcing, Processing and Distribution<\/em>, Cambridge Scholars Publishing, p. 336-353.<br>*DUCASSE S., RENARD C., PETILLON J.-M., COSTAMAGNO S., PETILLON J.-M., FOUCHER P., SAN JUAN-FOUCHER C., CAUX S., 2017, Les Pyr\u00e9n\u00e9es au cours du Dernier Maximum Glaciaire : un no man\u2019s land badegoulien ? Nouvelles donn\u00e9es sur l\u2019occupation du pi\u00e9mont pyr\u00e9n\u00e9en \u00e0 partir du r\u00e9examen des industries solutr\u00e9ennes de l\u2019abri des Harpons (Lespugue, Haute-Garonne), <em>Bulletin de la soci\u00e9t\u00e9 pr\u00e9historique fran\u00e7aise<\/em>, 114, 2, p.257-294.<br>*LEA V. (2018) &#8211; Inertie et changements de l&rsquo;industrie lithique taill\u00e9e du N\u00e9olithique moyen I et du Chass\u00e9en. In, F. Convertini, et C. Georjon, <em>Le Champ du Poste (Carcassonne, Aude) : Une succession d&rsquo;occupations du d\u00e9but du N\u00e9olithique moyen \u00e0 l&rsquo;\u00e2ge du Bronze ancien<\/em>, Toulouse, Archive d&rsquo;Ecologie Pr\u00e9historique, ISBN 978\u22122\u221235842\u2212022\u22128, p. 207-222.<\/p>\n\n\n\n<figure class=\"wp-block-image\"><img decoding=\"async\" src=\"https:\/\/traces.univ-tlse2.fr\/medias\/photo\/ill-lithotheque-3_1543413635721-jpg?ID_FICHE=215685\" alt=\"\" \/><\/figure>\n\n\n\n<p><em>\u00c0 gauche : reconstitution d\u2019activit\u00e9s de taille autour d\u2019une structure de combustion sur le campement aurignacien de R\u00e9gismont-le-Haut (<em>H\u00e9rault<\/em>). Un nucl\u00e9us \u00e0 lamelles produit, dans un premier stade de vie, des armatures pour des outils de chasse composites. Il est ensuite transform\u00e9 en pi\u00e8ce esquill\u00e9e et utilis\u00e9 tr\u00e8s vraisemblablement dans la fracturation des os (@L. Anderson). \u00c0 droite : pointe \u00e0 base concave solutr\u00e9enne du gisement des Harpons, Haute-Garonne (@ S. Ducasse).<\/em><\/p>\n\n\n\n<p><br><strong>Programmes nationaux et internationaux :<\/strong><br>Toutes les \u00e9tudes lithiques issues des op\u00e9rations de terrain du laboratoire font appel \u00e0 ces ressources.<br>* Programme de Recherche IDEX MeNeMOIA : Du M\u00e9solithique au N\u00e9olithique ancien en M\u00e9diterran\u00e9e occidentale : l&rsquo;impact africain (Perrin coord.)<br>* GDR Chass\u00e9oLab (L\u00e9a coord.)<br>* Projet Hubert Curien, Ma\u00efmonide : Exploring Hominin Behavioral Patterns Through Time and Space: A Morpho-Techno-Functional Analysis of 3d Digital Models of Stone Handaxes (Deschamps et Goren-Inbar coord.)<br>* PCR SaM : Du Solutr\u00e9en au Magdal\u00e9nien : changements dans l\u2019organisation socio-\u00e9conomique des groupes humains entre 24 000 et 19 000 cal. BP (Ducasse et Renard coord.)<\/p>\n\n\n\n<p>* GDR Silex, R\u00e9seau national des lithoth\u00e8ques (Bressy-L\u00e9andri coord.)&nbsp; \u2003<\/p>\n","protected":false},"excerpt":{"rendered":"<p>Responsables&nbsp;: Marianne DESCHAMPS et Caroline RENARD Pr\u00e9sentation\u00a0:Cette th\u00e8que, consacr\u00e9e \u00e0 l\u2019analyse des productions lithiques, regroupe trois salles d\u2019\u00e9tude adapt\u00e9es aux besoins des \u00e9tudes mises en \u0153uvre, une lithoth\u00e8que et un espace d\u00e9di\u00e9 \u00e0 l&rsquo;exp\u00e9rimentation (\u00ab\u00a0atelier de taille\u00a0\u00bb). En plus d\u2019un &hellip; <a href=\"https:\/\/blogs.univ-tlse2.fr\/archeoscience\/a5-lithique\/\">Continuer la lecture <span class=\"meta-nav\">&rarr;<\/span><\/a><\/p>\n","protected":false},"author":1421,"featured_media":0,"parent":0,"menu_order":0,"comment_status":"closed","ping_status":"closed","template":"","meta":{"footnotes":""},"class_list":["post-49","page","type-page","status-publish","hentry"],"_links":{"self":[{"href":"https:\/\/blogs.univ-tlse2.fr\/archeoscience\/wp-json\/wp\/v2\/pages\/49","targetHints":{"allow":["GET"]}}],"collection":[{"href":"https:\/\/blogs.univ-tlse2.fr\/archeoscience\/wp-json\/wp\/v2\/pages"}],"about":[{"href":"https:\/\/blogs.univ-tlse2.fr\/archeoscience\/wp-json\/wp\/v2\/types\/page"}],"author":[{"embeddable":true,"href":"https:\/\/blogs.univ-tlse2.fr\/archeoscience\/wp-json\/wp\/v2\/users\/1421"}],"replies":[{"embeddable":true,"href":"https:\/\/blogs.univ-tlse2.fr\/archeoscience\/wp-json\/wp\/v2\/comments?post=49"}],"version-history":[{"count":10,"href":"https:\/\/blogs.univ-tlse2.fr\/archeoscience\/wp-json\/wp\/v2\/pages\/49\/revisions"}],"predecessor-version":[{"id":435,"href":"https:\/\/blogs.univ-tlse2.fr\/archeoscience\/wp-json\/wp\/v2\/pages\/49\/revisions\/435"}],"wp:attachment":[{"href":"https:\/\/blogs.univ-tlse2.fr\/archeoscience\/wp-json\/wp\/v2\/media?parent=49"}],"curies":[{"name":"wp","href":"https:\/\/api.w.org\/{rel}","templated":true}]}}