 {"id":51,"date":"2024-03-27T13:52:48","date_gmt":"2024-03-27T12:52:48","guid":{"rendered":"https:\/\/blogs.univ-tlse2.fr\/archeoscience\/?page_id=51"},"modified":"2025-12-12T08:12:01","modified_gmt":"2025-12-12T07:12:01","slug":"a6-plantes-et-insectes","status":"publish","type":"page","link":"https:\/\/blogs.univ-tlse2.fr\/archeoscience\/a6-plantes-et-insectes\/","title":{"rendered":"A6 &#8211; Th\u00e8que Plantes et Insectes"},"content":{"rendered":"<div class=\"wp-block-image\">\n<figure class=\"alignright size-large is-resized\"><img loading=\"lazy\" decoding=\"async\" width=\"1024\" height=\"398\" src=\"https:\/\/blogs.univ-tlse2.fr\/archeoscience\/files\/2024\/04\/botanotheque-1024x398.jpg\" alt=\"\" class=\"wp-image-217\" style=\"width:278px;height:auto\" srcset=\"https:\/\/blogs.univ-tlse2.fr\/archeoscience\/files\/2024\/04\/botanotheque-1024x398.jpg 1024w, https:\/\/blogs.univ-tlse2.fr\/archeoscience\/files\/2024\/04\/botanotheque-300x116.jpg 300w, https:\/\/blogs.univ-tlse2.fr\/archeoscience\/files\/2024\/04\/botanotheque-768x298.jpg 768w, https:\/\/blogs.univ-tlse2.fr\/archeoscience\/files\/2024\/04\/botanotheque.jpg 1437w\" sizes=\"auto, (max-width: 1024px) 100vw, 1024px\" \/><\/figure>\n<\/div>\n\n\n<figure class=\"wp-block-image size-large is-resized\"><img loading=\"lazy\" decoding=\"async\" width=\"1024\" height=\"397\" src=\"https:\/\/blogs.univ-tlse2.fr\/archeoscience\/files\/2024\/04\/entomotheque-1024x397.jpg\" alt=\"\" class=\"wp-image-218\" style=\"width:294px;height:auto\" srcset=\"https:\/\/blogs.univ-tlse2.fr\/archeoscience\/files\/2024\/04\/entomotheque-1024x397.jpg 1024w, https:\/\/blogs.univ-tlse2.fr\/archeoscience\/files\/2024\/04\/entomotheque-300x116.jpg 300w, https:\/\/blogs.univ-tlse2.fr\/archeoscience\/files\/2024\/04\/entomotheque-768x298.jpg 768w, https:\/\/blogs.univ-tlse2.fr\/archeoscience\/files\/2024\/04\/entomotheque.jpg 1437w\" sizes=\"auto, (max-width: 1024px) 100vw, 1024px\" \/><\/figure>\n\n\n\n<p><strong>Responsable :<\/strong> <a href=\"https:\/\/traces.univ-tlse2.fr\/accueil\/equipes-et-ateliers\/rhadamante-recherches-en-histoire-et-archeologie-des-ages-des-metaux-et-de-lantiquite-en-europe\/pierre-moret\" target=\"_blank\" rel=\"noreferrer noopener\">Pierre MORET<\/a><\/p>\n\n\n\n<p><strong>Pr\u00e9sentation :<\/strong><br>La th\u00e8que Insectes comporte un poste de travail d\u00e9di\u00e9 \u00e0 l\u2019\u00e9tude des restes d\u2019insectes trouv\u00e9s en contexte arch\u00e9ologique, et une collection de r\u00e9f\u00e9rence. Elle est dot\u00e9e d\u2019une loupe binoculaire et d\u2019une cam\u00e9ra pour les prises de vue. Elle poss\u00e8de \u00e9galement un cong\u00e9lateur pour les \u00e9chantillons soumis \u00e0 une analyse ADN.<\/p>\n\n\n\n<p><em>Nota bene : <a href=\"https:\/\/blogs.univ-tlse2.fr\/archeoscience\/files\/2024\/04\/Charte_A6.pdf\" target=\"_blank\" rel=\"noreferrer noopener\">charte d&rsquo;utilisation de la th\u00e8que A6.&nbsp;Th\u00e8que plantes et insectes<\/a><\/em>.<\/p>\n\n\n\n<p><strong>Pourquoi un espace d\u00e9di\u00e9 et quelle utilisation en arch\u00e9ologie ?<\/strong><br>Les collections h\u00e9berg\u00e9es dans cette th\u00e8que servent de support \u00e0 des \u00e9tudes arch\u00e9o-environnementales et d\u2019\u00e9cologie historique, \u00e0 deux \u00e9chelles de temps. \u00c0 l\u2019\u00e9chelle des deux derniers mill\u00e9naires, des travaux sont men\u00e9s en arch\u00e9o-entomologie sur les restes d\u2019insectes conserv\u00e9s notamment dans des sols de for\u00eats de montagne et de sites miniers des Pyr\u00e9n\u00e9es, l\u2019objectif \u00e9tant de contribuer \u00e0 la reconstitution de l\u2019environnement ancien de ces sites variablement anthropis\u00e9s. \u00c0 l\u2019\u00e9chelle des deux derniers si\u00e8cles, des collections historiques constitu\u00e9es dans les Pyr\u00e9n\u00e9es et dans les Andes \u00e9quatoriales \u00e0 haute altitude, au XIXe et au XXe si\u00e8cle, sont compar\u00e9es aux communaut\u00e9s d\u2019insectes actuellement pr\u00e9sentes sur les m\u00eames sites, afin de mesurer les effets du changement climatique. Dans les deux cas, en plus de la conservation de mat\u00e9riels anciens, ces recherches n\u00e9cessitent la constitution de r\u00e9f\u00e9rentiels actuels qui sont en cours de d\u00e9veloppement.<\/p>\n\n\n\n<figure class=\"wp-block-image size-full\"><img loading=\"lazy\" decoding=\"async\" width=\"787\" height=\"666\" src=\"https:\/\/blogs.univ-tlse2.fr\/archeoscience\/files\/2025\/12\/image.png\" alt=\"\" class=\"wp-image-439\" srcset=\"https:\/\/blogs.univ-tlse2.fr\/archeoscience\/files\/2025\/12\/image.png 787w, https:\/\/blogs.univ-tlse2.fr\/archeoscience\/files\/2025\/12\/image-300x254.png 300w, https:\/\/blogs.univ-tlse2.fr\/archeoscience\/files\/2025\/12\/image-768x650.png 768w\" sizes=\"auto, (max-width: 787px) 100vw, 787px\" \/><\/figure>\n\n\n\n<p><em>Restes d\u2019insectes provenant de sols forestiers des Pyr\u00e9n\u00e9es. \u00a9 Sarah Parrilla<\/em><\/p>\n\n\n\n<p><br><strong><br>Partenariats et contacts :<\/strong><br>UMR Geode (UT2J)<br>UMR CRBE (Paul Sabatier)<br>Pontificia Universidad Cat\u00f3lica del Ecuador, Quito, Ecuador<\/p>\n\n\n\n<p><\/p>\n\n\n\n<p><strong>Publication en lien avec le plateau :<\/strong><br>* MORET P., PARRILLA S., PY-SARAGAGLIA V. et ROBBIOLA L., Deux nouveaux horizons pour l\u2019arch\u00e9oentomologie. <em>Les Nouvelles de l\u2019arch\u00e9ologie<\/em>, 167, mars 2022, p. 45-48.<\/p>\n\n\n\n<p>* MORET P., MURIEL P., JARAMILLO R., BERNARDI A., ROMOLEROUX K., BARRAG\u00c1N A., PRUNA W., SKLEN\u00c1\u0158 P., Resurvey of vascular plants and soil arthropods on the summit of Mount Coraz\u00f3n (Andes of Ecuador) after 140 years. <em>Neotropical biodiversity<\/em>, 7 (1), 2021, p. 238-245.<\/p>\n\n\n\n<p>* MORET, P., BARRAGAN, \u00c1. MORENO, E., CAUVY-FRAUNIE, S. &amp; GOBBI, M., When the ice has gone: colonisation of equatorial glacier forelands by ground beetles (Coleoptera: Carabidae). <em>Neotropical Entomology<\/em> 49, 2020, p. 213-226.<\/p>\n\n\n\n<p><strong>Programmes nationaux et internationaux :<\/strong><br>* PICS INEE 2015-2017 et MSHS-Toulouse 2016 : Projet SUMMITEX. Extinctions au sommet ? Mesurer les effets du changement climatique sur la biodiversit\u00e9 \u00e0 haute altitude dans les Andes de l\u2019Equateur<br>* ANR Procome (C. Manen, CNRS 5608 Traces) GDR Bioarch\u00e9odat (R.-M. Arbogast, CNRS UMR 7044)<br>* PEPS 2016 Institut des Sciences de l\u2019Homme et de la Soci\u00e9t\u00e9, CNRS &#8211; R\u00e9seau national des Maisons des Sciences de l&rsquo;Homme (RnMSH) : Projet INSPYRAND &#8211; Les INSectes du sol, marqueurs de l\u2019anthropisation et du changement climatique en haute montagne : \u00e9tude compar\u00e9e dans les PYR\u00e9n\u00e9es et les ANDes<br>* OHM Haut Vicdessos : Projets CARAVIC (2016) et INSPYR (2017)<br>* Projet <em>\u00ab\u00a0Life without ice\u00a0\u00bb <\/em>de la fondation BNP Paribas Climate Change &amp; Biodiversity Initiative, 2021-2026.<br>* Projet ANR JC-JC BENDYS (19-CE03-0010), <em>The last European old-growth (\u201csubnatural\u201d) fir-BEech forests: a loNg-term and global stuDY for their better understanding, conServation and management,<\/em> 2020-2024.<\/p>\n","protected":false},"excerpt":{"rendered":"<p>Responsable : Pierre MORET Pr\u00e9sentation :La th\u00e8que Insectes comporte un poste de travail d\u00e9di\u00e9 \u00e0 l\u2019\u00e9tude des restes d\u2019insectes trouv\u00e9s en contexte arch\u00e9ologique, et une collection de r\u00e9f\u00e9rence. Elle est dot\u00e9e d\u2019une loupe binoculaire et d\u2019une cam\u00e9ra pour les prises &hellip; <a href=\"https:\/\/blogs.univ-tlse2.fr\/archeoscience\/a6-plantes-et-insectes\/\">Continuer la lecture <span class=\"meta-nav\">&rarr;<\/span><\/a><\/p>\n","protected":false},"author":1421,"featured_media":0,"parent":0,"menu_order":0,"comment_status":"closed","ping_status":"closed","template":"","meta":{"footnotes":""},"class_list":["post-51","page","type-page","status-publish","hentry"],"_links":{"self":[{"href":"https:\/\/blogs.univ-tlse2.fr\/archeoscience\/wp-json\/wp\/v2\/pages\/51","targetHints":{"allow":["GET"]}}],"collection":[{"href":"https:\/\/blogs.univ-tlse2.fr\/archeoscience\/wp-json\/wp\/v2\/pages"}],"about":[{"href":"https:\/\/blogs.univ-tlse2.fr\/archeoscience\/wp-json\/wp\/v2\/types\/page"}],"author":[{"embeddable":true,"href":"https:\/\/blogs.univ-tlse2.fr\/archeoscience\/wp-json\/wp\/v2\/users\/1421"}],"replies":[{"embeddable":true,"href":"https:\/\/blogs.univ-tlse2.fr\/archeoscience\/wp-json\/wp\/v2\/comments?post=51"}],"version-history":[{"count":7,"href":"https:\/\/blogs.univ-tlse2.fr\/archeoscience\/wp-json\/wp\/v2\/pages\/51\/revisions"}],"predecessor-version":[{"id":441,"href":"https:\/\/blogs.univ-tlse2.fr\/archeoscience\/wp-json\/wp\/v2\/pages\/51\/revisions\/441"}],"wp:attachment":[{"href":"https:\/\/blogs.univ-tlse2.fr\/archeoscience\/wp-json\/wp\/v2\/media?parent=51"}],"curies":[{"name":"wp","href":"https:\/\/api.w.org\/{rel}","templated":true}]}}