 {"id":53,"date":"2024-03-27T13:53:24","date_gmt":"2024-03-27T12:53:24","guid":{"rendered":"https:\/\/blogs.univ-tlse2.fr\/archeoscience\/?page_id=53"},"modified":"2024-04-28T11:42:27","modified_gmt":"2024-04-28T09:42:27","slug":"centre-doc","status":"publish","type":"page","link":"https:\/\/blogs.univ-tlse2.fr\/archeoscience\/centre-doc\/","title":{"rendered":"Centre de ressources documentaires"},"content":{"rendered":"\n<p>Le centre de ressources documentaires de TRACES est situ\u00e9 au 4<sup>e<\/sup> \u00e9tage de la Maison de la Recherche.<\/p>\n\n\n\n<p><strong>Il est ouvert du lundi au jeudi de 9h \u00e0 12h et de 14h \u00e0 17h.<\/strong><\/p>\n\n\n\n<p>Les collections \u00e9tant en cours de r\u00e9organisation, l&#8217;emprunt \u00e0 domicile des ouvrages est suspendu pour une dur\u00e9e ind\u00e9termin\u00e9e. La consultation est possible aux heures d&rsquo;ouverture de la biblioth\u00e8que. Il est possible de faire des photocopies et des scans. La documentation du laboratoire TRACES est signal\u00e9e dans le Catalogue Collectif Index\u00e9 de <a href=\"https:\/\/catalogue.frantiq.fr\/\" target=\"_blank\" rel=\"noreferrer noopener\">FRANTIQ<\/a> pour un total de 35315 notices (attention, le catalogage est suspendu depuis le printemps 2015).<\/p>\n\n\n\n<p>Pour tout renseignement, contactez : <a href=\"mailto:tracesdoc%40univ-tlse2%2Efr\">t&#114;&#x61;&#x63;e&#115;&#x64;&#x6f;c&#64;&#x75;&#x6e;i&#118;&#x2d;&#x74;l&#115;&#x65;&#x32;&#46;&#102;&#x72;<\/a><\/p>\n\n\n\n<p>Le centre de ressources documentaires partage son espace avec un espace de coworking ouvert \u00e0 l&rsquo;ensemble des membres des labos de l&rsquo;UT2J, pour les personnes ayant besoin d&rsquo;un espace de travail temporaire.<br><br>D&rsquo;autres ressources \u00e9lectroniques sont disponibles pour vos recherches documentaires, vous en trouverez un aper\u00e7u <strong><a href=\"https:\/\/traces.univ-tlse2.fr\/accueil\/ressources-electroniques\">en suivant ce lien<\/a><\/strong>.<\/p>\n\n\n\n<figure class=\"wp-block-image\"><img decoding=\"async\" src=\"https:\/\/traces.univ-tlse2.fr\/medias\/photo\/rollup-traces-doc-bandeau_1685973318919-jpg?ID_FICHE=399297\" alt=\"20230605_RollUp_TRACES_doc_bandeau\" \/><\/figure>\n\n\n\n<h3 class=\"wp-block-heading\"><strong>TRACES est partenaire de la <a href=\"https:\/\/www.frantiq.fr\/fr\">F\u00e9d\u00e9ration FRANTIQ<\/a><\/strong>.<\/h3>\n\n\n\n<p>La F\u00e9d\u00e9ration et ressources sur l&rsquo;Antiquit\u00e9 (FRANTIQ) est n\u00e9e en 1984 de l&rsquo;initiative d&rsquo;arch\u00e9ologues sp\u00e9cialistes de l&rsquo;Antiquit\u00e9. Sa mission \u00e9tait de rassembler les catalogues de leurs biblioth\u00e8ques de recherche pour offrir un acc\u00e8s centralis\u00e9 aux ressources documentaires sp\u00e9cialis\u00e9es. Depuis, la f\u00e9d\u00e9ration poursuit cet objectif en \u00e9largissant son r\u00e9seau d&rsquo;adh\u00e9rents et en diversifiant ses outils, dans un souci constant de faciliter l&rsquo;acc\u00e8s aux ressources.<\/p>\n\n\n\n<p>Aujourd&rsquo;hui constitu\u00e9e en Groupement de Service (GDS 3378) du CNRS-Centre national de la recherche scientifique, la F\u00e9d\u00e9ration rassemble une quarantaine d&rsquo;unit\u00e9s mixtes du CNRS, des services du minist\u00e8re de la Culture et de la communication, des collectivit\u00e9s territoriales et d&rsquo;autres \u00e9tablissements publics. Biblioth\u00e9caires et documentalistes du r\u00e9seau partagent des outils communs et offrent des services associ\u00e9s aux arch\u00e9ologues, en formation ou professionnels.<\/p>\n","protected":false},"excerpt":{"rendered":"<p>Le centre de ressources documentaires de TRACES est situ\u00e9 au 4e \u00e9tage de la Maison de la Recherche. Il est ouvert du lundi au jeudi de 9h \u00e0 12h et de 14h \u00e0 17h. Les collections \u00e9tant en cours de &hellip; <a href=\"https:\/\/blogs.univ-tlse2.fr\/archeoscience\/centre-doc\/\">Continuer la lecture <span class=\"meta-nav\">&rarr;<\/span><\/a><\/p>\n","protected":false},"author":1421,"featured_media":0,"parent":0,"menu_order":0,"comment_status":"closed","ping_status":"closed","template":"","meta":{"footnotes":""},"class_list":["post-53","page","type-page","status-publish","hentry"],"_links":{"self":[{"href":"https:\/\/blogs.univ-tlse2.fr\/archeoscience\/wp-json\/wp\/v2\/pages\/53","targetHints":{"allow":["GET"]}}],"collection":[{"href":"https:\/\/blogs.univ-tlse2.fr\/archeoscience\/wp-json\/wp\/v2\/pages"}],"about":[{"href":"https:\/\/blogs.univ-tlse2.fr\/archeoscience\/wp-json\/wp\/v2\/types\/page"}],"author":[{"embeddable":true,"href":"https:\/\/blogs.univ-tlse2.fr\/archeoscience\/wp-json\/wp\/v2\/users\/1421"}],"replies":[{"embeddable":true,"href":"https:\/\/blogs.univ-tlse2.fr\/archeoscience\/wp-json\/wp\/v2\/comments?post=53"}],"version-history":[{"count":3,"href":"https:\/\/blogs.univ-tlse2.fr\/archeoscience\/wp-json\/wp\/v2\/pages\/53\/revisions"}],"predecessor-version":[{"id":201,"href":"https:\/\/blogs.univ-tlse2.fr\/archeoscience\/wp-json\/wp\/v2\/pages\/53\/revisions\/201"}],"wp:attachment":[{"href":"https:\/\/blogs.univ-tlse2.fr\/archeoscience\/wp-json\/wp\/v2\/media?parent=53"}],"curies":[{"name":"wp","href":"https:\/\/api.w.org\/{rel}","templated":true}]}}