 {"id":156,"date":"2014-11-18T15:14:11","date_gmt":"2014-11-18T14:14:11","guid":{"rendered":"https:\/\/blogs.univ-tlse2.fr\/archeostraits\/?page_id=156"},"modified":"2015-12-16T15:48:32","modified_gmt":"2015-12-16T14:48:32","slug":"equipe","status":"publish","type":"page","link":"https:\/\/blogs.univ-tlse2.fr\/archeostraits\/de\/equipe\/","title":{"rendered":"Team"},"content":{"rendered":"<p class=\"qtranxs-available-languages-message qtranxs-available-languages-message-de\">Leider ist der Eintrag nur auf <a href=\"https:\/\/blogs.univ-tlse2.fr\/archeostraits\/fr\/wp-json\/wp\/v2\/pages\/156\" class=\"qtranxs-available-language-link qtranxs-available-language-link-fr\" title=\"Fran\u00e7ais\">Fran\u00e7ais<\/a> und <a href=\"https:\/\/blogs.univ-tlse2.fr\/archeostraits\/es\/wp-json\/wp\/v2\/pages\/156\" class=\"qtranxs-available-language-link qtranxs-available-language-link-es\" title=\"Espa\u00f1ol\">Espa\u00f1ol<\/a> verf\u00fcgbar.<\/p>","protected":false},"excerpt":{"rendered":"<p>Leider ist der Eintrag nur auf Fran\u00e7ais und Espa\u00f1ol verf\u00fcgbar.<\/p>\n<p class=\"more-link-p\"><a class=\"more-link\" href=\"https:\/\/blogs.univ-tlse2.fr\/archeostraits\/de\/equipe\/\">Read more &rarr;<\/a><\/p>\n","protected":false},"author":252,"featured_media":0,"parent":0,"menu_order":0,"comment_status":"closed","ping_status":"closed","template":"","meta":{"footnotes":"","_links_to":"","_links_to_target":""},"class_list":["post-156","page","type-page","status-publish","hentry"],"_links":{"self":[{"href":"https:\/\/blogs.univ-tlse2.fr\/archeostraits\/de\/wp-json\/wp\/v2\/pages\/156","targetHints":{"allow":["GET"]}}],"collection":[{"href":"https:\/\/blogs.univ-tlse2.fr\/archeostraits\/de\/wp-json\/wp\/v2\/pages"}],"about":[{"href":"https:\/\/blogs.univ-tlse2.fr\/archeostraits\/de\/wp-json\/wp\/v2\/types\/page"}],"author":[{"embeddable":true,"href":"https:\/\/blogs.univ-tlse2.fr\/archeostraits\/de\/wp-json\/wp\/v2\/users\/252"}],"replies":[{"embeddable":true,"href":"https:\/\/blogs.univ-tlse2.fr\/archeostraits\/de\/wp-json\/wp\/v2\/comments?post=156"}],"version-history":[{"count":10,"href":"https:\/\/blogs.univ-tlse2.fr\/archeostraits\/de\/wp-json\/wp\/v2\/pages\/156\/revisions"}],"predecessor-version":[{"id":700,"href":"https:\/\/blogs.univ-tlse2.fr\/archeostraits\/de\/wp-json\/wp\/v2\/pages\/156\/revisions\/700"}],"wp:attachment":[{"href":"https:\/\/blogs.univ-tlse2.fr\/archeostraits\/de\/wp-json\/wp\/v2\/media?parent=156"}],"curies":[{"name":"wp","href":"https:\/\/api.w.org\/{rel}","templated":true}]}}