 {"id":501,"date":"2014-12-04T10:58:01","date_gmt":"2014-12-04T09:58:01","guid":{"rendered":"https:\/\/blogs.univ-tlse2.fr\/archeostraits\/?page_id=501"},"modified":"2014-12-10T12:04:47","modified_gmt":"2014-12-10T11:04:47","slug":"la-silla-del-papa","status":"publish","type":"page","link":"https:\/\/blogs.univ-tlse2.fr\/archeostraits\/de\/les-sites\/la-silla-del-papa\/","title":{"rendered":"La Silla del Papa"},"content":{"rendered":"<p>Die Siedlungsfundstelle La Silla del Papa liegt etwa 4 km von der K\u00fcste entfernt am h\u00f6chsten Punkt einer kleinen K\u00fcstengebirgskette, der Sierra de la Plata (457 m). Pierre Moret hat dort von 2007 bis 2009 im Rahmen eines Forschungsprogrammes Oberfl\u00e4chenbegehungen und Sondagen durchgef\u00fchrt. Diese H\u00f6hensiedlung, die seit dem Ende des 19. Jhs. erw\u00e4hnt wird, aber vor unserer Grabung schlecht bekannt war, bot den Bewohnern den Schutz der Felsw\u00e4nde, die die Siedlung zu einem regelrechten \u201aHorst\u2018 machten. Die r\u00e4umliche Struktur der Siedlung ist durch zwei parallele, von Norden nach S\u00fcden verlaufende Felsriegel vorgegeben, die eine 420 m lange, schmale Fl\u00e4che begrenzen.<\/p>\n<div id=\"attachment_264\" style=\"width: 313px\" class=\"wp-caption aligncenter\"><a href=\"https:\/\/blogs.univ-tlse2.fr\/archeostraits\/files\/2014\/11\/1.Vue_Nasa1.jpg\"><img loading=\"lazy\" decoding=\"async\" aria-describedby=\"caption-attachment-264\" class=\" wp-image-264\" src=\"https:\/\/blogs.univ-tlse2.fr\/archeostraits\/files\/2014\/11\/1.Vue_Nasa1-300x224.jpg\" alt=\"Vue 3D satellitaire de la rive nord du d\u00e9troit\" width=\"303\" height=\"226\" srcset=\"https:\/\/blogs.univ-tlse2.fr\/archeostraits\/files\/2014\/11\/1.Vue_Nasa1-300x224.jpg 300w, https:\/\/blogs.univ-tlse2.fr\/archeostraits\/files\/2014\/11\/1.Vue_Nasa1-200x150.jpg 200w, https:\/\/blogs.univ-tlse2.fr\/archeostraits\/files\/2014\/11\/1.Vue_Nasa1-150x112.jpg 150w, https:\/\/blogs.univ-tlse2.fr\/archeostraits\/files\/2014\/11\/1.Vue_Nasa1.jpg 768w\" sizes=\"auto, (max-width: 303px) 100vw, 303px\" \/><\/a><p id=\"caption-attachment-264\" class=\"wp-caption-text\">Vue 3D satellitaire de la rive nord du d\u00e9troit<\/p><\/div>\n<p>Die Breite der Siedlungsfl\u00e4che zwischen den zwei Gratlinien variiert zwischen 20 und 75 m, bei einer Gesamtfl\u00e4che von etwa 3 ha, wobei das Siedlungsareal sich weit dar\u00fcber hinaus erstreckte. Die senkrechten W\u00e4nde der Felsriegel, die ins Innere der Siedlung zeigen, sind f\u00fcnf bis zwanzig Meter hoch. Die H\u00e4user wurden direkt an die Felsw\u00e4nde gebaut, wie es zahlreiche im Fels angebrachte L\u00f6cher, Einschnitte und Treppen bezeugen.<\/p>\n<p><a href=\"https:\/\/blogs.univ-tlse2.fr\/archeostraits\/files\/2014\/11\/2.SDP-Paysage2.jpg\"><img loading=\"lazy\" decoding=\"async\" class=\"wp-image-265 aligncenter\" src=\"https:\/\/blogs.univ-tlse2.fr\/archeostraits\/files\/2014\/11\/2.SDP-Paysage2-300x225.jpg\" alt=\"2.SDP Paysage\" width=\"353\" height=\"270\" \/><\/a><\/p>\n<p>Die Siedlung wurde w\u00e4hrend der augusteischen Epoche verlassen, als an der K\u00fcste die r\u00f6mische Stadt <em>Baelo Claudia<\/em> gegr\u00fcndet wurde, die zu einem gro\u00dfen Teil von der Casa de Vel\u00e1zquez ausgegraben wurde. Die Grabungen, die hier zwischen 2007 und 2009 durchgef\u00fchrt wurden, best\u00e4tigten die Hypothese, der zufolge die Bev\u00f6lkerung der r\u00f6mischen Stadt aus dem <em>Oppidum<\/em> La Silla del Papa stammte, bei dem es sich m\u00f6glicherweise um das vorr\u00f6mische <em>Bailo<\/em> handelt, dessen Name aufgrund von M\u00fcnzen mit neopunischen Legenden bekannt ist. Zum Zeitpunkt seiner Aufgabe erstreckte sich das <em>Oppidum<\/em> von La Silla del Papa \u00fcber eine Fl\u00e4che von 12 ha. Im zentralen Teil, der am dichtesten besiedelt war, befanden sich dreist\u00f6ckige H\u00e4user, die an der Felswand errichtet und in diese integriert wurden. Die Bauten waren auf beiden Seiten entlang einer \u201eHauptstra\u00dfe\u201c angeordnet, die die Siedlung von Norden nach S\u00fcden durchzog.<\/p>\n<p><a href=\"https:\/\/blogs.univ-tlse2.fr\/archeostraits\/files\/2014\/11\/3.B_ensemble_IMG_2830-mini1.jpg\"><img loading=\"lazy\" decoding=\"async\" class=\"wp-image-266 aligncenter\" src=\"https:\/\/blogs.univ-tlse2.fr\/archeostraits\/files\/2014\/11\/3.B_ensemble_IMG_2830-mini1-300x225.jpg\" alt=\"3.B_ensemble_IMG_2830-mini\" width=\"344\" height=\"263\" \/><\/a><\/p>\n<p>Schlie\u00dflich haben die im Jahr 2008 durchgef\u00fchrten Sondagen ergeben, dass La Silla del Papa eine sehr lange Besiedlungsgeschichte besitzt, die sich \u00fcber die gesamte Eisenzeit, ausgehend von einem Gr\u00fcndungsdatum, das nach einem Radiokarbondatum im 9. Jh. v. Chr. anzusetzen ist, erstreckt. W\u00e4hrend dieser acht Jahrhunderte, wurde der Siedlungsplan mit der Anordnung der Stra\u00dfen und H\u00e4user mindestens dreimal abge\u00e4ndert. Das Fundmaterial der ersten Phase zeigt Beziehungen zu den ph\u00f6nizischen, sowie ab dem 4. Jh. v. Chr. zu den punischen Niederlassungen.<\/p>\n<p><a href=\"https:\/\/blogs.univ-tlse2.fr\/archeostraits\/files\/2014\/11\/4.SDP-maison1.jpg\"><img loading=\"lazy\" decoding=\"async\" class=\"size-medium wp-image-267 aligncenter\" src=\"https:\/\/blogs.univ-tlse2.fr\/archeostraits\/files\/2014\/11\/4.SDP-maison1-300x224.jpg\" alt=\"4.SDP maison\" width=\"300\" height=\"224\" srcset=\"https:\/\/blogs.univ-tlse2.fr\/archeostraits\/files\/2014\/11\/4.SDP-maison1-300x224.jpg 300w, https:\/\/blogs.univ-tlse2.fr\/archeostraits\/files\/2014\/11\/4.SDP-maison1-200x150.jpg 200w, https:\/\/blogs.univ-tlse2.fr\/archeostraits\/files\/2014\/11\/4.SDP-maison1-150x112.jpg 150w, https:\/\/blogs.univ-tlse2.fr\/archeostraits\/files\/2014\/11\/4.SDP-maison1.jpg 482w\" sizes=\"auto, (max-width: 300px) 100vw, 300px\" \/><\/a><\/p>\n<p>In Anbetracht dieser vorl\u00e4ufigen, \u00e4u\u00dferst vielversprechenden Ergebnisse ist La Silla del Papa heute die einzige Fundstelle im Umfeld der Meerenge von Gibraltar, in der alle diese Aspekte einer vorr\u00f6mischen Stadtsiedlung untersucht werden k\u00f6nnen (Architektur, urbane Entwicklungsprozesse, Bestattungssitten, Siedlungsgebiet), und dies \u00fcber einen langen Zeitraum, vom Beginn der \u00c4lteren Eisenzeit bis zur r\u00f6mischen Eroberung.<\/p>","protected":false},"excerpt":{"rendered":"<p>Die Siedlungsfundstelle La Silla del Papa liegt etwa 4 km von der K\u00fcste entfernt am h\u00f6chsten Punkt einer kleinen K\u00fcstengebirgskette, der Sierra de la Plata (457 m). Pierre Moret hat dort von 2007 bis 2009 im Rahmen eines Forschungsprogrammes Oberfl\u00e4chenbegehungen&hellip;<\/p>\n<p class=\"more-link-p\"><a class=\"more-link\" href=\"https:\/\/blogs.univ-tlse2.fr\/archeostraits\/de\/les-sites\/la-silla-del-papa\/\">Read more &rarr;<\/a><\/p>\n","protected":false},"author":252,"featured_media":0,"parent":494,"menu_order":0,"comment_status":"closed","ping_status":"closed","template":"","meta":{"footnotes":"","_links_to":"","_links_to_target":""},"class_list":["post-501","page","type-page","status-publish","hentry"],"_links":{"self":[{"href":"https:\/\/blogs.univ-tlse2.fr\/archeostraits\/de\/wp-json\/wp\/v2\/pages\/501","targetHints":{"allow":["GET"]}}],"collection":[{"href":"https:\/\/blogs.univ-tlse2.fr\/archeostraits\/de\/wp-json\/wp\/v2\/pages"}],"about":[{"href":"https:\/\/blogs.univ-tlse2.fr\/archeostraits\/de\/wp-json\/wp\/v2\/types\/page"}],"author":[{"embeddable":true,"href":"https:\/\/blogs.univ-tlse2.fr\/archeostraits\/de\/wp-json\/wp\/v2\/users\/252"}],"replies":[{"embeddable":true,"href":"https:\/\/blogs.univ-tlse2.fr\/archeostraits\/de\/wp-json\/wp\/v2\/comments?post=501"}],"version-history":[{"count":7,"href":"https:\/\/blogs.univ-tlse2.fr\/archeostraits\/de\/wp-json\/wp\/v2\/pages\/501\/revisions"}],"predecessor-version":[{"id":576,"href":"https:\/\/blogs.univ-tlse2.fr\/archeostraits\/de\/wp-json\/wp\/v2\/pages\/501\/revisions\/576"}],"up":[{"embeddable":true,"href":"https:\/\/blogs.univ-tlse2.fr\/archeostraits\/de\/wp-json\/wp\/v2\/pages\/494"}],"wp:attachment":[{"href":"https:\/\/blogs.univ-tlse2.fr\/archeostraits\/de\/wp-json\/wp\/v2\/media?parent=501"}],"curies":[{"name":"wp","href":"https:\/\/api.w.org\/{rel}","templated":true}]}}