 {"id":618,"date":"2014-12-11T15:30:57","date_gmt":"2014-12-11T14:30:57","guid":{"rendered":"https:\/\/blogs.univ-tlse2.fr\/archeostraits\/?page_id=618"},"modified":"2014-12-11T23:38:44","modified_gmt":"2014-12-11T22:38:44","slug":"silla_del_papa","status":"publish","type":"page","link":"https:\/\/blogs.univ-tlse2.fr\/archeostraits\/de\/silla_del_papa\/","title":{"rendered":"La Silla del Papa"},"content":{"rendered":"<p>Moret P. &amp; Prados F., &#8222;<a href=\"https:\/\/www.academia.edu\/8725124\/\" target=\"_blank\"><span style=\"color: #3366ff\">Les deux <em>Baelo<\/em> <\/span>: <\/a>du site perch\u00e9 protohistorique au site portuaire romain sur la rive nord du d\u00e9troit de Gibraltar&#8220;, in: L. Mercuri, R. Gonz\u00e1lez Villaescusa &amp; Fr. Bertoncello (dir.), <em>Implantations humaines en milieu littoral m\u00e9diterran\u00e9en. XXXIVes Rencontres internationales d\u2019arch\u00e9ologie et\u00a0 d\u2019histoire d\u2019Antibes<\/em>, Antibes, 2014, p. 137-148.<\/p>\n<p>Prados, F., Mu\u00f1oz, \u00c1., Garc\u00eda, I. &amp; Moret, P., \u00ab\u00a0<span style=\"color: #3366ff\"><a style=\"color: #3366ff\" href=\"https:\/\/www.academia.edu\/2634827\/\" target=\"_blank\">Bajar al mar y&#8230; \u00bfhacerse romano? <\/a><\/span>De la Silla del Papa a <em>Baelo Claudia\u00a0<\/em>\u00bb, in: B. Mora Serrano &amp; G. Cruz Andreotti (ed.), <em>La etapa neop\u00fanica en Hispania y el Mediterr\u00e1neo centro-occidental: identidades compartidas. VII Coloquio Internacional del Centro de Estudios Fenicios y P\u00fanicos (M\u00e1laga, 28-29 noviembre 2011)<\/em>, Sevilla, Universidad de Sevilla, 2012, p. 301-329.<\/p>\n<p>Moret, P., Fabre, J.-M., P., Garcia, I., Prados, F. &amp; Constans, A., &#8222;<span style=\"color: #3366ff\"><a style=\"color: #3366ff\" href=\"https:\/\/www.academia.edu\/1147322\/\" target=\"_blank\">La Silla del Papa <\/a><\/span>(Tarifa, C\u00e1diz) : bilan de trois ann\u00e9es de recherches&#8220;, in : Chr. Rico &amp; P. Moret (\u00e9d.), <em>Ab Aquitania in Hispaniam. M\u00e9langes d\u2019histoire et d\u2019arch\u00e9ologie offerts \u00e0 Pierre Silli\u00e8res<\/em>, Toulouse (<em>Pallas<\/em>, 82), 2010, p. 441-463.<\/p>\n<p>Moret, P., Garc\u00eda, I., Prados, F. &amp; Fabre, J.-M., &#8222;<span style=\"color: #3366ff\"><a style=\"color: #3366ff\" href=\"https:\/\/www.academia.edu\/1147325\/\" target=\"_blank\">El oppidum b\u00e1stulo-p\u00fanico <\/a><\/span>de la Silla del Papa (Tarifa, C\u00e1diz). Primeros resultados del proyecto arqueol\u00f3gico&#8220;, in\u00a0: E. Ferrer Albelda (\u00e9d.), <em>Los P\u00fanicos de Iberia: proyectos, revisiones, s\u00edntesis. Actas del VI Coloquio internacional del Centro de Estudios Fenicios y P\u00fanicos (Sevilla, 30 de septiembre \u2013 1 y 2 de octubre 2009)<\/em>, Mainake, 32 (1), 2010, p. 205-228.<\/p>\n<p>Moret P., Mu\u00f1oz \u00c1., Garc\u00eda I. <em>et al.<\/em>, &#8222;La Silla del Papa (Tarifa, C\u00e1diz)\u00a0: aux origines de Baelo Claudia&#8220;, <em>M\u00e9langes de la Casa de Vel\u00e1zquez<\/em>, 38 (1), 2008, p. 353-367.<\/p>\n<p class=\"crayon article-soustitre-2234 soustitre\">\n<p><\/p>","protected":false},"excerpt":{"rendered":"<p>Moret P. &amp; Prados F., &#8222;Les deux Baelo : du site perch\u00e9 protohistorique au site portuaire romain sur la rive nord du d\u00e9troit de Gibraltar&#8220;, in: L. Mercuri, R. Gonz\u00e1lez Villaescusa &amp; Fr. Bertoncello (dir.), Implantations humaines en milieu littoral&hellip;<\/p>\n<p class=\"more-link-p\"><a class=\"more-link\" href=\"https:\/\/blogs.univ-tlse2.fr\/archeostraits\/de\/silla_del_papa\/\">Read more &rarr;<\/a><\/p>\n","protected":false},"author":252,"featured_media":0,"parent":0,"menu_order":0,"comment_status":"closed","ping_status":"closed","template":"","meta":{"footnotes":"","_links_to":"","_links_to_target":""},"class_list":["post-618","page","type-page","status-publish","hentry"],"_links":{"self":[{"href":"https:\/\/blogs.univ-tlse2.fr\/archeostraits\/de\/wp-json\/wp\/v2\/pages\/618","targetHints":{"allow":["GET"]}}],"collection":[{"href":"https:\/\/blogs.univ-tlse2.fr\/archeostraits\/de\/wp-json\/wp\/v2\/pages"}],"about":[{"href":"https:\/\/blogs.univ-tlse2.fr\/archeostraits\/de\/wp-json\/wp\/v2\/types\/page"}],"author":[{"embeddable":true,"href":"https:\/\/blogs.univ-tlse2.fr\/archeostraits\/de\/wp-json\/wp\/v2\/users\/252"}],"replies":[{"embeddable":true,"href":"https:\/\/blogs.univ-tlse2.fr\/archeostraits\/de\/wp-json\/wp\/v2\/comments?post=618"}],"version-history":[{"count":8,"href":"https:\/\/blogs.univ-tlse2.fr\/archeostraits\/de\/wp-json\/wp\/v2\/pages\/618\/revisions"}],"predecessor-version":[{"id":640,"href":"https:\/\/blogs.univ-tlse2.fr\/archeostraits\/de\/wp-json\/wp\/v2\/pages\/618\/revisions\/640"}],"wp:attachment":[{"href":"https:\/\/blogs.univ-tlse2.fr\/archeostraits\/de\/wp-json\/wp\/v2\/media?parent=618"}],"curies":[{"name":"wp","href":"https:\/\/api.w.org\/{rel}","templated":true}]}}