 {"id":158,"date":"2014-11-18T15:14:54","date_gmt":"2014-11-18T14:14:54","guid":{"rendered":"https:\/\/blogs.univ-tlse2.fr\/archeostraits\/?page_id=158"},"modified":"2016-12-18T14:59:56","modified_gmt":"2016-12-18T13:59:56","slug":"membres","status":"publish","type":"page","link":"https:\/\/blogs.univ-tlse2.fr\/archeostraits\/es\/equipe\/membres\/","title":{"rendered":"Miembros"},"content":{"rendered":"<p><strong>St\u00e9phanie<\/strong> <strong>Adroit<\/strong> (TRACES) s&#x74;e&#112;&#x68;a&#x6e;i&#101;&#x2e;a&#x64;&#x72;o&#x69;t&#64;&#x6f;r&#x61;&#x6e;g&#x65;&#46;&#102;&#x72;<\/p>\n<p><strong>Alain<\/strong> <strong>Badie<\/strong> (Institut de recherche sur l\u2019architecture antique, USR 3155)<\/p>\n<p><strong>Helmut Br\u00fcckner (<\/strong>Universit\u00e4t zu K\u00f6ln) &#x68;&#x2e;&#98;r&#x75;&#x65;&#x63;&#107;n&#x65;&#x72;&#x40;&#117;n&#x69;&#x2d;&#x6b;&#111;e&#x6c;&#x6e;&#x2e;&#100;e<\/p>\n<p><strong>Carine<\/strong> <strong>Calastrenc<\/strong> (TRACES) c&#x61;&#x72;i&#x6e;&#x65;&#46;&#x63;&#x61;l&#x61;&#x73;t&#x72;&#x65;n&#x63;&#x40;u&#x6e;&#x69;v&#x2d;&#x74;l&#x73;&#x65;2&#x2e;&#x66;r<\/p>\n<p><strong>Agathe Desmars<\/strong> (IRAA &#8211; Casa de Vel\u00e1zquez) des&#109;&#x61;&#x72;&#x73;&#x61;gat&#104;&#x65;&#x40;&#x67;&#x6d;ail&#46;&#99;&#x6f;&#x6d;<\/p>\n<p><strong>Jean-Marc Fabre<\/strong> (TRACES) j&#102;&#x61;&#x62;r&#101;&#x40;&#x75;n&#105;&#x76;&#x2d;t&#108;&#x73;&#x65;2&#46;&#x66;&#x72;<\/p>\n<p><strong>Elena<\/strong> <strong>Fern\u00e1ndez Rodr\u00edguez<\/strong> (Universidad de Sevilla) &#101;&#x6c;e&#x6e;a&#x66;e&#x72;n&#x61;n&#100;&#x65;&#122;&#x72;1&#x39;8&#x37;&#64;&#x67;m&#x61;i&#108;&#x2e;&#99;&#x6f;m<\/p>\n<p><strong>Eduardo Ferrer Albelda<\/strong> (Universidad de Sevilla) e&#102;&#x65;&#x72;re&#114;&#x40;&#x75;s&#46;&#x65;&#x73;<\/p>\n<p><strong>Francisco Jos\u00e9<\/strong> <strong>Garc\u00eda Fern\u00e1ndez<\/strong> (Universidad de Sevilla) &#x66;j&#x67;f&#x40;&#117;s&#x2e;e&#x73;<\/p>\n<p><strong>Iv\u00e1n<\/strong> <strong>Garc\u00eda Jim\u00e9nez<\/strong> (Conjunto Arqueol\u00f3gico de Baelo Claudia) ivan&#46;g&#97;&#114;&#99;&#x69;&#x61;&#x40;&#x6a;&#x75;&#x6e;&#x74;adeanda&#108;&#117;&#x63;&#x69;&#x61;&#x2e;&#x65;&#x73;<\/p>\n<p><strong>Florian<\/strong> <strong>Gonzalez<\/strong> (TRACES) &#x66;l&#x6f;&#x72;i&#x61;&#110;&#46;&#x67;&#111;n&#x7a;&#97;l&#x65;&#122;&#64;&#x68;o&#x74;&#x6d;a&#x69;&#x6c;&#46;&#x66;&#114;<\/p>\n<p><strong>Ignasi<\/strong> <strong>Grau Mira<\/strong> (Universidad de Alicante) I&#x67;n&#97;&#x63;i&#111;&#x2e;G&#x72;&#x61;u&#x40;u&#97;&#x2e;e&#115;<\/p>\n<p><strong>Helena<\/strong> <strong>Jim\u00e9nez Vial\u00e1s<\/strong> (TRACES &#8211; CNRS) &#104;&#x65;l&#x65;n&#x61;v&#x69;a&#x6c;a&#115;&#x40;&#103;&#x6d;a&#x69;l&#x2e;c&#x6f;m<\/p>\n<p><strong>Maria Knipping <\/strong>(Universit\u00e4t Hohenheim) &#x6d;a&#x72;&#105;a&#x2e;&#107;n&#x69;p&#x70;&#x69;n&#x67;&#64;u&#x6e;i&#x2d;&#x68;o&#x68;&#101;n&#x68;ei&#x6d;&#46;&#x64;&#101;<\/p>\n<p><strong>Antoine<\/strong> <strong>Laurent<\/strong> (TRACES) &#x6c;&#x61;&#x75;&#x72;&#x65;&#x6e;&#x74;&#46;&#97;&#110;toine&#46;&#x70;&#x72;&#x6f;&#x40;&#x67;&#x6d;&#x61;&#x69;&#108;&#46;com<\/p>\n<p><strong>Dirce<\/strong> <strong>Marzoli<\/strong> (Deutsches Arch\u00e4ologisches Institut)<\/p>\n<p><strong>Matthias May <\/strong>(Universit\u00e4t zu K\u00f6ln) m&#97;&#x79;&#x73;&#x40;u&#110;&#x69;&#x2d;&#x6b;o&#101;&#x6c;&#x6e;&#x2e;d&#101;<\/p>\n<p><strong>Pierre<\/strong> <strong>Moret<\/strong> (TRACES) &#x6d;&#111;r&#x65;&#x74;&#64;u&#x6e;&#x69;v-&#x74;&#108;s&#x65;&#x32;&#46;f&#x72;<\/p>\n<p><strong>\u00c1ngel<\/strong> <strong>Mu\u00f1oz Vicente<\/strong> (Conjunto Arqueol\u00f3gico de Baelo Claudia)<\/p>\n<p><strong>Mar\u00eda Paz de Miguel<\/strong> (Universidad de Alicante) &#x70;d&#x6d;&#64;&#x75;&#97;&#46;&#x65;s<\/p>\n<p><strong>Nicolas<\/strong> <strong>Poirier<\/strong> (TRACES) &#x6e;i&#x63;&#111;l&#x61;&#115;&#46;&#x70;o&#x69;&#x72;i&#x65;&#114;1&#x40;u&#x6e;&#x69;v&#x2d;&#116;l&#x73;e2&#x2e;f&#x72;<\/p>\n<p><strong>Fernando<\/strong> <strong>Prados Mart\u00ednez<\/strong> (Universidad de Alicante) &#x66;&#x65;&#x72;&#x6e;&#x61;&#110;&#100;o&#46;pra&#x64;&#x6f;&#x73;&#x40;&#x75;&#x61;&#46;&#101;s<\/p>\n<p><strong>Hans-Peter Stika<\/strong> (Universit\u00e4t Hohenheim) &#x50;&#x65;&#x74;&#101;r&#46;S&#x74;&#x69;&#x6b;&#97;&#64;un&#x69;&#x2d;&#x68;&#111;hen&#x68;&#x65;&#x69;&#109;&#46;de<\/p>\n<p><strong>Jos\u00e9<\/strong> <strong>Su\u00e1rez Padilla<\/strong> (Centro de Estudios Fenicios y P\u00fanicos) &#x70;&#x73;&#x75;&#97;rez&#x61;&#x72;&#x71;&#x75;&#101;o&#64;g&#x6d;&#x61;&#x69;&#108;&#46;com<\/p>\n<p><strong>Octavio Torres Gomariz<\/strong> (Universidad de Alicante)<\/p>","protected":false},"excerpt":{"rendered":"<p>St\u00e9phanie Adroit (TRACES) st&#x65;&#x70;&#x68;an&#105;&#x65;&#x2e;ad&#114;&#x6f;&#x69;t&#64;&#111;&#x72;&#x61;&#x6e;ge&#x2e;&#x66;&#x72; Alain Badie (Institut de recherche sur l\u2019architecture antique, USR 3155) Helmut Br\u00fcckner (Universit\u00e4t zu K\u00f6ln) h&#46;brueckner&#64;uni-koe&#108;&#110;&#46;&#100;&#101; Carine Calastrenc (TRACES) &#x63;&#x61;ri&#x6e;&#x65;&#46;ca&#x6c;&#x61;st&#x72;&#x65;&#110;c&#64;&#x75;&#x6e;iv&#x2d;&#x74;&#108;se&#x32;&#x2e;&#102;r Agathe Desmars (IRAA &#8211; Casa de Vel\u00e1zquez) &#x64;&#x65;&#x73;&#x6d;&#97;&#114;sag&#x61;&#x74;&#x68;&#x65;&#x40;&#103;&#109;ail&#x2e;&#x63;&#x6f;&#x6d; Jean-Marc Fabre (TRACES) &#106;&#x66;a&#x62;r&#101;&#x40;u&#x6e;i&#118;&#x2d;t&#x6c;s&#x65;&#x32;&#46;&#x66;r Elena Fern\u00e1ndez Rodr\u00edguez (Universidad&hellip;<\/p>\n<p class=\"more-link-p\"><a class=\"more-link\" href=\"https:\/\/blogs.univ-tlse2.fr\/archeostraits\/es\/equipe\/membres\/\">Read more &rarr;<\/a><\/p>\n","protected":false},"author":252,"featured_media":0,"parent":156,"menu_order":0,"comment_status":"closed","ping_status":"closed","template":"","meta":{"footnotes":"","_links_to":"","_links_to_target":""},"class_list":["post-158","page","type-page","status-publish","hentry"],"_links":{"self":[{"href":"https:\/\/blogs.univ-tlse2.fr\/archeostraits\/es\/wp-json\/wp\/v2\/pages\/158","targetHints":{"allow":["GET"]}}],"collection":[{"href":"https:\/\/blogs.univ-tlse2.fr\/archeostraits\/es\/wp-json\/wp\/v2\/pages"}],"about":[{"href":"https:\/\/blogs.univ-tlse2.fr\/archeostraits\/es\/wp-json\/wp\/v2\/types\/page"}],"author":[{"embeddable":true,"href":"https:\/\/blogs.univ-tlse2.fr\/archeostraits\/es\/wp-json\/wp\/v2\/users\/252"}],"replies":[{"embeddable":true,"href":"https:\/\/blogs.univ-tlse2.fr\/archeostraits\/es\/wp-json\/wp\/v2\/comments?post=158"}],"version-history":[{"count":14,"href":"https:\/\/blogs.univ-tlse2.fr\/archeostraits\/es\/wp-json\/wp\/v2\/pages\/158\/revisions"}],"predecessor-version":[{"id":722,"href":"https:\/\/blogs.univ-tlse2.fr\/archeostraits\/es\/wp-json\/wp\/v2\/pages\/158\/revisions\/722"}],"up":[{"embeddable":true,"href":"https:\/\/blogs.univ-tlse2.fr\/archeostraits\/es\/wp-json\/wp\/v2\/pages\/156"}],"wp:attachment":[{"href":"https:\/\/blogs.univ-tlse2.fr\/archeostraits\/es\/wp-json\/wp\/v2\/media?parent=158"}],"curies":[{"name":"wp","href":"https:\/\/api.w.org\/{rel}","templated":true}]}}