 {"id":160,"date":"2014-11-18T15:15:45","date_gmt":"2014-11-18T14:15:45","guid":{"rendered":"https:\/\/blogs.univ-tlse2.fr\/archeostraits\/?page_id=160"},"modified":"2014-12-12T18:12:08","modified_gmt":"2014-12-12T17:12:08","slug":"institutions-partenaires","status":"publish","type":"page","link":"https:\/\/blogs.univ-tlse2.fr\/archeostraits\/es\/equipe\/institutions-partenaires\/","title":{"rendered":"Instituciones colaboradoras"},"content":{"rendered":"<p>Agence Nationale de la Recherche (ANR) <span style=\"color: #000000\"><span style=\"color: #808080\">(<\/span><a href=\"http:\/\/www.agence-nationale-recherche.fr\" target=\"_blank\"><span style=\"color: #3366ff\">http:\/\/www.agence-nationale-recherche.fr<\/span><\/a><span style=\"color: #808080\">)<\/span><\/span> y Deutsche Forschungsgemeinschaft (DFG) <span style=\"color: #000000\"><span style=\"color: #808080\">(<\/span><a href=\"http:\/\/www.dfg.de\" target=\"_blank\"><span style=\"color: #3366ff\">http:\/\/www.dfg.de<\/span><\/a><span style=\"color: #808080\">)<\/span><\/span><\/p>\n<p>Junta de Andaluc\u00eda (<a href=\"http:\/\/www.juntadeandalucia.es\" target=\"_blank\"><span style=\"color: #3366ff\">http:\/\/www.juntadeandalucia.es<\/span><\/a>)<\/p>\n<p>Conjunto Arqueol\u00f3gico de Baelo Claudia (<a href=\"http:\/\/www.museosdeandalucia.es\" target=\"_blank\"><span style=\"color: #3366ff\">http:\/\/www.museosdeandalucia.es<\/span><\/a>)<\/p>\n<p>Universidad de Alicante (<a href=\"http:\/\/www.ua.es\" target=\"_blank\"><span style=\"color: #3366ff\">http:\/\/www.ua.es<\/span><\/a>)<\/p>\n<p>Universidad de Sevilla (<a href=\"http:\/\/www.us.es\" target=\"_blank\"><span style=\"color: #3366ff\">http:\/\/www.us.es<\/span><\/a>)<\/p>\n<p>Universit\u00e4t zu K\u00f6ln (<a href=\"http:\/\/www.uni-koeln.de\" target=\"_blank\"><span style=\"color: #3366ff\">http:\/\/www.uni-koeln.de<\/span><\/a>)<\/p>\n<p>Deutsches Arch\u00e4ologisches Institut (<a href=\"https:\/\/www.topoi.org\/institution\/deutsches-archaeologisches-institut\" target=\"_blank\"><span style=\"color: #3366ff\">https:\/\/www.topoi.org\/institution\/deutsches-archaeologisches-institut<\/span><\/a>)<\/p>\n<p>Minist\u00e8re des Affaires \u00e9trang\u00e8res &#8211; mission arch\u00e9ologique \u00ab\u00a0Ph\u00e9niciens, Grecs et Ib\u00e8res d\u2019Alicante \u00e0 Cadix\u00a0\u00bb <span style=\"color: #808080\">(<a href=\"http:\/\/www.diplomatie.gouv.fr\/fr\/politique-etrangere-de-la-france\/diplomatie-scientifiquehttp:\/\/\" target=\"_blank\"><span style=\"color: #3366ff\">http:\/\/www.diplomatie.gouv.fr\/fr\/politique-etrangere-de-la-france\/diplomatie-scientifique<\/span><\/a>)<\/span><\/p>\n<p>UMR 5608 TRACES <span style=\"color: #808080\">(<a href=\"http:\/\/traces.univ-tlse2.fr\" target=\"_blank\"><span style=\"color: #3366ff\">http:\/\/traces.univ-tlse2.fr<\/span><\/a>)<\/span>, Centre National de Recherche Scientifique (CNRS)\u00a0(<a href=\"http:\/\/www.cnrs.fr\" target=\"_blank\"><span style=\"color: #3366ff\">http:\/\/www.cnrs.fr<\/span><\/a>) et Universit\u00e9 Toulouse Jean Jaur\u00e8s<\/p>\n<p>Casa de Vel\u00e1zquez (<span style=\"color: #3366ff\"><a style=\"color: #3366ff\" href=\"https:\/\/www.casadevelazquez.org\" target=\"_blank\">https:\/\/www.casadevelazquez.org<\/a><\/span>)<\/p>\n<p>&nbsp;<\/p>\n<p><a href=\"https:\/\/blogs.univ-tlse2.fr\/archeostraits\/files\/2014\/11\/Nueva-imagen.png\"><img loading=\"lazy\" decoding=\"async\" class=\"wp-image-646 aligncenter\" src=\"https:\/\/blogs.univ-tlse2.fr\/archeostraits\/files\/2014\/11\/Nueva-imagen-300x124.png\" alt=\"Nueva imagen\" width=\"466\" height=\"206\" \/><\/a><\/p>\n<p>&nbsp;<\/p>","protected":false},"excerpt":{"rendered":"<p>Agence Nationale de la Recherche (ANR) (http:\/\/www.agence-nationale-recherche.fr) y Deutsche Forschungsgemeinschaft (DFG) (http:\/\/www.dfg.de) Junta de Andaluc\u00eda (http:\/\/www.juntadeandalucia.es) Conjunto Arqueol\u00f3gico de Baelo Claudia (http:\/\/www.museosdeandalucia.es) Universidad de Alicante (http:\/\/www.ua.es) Universidad de Sevilla (http:\/\/www.us.es) Universit\u00e4t zu K\u00f6ln (http:\/\/www.uni-koeln.de) Deutsches Arch\u00e4ologisches Institut (https:\/\/www.topoi.org\/institution\/deutsches-archaeologisches-institut) Minist\u00e8re des&hellip;<\/p>\n<p class=\"more-link-p\"><a class=\"more-link\" href=\"https:\/\/blogs.univ-tlse2.fr\/archeostraits\/es\/equipe\/institutions-partenaires\/\">Read more &rarr;<\/a><\/p>\n","protected":false},"author":252,"featured_media":0,"parent":156,"menu_order":0,"comment_status":"closed","ping_status":"closed","template":"template-twocolumns-right.php","meta":{"footnotes":"","_links_to":"","_links_to_target":""},"class_list":["post-160","page","type-page","status-publish","hentry"],"_links":{"self":[{"href":"https:\/\/blogs.univ-tlse2.fr\/archeostraits\/es\/wp-json\/wp\/v2\/pages\/160","targetHints":{"allow":["GET"]}}],"collection":[{"href":"https:\/\/blogs.univ-tlse2.fr\/archeostraits\/es\/wp-json\/wp\/v2\/pages"}],"about":[{"href":"https:\/\/blogs.univ-tlse2.fr\/archeostraits\/es\/wp-json\/wp\/v2\/types\/page"}],"author":[{"embeddable":true,"href":"https:\/\/blogs.univ-tlse2.fr\/archeostraits\/es\/wp-json\/wp\/v2\/users\/252"}],"replies":[{"embeddable":true,"href":"https:\/\/blogs.univ-tlse2.fr\/archeostraits\/es\/wp-json\/wp\/v2\/comments?post=160"}],"version-history":[{"count":10,"href":"https:\/\/blogs.univ-tlse2.fr\/archeostraits\/es\/wp-json\/wp\/v2\/pages\/160\/revisions"}],"predecessor-version":[{"id":191,"href":"https:\/\/blogs.univ-tlse2.fr\/archeostraits\/es\/wp-json\/wp\/v2\/pages\/160\/revisions\/191"}],"up":[{"embeddable":true,"href":"https:\/\/blogs.univ-tlse2.fr\/archeostraits\/es\/wp-json\/wp\/v2\/pages\/156"}],"wp:attachment":[{"href":"https:\/\/blogs.univ-tlse2.fr\/archeostraits\/es\/wp-json\/wp\/v2\/media?parent=160"}],"curies":[{"name":"wp","href":"https:\/\/api.w.org\/{rel}","templated":true}]}}